{"id":89,"date":"2020-12-07T21:14:13","date_gmt":"2020-12-07T21:14:13","guid":{"rendered":"http:\/\/zwaik.turkishi.com\/?page_id=89"},"modified":"2020-12-07T21:14:13","modified_gmt":"2020-12-07T21:14:13","slug":"biz-kendimizi-isimize-adadik","status":"publish","type":"page","link":"https:\/\/zwaik.com\/tr\/hakkimizda\/biz-kendimizi-isimize-adadik\/","title":{"rendered":"Biz Kendimizi \u0130\u015fimize Adad\u0131k"},"content":{"rendered":"\n<p>Avukatl\u0131k b\u00fcromuz hem g\u00f6\u00e7menlik hukuku alan\u0131nda verdi\u011fimiz hizmetler hem de ofisimizde konu\u015fulan diller a\u00e7\u0131s\u0131ndan \u00e7ok kapsaml\u0131d\u0131r. Ofisimiz, i\u015fveren arac\u0131l\u0131\u011f\u0131 ile yap\u0131lacak g\u00f6\u00e7menlik ba\u015fvurular\u0131ndan, bir aile \u00fcyesiyle yap\u0131lacak g\u00f6\u00e7menlik ba\u015fvurusuna kadar t\u00fcm alanlarda \u00e7al\u0131\u015fmaktad\u0131r. \u00dcstelik bu hukuki hizmetlerin hepsini \u0130ngilizce, \u0130spanyolca, T\u00fcrk\u00e7e, Urduca, Pencap\u00e7a, Rus\u00e7a, Leh\u00e7e olarak da verebiliyoruz.<\/p>\n\n\n\n<p>Ofisimizin en ay\u0131rt edici \u00f6zelli\u011fi hem g\u00f6\u00e7menlik hukuku alan\u0131nda \u00e7ok geni\u015f bir yelpazede hizmet vermemiz ve bu hizmetleri sa\u011flayan ekimizin de \u00e7ok \u00e7e\u015fitli milletlerden olmas\u0131d\u0131r. \u00c7o\u011fu g\u00f6\u00e7menlik firmas\u0131 g\u00f6\u00e7menlik hukukunun sadece bir alan\u0131nda uzmanla\u015f\u0131rken, biz g\u00f6\u00e7menlik hukukunun bir\u00e7ok alan\u0131nda bilgi ve deneyime sahibiz. Biz, hukuki hizmetlerimizi kullanarak yeni kadrolar olu\u015fturup ilerlemek isteyen her b\u00fcy\u00fckl\u00fckteki \u015firketi temsil ediyoruz. Hizmetlerimizi, \u015firketlerine personel sa\u011flamak ve b\u00fcy\u00fcmelerini te\u015fvik etmek i\u00e7in kullanan her b\u00fcy\u00fckl\u00fckteki firmay\u0131 temsil ediyoruz. Yine, baz\u0131 \u015firketlerin Amerika d\u0131\u015f\u0131nda bulunan ofislerindeki y\u00f6netici pozisyonundaki \u00e7al\u0131\u015fanlar\u0131n\u0131, Amerika ofislerindeki ge\u00e7ici ya da kal\u0131c\u0131 pozisyonlarda transfer etmelerine yard\u0131mc\u0131 oluyoruz (L-1A, EB1). ABD\u2019deki i\u015fverenlerin ge\u00e7ici personel ihtiya\u00e7lar\u0131n\u0131 profesyonel, son derece yetenekli ve mevsimlik i\u015f\u00e7ilerle doldurmalar\u0131na yard\u0131mc\u0131 oluyoruz (H-1B, H-2B, O ve P vizeleri). K\u00fc\u00e7\u00fck ve orta \u00f6l\u00e7ekli yat\u0131r\u0131mc\u0131lar\u0131n yat\u0131r\u0131m yaparak i\u015fletmelerini b\u00fcy\u00fctmelerine yard\u0131mc\u0131 oluyoruz (E-1 ve E-2). Her b\u00fcy\u00fckl\u00fckteki i\u015fverenin, farkl\u0131 t\u00fcrden i\u015f becerisine (m\u00fchendisten, bilgisayar uzman\u0131na, mutfak yard\u0131mc\u0131s\u0131ndan kasiyere kadar) sahip kilit \u00e7al\u0131\u015fanlar\u0131na kal\u0131c\u0131 ikamet i\u00e7in sponsor olmalar\u0131na yard\u0131mc\u0131 oluyoruz (EB-2, EB-3, PERM \u0130\u015f\u00e7ilik Sertifikalar\u0131).<\/p>\n\n\n\n<p>Ayr\u0131ca g\u00f6\u00e7menlik davalar\u0131na da odaklan\u0131yoruz. Orta Amerika ve G\u00fcney Amerika\u2019dan T\u00fcrkiye, Pakistan, Hindistan ve Sri Lanka\u2019ya kadar \u00e7ok \u00e7e\u015fitli b\u00f6lgelerden s\u0131\u011f\u0131nmac\u0131lar\u0131 temsil ediyoruz. Trump Y\u00f6netiminin k\u0131s\u0131tlay\u0131c\u0131 politikalar\u0131n\u0131n getirdi\u011fi zorluklara uyum sa\u011flad\u0131k ve g\u00f6\u00e7menlik mahkemelerinde ba\u015far\u0131l\u0131 olmaya devam ediyoruz. M\u00fcvekkillerimize g\u00f6\u00e7men b\u00fcrokrasisi taraf\u0131ndan yetersiz hizmet verildi\u011fini d\u00fc\u015f\u00fcnd\u00fc\u011f\u00fcm\u00fczde bu davalar\u0131 DHS dahilinde temyize ve gerekti\u011finde federal mahkemeye ta\u015f\u0131yoruz.<\/p>\n\n\n\n<p>\u00c7e\u015fitlili\u011fimiz kadromuza da yans\u0131maktad\u0131r. Personelimiz g\u00f6\u00e7men veya g\u00f6\u00e7men ailelerinin \u00e7ocuklar\u0131 ve torunlar\u0131d\u0131r. Pek\u00e7ok \u00fclke ve k\u00fclt\u00fcrden geliyoruz ve birden \u00e7ok dil konu\u015fuyoruz. \u0130ngilizce, \u0130spanyolca, T\u00fcrk\u00e7e, Urduca, Hint\u00e7e, Pencap\u00e7a, Rus\u00e7a ve Ukraynaca dillerinde hizmet veriyoruz.<\/p>\n","protected":false},"excerpt":{"rendered":"<p>Avukatl\u0131k b\u00fcromuz hem g\u00f6\u00e7menlik hukuku alan\u0131nda verdi\u011fimiz hizmetler hem de ofisimizde konu\u015fulan diller a\u00e7\u0131s\u0131ndan \u00e7ok kapsaml\u0131d\u0131r. Ofisimiz, i\u015fveren arac\u0131l\u0131\u011f\u0131 ile yap\u0131lacak g\u00f6\u00e7menlik ba\u015fvurular\u0131ndan, bir aile \u00fcyesiyle yap\u0131lacak g\u00f6\u00e7menlik ba\u015fvurusuna kadar t\u00fcm alanlarda \u00e7al\u0131\u015fmaktad\u0131r. \u00dcstelik bu hukuki hizmetlerin hepsini \u0130ngilizce, \u0130spanyolca, T\u00fcrk\u00e7e, Urduca, Pencap\u00e7a, Rus\u00e7a, Leh\u00e7e olarak da verebiliyoruz. Ofisimizin en ay\u0131rt edici \u00f6zelli\u011fi hem g\u00f6\u00e7menlik&#8230;<\/p>\n","protected":false},"author":1,"featured_media":0,"parent":18,"menu_order":0,"comment_status":"closed","ping_status":"closed","template":"","meta":[],"yoast_head":"<!-- This site is optimized with the Yoast SEO plugin v16.1.1 - https:\/\/yoast.com\/wordpress\/plugins\/seo\/ -->\n<title>Biz Kendimizi \u0130\u015fimize Adad\u0131k - Zwaik<\/title>\n<meta name=\"robots\" content=\"index, follow, max-snippet:-1, max-image-preview:large, max-video-preview:-1\" \/>\n<link rel=\"canonical\" href=\"https:\/\/zwaik.com\/tr\/hakkimizda\/biz-kendimizi-isimize-adadik\/\" \/>\n<meta property=\"og:locale\" content=\"tr_TR\" \/>\n<meta property=\"og:type\" content=\"article\" \/>\n<meta property=\"og:title\" content=\"Biz Kendimizi \u0130\u015fimize Adad\u0131k - Zwaik\" \/>\n<meta property=\"og:description\" content=\"Avukatl\u0131k b\u00fcromuz hem g\u00f6\u00e7menlik hukuku alan\u0131nda verdi\u011fimiz hizmetler hem de ofisimizde konu\u015fulan diller a\u00e7\u0131s\u0131ndan \u00e7ok kapsaml\u0131d\u0131r. Ofisimiz, i\u015fveren arac\u0131l\u0131\u011f\u0131 ile yap\u0131lacak g\u00f6\u00e7menlik ba\u015fvurular\u0131ndan, bir aile \u00fcyesiyle yap\u0131lacak g\u00f6\u00e7menlik ba\u015fvurusuna kadar t\u00fcm alanlarda \u00e7al\u0131\u015fmaktad\u0131r. \u00dcstelik bu hukuki hizmetlerin hepsini \u0130ngilizce, \u0130spanyolca, T\u00fcrk\u00e7e, Urduca, Pencap\u00e7a, Rus\u00e7a, Leh\u00e7e olarak da verebiliyoruz. Ofisimizin en ay\u0131rt edici \u00f6zelli\u011fi hem g\u00f6\u00e7menlik...\" \/>\n<meta property=\"og:url\" content=\"https:\/\/zwaik.com\/tr\/hakkimizda\/biz-kendimizi-isimize-adadik\/\" \/>\n<meta property=\"og:site_name\" content=\"Zwaik\" \/>\n<meta name=\"twitter:card\" content=\"summary_large_image\" \/>\n<meta name=\"twitter:label1\" content=\"Tahmini okuma s\u00fcresi\">\n\t<meta name=\"twitter:data1\" content=\"2 dakika\">\n<script type=\"application\/ld+json\" class=\"yoast-schema-graph\">{\"@context\":\"https:\/\/schema.org\",\"@graph\":[{\"@type\":\"WebSite\",\"@id\":\"https:\/\/zwaik.com\/tr\/#website\",\"url\":\"https:\/\/zwaik.com\/tr\/\",\"name\":\"Zwaik\",\"description\":\"Attorney At Law\",\"potentialAction\":[{\"@type\":\"SearchAction\",\"target\":\"https:\/\/zwaik.com\/tr\/?s={search_term_string}\",\"query-input\":\"required name=search_term_string\"}],\"inLanguage\":\"tr\"},{\"@type\":\"WebPage\",\"@id\":\"https:\/\/zwaik.com\/tr\/hakkimizda\/biz-kendimizi-isimize-adadik\/#webpage\",\"url\":\"https:\/\/zwaik.com\/tr\/hakkimizda\/biz-kendimizi-isimize-adadik\/\",\"name\":\"Biz Kendimizi \\u0130\\u015fimize Adad\\u0131k - Zwaik\",\"isPartOf\":{\"@id\":\"https:\/\/zwaik.com\/tr\/#website\"},\"datePublished\":\"2020-12-07T21:14:13+00:00\",\"dateModified\":\"2020-12-07T21:14:13+00:00\",\"breadcrumb\":{\"@id\":\"https:\/\/zwaik.com\/tr\/hakkimizda\/biz-kendimizi-isimize-adadik\/#breadcrumb\"},\"inLanguage\":\"tr\",\"potentialAction\":[{\"@type\":\"ReadAction\",\"target\":[\"https:\/\/zwaik.com\/tr\/hakkimizda\/biz-kendimizi-isimize-adadik\/\"]}]},{\"@type\":\"BreadcrumbList\",\"@id\":\"https:\/\/zwaik.com\/tr\/hakkimizda\/biz-kendimizi-isimize-adadik\/#breadcrumb\",\"itemListElement\":[{\"@type\":\"ListItem\",\"position\":1,\"item\":{\"@type\":\"WebPage\",\"@id\":\"https:\/\/zwaik.com\/tr\/\",\"url\":\"https:\/\/zwaik.com\/tr\/\",\"name\":\"Ana sayfa\"}},{\"@type\":\"ListItem\",\"position\":2,\"item\":{\"@type\":\"WebPage\",\"@id\":\"https:\/\/zwaik.com\/tr\/hakkimizda\/\",\"url\":\"https:\/\/zwaik.com\/tr\/hakkimizda\/\",\"name\":\"Hakk\\u0131m\\u0131zda\"}},{\"@type\":\"ListItem\",\"position\":3,\"item\":{\"@type\":\"WebPage\",\"@id\":\"https:\/\/zwaik.com\/tr\/hakkimizda\/biz-kendimizi-isimize-adadik\/\",\"url\":\"https:\/\/zwaik.com\/tr\/hakkimizda\/biz-kendimizi-isimize-adadik\/\",\"name\":\"Biz Kendimizi \\u0130\\u015fimize Adad\\u0131k\"}}]}]}<\/script>\n<!-- \/ Yoast SEO plugin. -->","_links":{"self":[{"href":"https:\/\/zwaik.com\/tr\/wp-json\/wp\/v2\/pages\/89"}],"collection":[{"href":"https:\/\/zwaik.com\/tr\/wp-json\/wp\/v2\/pages"}],"about":[{"href":"https:\/\/zwaik.com\/tr\/wp-json\/wp\/v2\/types\/page"}],"author":[{"embeddable":true,"href":"https:\/\/zwaik.com\/tr\/wp-json\/wp\/v2\/users\/1"}],"replies":[{"embeddable":true,"href":"https:\/\/zwaik.com\/tr\/wp-json\/wp\/v2\/comments?post=89"}],"version-history":[{"count":1,"href":"https:\/\/zwaik.com\/tr\/wp-json\/wp\/v2\/pages\/89\/revisions"}],"predecessor-version":[{"id":90,"href":"https:\/\/zwaik.com\/tr\/wp-json\/wp\/v2\/pages\/89\/revisions\/90"}],"up":[{"embeddable":true,"href":"https:\/\/zwaik.com\/tr\/wp-json\/wp\/v2\/pages\/18"}],"wp:attachment":[{"href":"https:\/\/zwaik.com\/tr\/wp-json\/wp\/v2\/media?parent=89"}],"curies":[{"name":"wp","href":"https:\/\/api.w.org\/{rel}","templated":true}]}}