{"id":85,"date":"2020-12-07T21:12:58","date_gmt":"2020-12-07T21:12:58","guid":{"rendered":"http:\/\/zwaik.turkishi.com\/?page_id=85"},"modified":"2020-12-07T21:12:58","modified_gmt":"2020-12-07T21:12:58","slug":"biz-tecrubeliyiz","status":"publish","type":"page","link":"https:\/\/zwaik.com\/tr\/hakkimizda\/biz-tecrubeliyiz\/","title":{"rendered":"Biz Tecr\u00fcbeliyiz"},"content":{"rendered":"<p>Ailemiz neredeyse 100 y\u0131ld\u0131r d\u00fcnyan\u0131n g\u00f6\u00e7men topluluklar\u0131na hizmet ediyor. Biz g\u00f6\u00e7menlerin \u00e7ocuklar\u0131 ve torunlar\u0131y\u0131z. Ve \u015fimdi bu deneyimi, \u00e7e\u015fitlili\u011fi ve ba\u011fl\u0131l\u0131\u011f\u0131 ba\u015fka bir nesile aktarmaya haz\u0131r\u0131z.<\/p>\n<p>Ronkonkoma ofisimizin duvar\u0131nda Joseph Zwaik\u2019in vatanda\u015fl\u0131\u011fa kabul sertifikas\u0131 var. Joseph, 16 ya\u015f\u0131nda Amerika Birle\u015fik Devletleri\u2019ne g\u00f6\u00e7 etti ve 22 ya\u015f\u0131nda Amerikan vatanda\u015f\u0131 oldu. O\u011flu Stanley, II.D\u00fcnya Sava\u015f\u0131\u2019n\u0131n sona ermesinden k\u0131sa bir s\u00fcre sonra ailedeki ilk g\u00f6\u00e7menlik avukat\u0131 oldu. Sonras\u0131ndaki g\u00f6\u00e7lerin \u00e7o\u011fu Bat\u0131 ve Orta Avrupa\u2019dan geldi. Joseph\u2019in torunu Mitchell Zwaik, firmay\u0131 1980\u2019de Long Island\u2019a ta\u015f\u0131d\u0131 ve sonra Zwaik Gilbert and Associates firmas\u0131n\u0131 kurdu. Sonras\u0131nda G\u00fcney Asya\u2019dan gelen g\u00f6\u00e7menlerle birlikte g\u00f6\u00e7menlik hukuku daha da \u00e7e\u015fitlilik kazand\u0131 ve Amerika k\u0131tas\u0131 daha da b\u00fcy\u00fcd\u00fc. Michael Gilbert firmaya 2000 y\u0131l\u0131nda kat\u0131ld\u0131 ve Long Island merkezli \u00f6nde gelen bir g\u00f6\u00e7menlik firmas\u0131 olmam\u0131za yard\u0131mc\u0131 oldu. Reagan y\u00f6netiminin geni\u015f g\u00f6\u00e7men politikalar\u0131ndan, Trump y\u00f6netiminin k\u0131s\u0131tlay\u0131c\u0131 politikalar\u0131na kadar ki\u015fisel, siyasi ve dini \u00f6zg\u00fcrl\u00fck arayan aileleri, bireyleri, d\u00fcnyan\u0131n en yetenekli ve \u00e7al\u0131\u015fkan \u00e7al\u0131\u015fanlar\u0131n\u0131 arayan her b\u00fcy\u00fckl\u00fckte ve t\u00fcrden i\u015fletmeyi temsil ettik. Bug\u00fcn ABD\u2019de i\u015f kurmak ve b\u00fcy\u00fctmek isteyen yabanc\u0131 yat\u0131r\u0131mc\u0131lar\u0131 temsil eden \u00f6nc\u00fcler aras\u0131nday\u0131z. Ayr\u0131ca g\u00f6\u00e7menlik mahkemeleri ya da kurumlar\u0131 taraf\u0131ndan haks\u0131z olarak reddedilen ba\u015fvurular i\u00e7in a\u00e7\u0131lacak davalar bak\u0131m\u0131ndan da ofisimiz son derece tecr\u00fcbelidir.<\/p>\n","protected":false},"excerpt":{"rendered":"<p>Ailemiz neredeyse 100 y\u0131ld\u0131r d\u00fcnyan\u0131n g\u00f6\u00e7men topluluklar\u0131na hizmet ediyor. Biz g\u00f6\u00e7menlerin \u00e7ocuklar\u0131 ve torunlar\u0131y\u0131z. Ve \u015fimdi bu deneyimi, \u00e7e\u015fitlili\u011fi ve ba\u011fl\u0131l\u0131\u011f\u0131 ba\u015fka bir nesile aktarmaya haz\u0131r\u0131z. Ronkonkoma ofisimizin duvar\u0131nda Joseph Zwaik\u2019in vatanda\u015fl\u0131\u011fa kabul sertifikas\u0131 var. Joseph, 16 ya\u015f\u0131nda Amerika Birle\u015fik Devletleri\u2019ne g\u00f6\u00e7 etti ve 22 ya\u015f\u0131nda Amerikan vatanda\u015f\u0131 oldu. O\u011flu Stanley, II.D\u00fcnya Sava\u015f\u0131\u2019n\u0131n sona ermesinden&#8230;<\/p>\n","protected":false},"author":1,"featured_media":0,"parent":18,"menu_order":0,"comment_status":"closed","ping_status":"closed","template":"","meta":[],"yoast_head":"<!-- This site is optimized with the Yoast SEO plugin v16.1.1 - https:\/\/yoast.com\/wordpress\/plugins\/seo\/ -->\n<title>Biz Tecr\u00fcbeliyiz - Zwaik<\/title>\n<meta name=\"robots\" content=\"index, follow, max-snippet:-1, max-image-preview:large, max-video-preview:-1\" \/>\n<link rel=\"canonical\" href=\"https:\/\/zwaik.com\/tr\/hakkimizda\/biz-tecrubeliyiz\/\" \/>\n<meta property=\"og:locale\" content=\"tr_TR\" \/>\n<meta property=\"og:type\" content=\"article\" \/>\n<meta property=\"og:title\" content=\"Biz Tecr\u00fcbeliyiz - Zwaik\" \/>\n<meta property=\"og:description\" content=\"Ailemiz neredeyse 100 y\u0131ld\u0131r d\u00fcnyan\u0131n g\u00f6\u00e7men topluluklar\u0131na hizmet ediyor. Biz g\u00f6\u00e7menlerin \u00e7ocuklar\u0131 ve torunlar\u0131y\u0131z. Ve \u015fimdi bu deneyimi, \u00e7e\u015fitlili\u011fi ve ba\u011fl\u0131l\u0131\u011f\u0131 ba\u015fka bir nesile aktarmaya haz\u0131r\u0131z. Ronkonkoma ofisimizin duvar\u0131nda Joseph Zwaik\u2019in vatanda\u015fl\u0131\u011fa kabul sertifikas\u0131 var. Joseph, 16 ya\u015f\u0131nda Amerika Birle\u015fik Devletleri\u2019ne g\u00f6\u00e7 etti ve 22 ya\u015f\u0131nda Amerikan vatanda\u015f\u0131 oldu. O\u011flu Stanley, II.D\u00fcnya Sava\u015f\u0131\u2019n\u0131n sona ermesinden...\" \/>\n<meta property=\"og:url\" content=\"https:\/\/zwaik.com\/tr\/hakkimizda\/biz-tecrubeliyiz\/\" \/>\n<meta property=\"og:site_name\" content=\"Zwaik\" \/>\n<meta name=\"twitter:card\" content=\"summary_large_image\" \/>\n<meta name=\"twitter:label1\" content=\"Tahmini okuma s\u00fcresi\">\n\t<meta name=\"twitter:data1\" content=\"1 dakika\">\n<script type=\"application\/ld+json\" class=\"yoast-schema-graph\">{\"@context\":\"https:\/\/schema.org\",\"@graph\":[{\"@type\":\"WebSite\",\"@id\":\"https:\/\/zwaik.com\/tr\/#website\",\"url\":\"https:\/\/zwaik.com\/tr\/\",\"name\":\"Zwaik\",\"description\":\"Attorney At Law\",\"potentialAction\":[{\"@type\":\"SearchAction\",\"target\":\"https:\/\/zwaik.com\/tr\/?s={search_term_string}\",\"query-input\":\"required name=search_term_string\"}],\"inLanguage\":\"tr\"},{\"@type\":\"WebPage\",\"@id\":\"https:\/\/zwaik.com\/tr\/hakkimizda\/biz-tecrubeliyiz\/#webpage\",\"url\":\"https:\/\/zwaik.com\/tr\/hakkimizda\/biz-tecrubeliyiz\/\",\"name\":\"Biz Tecr\\u00fcbeliyiz - Zwaik\",\"isPartOf\":{\"@id\":\"https:\/\/zwaik.com\/tr\/#website\"},\"datePublished\":\"2020-12-07T21:12:58+00:00\",\"dateModified\":\"2020-12-07T21:12:58+00:00\",\"breadcrumb\":{\"@id\":\"https:\/\/zwaik.com\/tr\/hakkimizda\/biz-tecrubeliyiz\/#breadcrumb\"},\"inLanguage\":\"tr\",\"potentialAction\":[{\"@type\":\"ReadAction\",\"target\":[\"https:\/\/zwaik.com\/tr\/hakkimizda\/biz-tecrubeliyiz\/\"]}]},{\"@type\":\"BreadcrumbList\",\"@id\":\"https:\/\/zwaik.com\/tr\/hakkimizda\/biz-tecrubeliyiz\/#breadcrumb\",\"itemListElement\":[{\"@type\":\"ListItem\",\"position\":1,\"item\":{\"@type\":\"WebPage\",\"@id\":\"https:\/\/zwaik.com\/tr\/\",\"url\":\"https:\/\/zwaik.com\/tr\/\",\"name\":\"Ana sayfa\"}},{\"@type\":\"ListItem\",\"position\":2,\"item\":{\"@type\":\"WebPage\",\"@id\":\"https:\/\/zwaik.com\/tr\/hakkimizda\/\",\"url\":\"https:\/\/zwaik.com\/tr\/hakkimizda\/\",\"name\":\"Hakk\\u0131m\\u0131zda\"}},{\"@type\":\"ListItem\",\"position\":3,\"item\":{\"@type\":\"WebPage\",\"@id\":\"https:\/\/zwaik.com\/tr\/hakkimizda\/biz-tecrubeliyiz\/\",\"url\":\"https:\/\/zwaik.com\/tr\/hakkimizda\/biz-tecrubeliyiz\/\",\"name\":\"Biz Tecr\\u00fcbeliyiz\"}}]}]}<\/script>\n<!-- \/ Yoast SEO plugin. -->","_links":{"self":[{"href":"https:\/\/zwaik.com\/tr\/wp-json\/wp\/v2\/pages\/85"}],"collection":[{"href":"https:\/\/zwaik.com\/tr\/wp-json\/wp\/v2\/pages"}],"about":[{"href":"https:\/\/zwaik.com\/tr\/wp-json\/wp\/v2\/types\/page"}],"author":[{"embeddable":true,"href":"https:\/\/zwaik.com\/tr\/wp-json\/wp\/v2\/users\/1"}],"replies":[{"embeddable":true,"href":"https:\/\/zwaik.com\/tr\/wp-json\/wp\/v2\/comments?post=85"}],"version-history":[{"count":1,"href":"https:\/\/zwaik.com\/tr\/wp-json\/wp\/v2\/pages\/85\/revisions"}],"predecessor-version":[{"id":86,"href":"https:\/\/zwaik.com\/tr\/wp-json\/wp\/v2\/pages\/85\/revisions\/86"}],"up":[{"embeddable":true,"href":"https:\/\/zwaik.com\/tr\/wp-json\/wp\/v2\/pages\/18"}],"wp:attachment":[{"href":"https:\/\/zwaik.com\/tr\/wp-json\/wp\/v2\/media?parent=85"}],"curies":[{"name":"wp","href":"https:\/\/api.w.org\/{rel}","templated":true}]}}