{"id":8,"date":"2020-12-05T17:16:43","date_gmt":"2020-12-05T17:16:43","guid":{"rendered":"http:\/\/zwaik.turkishi.com\/?page_id=8"},"modified":"2021-04-15T13:11:05","modified_gmt":"2021-04-15T13:11:05","slug":"anasayfa","status":"publish","type":"page","link":"https:\/\/zwaik.com\/tr\/","title":{"rendered":"Anasayfa"},"content":{"rendered":"<section class=\"l-section wpb_row height_auto\"><div class=\"l-section-h i-cf\"><div class=\"g-cols vc_row type_default valign_top\"><div class=\"vc_col-sm-12 wpb_column vc_column_container\"><div class=\"vc_column-inner\"><div class=\"wpb_wrapper\">\n\t\t\t<!-- START Anasayfa REVOLUTION SLIDER 6.3.0 --><p class=\"rs-p-wp-fix\"><\/p>\n\t\t\t<rs-module-wrap id=\"rev_slider_1_1_wrapper\" data-source=\"gallery\" style=\"background:transparent;padding:0;margin:0px auto;margin-top:0;margin-bottom:0;\">\n\t\t\t\t<rs-module id=\"rev_slider_1_1\" style=\"\" data-version=\"6.3.0\">\n\t\t\t\t\t<rs-slides>\n\t\t\t\t\t\t<rs-slide data-key=\"rs-1\" data-title=\"Slide\" data-anim=\"ei:d;eo:d;s:1000;r:0;t:fade;sl:0;\">\n\t\t\t\t\t\t\t<img src=\"\/\/tr.zwaik.com\/wp-content\/uploads\/2020\/12\/banner_01.jpg\" alt=\"Zwaik\" title=\"Zwaik\" width=\"1920\" height=\"1080\" class=\"rev-slidebg\" data-no-retina>\n<!--\n\t\t\t\t\t\t\t--><rs-layer\n\t\t\t\t\t\t\t\tid=\"slider-1-slide-1-layer-0\" \n\t\t\t\t\t\t\t\tdata-type=\"text\"\n\t\t\t\t\t\t\t\tdata-color=\"#ffffff\"\n\t\t\t\t\t\t\t\tdata-tsh=\"c:rgba(0,0,0,0.67);h:2px;v:2px;b:5px;\"\n\t\t\t\t\t\t\t\tdata-rsp_ch=\"on\"\n\t\t\t\t\t\t\t\tdata-xy=\"x:c;xo:-1px;y:c;yo:-200px;\"\n\t\t\t\t\t\t\t\tdata-text=\"w:normal;s:48;l:50;fw:600;a:center;\"\n\t\t\t\t\t\t\t\tdata-padding=\"t:20;r:20;b:20;l:20;\"\n\t\t\t\t\t\t\t\tdata-frame_999=\"o:0;st:w;\"\n\t\t\t\t\t\t\t\tstyle=\"z-index:5;font-family:Poppins;\"\n\t\t\t\t\t\t\t>AMER\u0130KA'YA UZANAN K\u00d6PR\u00dcLER\u0130<br \/>\nB\u0130NLERCE \u0130\u015eVEREN VE B\u0130REY \u0130\u00c7\u0130N<br \/>\n\u0130N\u015eA ETT\u0130K. \n\t\t\t\t\t\t\t<\/rs-layer><!--\n\n\t\t\t\t\t\t\t--><rs-layer\n\t\t\t\t\t\t\t\tid=\"slider-1-slide-1-layer-1\" \n\t\t\t\t\t\t\t\tdata-type=\"text\"\n\t\t\t\t\t\t\t\tdata-color=\"#ffffff\"\n\t\t\t\t\t\t\t\tdata-tsh=\"c:#000000;h:5px;v:3px;b:16px;\"\n\t\t\t\t\t\t\t\tdata-rsp_ch=\"on\"\n\t\t\t\t\t\t\t\tdata-xy=\"x:c;y:c;\"\n\t\t\t\t\t\t\t\tdata-text=\"w:normal;s:55;l:60;fw:900;a:center;\"\n\t\t\t\t\t\t\t\tdata-frame_999=\"o:0;st:w;\"\n\t\t\t\t\t\t\t\tstyle=\"z-index:6;font-family:Roboto;\"\n\t\t\t\t\t\t\t>S\u0130Z\u0130N \u0130\u00c7\u0130N DE B\u0130R K\u00d6PR\u00dc \u0130N\u015eA EDEB\u0130L\u0130R\u0130Z. \n\t\t\t\t\t\t\t<\/rs-layer><!--\n-->\t\t\t\t\t\t<\/rs-slide>\n\t\t\t\t\t<\/rs-slides>\n\t\t\t\t<\/rs-module>\n\t\t\t\t<script type=\"text\/javascript\">\n\t\t\t\t\tsetREVStartSize({c: 'rev_slider_1_1',rl:[1240,1024,778,480],el:[1080],gw:[1920],gh:[1080],type:'hero',justify:'',layout:'fullwidth',mh:\"0\"});\n\t\t\t\t\tvar\trevapi1,\n\t\t\t\t\t\ttpj;\n\t\t\t\t\tfunction revinit_revslider11() {\n\t\t\t\t\tjQuery(function() {\n\t\t\t\t\t\ttpj = jQuery;\n\t\t\t\t\t\trevapi1 = tpj(\"#rev_slider_1_1\");\n\t\t\t\t\t\tif(revapi1==undefined || revapi1.revolution == undefined){\n\t\t\t\t\t\t\trevslider_showDoubleJqueryError(\"rev_slider_1_1\");\n\t\t\t\t\t\t}else{\n\t\t\t\t\t\t\trevapi1.revolution({\n\t\t\t\t\t\t\t\tsliderType:\"hero\",\n\t\t\t\t\t\t\t\tsliderLayout:\"fullwidth\",\n\t\t\t\t\t\t\t\tvisibilityLevels:\"1240,1024,778,480\",\n\t\t\t\t\t\t\t\tgridwidth:1920,\n\t\t\t\t\t\t\t\tgridheight:1080,\n\t\t\t\t\t\t\t\tspinner:\"spinner0\",\n\t\t\t\t\t\t\t\tperspective:600,\n\t\t\t\t\t\t\t\tperspectiveType:\"global\",\n\t\t\t\t\t\t\t\teditorheight:\"1080,768,960,720\",\n\t\t\t\t\t\t\t\tresponsiveLevels:\"1240,1024,778,480\",\n\t\t\t\t\t\t\t\tprogressBar:{disableProgressBar:true},\n\t\t\t\t\t\t\t\tnavigation: {\n\t\t\t\t\t\t\t\t\tonHoverStop:false\n\t\t\t\t\t\t\t\t},\n\t\t\t\t\t\t\t\tfallbacks: {\n\t\t\t\t\t\t\t\t\tallowHTML5AutoPlayOnAndroid:true\n\t\t\t\t\t\t\t\t},\n\t\t\t\t\t\t\t});\n\t\t\t\t\t\t}\n\t\t\t\t\t\t\n\t\t\t\t\t});\n\t\t\t\t\t} \/\/ End of RevInitScript\n\t\t\t\tvar once_revslider11 = false;\n\t\t\t\tif (document.readyState === \"loading\") {document.addEventListener('readystatechange',function() { if((document.readyState === \"interactive\" || document.readyState === \"complete\") && !once_revslider11 ) { once_revslider11 = true; revinit_revslider11();}});} else {once_revslider11 = true; revinit_revslider11();}\n\t\t\t\t<\/script>\n\t\t\t<\/rs-module-wrap>\n\t\t\t<!-- END REVOLUTION SLIDER -->\n<\/div><\/div><\/div><\/div><\/div><\/section><section class=\"l-section wpb_row height_medium\"><div class=\"l-section-h i-cf\"><div class=\"g-cols vc_row type_default valign_top\"><div class=\"vc_col-sm-12 wpb_column vc_column_container\"><div class=\"vc_column-inner\"><div class=\"wpb_wrapper\"><div class=\"g-cols wpb_row  type_default valign_top vc_inner\"><div class=\"vc_col-sm-12 wpb_column vc_column_container\"><div class=\"vc_column-inner\"><div class=\"wpb_wrapper\">[vc_custom_heading text=&#8221;Uzmanl\u0131k Alanlar\u0131m\u0131z&#8221; font_container=&#8221;tag:h2|text_align:center&#8221; google_fonts=&#8221;font_family:Montserrat%3Aregular%2C700|font_style:700%20bold%20regular%3A700%3Anormal&#8221; el_class=&#8221;gradient-h&#8221;]<\/div><\/div><\/div><\/div><div class=\"g-cols wpb_row  us_custom_54e7f678 type_default valign_top vc_inner\"><div class=\"vc_col-sm-4 wpb_column vc_column_container has-link\" id=\"uzmanlik-alani-box-shadow\"><div class=\"vc_column-inner us_custom_b48b2d62\"><div class=\"wpb_wrapper\"><div class=\"w-image align_center\"><a title=\"Y\u00fcksek Yetenekli \u0130\u015f\u00e7iler\" rel=\"nofollow\" href=\"http:\/\/tr.zwaik.com\/uzmanlik-alanlari\/yatirimci-vizesi\/\" aria-label=\"Ba\u011flant\u0131\" class=\"w-image-h\"><img width=\"600\" height=\"400\" src=\"https:\/\/zwaik.com\/wp-content\/uploads\/2020\/12\/yatirimci-vizesi.jpg\" class=\"attachment-full size-full\" alt=\"\" loading=\"lazy\" srcset=\"https:\/\/zwaik.com\/wp-content\/uploads\/2020\/12\/yatirimci-vizesi.jpg 600w, https:\/\/zwaik.com\/wp-content\/uploads\/2020\/12\/yatirimci-vizesi-300x200.jpg 300w\" sizes=\"(max-width: 600px) 100vw, 600px\" \/><\/a><\/div><div class=\"wpb_text_column us_custom_b2452879\" ><div class=\"wpb_wrapper\"><h3 style=\"text-align: left;\">Yat\u0131r\u0131mc\u0131 Vizesi<\/h3>\n<\/div><\/div><div class=\"wpb_text_column\" ><div class=\"wpb_wrapper\"><p>ABD\u2019deki \u00f6nemli yabanc\u0131 yat\u0131r\u0131mlar, yat\u0131r\u0131mc\u0131n\u0131n kendisi, ailesi ve baz\u0131 durumlarda yat\u0131r\u0131mc\u0131n\u0131n \u00e7al\u0131\u015fanlar\u0131 i\u00e7in g\u00f6\u00e7menlik stat\u00fcs\u00fcne ba\u015fvurabilirler.<\/p>\n<\/div><\/div><\/div><a title=\"Yat\u0131r\u0131mc\u0131 Vizesi\" rel=\"nofollow\" href=\"http:\/\/zwaik.turkishi.com\/tr\/uzmanlik-alanlari\/ticari-gocmenlik\/yatirimci-vizeleri\/\" class=\"vc_column-link smooth-scroll\"><\/a><\/div><\/div><div class=\"vc_col-sm-4 wpb_column vc_column_container has-link\" id=\"uzmanlik-alani-box-shadow\"><div class=\"vc_column-inner us_custom_b48b2d62\"><div class=\"wpb_wrapper\"><div class=\"w-image align_center\"><a title=\"Y\u00fcksek Yetenekli \u0130\u015f\u00e7iler\" rel=\"nofollow\" href=\"http:\/\/tr.zwaik.com\/uzmanlik-alanlari\/yuksek-yetenekli-isciler\/\" aria-label=\"Ba\u011flant\u0131\" class=\"w-image-h\"><img width=\"600\" height=\"400\" src=\"https:\/\/zwaik.com\/wp-content\/uploads\/2020\/12\/yuksek-yetenekli-isciler.jpg\" class=\"attachment-full size-full\" alt=\"\" loading=\"lazy\" srcset=\"https:\/\/zwaik.com\/wp-content\/uploads\/2020\/12\/yuksek-yetenekli-isciler.jpg 600w, https:\/\/zwaik.com\/wp-content\/uploads\/2020\/12\/yuksek-yetenekli-isciler-300x200.jpg 300w\" sizes=\"(max-width: 600px) 100vw, 600px\" \/><\/a><\/div><div class=\"wpb_text_column us_custom_b2452879\" ><div class=\"wpb_wrapper\"><h3 style=\"text-align: left;\">Y\u00fcksek Yetenekli \u0130\u015f\u00e7iler<\/h3>\n<\/div><\/div><div class=\"wpb_text_column\" ><div class=\"wpb_wrapper\"><p>Amerika Birle\u015fik Devletleri, d\u00fcnyan\u0131n d\u00f6rt bir yan\u0131ndan gelen en ba\u015far\u0131l\u0131 ve yetenekli g\u00f6\u00e7menleri kabul etme konusunda derin bir ge\u00e7mi\u015fe sahiptir ve bu ge\u00e7mi\u015f hem g\u00f6\u00e7menler hem de g\u00f6\u00e7men olmayanlar i\u00e7in \u00f6zel faydalar sa\u011flayarak bir\u00e7ok yerde g\u00f6\u00e7 yasalar\u0131na ge\u00e7mi\u015ftir.<\/p>\n<\/div><\/div><\/div><a title=\"Y\u00fcksek Yetenekli \u0130\u015f\u00e7iler\" rel=\"nofollow\" href=\"http:\/\/zwaik.turkishi.com\/tr\/uzmanlik-alanlari\/ticari-gocmenlik\/yuksek-yetenekli-isciler\/\" class=\"vc_column-link smooth-scroll\"><\/a><\/div><\/div><div class=\"vc_col-sm-4 wpb_column vc_column_container has-link\" id=\"uzmanlik-alani-box-shadow\"><div class=\"vc_column-inner us_custom_b48b2d62\"><div class=\"wpb_wrapper\"><div class=\"w-image align_center\"><a title=\"\u00d6ncelikli Calisanlar\" rel=\"nofollow\" href=\"http:\/\/tr.zwaik.com\/uzmanlik-alanlari\/oncelikli-calisanlar\/\" aria-label=\"Ba\u011flant\u0131\" class=\"w-image-h\"><img width=\"600\" height=\"400\" src=\"https:\/\/zwaik.com\/wp-content\/uploads\/2020\/12\/oncelikli-calisanlar.jpg\" class=\"attachment-full size-full\" alt=\"\" loading=\"lazy\" srcset=\"https:\/\/zwaik.com\/wp-content\/uploads\/2020\/12\/oncelikli-calisanlar.jpg 600w, https:\/\/zwaik.com\/wp-content\/uploads\/2020\/12\/oncelikli-calisanlar-300x200.jpg 300w\" sizes=\"(max-width: 600px) 100vw, 600px\" \/><\/a><\/div><div class=\"wpb_text_column us_custom_b2452879\" ><div class=\"wpb_wrapper\"><h3 style=\"text-align: left;\">\u00d6ncelikli \u00c7al\u0131\u015fanlar<\/h3>\n<\/div><\/div><div class=\"wpb_text_column\" ><div class=\"wpb_wrapper\"><p>\u0130stihdam yoluyla kal\u0131c\u0131 ikamet etmenin en h\u0131zl\u0131 ve en kesin yolu yabanc\u0131 bir i\u015f\u00e7inin \u0130stihdama Dayal\u0131 Birinci kategori (EB-1) kapsam\u0131nda \u00d6ncelikli \u00c7al\u0131\u015fan olarak kalifiye olmas\u0131d\u0131r.<\/p>\n<\/div><\/div><\/div><a title=\"\u00d6ncelikli \u00c7al\u0131\u015fanlar\" rel=\"nofollow\" href=\"http:\/\/zwaik.turkishi.com\/tr\/uzmanlik-alanlari\/ticari-gocmenlik\/oncelikli-calisanlar\/\" class=\"vc_column-link smooth-scroll\"><\/a><\/div><\/div><\/div><div class=\"g-cols wpb_row  type_default valign_top vc_inner\"><div class=\"vc_col-sm-4 wpb_column vc_column_container has-link\" id=\"uzmanlik-alani-box-shadow\"><div class=\"vc_column-inner us_custom_b48b2d62\"><div class=\"wpb_wrapper\"><div class=\"w-image align_center\"><a title=\"Ge\u00e7ici \u0130\u015f\u00e7iler\" rel=\"nofollow\" href=\"http:\/\/tr.zwaik.com\/uzmanlik-alanlari\/gecici-isciler\/\" aria-label=\"Ba\u011flant\u0131\" class=\"w-image-h\"><img width=\"600\" height=\"400\" src=\"https:\/\/zwaik.com\/wp-content\/uploads\/2020\/12\/GeciciIsciler.jpg\" class=\"attachment-full size-full\" alt=\"\" loading=\"lazy\" srcset=\"https:\/\/zwaik.com\/wp-content\/uploads\/2020\/12\/GeciciIsciler.jpg 600w, https:\/\/zwaik.com\/wp-content\/uploads\/2020\/12\/GeciciIsciler-300x200.jpg 300w\" sizes=\"(max-width: 600px) 100vw, 600px\" \/><\/a><\/div><div class=\"wpb_text_column us_custom_b2452879\" ><div class=\"wpb_wrapper\"><h3 style=\"text-align: left;\">Ge\u00e7ici \u0130\u015f\u00e7iler<\/h3>\n<\/div><\/div><div class=\"wpb_text_column\" ><div class=\"wpb_wrapper\"><p>ABD\u2019li i\u015fverenlerin ve yabanc\u0131 i\u015f\u00e7ilerin kar\u015f\u0131la\u015ft\u0131\u011f\u0131 zorluklar hi\u00e7 bug\u00fcnk\u00fc kadar b\u00fcy\u00fck olmam\u0131\u015ft\u0131. ABD ekonomisinin devam eden canl\u0131l\u0131\u011f\u0131, Trump Y\u00f6netiminin k\u0131s\u0131tlay\u0131c\u0131 g\u00f6\u00e7 politikalar\u0131 ile birle\u015fti\u011finde, i\u015fverenlerin i\u015fe alma ihtiya\u00e7lar\u0131n\u0131n kar\u015f\u0131lanmas\u0131 zorla\u015fmaya ba\u015flad\u0131.<\/p>\n<\/div><\/div><\/div><a title=\"Ge\u00e7ici \u0130\u015f\u00e7iler\" rel=\"nofollow\" href=\"http:\/\/zwaik.turkishi.com\/tr\/uzmanlik-alanlari\/ticari-gocmenlik\/gecici-isciler\/\" class=\"vc_column-link smooth-scroll\"><\/a><\/div><\/div><div class=\"vc_col-sm-4 wpb_column vc_column_container has-link\" id=\"uzmanlik-alani-box-shadow\"><div class=\"vc_column-inner us_custom_b48b2d62\"><div class=\"wpb_wrapper\"><div class=\"w-image align_center\"><a title=\"\u0130\u015fveren Sponsorlu\u011fu \u0130le Daimi \u0130kamet\" rel=\"nofollow\" href=\"http:\/\/tr.zwaik.com\/uzmanlik-alanlari\/isveren-sponsorlugu-araciligiyla-daimi-ikamet\/\" aria-label=\"Ba\u011flant\u0131\" class=\"w-image-h\"><img width=\"600\" height=\"400\" src=\"https:\/\/zwaik.com\/wp-content\/uploads\/2020\/12\/Isveren-sponsorlugunuile-daimiIkamet.jpg\" class=\"attachment-full size-full\" alt=\"\" loading=\"lazy\" srcset=\"https:\/\/zwaik.com\/wp-content\/uploads\/2020\/12\/Isveren-sponsorlugunuile-daimiIkamet.jpg 600w, https:\/\/zwaik.com\/wp-content\/uploads\/2020\/12\/Isveren-sponsorlugunuile-daimiIkamet-300x200.jpg 300w\" sizes=\"(max-width: 600px) 100vw, 600px\" \/><\/a><\/div><div class=\"wpb_text_column us_custom_b2452879\" ><div class=\"wpb_wrapper\"><h3 style=\"text-align: left;\">\u0130\u015fveren Sponsorlu\u011fu \u0130le Daimi \u0130kamet<\/h3>\n<\/div><\/div><div class=\"wpb_text_column\" ><div class=\"wpb_wrapper\"><p>ABD g\u00f6\u00e7menlik yasas\u0131 ve politikas\u0131n\u0131n kendine \u00f6zg\u00fc do\u011fas\u0131 nedeniyle istihdama dayal\u0131 sponsorluk genellikle kal\u0131c\u0131 ikamet elde etmenin en h\u0131zl\u0131 yoludur. Bu uygulamalar en ba\u015f\u0131ndan itibaren kritik stratejik planlama gerektirir.<\/p>\n<\/div><\/div><\/div><a title=\"\u0130\u015fveren Sponsorlu\u011fu Arac\u0131l\u0131\u011f\u0131yla Daimi \u0130kamet\" rel=\"nofollow\" href=\"http:\/\/zwaik.turkishi.com\/tr\/uzmanlik-alanlari\/ticari-gocmenlik\/isveren-sponsorlugu-araciligiyla-daimi-ikamet\/\" class=\"vc_column-link smooth-scroll\"><\/a><\/div><\/div><\/div><\/div><\/div><\/div><\/div><\/div><\/section><section class=\"l-section wpb_row height_huge\"><div class=\"l-section-h i-cf\"><div class=\"g-cols vc_row type_default valign_top\"><div class=\"vc_col-sm-12 wpb_column vc_column_container\"><div class=\"vc_column-inner\"><div class=\"wpb_wrapper\"><div class=\"g-cols wpb_row  us_custom_f899b3da type_default valign_top vc_inner\"><div class=\"vc_col-sm-12 wpb_column vc_column_container\"><div class=\"vc_column-inner\"><div class=\"wpb_wrapper\"><\/div><\/div><\/div><\/div><\/div><\/div><\/div><\/div><\/div><\/section><!-- Row Backgrounds --><div class=\"upb_content_video\" data-controls-color=\"\" data-controls=\"display_control\" data-viewport-video=\"true\" data-ultimate-video=\"https:\/\/zwaik.com\/wp-content\/uploads\/2021\/04\/Zwaik-Law-Promo.mp4\" data-ultimate-video2=\"\" data-ultimate-video-muted=\"\" data-ultimate-video-loop=\"\" data-ultimate-video-poster=\"\" data-ultimate-video-autoplay=\"autoplay\" data-bg-override=\"0\" data-upb-overlay-color=\"\" data-upb-bg-animation=\"\" data-fadeout=\"\" data-fadeout-percentage=\"30\" data-parallax-content=\"\" data-parallax-content-sense=\"30\" data-row-effect-mobile-disable=\"true\" data-rtl=\"false\" data-img-parallax-mobile-disable=\"true\"  data-custom-vc-row=\"\"  data-vc=\"6.4.2\"  data-is_old_vc=\"\"  data-theme-support=\"\"   data-overlay=\"false\" data-overlay-color=\"\" data-overlay-pattern=\"\" data-overlay-pattern-opacity=\"\" data-overlay-pattern-size=\"\"     data-video_fixer=\"true\"><\/div><section class=\"l-section wpb_row height_medium\"><div class=\"l-section-h i-cf\"><div class=\"g-cols vc_row type_default valign_top\"><div class=\"vc_col-sm-12 wpb_column vc_column_container\"><div class=\"vc_column-inner\"><div class=\"wpb_wrapper\"><div class=\"g-cols wpb_row  type_default valign_top vc_inner\"><div class=\"vc_col-sm-6 wpb_column vc_column_container\"><div class=\"vc_column-inner\"><div class=\"wpb_wrapper\"><div class=\"wpb_text_column\" ><div class=\"wpb_wrapper\"><h3>YETK\u0130NL\u0130K<\/h3>\n<ul class=\"list\">\n<li>1980 y\u0131l\u0131nda kuruldu<\/li>\n<li>G\u00f6\u00e7menlik Hukuku alan\u0131nda uzmanl\u0131k<\/li>\n<li>USCIS, Konsolosluklar ve G\u00f6\u00e7men Mahkemeleri Nezdinde Ba\u015far\u0131<\/li>\n<li>BIA ve Federal Mahkemelere (Yap\u0131lan) ba\u015far\u0131l\u0131 temyizler<\/li>\n<li>Do\u011frudan profesyonel tavsiye ve anla\u015f\u0131labilir hizmet s\u00f6zle\u015fmeleri<\/li>\n<\/ul>\n<h3>ER\u0130\u015e\u0130LEB\u0130L\u0130RL\u0130K<\/h3>\n<ul class=\"list\">\n<li>Brooklyn\u2019den Long Island\u2019a D\u00f6rt Ofis<\/li>\n<li>Sekiz dilde ileti\u015fim<\/li>\n<li>Yedi deneyimli avukat ve 25\u2019in \u00fczerinde bilgili hukuk asistan\u0131<\/li>\n<li>Acil Servis Hizmeti<\/li>\n<\/ul>\n<h3>REKABET\u00c7\u0130L\u0130K<\/h3>\n<ul class=\"list\">\n<li>Benzer ba\u015far\u0131l\u0131 firmalara, firmalarca al\u0131nan vekalet \u00fccretine denk yada daha d\u00fc\u015f\u00fck vekalet \u00fccreti<\/li>\n<li>D\u00fc\u015f\u00fck maliyetli dan\u0131\u015fmanl\u0131k \u00fccretleri<\/li>\n<li>T\u00fcm g\u00f6\u00e7menlik ve federal mahkemeler i\u00e7in uygun avukatlar<\/li>\n<\/ul>\n<\/div><\/div><\/div><\/div><\/div><div class=\"vc_col-sm-6 wpb_column vc_column_container\"><div class=\"vc_column-inner\"><div class=\"wpb_wrapper\"><div class=\"w-image align_center\"><div class=\"w-image-h\"><img width=\"642\" height=\"683\" src=\"https:\/\/zwaik.com\/wp-content\/uploads\/2020\/12\/why-we.jpg\" class=\"attachment-full size-full\" alt=\"\" loading=\"lazy\" srcset=\"https:\/\/zwaik.com\/wp-content\/uploads\/2020\/12\/why-we.jpg 642w, https:\/\/zwaik.com\/wp-content\/uploads\/2020\/12\/why-we-282x300.jpg 282w\" sizes=\"(max-width: 642px) 100vw, 642px\" \/><\/div><\/div><\/div><\/div><\/div><\/div><\/div><\/div><\/div><\/div><\/div><\/section>\n","protected":false},"excerpt":{"rendered":"AMER\u0130KA'YA UZANAN K\u00d6PR\u00dcLER\u0130 B\u0130NLERCE \u0130\u015eVEREN VE B\u0130REY \u0130\u00c7\u0130N \u0130N\u015eA ETT\u0130K. S\u0130Z\u0130N \u0130\u00c7\u0130N DE B\u0130R K\u00d6PR\u00dc \u0130N\u015eA EDEB\u0130L\u0130R\u0130Z. [vc_custom_heading text=\"Uzmanl\u0131k Alanlar\u0131m\u0131z\" font_container=\"tag:h2|text_align:center\" google_fonts=\"font_family:Montserrat%3Aregular%2C700|font_style:700%20bold%20regular%3A700%3Anormal\" el_class=\"gradient-h\"] Yat\u0131r\u0131mc\u0131 Vizesi ABD\u2019deki \u00f6nemli yabanc\u0131 yat\u0131r\u0131mlar, yat\u0131r\u0131mc\u0131n\u0131n kendisi, ailesi ve baz\u0131 durumlarda yat\u0131r\u0131mc\u0131n\u0131n \u00e7al\u0131\u015fanlar\u0131 i\u00e7in g\u00f6\u00e7menlik stat\u00fcs\u00fcne ba\u015fvurabilirler. Y\u00fcksek Yetenekli \u0130\u015f\u00e7iler Amerika Birle\u015fik Devletleri, d\u00fcnyan\u0131n d\u00f6rt bir yan\u0131ndan gelen en ba\u015far\u0131l\u0131 ve...","protected":false},"author":1,"featured_media":0,"parent":0,"menu_order":0,"comment_status":"closed","ping_status":"closed","template":"","meta":[],"yoast_head":"<!-- This site is optimized with the Yoast SEO plugin v16.1.1 - https:\/\/yoast.com\/wordpress\/plugins\/seo\/ -->\n<title>Anasayfa - Zwaik<\/title>\n<meta name=\"robots\" content=\"index, follow, max-snippet:-1, max-image-preview:large, max-video-preview:-1\" \/>\n<link rel=\"canonical\" href=\"https:\/\/zwaik.com\/tr\/\" \/>\n<meta property=\"og:locale\" content=\"tr_TR\" \/>\n<meta property=\"og:type\" content=\"article\" \/>\n<meta property=\"og:title\" content=\"Anasayfa - Zwaik\" \/>\n<meta property=\"og:url\" content=\"https:\/\/zwaik.com\/tr\/\" \/>\n<meta property=\"og:site_name\" content=\"Zwaik\" \/>\n<meta property=\"article:modified_time\" content=\"2021-04-15T13:11:05+00:00\" \/>\n<meta name=\"twitter:card\" content=\"summary_large_image\" \/>\n<meta name=\"twitter:label1\" content=\"Tahmini okuma s\u00fcresi\">\n\t<meta name=\"twitter:data1\" content=\"5 dakika\">\n<script type=\"application\/ld+json\" class=\"yoast-schema-graph\">{\"@context\":\"https:\/\/schema.org\",\"@graph\":[{\"@type\":\"WebSite\",\"@id\":\"https:\/\/zwaik.com\/tr\/#website\",\"url\":\"https:\/\/zwaik.com\/tr\/\",\"name\":\"Zwaik\",\"description\":\"Attorney At Law\",\"potentialAction\":[{\"@type\":\"SearchAction\",\"target\":\"https:\/\/zwaik.com\/tr\/?s={search_term_string}\",\"query-input\":\"required name=search_term_string\"}],\"inLanguage\":\"tr\"},{\"@type\":\"WebPage\",\"@id\":\"https:\/\/zwaik.com\/tr\/#webpage\",\"url\":\"https:\/\/zwaik.com\/tr\/\",\"name\":\"Anasayfa - Zwaik\",\"isPartOf\":{\"@id\":\"https:\/\/zwaik.com\/tr\/#website\"},\"datePublished\":\"2020-12-05T17:16:43+00:00\",\"dateModified\":\"2021-04-15T13:11:05+00:00\",\"breadcrumb\":{\"@id\":\"https:\/\/zwaik.com\/tr\/#breadcrumb\"},\"inLanguage\":\"tr\",\"potentialAction\":[{\"@type\":\"ReadAction\",\"target\":[\"https:\/\/zwaik.com\/tr\/\"]}]},{\"@type\":\"BreadcrumbList\",\"@id\":\"https:\/\/zwaik.com\/tr\/#breadcrumb\",\"itemListElement\":[{\"@type\":\"ListItem\",\"position\":1,\"item\":{\"@type\":\"WebPage\",\"@id\":\"https:\/\/zwaik.com\/tr\/\",\"url\":\"https:\/\/zwaik.com\/tr\/\",\"name\":\"Ana sayfa\"}},{\"@type\":\"ListItem\",\"position\":2,\"item\":{\"@type\":\"WebPage\",\"@id\":\"https:\/\/zwaik.com\/tr\/\",\"url\":\"https:\/\/zwaik.com\/tr\/\",\"name\":\"Anasayfa\"}}]}]}<\/script>\n<!-- \/ Yoast SEO plugin. -->","_links":{"self":[{"href":"https:\/\/zwaik.com\/tr\/wp-json\/wp\/v2\/pages\/8"}],"collection":[{"href":"https:\/\/zwaik.com\/tr\/wp-json\/wp\/v2\/pages"}],"about":[{"href":"https:\/\/zwaik.com\/tr\/wp-json\/wp\/v2\/types\/page"}],"author":[{"embeddable":true,"href":"https:\/\/zwaik.com\/tr\/wp-json\/wp\/v2\/users\/1"}],"replies":[{"embeddable":true,"href":"https:\/\/zwaik.com\/tr\/wp-json\/wp\/v2\/comments?post=8"}],"version-history":[{"count":36,"href":"https:\/\/zwaik.com\/tr\/wp-json\/wp\/v2\/pages\/8\/revisions"}],"predecessor-version":[{"id":1719,"href":"https:\/\/zwaik.com\/tr\/wp-json\/wp\/v2\/pages\/8\/revisions\/1719"}],"wp:attachment":[{"href":"https:\/\/zwaik.com\/tr\/wp-json\/wp\/v2\/media?parent=8"}],"curies":[{"name":"wp","href":"https:\/\/api.w.org\/{rel}","templated":true}]}}