{"id":63,"date":"2020-12-07T20:03:04","date_gmt":"2020-12-07T20:03:04","guid":{"rendered":"http:\/\/zwaik.turkishi.com\/?page_id=63"},"modified":"2020-12-19T18:50:27","modified_gmt":"2020-12-19T18:50:27","slug":"gecici-isciler","status":"publish","type":"page","link":"https:\/\/zwaik.com\/tr\/uzmanlik-alanlari\/ticari-gocmenlik\/gecici-isciler\/","title":{"rendered":"Ge\u00e7ici \u0130\u015f\u00e7iler"},"content":{"rendered":"<section class=\"l-section wpb_row height_medium\"><div class=\"l-section-h i-cf\"><div class=\"g-cols vc_row type_default valign_top\"><div class=\"vc_col-sm-12 wpb_column vc_column_container\"><div class=\"vc_column-inner\"><div class=\"wpb_wrapper\"><div class=\"wpb_text_column us_custom_432d3f53\" ><div class=\"wpb_wrapper\"><p>ABD&#8217;li i\u015fverenlerin ve yabanc\u0131 i\u015f\u00e7ilerin kar\u015f\u0131la\u015ft\u0131\u011f\u0131 zorluklar hi\u00e7 bug\u00fcnk\u00fc kadar b\u00fcy\u00fck olmam\u0131\u015ft\u0131. ABD ekonomisinin devam eden canl\u0131l\u0131\u011f\u0131, Trump Y\u00f6netiminin k\u0131s\u0131tlay\u0131c\u0131 g\u00f6\u00e7 politikalar\u0131 ile birle\u015fti\u011finde, i\u015fverenlerin i\u015fe alma ihtiya\u00e7lar\u0131n\u0131n kar\u015f\u0131lanmas\u0131 zorla\u015fmaya ba\u015flad\u0131. Bunun sonucu olarak daha fazla ABD&#8217;li i\u015fveren operasyonlar\u0131n\u0131 yurt d\u0131\u015f\u0131na ta\u015f\u0131mak zorunda kal\u0131p ve daha fazla vas\u0131fl\u0131 i\u015f\u00e7i hizmetlerini di\u011fer \u00fclkelere satmaya zorland\u0131.<br \/>\nAncak \u00e7ok fazla planlama ve biraz da \u015fansla ABD&#8217;li i\u015fverenlerin kritik bo\u015fluklar\u0131 yabanc\u0131 i\u015f\u00e7ilerle doldurmas\u0131 hala m\u00fcmk\u00fcn g\u00f6r\u00fcn\u00fcyor.<\/p>\n<p>Amerika Birle\u015fik Devletleri, d\u00fcnyadaki \u00e7o\u011fu \u00fclke gibi, istihdam\u0131 kendi vatanda\u015flar\u0131, daim\u00ee sakinleri ve belirlenmi\u015f kategorilerdeki gruplarla s\u0131n\u0131rlamaktad\u0131r. (Bkz. \u0130ltica, TPS ve DACA ve Stat\u00fc Ayarlamas\u0131) Bu belirlenmi\u015f gruplardan birinde olmayan ki\u015filer a\u015fa\u011f\u0131daki kategorilerden birinde istihdam edilmeye hak kazanmal\u0131d\u0131r:<\/p>\n<h3>T\u00fcccar\/Yat\u0131r\u0131mc\u0131 Vizesi (E1, E2)<\/h3>\n<p>Bu vize, Antla\u015fmal\u0131 T\u00fcccarlar (E1) ve Anla\u015fmal\u0131 Yat\u0131r\u0131mc\u0131lar (E2) i\u00e7indir. Bu vize turu ABD ile ba\u015fvuru sahibinin \u00fclkesi aras\u0131nda bir antla\u015fma olmas\u0131n\u0131 gerektirir. Buna ek olarak, E1, ba\u015fvuru sahibinin (veya ticari kurulu\u015fun) ABD ile ba\u015fvuruyu yapan ki\u015finin (ya da \u015firketin) \u00fclkesi aras\u0131nda d\u00fczenli ve s\u00fcrekli bir ticaret oldu\u011funu kan\u0131tlayabilmesini gerektirir. E2, ba\u015fvurucunun (veya ticari i\u015fletmenin) en az\u0131ndan yat\u0131r\u0131mc\u0131 ve ailesini desteklemekten daha fazlas\u0131n\u0131 yapacak olan aktif bir i\u015fletmeye \u00f6nemli miktarda yat\u0131r\u0131m yapmas\u0131n\u0131 gerektirir. Bu vizeye anla\u015fmal\u0131 bir t\u00fcccar veya anla\u015fmal\u0131 bir yat\u0131r\u0131mc\u0131 \u015firketin kilit personeli taraf\u0131ndan da ba\u015fvurulabilir.<\/p>\n<h3>Ge\u00e7ici \u00c7al\u0131\u015fma Vizesi (H)<\/h3>\n<p>Bu vize g\u00f6\u00e7men olmayan i\u015f\u00e7iler i\u00e7in olup, kendi i\u00e7inde birka\u00e7 gruba ayr\u0131lmaktad\u0131r:<\/p>\n<ul class=\"list\">\n<li>H-1B kategorisi, (1) en az bir lisans veya dengi derecesi bulunan, (2) uzmanl\u0131k (profesyonel) gerektiren bir i\u015f f\u0131rsat\u0131na sahip bir ABD&#8217;li i\u015fveren\/sponsor ve (3) bu i\u015fveren\/sponsor taraf\u0131ndan i\u015f\u00e7iye ge\u00e7erli \u00fccreti \u00f6deyebilece\u011finin kan\u0131tland\u0131\u011f\u0131 profesyonel \u00e7al\u0131\u015fanlard\u0131r. G\u00f6\u00e7men olmayanlara ili\u015fkin t\u00fcm vize kategorilerinin aras\u0131nda en kullan\u0131\u015fl\u0131, en \u00e7ok ra\u011fbet g\u00f6ren ve en tart\u0131\u015fmal\u0131 olanlar\u0131ndan biridir. Yasa, her y\u0131l verilebilecek yeni H-1B vize kotas\u0131na say\u0131sal bir s\u0131n\u0131r koymaktad\u0131r. \u00c7o\u011fu y\u0131l, m\u00fcmk\u00fcn olan en erken ba\u015fvuru tarihinde sunulan ba\u015fvurular\u0131n say\u0131s\u0131 genellikle t\u00fcm mali y\u0131l i\u00e7in mevcut vize say\u0131s\u0131n\u0131 a\u015fmaktad\u0131r. Bu nedenle adaylar bilgisayar taraf\u0131ndan olu\u015fturulan bir \u00e7ekili\u015f sistemi ile ilk elemeyi ge\u00e7erlerse, as\u0131l ba\u015fvurular\u0131n\u0131 yapabilirler.Halihaz\u0131rda H-1B stat\u00fcs\u00fcne sahip olmayan \u00e7al\u0131\u015fanlar i\u00e7in t\u00fcm H-1B vizeleri 2020 mali y\u0131l\u0131 i\u00e7in t\u00fckenmi\u015f bulunmaktad\u0131r. 1 Ekim 2021&#8217;den ba\u015flayacak bir sonraki mali y\u0131l i\u00e7in en erken ba\u015fvuru tarihi 1 Nisan 2020&#8217;dir. USCIS 1 Nisan 2020&#8217;de i\u015fverenlerin elektronik bir kay\u0131t olu\u015fturaca\u011f\u0131 yeni bir \u00e7ekili\u015f kay\u0131t sistemi ba\u015flatm\u0131\u015ft\u0131r. Bu se\u00e7ilmeyen ba\u015fvuru sahiplerinin i\u015f y\u00fck\u00fcn\u00fc ve masraflar\u0131n\u0131 azaltacak olsa da ba\u015fvuru say\u0131s\u0131n\u0131n 2019&#8217;da al\u0131nan 200.000 &#8216;den \u00e7ok daha fazla olmas\u0131 muhtemel g\u00f6z\u00fckmektedir.<\/li>\n<li>H-2 \u00e7al\u0131\u015fanlar\u0131, genellikle sezonluk ya da d\u00f6nemsel is\u00e7iler olup, tar\u0131msal ama\u00e7larla (H-2A) veya k\u0131\u015f kayak merkezleri, yazl\u0131k sahil beldeleri ve benzerleri dahil olmak \u00fczere rekreasyonel i\u015fletmeler i\u00e7in i\u015fg\u00fcc\u00fc sa\u011flamak \u00fczere olu\u015fturulmu\u015f bir kategoridir. (H-2B). H-1B gibi H-2&#8217;ler i\u00e7in verilecek olan vize say\u0131s\u0131 her y\u0131l say\u0131sal olarak s\u0131n\u0131rland\u0131r\u0131l\u0131r. H-1B&#8217;den farkl\u0131 olarak H2B&#8217; nin ise alim sureci daha me\u015fakkatlidir. \u0130\u015fveren, sponsor olunacak is\u00e7inin, Amerikal\u0131 bir is\u00e7inin isini elinden almad\u0131\u011f\u0131n\u0131 garantilemek i\u00e7in, siki sekil \u015fartlar\u0131yla belirlenmi\u015f ise alim surecine uymak zorundad\u0131r. Bu i\u015flem asil sponsorluk ba\u015fvurusunun yap\u0131lmas\u0131ndan \u00f6nce aylarca haz\u0131rl\u0131k gerektirir. Biz Zwaik, Gilbert ve Ortaklar\u0131 olarak, yabanc\u0131 bir is\u00e7iye yaz d\u00f6nemine dair yap\u0131lacak ba\u015fvuru i\u00e7in, ki bu genellikle bunlar Nisan ay\u0131 gibi baslar, bir \u00f6nceki y\u0131l\u0131n Ekim ay\u0131ndan sonra yeni m\u00fcvekkil kabul etmiyoruz. Kongre her mali y\u0131l i\u00e7in toplam 66,000 ki\u015filik H2B kotas\u0131 ay\u0131rmaktad\u0131r. Bu kotan\u0131n 33,000\u2019i ilk mali y\u0131lda ise ba\u015flayacaklar i\u00e7in ayr\u0131lm\u0131\u015f olup, kalan 33,000\u2019i ise ikinci mali y\u0131l (Nisan 1-Eylul 30) i\u00e7in ayr\u0131lm\u0131\u015ft\u0131r. Kongrenin 2019&#8217;da yeniden ba\u015fvuru yapan i\u015f\u00e7iler i\u00e7in ek 30.000 H2B vizesi a\u00e7\u0131klam\u0131\u015f olmas\u0131na ra\u011fmen bu bile talebin \u00e7ok gerisinde kalm\u0131\u015ft\u0131r. Biz 2021 y\u0131l\u0131 i\u00e7in de benzer bir senaryo \u00f6ng\u00f6r\u00fcyoruz.<\/li>\n<\/ul>\n<h3>De\u011fi\u015fim Program\u0131 (J)<\/h3>\n<p>Bu vizeler, DHS taraf\u0131ndan \u00f6nceden onaylanm\u0131\u015f bir de\u011fi\u015fim program\u0131na kabul edilmi\u015f ki\u015filer i\u00e7indir. Bu program, \u00e7ocuk bak\u0131m\u0131 hizmetleri sa\u011flayan bir au pair&#8217;den ABD&#8217;de e\u011fitim alm\u0131\u015f yabanc\u0131 bir doktora kadar herkesi i\u00e7erebilecek geni\u015f bir yelpazeye sahiptir. J de\u011fi\u015fim programlar\u0131n\u0131n, programa ba\u015fvuran ki\u015finin kendi anavatan\u0131n k\u00fclt\u00fcrel ve di\u011fer iyi yanlar\u0131n\u0131 Amerika&#8217;ya katk\u0131 sa\u011flayaca\u011f\u0131n\u0131 kan\u0131tlamas\u0131 gerekmektedir. Bu programlardan baz\u0131lar\u0131, program bitimi \u00fczerine ba\u015fvurucunun kendi \u00fclkesinde d\u00f6nmesini ve orada iki y\u0131l kalmas\u0131n\u0131 zorunlu k\u0131labilir.<\/p>\n<h3>\u015eirket \u0130\u00e7i Transfer (L)<\/h3>\n<p>\u0130\u015fyeri kaynakl\u0131 vizeler i\u00e7erisinde tart\u0131\u015fmas\u0131z en k\u0131ymetli olan\u0131 bir I\u015f\u00e7i sertifikas\u0131 al\u0131nmas\u0131n\u0131 gerektirmeden ye\u015fil kart alman\u0131n yolunu a\u00e7abilecek bu vize t\u00fcr\u00fcd\u00fcr. Ancak bu vize sadece uluslararas\u0131 \u015firketler i\u00e7in tan\u0131mlanm\u0131\u015ft\u0131r. En klasik \u015fekliyle bu vize, yurtd\u0131\u015f\u0131ndaki bir ana \u015firketin kilit \u00e7al\u0131\u015fanlar\u0131ndan birini, Amerika&#8217;daki ba\u011flant\u0131l\u0131 oldu\u011fu di\u011fer bir \u015firkete transfer etmesine izin verir. (BMW Almanya&#8217;n\u0131n Pazarlama Direkt\u00f6r\u00fcn\u00fc, BMW&#8217; nin Amerika&#8217; daki BMW&#8217;ye transfer etmesi gibi). Bu &#8220;kilit ki\u015filer&#8221;, y\u00f6neticiler, yetkililer (L1A) veya uzmanl\u0131k bilgisi olan ki\u015filer (L1B) olabilir. Bu vize t\u00fcr\u00fcne bir konsoloslukta ba\u015fvurabilmek i\u00e7in, Amerika&#8217;daki G\u00f6\u00e7menlik Ofisi&#8217;nden (USCIS) bir \u00f6n onay almak gerekmektedir. Bu stat\u00fc, sonras\u0131nda uluslararas\u0131 bir y\u00f6netici olarak ye\u015fil karta ba\u015fvurman\u0131n temelini olu\u015fturabilir.<\/p>\n<h3>Ola\u011fan\u00fcst\u00fc Yetenekli Ki\u015filer (O)<\/h3>\n<p>Bu vize, ulusal veya uluslararas\u0131 \u00f6vg\u00fc ve ba\u015far\u0131 toplayan ki\u015filer i\u00e7indir. Vize, en yetenekli icrac\u0131lar\u0131, sanat\u00e7\u0131lar\u0131, bilim adamlar\u0131n\u0131, i\u015f liderlerini ve benzer derecedeki di\u011fer ki\u015fileri i\u00e7erir. Bu vize t\u00fcr\u00fcne bir konsoloslukta ba\u015fvurabilmek i\u00e7in, Amerika&#8217;daki G\u00f6\u00e7menlik Ofisi&#8217;nden (USCIS) bir \u00f6n onay almak gerekmektedir.<\/p>\n<h3>Uluslararas\u0131 \u00dcne Sahip Sporcular, Sanat\u00e7\u0131lar ve G\u00f6steri Gruplar\u0131 (P)<\/h3>\n<p>Bu bir tak\u0131m sporuna kat\u0131lan sporcular veya bir toplulu\u011fun par\u00e7as\u0131 olarak performans sergilemeye gelen g\u00f6stericiler i\u00e7in &#8220;yetenek&#8221; vizesidir. Bu vize t\u00fcr\u00fcne bir konsoloslukta ba\u015fvurabilmek i\u00e7in, Amerika&#8217;daki G\u00f6\u00e7menlik Ofisi&#8217;nden (USCIS) bir on onay almak gerekmektedir.<\/p>\n<\/div><\/div><\/div><\/div><\/div><\/div><\/div><\/section>\n","protected":false},"excerpt":{"rendered":"ABD&#8217;li i\u015fverenlerin ve yabanc\u0131 i\u015f\u00e7ilerin kar\u015f\u0131la\u015ft\u0131\u011f\u0131 zorluklar hi\u00e7 bug\u00fcnk\u00fc kadar b\u00fcy\u00fck olmam\u0131\u015ft\u0131. ABD ekonomisinin devam eden canl\u0131l\u0131\u011f\u0131, Trump Y\u00f6netiminin k\u0131s\u0131tlay\u0131c\u0131 g\u00f6\u00e7 politikalar\u0131 ile birle\u015fti\u011finde, i\u015fverenlerin i\u015fe alma ihtiya\u00e7lar\u0131n\u0131n kar\u015f\u0131lanmas\u0131 zorla\u015fmaya ba\u015flad\u0131. Bunun sonucu olarak daha fazla ABD&#8217;li i\u015fveren operasyonlar\u0131n\u0131 yurt d\u0131\u015f\u0131na ta\u015f\u0131mak zorunda kal\u0131p ve daha fazla vas\u0131fl\u0131 i\u015f\u00e7i hizmetlerini di\u011fer \u00fclkelere satmaya zorland\u0131. Ancak...","protected":false},"author":1,"featured_media":0,"parent":10,"menu_order":0,"comment_status":"closed","ping_status":"closed","template":"","meta":[],"yoast_head":"<!-- This site is optimized with the Yoast SEO plugin v16.1.1 - https:\/\/yoast.com\/wordpress\/plugins\/seo\/ -->\n<title>Ge\u00e7ici \u0130\u015f\u00e7iler - Zwaik<\/title>\n<meta name=\"robots\" content=\"index, follow, max-snippet:-1, max-image-preview:large, max-video-preview:-1\" \/>\n<link rel=\"canonical\" href=\"https:\/\/zwaik.com\/tr\/uzmanlik-alanlari\/ticari-gocmenlik\/gecici-isciler\/\" \/>\n<meta property=\"og:locale\" content=\"tr_TR\" \/>\n<meta property=\"og:type\" content=\"article\" \/>\n<meta property=\"og:title\" content=\"Ge\u00e7ici \u0130\u015f\u00e7iler - Zwaik\" \/>\n<meta property=\"og:url\" content=\"https:\/\/zwaik.com\/tr\/uzmanlik-alanlari\/ticari-gocmenlik\/gecici-isciler\/\" \/>\n<meta property=\"og:site_name\" content=\"Zwaik\" \/>\n<meta property=\"article:modified_time\" content=\"2020-12-19T18:50:27+00:00\" \/>\n<meta name=\"twitter:card\" content=\"summary_large_image\" \/>\n<meta name=\"twitter:label1\" content=\"Tahmini okuma s\u00fcresi\">\n\t<meta name=\"twitter:data1\" content=\"6 dakika\">\n<script type=\"application\/ld+json\" class=\"yoast-schema-graph\">{\"@context\":\"https:\/\/schema.org\",\"@graph\":[{\"@type\":\"WebSite\",\"@id\":\"https:\/\/zwaik.com\/tr\/#website\",\"url\":\"https:\/\/zwaik.com\/tr\/\",\"name\":\"Zwaik\",\"description\":\"Attorney At Law\",\"potentialAction\":[{\"@type\":\"SearchAction\",\"target\":\"https:\/\/zwaik.com\/tr\/?s={search_term_string}\",\"query-input\":\"required name=search_term_string\"}],\"inLanguage\":\"tr\"},{\"@type\":\"WebPage\",\"@id\":\"https:\/\/zwaik.com\/tr\/uzmanlik-alanlari\/ticari-gocmenlik\/gecici-isciler\/#webpage\",\"url\":\"https:\/\/zwaik.com\/tr\/uzmanlik-alanlari\/ticari-gocmenlik\/gecici-isciler\/\",\"name\":\"Ge\\u00e7ici \\u0130\\u015f\\u00e7iler - Zwaik\",\"isPartOf\":{\"@id\":\"https:\/\/zwaik.com\/tr\/#website\"},\"datePublished\":\"2020-12-07T20:03:04+00:00\",\"dateModified\":\"2020-12-19T18:50:27+00:00\",\"breadcrumb\":{\"@id\":\"https:\/\/zwaik.com\/tr\/uzmanlik-alanlari\/ticari-gocmenlik\/gecici-isciler\/#breadcrumb\"},\"inLanguage\":\"tr\",\"potentialAction\":[{\"@type\":\"ReadAction\",\"target\":[\"https:\/\/zwaik.com\/tr\/uzmanlik-alanlari\/ticari-gocmenlik\/gecici-isciler\/\"]}]},{\"@type\":\"BreadcrumbList\",\"@id\":\"https:\/\/zwaik.com\/tr\/uzmanlik-alanlari\/ticari-gocmenlik\/gecici-isciler\/#breadcrumb\",\"itemListElement\":[{\"@type\":\"ListItem\",\"position\":1,\"item\":{\"@type\":\"WebPage\",\"@id\":\"https:\/\/zwaik.com\/tr\/\",\"url\":\"https:\/\/zwaik.com\/tr\/\",\"name\":\"Ana sayfa\"}},{\"@type\":\"ListItem\",\"position\":2,\"item\":{\"@type\":\"WebPage\",\"@id\":\"https:\/\/zwaik.com\/tr\/uzmanlik-alanlari\/\",\"url\":\"https:\/\/zwaik.com\/tr\/uzmanlik-alanlari\/\",\"name\":\"Uzmanl\\u0131k Alanlar\\u0131\"}},{\"@type\":\"ListItem\",\"position\":3,\"item\":{\"@type\":\"WebPage\",\"@id\":\"https:\/\/zwaik.com\/tr\/uzmanlik-alanlari\/ticari-gocmenlik\/\",\"url\":\"https:\/\/zwaik.com\/tr\/uzmanlik-alanlari\/ticari-gocmenlik\/\",\"name\":\"Ticari G\\u00f6\\u00e7menlik\"}},{\"@type\":\"ListItem\",\"position\":4,\"item\":{\"@type\":\"WebPage\",\"@id\":\"https:\/\/zwaik.com\/tr\/uzmanlik-alanlari\/ticari-gocmenlik\/gecici-isciler\/\",\"url\":\"https:\/\/zwaik.com\/tr\/uzmanlik-alanlari\/ticari-gocmenlik\/gecici-isciler\/\",\"name\":\"Ge\\u00e7ici \\u0130\\u015f\\u00e7iler\"}}]}]}<\/script>\n<!-- \/ Yoast SEO plugin. -->","_links":{"self":[{"href":"https:\/\/zwaik.com\/tr\/wp-json\/wp\/v2\/pages\/63"}],"collection":[{"href":"https:\/\/zwaik.com\/tr\/wp-json\/wp\/v2\/pages"}],"about":[{"href":"https:\/\/zwaik.com\/tr\/wp-json\/wp\/v2\/types\/page"}],"author":[{"embeddable":true,"href":"https:\/\/zwaik.com\/tr\/wp-json\/wp\/v2\/users\/1"}],"replies":[{"embeddable":true,"href":"https:\/\/zwaik.com\/tr\/wp-json\/wp\/v2\/comments?post=63"}],"version-history":[{"count":5,"href":"https:\/\/zwaik.com\/tr\/wp-json\/wp\/v2\/pages\/63\/revisions"}],"predecessor-version":[{"id":339,"href":"https:\/\/zwaik.com\/tr\/wp-json\/wp\/v2\/pages\/63\/revisions\/339"}],"up":[{"embeddable":true,"href":"https:\/\/zwaik.com\/tr\/wp-json\/wp\/v2\/pages\/10"}],"wp:attachment":[{"href":"https:\/\/zwaik.com\/tr\/wp-json\/wp\/v2\/media?parent=63"}],"curies":[{"name":"wp","href":"https:\/\/api.w.org\/{rel}","templated":true}]}}