{"id":61,"date":"2020-12-07T20:01:58","date_gmt":"2020-12-07T20:01:58","guid":{"rendered":"http:\/\/zwaik.turkishi.com\/?page_id=61"},"modified":"2020-12-19T18:50:15","modified_gmt":"2020-12-19T18:50:15","slug":"oncelikli-calisanlar","status":"publish","type":"page","link":"https:\/\/zwaik.com\/tr\/uzmanlik-alanlari\/ticari-gocmenlik\/oncelikli-calisanlar\/","title":{"rendered":"\u00d6ncelikli \u00c7al\u0131\u015fanlar"},"content":{"rendered":"<section class=\"l-section wpb_row height_medium\"><div class=\"l-section-h i-cf\"><div class=\"g-cols vc_row type_default valign_top\"><div class=\"vc_col-sm-12 wpb_column vc_column_container\"><div class=\"vc_column-inner\"><div class=\"wpb_wrapper\"><div class=\"wpb_text_column us_custom_432d3f53\" ><div class=\"wpb_wrapper\"><p>\u0130stihdam yoluyla kal\u0131c\u0131 ikamet etmenin en h\u0131zl\u0131 ve en kesin yolu yabanc\u0131 bir i\u015f\u00e7inin \u0130stihdama Dayal\u0131 Birinci kategori (EB-1) kapsam\u0131nda \u00d6ncelikli \u00c7al\u0131\u015fan olarak kalifiye olmas\u0131d\u0131r. Bu kategori \u00fc\u00e7 belirli i\u015f\u00e7i t\u00fcr\u00fcn\u00fc i\u00e7erir:<\/p>\n<ul class=\"list\">\n<li>Ola\u011fan\u00fcst\u00fc Yetene\u011fe Sahip Ki\u015filer<\/li>\n<li>\u00d6nde gelen Profes\u00f6rler ve Ara\u015ft\u0131rmac\u0131lar<\/li>\n<li>\u00c7okuluslu \u00dcst ve Orta D\u00fczey Y\u00f6neticiler<\/li>\n<\/ul>\n<p>Bu kategorilerin her biri kanun, y\u00f6netmelik ve uygulamayla g\u00f6\u00e7menlik hukukunun uygulay\u0131c\u0131lar\u0131 taraf\u0131ndan olduk\u00e7a s\u0131k\u0131 \u015fekil \u015fartlar\u0131na tabii k\u0131l\u0131nm\u0131\u015ft\u0131r. Bu s\u0131n\u0131fland\u0131rmalar\u0131n k\u0131sa bir \u00f6zetinden fazlas\u0131n\u0131 vermek m\u00fcmk\u00fcn de\u011fildir.<\/p>\n<h3>Ola\u011fan\u00fcst\u00fc Yetene\u011fe Sahip Ki\u015filer<\/h3>\n<p>Bu kategori, bilim, sanat, e\u011fitim, i\u015f d\u00fcnyas\u0131 veya atletizmde\/spor alanlar\u0131nda s\u00fcrekli ulusal veya uluslararas\u0131 \u00f6vg\u00fc ve ba\u015far\u0131 sahibi ola\u011fan\u00fcst\u00fc yetenekli ki\u015fileri i\u00e7erir. Bu \u00f6vg\u00fc, tek bir ba\u015far\u0131n\u0131n (\u00f6r: Nobel \u00f6d\u00fcl\u00fc) veya daha d\u00fc\u015f\u00fck birden fazla ba\u015far\u0131n\u0131n birikiminin sonucu da olabilir. Bug\u00fcne kadar bir\u00e7ok se\u00e7kin bilim insan\u0131, \u00fcst d\u00fczey i\u015fletme y\u00f6neticileri ve iyi sanat\u00e7\u0131lar i\u00e7in EB1 stat\u00fcs\u00fc kazand\u0131k ancak bu kategorideki ba\u015fvuru sahipleri, kendi alanlar\u0131nda en iyiler aras\u0131nda olduklar\u0131n\u0131 kan\u0131tlamal\u0131d\u0131r. Bu kategorideki bir bireyin i\u015fverene\/sponsora ihtiyac\u0131 yoktur ve kendisi direkt ba\u015fvuru yapabilir.<\/p>\n<h3>\u00d6nde Gelen Profes\u00f6rler ve Ara\u015ft\u0131rmac\u0131lar<\/h3>\n<p>Bu kategorideki bir birey &#8220;akademik \u00e7evrede uluslararas\u0131 tan\u0131n\u0131rl\u0131\u011fa dayal\u0131 \u00fcst\u00fcnl\u00fck ve ay\u0131rt edilebilirlik yoluyla \u00f6ne \u00e7\u0131kmal\u0131d\u0131r.&#8221; Ba\u015fvuru sahibi, akademik alanda \u00f6\u011fretim veya ara\u015ft\u0131rma konusunda \u00fc\u00e7 y\u0131ll\u0131k deneyime sahip olmal\u0131 ancak sponsor, bir \u00fcniversite yerine \u00f6zel bir i\u015fverenin Ar-Ge b\u00f6l\u00fcm\u00fc de olabilir. Ola\u011fan\u00fcst\u00fc yetenek kategorisinin aksine bu gruptaki ba\u015fvuru sahiplerinin bir i\u015fverene\/sponsora sahip olmas\u0131 gerekmektedir.<\/p>\n<h3>\u00c7okuluslu Y\u00f6neticiler<\/h3>\n<p>Kal\u0131c\u0131 ikamet i\u00e7in bir\u00e7ok kurulu \u015firketin istihdama dayal\u0131 ba\u015fvurular i\u00e7inden en \u00e7ok tercih etti\u011fi ba\u015fvuru sekli budur. Bu s\u0131n\u0131fland\u0131rma yabanc\u0131 bir ticari i\u015fletmenin kilit personelini yabanc\u0131 ofisten Amerika Birle\u015fik Devletleri&#8217;ndeki ilgili bir ofise transfer etmesine izin verir. En basit tezah\u00fcr\u00fcyle yabanc\u0131 bir \u00fcretici, Pazarlama Direkt\u00f6r\u00fcn\u00fc ABD&#8217;deki bir yan kurulu\u015f veya \u015fubesi i\u00e7in benzer hizmetleri ger\u00e7ekle\u015ftirmek \u00fczere yurtd\u0131\u015f\u0131ndaki merkez ofisinden transfer etmeye \u00e7al\u0131\u015f\u0131r.<\/p>\n<p>Bu ba\u015fvuru i\u00e7in &#8220;\u0130\u015f\u00e7ilik sertifikas\u0131&#8221; alamaya gerek yoktur. Nadiren bir bekleme suresi vard\u0131r. (Hindistan veya \u00c7in vatanda\u015flar\u0131 i\u00e7in bile) ve bir\u00e7ok orta ve \u00fcst y\u00f6netici i\u00e7in uygundur. Bir ki\u015fi herhangi bir operasyona bir milyon dolar veya daha fazla yat\u0131r\u0131m yapmaya gerek kalmadan, kendisini yurtd\u0131\u015f\u0131ndaki \u00fcst d\u00fczey bir pozisyondan ABD&#8217;deki benzer bir pozisyona transfer edebilir. Hatta baz\u0131 \u015firketler ba\u015fka ba\u015fvurular a\u00e7\u0131s\u0131ndan kal\u0131c\u0131 ikamet ba\u015fvurusuna elveri\u015fsiz olan kilit \u00e7al\u0131\u015fanlar\u0131n\u0131, \u00f6ncelikle bir y\u0131ll\u0131\u011f\u0131na yurt d\u0131\u015f\u0131ndaki \u015firkete transfer edip, sonras\u0131nda Amerika&#8217; ya &#8220;is\u00e7ilik sertifikas\u0131&#8221; olmaks\u0131z\u0131n geri getirebilir.<\/p>\n<p>Bu durumda ne ABD&#8217;deki ne de yabanc\u0131 \u015firketin belirli bir b\u00fcy\u00fckl\u00fckte olmas\u0131 gerekmemekle birlikte, ba\u015fvuru sahibinin \u015firketteki di\u011fer ki\u015filerin \u00e7al\u0131\u015fmalar\u0131n\u0131 y\u00f6netme veya denetleme yeterlili\u011fine sahip olmas\u0131 gerekmektedir. ABD g\u00f6\u00e7menlik gereksinimlerine uymak i\u00e7in a\u015fa\u011f\u0131daki kriterlerin kar\u015f\u0131lanmas\u0131 gerekir:<\/p>\n<ul class=\"list\">\n<li>ABD&#8217;deki \u015firketler ve yabanc\u0131 \u015firketler ayn\u0131 kurulu\u015f veya \u015fah\u0131slar taraf\u0131ndan kurulmal\u0131 ve kontrol edilmelidir.<\/li>\n<li>Nakledilecek ki\u015finin, nakilden en az bir y\u0131l \u00f6nce yabanc\u0131 \u015firkette \u00e7al\u0131\u015fmas\u0131, ayr\u0131ca bu ki\u015finin ya bir y\u00f6netici\/m\u00fcd\u00fcr, ya \u00fcst d\u00fczey y\u00f6netici ya da uzmanl\u0131k bilgisine sahip bir ki\u015fi olarak istihdam edilmi\u015f olmas\u0131 gerekmektedir.<\/li>\n<\/ul>\n<p>Genellikle bir \u015firket daha sonras\u0131nda, \u00e7ok uluslu bir y\u00f6netici veya yetkili olarak daim\u00ee ikamet ba\u015fvurusu yapabilmek i\u00e7in, kilit bir \u00e7al\u0131\u015fan\u0131 \u00f6ncesinde L-1A \u015eirket \u0130\u00e7i Transfer ile ABD&#8217;ye transfer eder.<\/p>\n<\/div><\/div><\/div><\/div><\/div><\/div><\/div><\/section>\n","protected":false},"excerpt":{"rendered":"\u0130stihdam yoluyla kal\u0131c\u0131 ikamet etmenin en h\u0131zl\u0131 ve en kesin yolu yabanc\u0131 bir i\u015f\u00e7inin \u0130stihdama Dayal\u0131 Birinci kategori (EB-1) kapsam\u0131nda \u00d6ncelikli \u00c7al\u0131\u015fan olarak kalifiye olmas\u0131d\u0131r. Bu kategori \u00fc\u00e7 belirli i\u015f\u00e7i t\u00fcr\u00fcn\u00fc i\u00e7erir: Ola\u011fan\u00fcst\u00fc Yetene\u011fe Sahip Ki\u015filer \u00d6nde gelen Profes\u00f6rler ve Ara\u015ft\u0131rmac\u0131lar \u00c7okuluslu \u00dcst ve Orta D\u00fczey Y\u00f6neticiler Bu kategorilerin her biri kanun, y\u00f6netmelik ve uygulamayla...","protected":false},"author":1,"featured_media":0,"parent":10,"menu_order":0,"comment_status":"closed","ping_status":"closed","template":"","meta":[],"yoast_head":"<!-- This site is optimized with the Yoast SEO plugin v16.1.1 - https:\/\/yoast.com\/wordpress\/plugins\/seo\/ -->\n<title>\u00d6ncelikli \u00c7al\u0131\u015fanlar - Zwaik<\/title>\n<meta name=\"robots\" content=\"index, follow, max-snippet:-1, max-image-preview:large, max-video-preview:-1\" \/>\n<link rel=\"canonical\" href=\"https:\/\/zwaik.com\/tr\/uzmanlik-alanlari\/ticari-gocmenlik\/oncelikli-calisanlar\/\" \/>\n<meta property=\"og:locale\" content=\"tr_TR\" \/>\n<meta property=\"og:type\" content=\"article\" \/>\n<meta property=\"og:title\" content=\"\u00d6ncelikli \u00c7al\u0131\u015fanlar - Zwaik\" \/>\n<meta property=\"og:url\" content=\"https:\/\/zwaik.com\/tr\/uzmanlik-alanlari\/ticari-gocmenlik\/oncelikli-calisanlar\/\" \/>\n<meta property=\"og:site_name\" content=\"Zwaik\" \/>\n<meta property=\"article:modified_time\" content=\"2020-12-19T18:50:15+00:00\" \/>\n<meta name=\"twitter:card\" content=\"summary_large_image\" \/>\n<meta name=\"twitter:label1\" content=\"Tahmini okuma s\u00fcresi\">\n\t<meta name=\"twitter:data1\" content=\"3 dakika\">\n<script type=\"application\/ld+json\" class=\"yoast-schema-graph\">{\"@context\":\"https:\/\/schema.org\",\"@graph\":[{\"@type\":\"WebSite\",\"@id\":\"https:\/\/zwaik.com\/tr\/#website\",\"url\":\"https:\/\/zwaik.com\/tr\/\",\"name\":\"Zwaik\",\"description\":\"Attorney At Law\",\"potentialAction\":[{\"@type\":\"SearchAction\",\"target\":\"https:\/\/zwaik.com\/tr\/?s={search_term_string}\",\"query-input\":\"required name=search_term_string\"}],\"inLanguage\":\"tr\"},{\"@type\":\"WebPage\",\"@id\":\"https:\/\/zwaik.com\/tr\/uzmanlik-alanlari\/ticari-gocmenlik\/oncelikli-calisanlar\/#webpage\",\"url\":\"https:\/\/zwaik.com\/tr\/uzmanlik-alanlari\/ticari-gocmenlik\/oncelikli-calisanlar\/\",\"name\":\"\\u00d6ncelikli \\u00c7al\\u0131\\u015fanlar - Zwaik\",\"isPartOf\":{\"@id\":\"https:\/\/zwaik.com\/tr\/#website\"},\"datePublished\":\"2020-12-07T20:01:58+00:00\",\"dateModified\":\"2020-12-19T18:50:15+00:00\",\"breadcrumb\":{\"@id\":\"https:\/\/zwaik.com\/tr\/uzmanlik-alanlari\/ticari-gocmenlik\/oncelikli-calisanlar\/#breadcrumb\"},\"inLanguage\":\"tr\",\"potentialAction\":[{\"@type\":\"ReadAction\",\"target\":[\"https:\/\/zwaik.com\/tr\/uzmanlik-alanlari\/ticari-gocmenlik\/oncelikli-calisanlar\/\"]}]},{\"@type\":\"BreadcrumbList\",\"@id\":\"https:\/\/zwaik.com\/tr\/uzmanlik-alanlari\/ticari-gocmenlik\/oncelikli-calisanlar\/#breadcrumb\",\"itemListElement\":[{\"@type\":\"ListItem\",\"position\":1,\"item\":{\"@type\":\"WebPage\",\"@id\":\"https:\/\/zwaik.com\/tr\/\",\"url\":\"https:\/\/zwaik.com\/tr\/\",\"name\":\"Ana sayfa\"}},{\"@type\":\"ListItem\",\"position\":2,\"item\":{\"@type\":\"WebPage\",\"@id\":\"https:\/\/zwaik.com\/tr\/uzmanlik-alanlari\/\",\"url\":\"https:\/\/zwaik.com\/tr\/uzmanlik-alanlari\/\",\"name\":\"Uzmanl\\u0131k Alanlar\\u0131\"}},{\"@type\":\"ListItem\",\"position\":3,\"item\":{\"@type\":\"WebPage\",\"@id\":\"https:\/\/zwaik.com\/tr\/uzmanlik-alanlari\/ticari-gocmenlik\/\",\"url\":\"https:\/\/zwaik.com\/tr\/uzmanlik-alanlari\/ticari-gocmenlik\/\",\"name\":\"Ticari G\\u00f6\\u00e7menlik\"}},{\"@type\":\"ListItem\",\"position\":4,\"item\":{\"@type\":\"WebPage\",\"@id\":\"https:\/\/zwaik.com\/tr\/uzmanlik-alanlari\/ticari-gocmenlik\/oncelikli-calisanlar\/\",\"url\":\"https:\/\/zwaik.com\/tr\/uzmanlik-alanlari\/ticari-gocmenlik\/oncelikli-calisanlar\/\",\"name\":\"\\u00d6ncelikli \\u00c7al\\u0131\\u015fanlar\"}}]}]}<\/script>\n<!-- \/ Yoast SEO plugin. -->","_links":{"self":[{"href":"https:\/\/zwaik.com\/tr\/wp-json\/wp\/v2\/pages\/61"}],"collection":[{"href":"https:\/\/zwaik.com\/tr\/wp-json\/wp\/v2\/pages"}],"about":[{"href":"https:\/\/zwaik.com\/tr\/wp-json\/wp\/v2\/types\/page"}],"author":[{"embeddable":true,"href":"https:\/\/zwaik.com\/tr\/wp-json\/wp\/v2\/users\/1"}],"replies":[{"embeddable":true,"href":"https:\/\/zwaik.com\/tr\/wp-json\/wp\/v2\/comments?post=61"}],"version-history":[{"count":4,"href":"https:\/\/zwaik.com\/tr\/wp-json\/wp\/v2\/pages\/61\/revisions"}],"predecessor-version":[{"id":338,"href":"https:\/\/zwaik.com\/tr\/wp-json\/wp\/v2\/pages\/61\/revisions\/338"}],"up":[{"embeddable":true,"href":"https:\/\/zwaik.com\/tr\/wp-json\/wp\/v2\/pages\/10"}],"wp:attachment":[{"href":"https:\/\/zwaik.com\/tr\/wp-json\/wp\/v2\/media?parent=61"}],"curies":[{"name":"wp","href":"https:\/\/api.w.org\/{rel}","templated":true}]}}