{"id":59,"date":"2020-12-07T20:01:04","date_gmt":"2020-12-07T20:01:04","guid":{"rendered":"http:\/\/zwaik.turkishi.com\/?page_id=59"},"modified":"2020-12-19T18:50:42","modified_gmt":"2020-12-19T18:50:42","slug":"yuksek-yetenekli-isciler","status":"publish","type":"page","link":"https:\/\/zwaik.com\/tr\/uzmanlik-alanlari\/ticari-gocmenlik\/yuksek-yetenekli-isciler\/","title":{"rendered":"Y\u00fcksek Yetenekli \u0130\u015f\u00e7iler"},"content":{"rendered":"<section class=\"l-section wpb_row height_medium\"><div class=\"l-section-h i-cf\"><div class=\"g-cols vc_row type_default valign_top\"><div class=\"vc_col-sm-12 wpb_column vc_column_container\"><div class=\"vc_column-inner\"><div class=\"wpb_wrapper\"><div class=\"wpb_text_column us_custom_432d3f53\" ><div class=\"wpb_wrapper\"><h3>\u00d6zel Yetenek, Liyakat ve Ba\u015far\u0131ya Sahip Yabanc\u0131 \u0130\u015f\u00e7iler<\/h3>\n<p>Amerika Birle\u015fik Devletleri, d\u00fcnyan\u0131n d\u00f6rt bir yan\u0131ndan gelen en ba\u015far\u0131l\u0131 ve yetenekli g\u00f6\u00e7menleri kabul etme konusunda derin bir ge\u00e7mi\u015fe sahiptir ve bu ge\u00e7mi\u015f hem g\u00f6\u00e7menler hem de g\u00f6\u00e7men olmayanlar i\u00e7in \u00f6zel faydalar sa\u011flayarak bir\u00e7ok yerde g\u00f6\u00e7 yasalar\u0131na ge\u00e7mi\u015ftir. Bu se\u00e7eneklerden baz\u0131lar\u0131 a\u015fa\u011f\u0131daki gibidir;<\/p>\n<h3>Daimi \u0130kamet<\/h3>\n<p>G\u00f6\u00e7menlik kanunu, istihdama dayal\u0131 g\u00f6\u00e7menlikteki ilk tercihini ola\u011fan\u00fcst\u00fc yetenekli ki\u015filer dahil olmak \u00fczere &#8220;\u00f6ncelikli i\u015f\u00e7ilere&#8221; verir. Bu kategoriye sadece yak\u0131n zamanda \u00e7ok talep olmakla birlikte, genel olarak bekleme s\u00fcreleri minimumdad\u0131r (g\u00f6\u00e7menlik standartlar\u0131 dikkate al\u0131nd\u0131\u011f\u0131nda). Bu kategori Akademi ya da Nobel \u00f6d\u00fcl\u00fc sahipleri, Rock y\u0131ld\u0131zlar\u0131 veya end\u00fcstrinin titanlar\u0131 olarak adland\u0131rabilece\u011fimiz alanlar\u0131n\u0131n zirvesine y\u00fckselmi\u015f bireyleri bir ba\u015fka deyi\u015fle en iyinin en iyisi denilebilecek ki\u015filer i\u00e7in ge\u00e7erlidir. Ancak bu kategori, kendilerini alanlar\u0131nda lider olarak konumland\u0131ran bilim, sanat, e\u011fitim, i\u015fletme veya atletizmde ba\u015far\u0131 ve tan\u0131nma ge\u00e7mi\u015fini belgeleyebilen ki\u015filer i\u00e7in de ge\u00e7erlidir.<\/p>\n<h3>G\u00f6\u00e7men Olmayan Vize Kategorileri<\/h3>\n<p><strong>O Vizeler-<\/strong> Bu ge\u00e7ici i\u015f\u00e7i vizesi prosed\u00fcr\u00fc, yukar\u0131daki \u00f6zel yetenekli ve liyakat sahibi ki\u015filer i\u00e7in uygulanan prosed\u00fcre benzer ancak g\u00f6\u00e7menlik yetkilileri g\u00f6\u00e7men olmayan vizeyi onaylamak i\u00e7in daim\u00ee ikamete oranla daha az talepte bulunurlar. Bilim, sanat, e\u011fitim, i\u015fletme veya atletizm alanlar\u0131nda s\u00fcrekli olarak ulusal veya uluslararas\u0131 ba\u015far\u0131lara sahipseniz bu tur vizeye hak kazan\u0131rs\u0131n\u0131z. Genellikle, nitelikli bir bireyin kendisiyle ilgili ba\u015far\u0131 ve \u00f6d\u00fcllerine ili\u015fkin bir portf\u00f6y\u00fc vard\u0131r ve kendi \u00fclkesinde, kendi alanlar\u0131ndaki di\u011fer ki\u015filerin \u00e7al\u0131\u015fmalar\u0131n\u0131 de\u011ferlendiren bir panelde g\u00f6rev almak i\u00e7in se\u00e7ilmi\u015ftir. Bu vize t\u00fcr\u00fc genel olarak \u00fcnl\u00fc olman\u0131z\u0131 gerektirmez ancak \u00fclkenizde, kendi alan\u0131n\u0131zdaki di\u011fer ki\u015filer sizin ba\u015far\u0131lar\u0131n\u0131z\u0131n fark\u0131nda olmal\u0131d\u0131r.<br \/>\n<strong>P Vizesi-<\/strong> Bu vize O vizesine benzer ancak bu ki\u015filerin ba\u015far\u0131lar\u0131, bir grubun veya ekibin \u00fcyesi olmay\u0131 gerekli k\u0131lar. \u00d6rne\u011fin ba\u015far\u0131l\u0131 bir m\u00fczik grubu veya atletik tak\u0131m\u0131n \u00fcyeleri en yayg\u0131n olanlar\u0131d\u0131r. Buradaki zorluk, ba\u015fvurucunun hem grubun ba\u015far\u0131s\u0131n\u0131 hem de o grubun ayr\u0131lmaz bir \u00fcyesi oldu\u011funu kan\u0131tlamakt\u0131r.<\/p>\n<\/div><\/div><\/div><\/div><\/div><\/div><\/div><\/section>\n","protected":false},"excerpt":{"rendered":"\u00d6zel Yetenek, Liyakat ve Ba\u015far\u0131ya Sahip Yabanc\u0131 \u0130\u015f\u00e7iler Amerika Birle\u015fik Devletleri, d\u00fcnyan\u0131n d\u00f6rt bir yan\u0131ndan gelen en ba\u015far\u0131l\u0131 ve yetenekli g\u00f6\u00e7menleri kabul etme konusunda derin bir ge\u00e7mi\u015fe sahiptir ve bu ge\u00e7mi\u015f hem g\u00f6\u00e7menler hem de g\u00f6\u00e7men olmayanlar i\u00e7in \u00f6zel faydalar sa\u011flayarak bir\u00e7ok yerde g\u00f6\u00e7 yasalar\u0131na ge\u00e7mi\u015ftir. Bu se\u00e7eneklerden baz\u0131lar\u0131 a\u015fa\u011f\u0131daki gibidir; Daimi \u0130kamet G\u00f6\u00e7menlik kanunu,...","protected":false},"author":1,"featured_media":0,"parent":10,"menu_order":0,"comment_status":"closed","ping_status":"closed","template":"","meta":[],"yoast_head":"<!-- This site is optimized with the Yoast SEO plugin v16.1.1 - https:\/\/yoast.com\/wordpress\/plugins\/seo\/ -->\n<title>Y\u00fcksek Yetenekli \u0130\u015f\u00e7iler - Zwaik<\/title>\n<meta name=\"robots\" content=\"index, follow, max-snippet:-1, max-image-preview:large, max-video-preview:-1\" \/>\n<link rel=\"canonical\" href=\"https:\/\/zwaik.com\/tr\/uzmanlik-alanlari\/ticari-gocmenlik\/yuksek-yetenekli-isciler\/\" \/>\n<meta property=\"og:locale\" content=\"tr_TR\" \/>\n<meta property=\"og:type\" content=\"article\" \/>\n<meta property=\"og:title\" content=\"Y\u00fcksek Yetenekli \u0130\u015f\u00e7iler - Zwaik\" \/>\n<meta property=\"og:url\" content=\"https:\/\/zwaik.com\/tr\/uzmanlik-alanlari\/ticari-gocmenlik\/yuksek-yetenekli-isciler\/\" \/>\n<meta property=\"og:site_name\" content=\"Zwaik\" \/>\n<meta property=\"article:modified_time\" content=\"2020-12-19T18:50:42+00:00\" \/>\n<meta name=\"twitter:card\" content=\"summary_large_image\" \/>\n<meta name=\"twitter:label1\" content=\"Tahmini okuma s\u00fcresi\">\n\t<meta name=\"twitter:data1\" content=\"2 dakika\">\n<script type=\"application\/ld+json\" class=\"yoast-schema-graph\">{\"@context\":\"https:\/\/schema.org\",\"@graph\":[{\"@type\":\"WebSite\",\"@id\":\"https:\/\/zwaik.com\/tr\/#website\",\"url\":\"https:\/\/zwaik.com\/tr\/\",\"name\":\"Zwaik\",\"description\":\"Attorney At Law\",\"potentialAction\":[{\"@type\":\"SearchAction\",\"target\":\"https:\/\/zwaik.com\/tr\/?s={search_term_string}\",\"query-input\":\"required name=search_term_string\"}],\"inLanguage\":\"tr\"},{\"@type\":\"WebPage\",\"@id\":\"https:\/\/zwaik.com\/tr\/uzmanlik-alanlari\/ticari-gocmenlik\/yuksek-yetenekli-isciler\/#webpage\",\"url\":\"https:\/\/zwaik.com\/tr\/uzmanlik-alanlari\/ticari-gocmenlik\/yuksek-yetenekli-isciler\/\",\"name\":\"Y\\u00fcksek Yetenekli \\u0130\\u015f\\u00e7iler - Zwaik\",\"isPartOf\":{\"@id\":\"https:\/\/zwaik.com\/tr\/#website\"},\"datePublished\":\"2020-12-07T20:01:04+00:00\",\"dateModified\":\"2020-12-19T18:50:42+00:00\",\"breadcrumb\":{\"@id\":\"https:\/\/zwaik.com\/tr\/uzmanlik-alanlari\/ticari-gocmenlik\/yuksek-yetenekli-isciler\/#breadcrumb\"},\"inLanguage\":\"tr\",\"potentialAction\":[{\"@type\":\"ReadAction\",\"target\":[\"https:\/\/zwaik.com\/tr\/uzmanlik-alanlari\/ticari-gocmenlik\/yuksek-yetenekli-isciler\/\"]}]},{\"@type\":\"BreadcrumbList\",\"@id\":\"https:\/\/zwaik.com\/tr\/uzmanlik-alanlari\/ticari-gocmenlik\/yuksek-yetenekli-isciler\/#breadcrumb\",\"itemListElement\":[{\"@type\":\"ListItem\",\"position\":1,\"item\":{\"@type\":\"WebPage\",\"@id\":\"https:\/\/zwaik.com\/tr\/\",\"url\":\"https:\/\/zwaik.com\/tr\/\",\"name\":\"Ana sayfa\"}},{\"@type\":\"ListItem\",\"position\":2,\"item\":{\"@type\":\"WebPage\",\"@id\":\"https:\/\/zwaik.com\/tr\/uzmanlik-alanlari\/\",\"url\":\"https:\/\/zwaik.com\/tr\/uzmanlik-alanlari\/\",\"name\":\"Uzmanl\\u0131k Alanlar\\u0131\"}},{\"@type\":\"ListItem\",\"position\":3,\"item\":{\"@type\":\"WebPage\",\"@id\":\"https:\/\/zwaik.com\/tr\/uzmanlik-alanlari\/ticari-gocmenlik\/\",\"url\":\"https:\/\/zwaik.com\/tr\/uzmanlik-alanlari\/ticari-gocmenlik\/\",\"name\":\"Ticari G\\u00f6\\u00e7menlik\"}},{\"@type\":\"ListItem\",\"position\":4,\"item\":{\"@type\":\"WebPage\",\"@id\":\"https:\/\/zwaik.com\/tr\/uzmanlik-alanlari\/ticari-gocmenlik\/yuksek-yetenekli-isciler\/\",\"url\":\"https:\/\/zwaik.com\/tr\/uzmanlik-alanlari\/ticari-gocmenlik\/yuksek-yetenekli-isciler\/\",\"name\":\"Y\\u00fcksek Yetenekli \\u0130\\u015f\\u00e7iler\"}}]}]}<\/script>\n<!-- \/ Yoast SEO plugin. -->","_links":{"self":[{"href":"https:\/\/zwaik.com\/tr\/wp-json\/wp\/v2\/pages\/59"}],"collection":[{"href":"https:\/\/zwaik.com\/tr\/wp-json\/wp\/v2\/pages"}],"about":[{"href":"https:\/\/zwaik.com\/tr\/wp-json\/wp\/v2\/types\/page"}],"author":[{"embeddable":true,"href":"https:\/\/zwaik.com\/tr\/wp-json\/wp\/v2\/users\/1"}],"replies":[{"embeddable":true,"href":"https:\/\/zwaik.com\/tr\/wp-json\/wp\/v2\/comments?post=59"}],"version-history":[{"count":4,"href":"https:\/\/zwaik.com\/tr\/wp-json\/wp\/v2\/pages\/59\/revisions"}],"predecessor-version":[{"id":340,"href":"https:\/\/zwaik.com\/tr\/wp-json\/wp\/v2\/pages\/59\/revisions\/340"}],"up":[{"embeddable":true,"href":"https:\/\/zwaik.com\/tr\/wp-json\/wp\/v2\/pages\/10"}],"wp:attachment":[{"href":"https:\/\/zwaik.com\/tr\/wp-json\/wp\/v2\/media?parent=59"}],"curies":[{"name":"wp","href":"https:\/\/api.w.org\/{rel}","templated":true}]}}