{"id":272,"date":"2020-12-19T13:07:54","date_gmt":"2020-12-19T13:07:54","guid":{"rendered":"https:\/\/tr.zwaik.com\/?page_id=272"},"modified":"2020-12-19T18:45:48","modified_gmt":"2020-12-19T18:45:48","slug":"gecici-koruma-statusu-tps","status":"publish","type":"page","link":"https:\/\/zwaik.com\/tr\/uzmanlik-alanlari\/aile-temelli-vatandaslik-ve-diger-gocmenlik-duzenlemeleri\/gecici-koruma-statusu-tps\/","title":{"rendered":"Ge\u00e7ici Koruma Stat\u00fcs\u00fc (TPS)"},"content":{"rendered":"<section class=\"l-section wpb_row height_medium\"><div class=\"l-section-h i-cf\"><div class=\"g-cols vc_row type_default valign_top\"><div class=\"vc_col-sm-12 wpb_column vc_column_container\"><div class=\"vc_column-inner\"><div class=\"wpb_wrapper\"><div class=\"wpb_text_column\" ><div class=\"wpb_wrapper\"><p>Ge\u00e7ici Korunan Stat\u00fcs\u00fc (TPS) \u00fclkelerindeki do\u011fal afet veya i\u00e7 karga\u015fa nedeniyle Amerika\u2019ya gelmi\u015f, bu sebeplerden \u00f6t\u00fcr\u00fc \u00fclkelerine geri d\u00f6nmeleri kendileri i\u00e7in tehlike arz eden Amerikan vatanda\u015f\u0131 olmayan ki\u015filere ge\u00e7ici bir s\u0131\u011f\u0131nma alan\u0131 sunmaktad\u0131r. TPS stat\u00fcs\u00fcn\u00fc elde eden ki\u015filer daim\u00ee ikamet hakkini (green card) elde edememekle birlikte Amerika\u2019da yasama, \u00e7al\u0131\u015fma, sinir disi edilmeme ve seyahat izni i\u00e7in ba\u015fvuru yapabilme hakkini elde ederler.<\/p>\n<p>TPS ba\u015fvurusu yapabilmek i\u00e7in h\u00e2lihaz\u0131rda belirlenmi\u015f on \u00fclke \u015f\u00f6yledir; El Salvador, Haiti, Honduras, Nepal, Nikaragua, Somali, G\u00fcney Sudan, Suriye ve Yemen.<\/p>\n<p>Trump y\u00f6netimi El Salvador, Nikaragua, Honduras, Sudan ve Haiti i\u00e7in TPS ba\u015fvurular\u0131n\u0131 kald\u0131raca\u011f\u0131 niyetinde oldu\u011funu ilan etmi\u015f olsa da ABD Kaliforniya ve New York B\u00f6lge Mahkemelerinde daha sonra a\u00e7\u0131lan davalar ile s\u00f6z konusu kurumun TPS\u2019i kald\u0131rma te\u015febb\u00fcs\u00fcne kar\u015f\u0131 m\u00fccadele verilmi\u015f, ABD ulusal g\u00fcvenlik Bakanl\u0131\u011f\u0131\u2019n\u0131n Sudan, Nikaragua, Haiti ve El Salvador i\u00e7in uygulad\u0131\u011f\u0131 TPS\u2019i kald\u0131rma giri\u015fimlerine ili\u015fkin ihtiyati tedbir karar\u0131 verilmi\u015ftir.<\/p>\n<p>4 Kas\u0131m 2019 tarih ve son say\u0131l\u0131 genelge uyar\u0131nca, El Salvador, Haiti, Honduras, Nepal, Nikaragua ve Sudan i\u00e7in uygulanan TPS stat\u00fcs\u00fc 4 Ocak 2021 y\u0131l\u0131na dek veya davan\u0131n karar ba\u011flanmas\u0131 tarihine dek y\u00fcr\u00fcrl\u00fckte kalmaya devam edecektir.<\/p>\n<p>H\u00e2lihaz\u0131rda TPS stat\u00fcs\u00fc olan ki\u015filerin \u00e7al\u0131\u015fma izinleri 24 Ocak 2021 y\u0131l\u0131na dek otomatik olarak uzayacakt\u0131r.<\/p>\n<p>TPS ile ilgili en \u00f6nemli mesele TPS sahiplerinin, Amerika\u2019da stat\u00fc intibak\u0131 yoluyla kal\u0131c\u0131 ikamete (green card) ba\u015fvurup ba\u015fvuramayacaklar\u0131na ili\u015fkindir. Baz\u0131 federal mahkemeler TPS\u2019den faydalanan ki\u015filerin stat\u00fc intibak\u0131 ko\u015fullar\u0131na sahip oldu\u011fu do\u011frultusunda karar vermi\u015f, bir tane federal mahkeme ise ko\u015fullar\u0131 kar\u015f\u0131lamad\u0131klar\u0131 y\u00f6n\u00fcnde karara varm\u0131\u015ft\u0131r. ABD Ulusal G\u00fcvenlik Bakanl\u0131\u011f\u0131 Temmuz 2019 y\u0131l\u0131nda yapt\u0131\u011f\u0131 duyuru ile Amerika\u2019n\u0131n herhangi bir yerinden TPS ba\u015fvurusu yapacak olan ki\u015filerin stat\u00fc intibak\u0131 yoluyla yapt\u0131\u011f\u0131 daim\u00ee ikamet ba\u015fvurular\u0131n\u0131n reddedilece\u011fini ve bu karar\u0131n Amerika\u2019daki Federal Mahkemelerin kararlar\u0131yla \u00e7eli\u015fkiye d\u00fc\u015fmedi\u011fini bildirmi\u015ftir.<\/p>\n<\/div><\/div><\/div><\/div><\/div><\/div><\/div><\/section>\n","protected":false},"excerpt":{"rendered":"Ge\u00e7ici Korunan Stat\u00fcs\u00fc (TPS) \u00fclkelerindeki do\u011fal afet veya i\u00e7 karga\u015fa nedeniyle Amerika\u2019ya gelmi\u015f, bu sebeplerden \u00f6t\u00fcr\u00fc \u00fclkelerine geri d\u00f6nmeleri kendileri i\u00e7in tehlike arz eden Amerikan vatanda\u015f\u0131 olmayan ki\u015filere ge\u00e7ici bir s\u0131\u011f\u0131nma alan\u0131 sunmaktad\u0131r. TPS stat\u00fcs\u00fcn\u00fc elde eden ki\u015filer daim\u00ee ikamet hakkini (green card) elde edememekle birlikte Amerika\u2019da yasama, \u00e7al\u0131\u015fma, sinir disi edilmeme ve seyahat izni...","protected":false},"author":1,"featured_media":0,"parent":241,"menu_order":0,"comment_status":"closed","ping_status":"closed","template":"","meta":[],"yoast_head":"<!-- This site is optimized with the Yoast SEO plugin v16.1.1 - https:\/\/yoast.com\/wordpress\/plugins\/seo\/ -->\n<title>Ge\u00e7ici Koruma Stat\u00fcs\u00fc (TPS) - Zwaik<\/title>\n<meta name=\"robots\" content=\"index, follow, max-snippet:-1, max-image-preview:large, max-video-preview:-1\" \/>\n<link rel=\"canonical\" href=\"https:\/\/zwaik.com\/tr\/uzmanlik-alanlari\/aile-temelli-vatandaslik-ve-diger-gocmenlik-duzenlemeleri\/gecici-koruma-statusu-tps\/\" \/>\n<meta property=\"og:locale\" content=\"tr_TR\" \/>\n<meta property=\"og:type\" content=\"article\" \/>\n<meta property=\"og:title\" content=\"Ge\u00e7ici Koruma Stat\u00fcs\u00fc (TPS) - Zwaik\" \/>\n<meta property=\"og:url\" content=\"https:\/\/zwaik.com\/tr\/uzmanlik-alanlari\/aile-temelli-vatandaslik-ve-diger-gocmenlik-duzenlemeleri\/gecici-koruma-statusu-tps\/\" \/>\n<meta property=\"og:site_name\" content=\"Zwaik\" \/>\n<meta property=\"article:modified_time\" content=\"2020-12-19T18:45:48+00:00\" \/>\n<meta name=\"twitter:card\" content=\"summary_large_image\" \/>\n<meta name=\"twitter:label1\" content=\"Tahmini okuma s\u00fcresi\">\n\t<meta name=\"twitter:data1\" content=\"2 dakika\">\n<script type=\"application\/ld+json\" class=\"yoast-schema-graph\">{\"@context\":\"https:\/\/schema.org\",\"@graph\":[{\"@type\":\"WebSite\",\"@id\":\"https:\/\/zwaik.com\/tr\/#website\",\"url\":\"https:\/\/zwaik.com\/tr\/\",\"name\":\"Zwaik\",\"description\":\"Attorney At Law\",\"potentialAction\":[{\"@type\":\"SearchAction\",\"target\":\"https:\/\/zwaik.com\/tr\/?s={search_term_string}\",\"query-input\":\"required name=search_term_string\"}],\"inLanguage\":\"tr\"},{\"@type\":\"WebPage\",\"@id\":\"https:\/\/zwaik.com\/tr\/uzmanlik-alanlari\/aile-temelli-vatandaslik-ve-diger-gocmenlik-duzenlemeleri\/gecici-koruma-statusu-tps\/#webpage\",\"url\":\"https:\/\/zwaik.com\/tr\/uzmanlik-alanlari\/aile-temelli-vatandaslik-ve-diger-gocmenlik-duzenlemeleri\/gecici-koruma-statusu-tps\/\",\"name\":\"Ge\\u00e7ici Koruma Stat\\u00fcs\\u00fc (TPS) - Zwaik\",\"isPartOf\":{\"@id\":\"https:\/\/zwaik.com\/tr\/#website\"},\"datePublished\":\"2020-12-19T13:07:54+00:00\",\"dateModified\":\"2020-12-19T18:45:48+00:00\",\"breadcrumb\":{\"@id\":\"https:\/\/zwaik.com\/tr\/uzmanlik-alanlari\/aile-temelli-vatandaslik-ve-diger-gocmenlik-duzenlemeleri\/gecici-koruma-statusu-tps\/#breadcrumb\"},\"inLanguage\":\"tr\",\"potentialAction\":[{\"@type\":\"ReadAction\",\"target\":[\"https:\/\/zwaik.com\/tr\/uzmanlik-alanlari\/aile-temelli-vatandaslik-ve-diger-gocmenlik-duzenlemeleri\/gecici-koruma-statusu-tps\/\"]}]},{\"@type\":\"BreadcrumbList\",\"@id\":\"https:\/\/zwaik.com\/tr\/uzmanlik-alanlari\/aile-temelli-vatandaslik-ve-diger-gocmenlik-duzenlemeleri\/gecici-koruma-statusu-tps\/#breadcrumb\",\"itemListElement\":[{\"@type\":\"ListItem\",\"position\":1,\"item\":{\"@type\":\"WebPage\",\"@id\":\"https:\/\/zwaik.com\/tr\/\",\"url\":\"https:\/\/zwaik.com\/tr\/\",\"name\":\"Ana sayfa\"}},{\"@type\":\"ListItem\",\"position\":2,\"item\":{\"@type\":\"WebPage\",\"@id\":\"https:\/\/zwaik.com\/tr\/uzmanlik-alanlari\/\",\"url\":\"https:\/\/zwaik.com\/tr\/uzmanlik-alanlari\/\",\"name\":\"Uzmanl\\u0131k Alanlar\\u0131\"}},{\"@type\":\"ListItem\",\"position\":3,\"item\":{\"@type\":\"WebPage\",\"@id\":\"https:\/\/zwaik.com\/tr\/uzmanlik-alanlari\/aile-temelli-vatandaslik-ve-diger-gocmenlik-duzenlemeleri\/\",\"url\":\"https:\/\/zwaik.com\/tr\/uzmanlik-alanlari\/aile-temelli-vatandaslik-ve-diger-gocmenlik-duzenlemeleri\/\",\"name\":\"Aile Temelli, Vatanda\\u015fl\\u0131k ve Di\\u011fer G\\u00f6\\u00e7menlik D\\u00fczenlemeleri\"}},{\"@type\":\"ListItem\",\"position\":4,\"item\":{\"@type\":\"WebPage\",\"@id\":\"https:\/\/zwaik.com\/tr\/uzmanlik-alanlari\/aile-temelli-vatandaslik-ve-diger-gocmenlik-duzenlemeleri\/gecici-koruma-statusu-tps\/\",\"url\":\"https:\/\/zwaik.com\/tr\/uzmanlik-alanlari\/aile-temelli-vatandaslik-ve-diger-gocmenlik-duzenlemeleri\/gecici-koruma-statusu-tps\/\",\"name\":\"Ge\\u00e7ici Koruma Stat\\u00fcs\\u00fc (TPS)\"}}]}]}<\/script>\n<!-- \/ Yoast SEO plugin. -->","_links":{"self":[{"href":"https:\/\/zwaik.com\/tr\/wp-json\/wp\/v2\/pages\/272"}],"collection":[{"href":"https:\/\/zwaik.com\/tr\/wp-json\/wp\/v2\/pages"}],"about":[{"href":"https:\/\/zwaik.com\/tr\/wp-json\/wp\/v2\/types\/page"}],"author":[{"embeddable":true,"href":"https:\/\/zwaik.com\/tr\/wp-json\/wp\/v2\/users\/1"}],"replies":[{"embeddable":true,"href":"https:\/\/zwaik.com\/tr\/wp-json\/wp\/v2\/comments?post=272"}],"version-history":[{"count":5,"href":"https:\/\/zwaik.com\/tr\/wp-json\/wp\/v2\/pages\/272\/revisions"}],"predecessor-version":[{"id":335,"href":"https:\/\/zwaik.com\/tr\/wp-json\/wp\/v2\/pages\/272\/revisions\/335"}],"up":[{"embeddable":true,"href":"https:\/\/zwaik.com\/tr\/wp-json\/wp\/v2\/pages\/241"}],"wp:attachment":[{"href":"https:\/\/zwaik.com\/tr\/wp-json\/wp\/v2\/media?parent=272"}],"curies":[{"name":"wp","href":"https:\/\/api.w.org\/{rel}","templated":true}]}}