{"id":268,"date":"2020-12-19T13:06:04","date_gmt":"2020-12-19T13:06:04","guid":{"rendered":"https:\/\/tr.zwaik.com\/?page_id=268"},"modified":"2020-12-19T18:45:26","modified_gmt":"2020-12-19T18:45:26","slug":"aile-temelli-gocmenlik-hukuku","status":"publish","type":"page","link":"https:\/\/zwaik.com\/tr\/uzmanlik-alanlari\/aile-temelli-vatandaslik-ve-diger-gocmenlik-duzenlemeleri\/aile-temelli-gocmenlik-hukuku\/","title":{"rendered":"Aile Temelli G\u00f6\u00e7menlik Hukuku"},"content":{"rendered":"<section class=\"l-section wpb_row height_medium\"><div class=\"l-section-h i-cf\"><div class=\"g-cols vc_row type_default valign_top\"><div class=\"vc_col-sm-12 wpb_column vc_column_container\"><div class=\"vc_column-inner\"><div class=\"wpb_wrapper\"><div class=\"wpb_text_column\" ><div class=\"wpb_wrapper\"><p>1952 y\u0131l\u0131nda y\u00fcr\u00fcrl\u00fc\u011fe giren mevzuat aile birli\u011finin sa\u011flamas\u0131 hususunda Amerikan G\u00f6\u00e7menlik Hukukuna yol g\u00f6stericilik yapmaktad\u0131r. Aile birli\u011finden ziyade kalifiye elemanlara \u00f6ncelik vermeye y\u00f6nelik kanunu de\u011fi\u015ftirme te\u015febb\u00fcsleri hi\u00e7bir zaman kabul g\u00f6rmemi\u015ftir. G\u00fcncel mevzuat Amerikan vatanda\u015flar\u0131na ( baz\u0131 durumlarda daim\u00ee ikamet hakki sahiplerine de) yak\u0131n aile \u00fcyelerine sponsor olarak Amerika\u2019da kendileri ile yasama hakki tan\u0131maktad\u0131r. G\u00f6\u00e7menlik Kanunu aile temelli g\u00f6\u00e7menlik ba\u015fvurular\u0131n\u0131 iki gruba ay\u0131rmaktad\u0131r: (1) Yak\u0131n Aile Akrabalar\u0131 kapsam\u0131na; Amerikan vatanda\u015f\u0131 olan ki\u015finin esi, en az 21 ya\u015f\u0131nda olan Amerikan vatanda\u015f\u0131n\u0131n, anne ve babas\u0131, Amerikan vatanda\u015f\u0131 olan ki\u015finin 21 ya\u015f alt\u0131nda bulunan \u00e7ocuklar\u0131 (2) Amerikan vatanda\u015f\u0131 olan ki\u015finin 21 ya\u015f \u00fczerinde bulunan k\u0131z\u0131 veya o\u011flu, Amerikan vatanda\u015f\u0131 olan ki\u015finin karde\u015fleri ile daim\u00ee ikamet hakk\u0131na sahip ki\u015filerin yeti\u015fkin ve k\u00fc\u00e7\u00fck \u00e7ocuklar\u0131 ve e\u015fleri girmektedir.<\/p>\n<p>Bu iki grup aras\u0131nda \u00f6nemli bir\u00e7ok farkl\u0131l\u0131k vard\u0131r:<\/p>\n<h3>Yak\u0131n Akrabalar<\/h3>\n<p>G\u00f6\u00e7menlik Kanunu ko\u015fullar\u0131n\u0131 ta\u015f\u0131yan yak\u0131n akrabalara, k\u0131s\u0131tlama olmaks\u0131z\u0131n green card verilebilmektedir. Her ne kadar i\u015flem sureci ve di\u011fer zorluklar ba\u015fvurular\u0131n uzun y\u0131llara yay\u0131lmas\u0131na neden olsa da bu durum bekleme surelerinin neticesi de\u011fildir. Bunun yan\u0131nda, daha \u00f6nce Amerika\u2019ya yasal olarak giri\u015f yapm\u0131\u015f olan yak\u0131n akraba kategorisindeki ki\u015filer, burada ge\u00e7irdikleri sure i\u00e7erisinde \u00e7al\u0131\u015fma izni yada yasal stat\u00fcleri olmasa dahi kendi \u00fclkelerine gitmeksizin greencard ba\u015fvurular\u0131n\u0131 Amerika i\u00e7inde yapabilirler.<\/p>\n<ul>\n<li>Yak\u0131n akraba kategorisine girmeyen aile \u00fcyeleri a\u015fa\u011f\u0131da belirtilen tercih kategorilerinden birindeki \u015fartlar\u0131 ta\u015f\u0131mal\u0131d\u0131r:<\/li>\n<li>\u0130lk Tercih Kategorisi (FB1): Amerikan Vatanda\u015f\u0131 olan ki\u015filerin bekar o\u011fullar\u0131 ve k\u0131zlar\u0131<\/li>\n<li>(FB2B) Daim\u00ee \u0130kamet Hakki sahibi ki\u015filerin 21 ya\u015f\u0131n \u00fczerinde olan o\u011fullar\u0131 ve k\u0131zlar\u0131<\/li>\n<li>\u00dc\u00e7\u00fcnc\u00fc Tercih Kategorisi (FB3): Amerikan Vatanda\u015f\u0131 olan ki\u015filerin evli olan o\u011fullar\u0131 ve k\u0131zlar\u0131<\/li>\n<li>D\u00f6rd\u00fcnc\u00fc Tercih Kategorisi (FB4) : Amerikan Vatanda\u015f\u0131 olan eri\u015fkin ki\u015filerin erkek ve k\u0131z karde\u015fleri<\/li>\n<\/ul>\n<p>Bu kategorilerde dikkat edilmesi gereken hususlar:<\/p>\n<p>Birinci, ikinci, \u00fc\u00e7\u00fcnc\u00fc ve d\u00f6rd\u00fcnc\u00fc tercih kategorileri \u201cderivative beneficiaries\u201d olarak adland\u0131r\u0131lan yani ba\u015fvurucu ki\u015finin esi ve 21 ya\u015f alt\u0131ndaki t\u00fcm \u00e7ocuklar\u0131n\u0131n ba\u015fvurucu ki\u015fi ile birlikte Amerika\u2019ya g\u00f6\u00e7 etmesine imk\u00e2n sa\u011flamaktad\u0131r. Di\u011fer yak\u0131n akrabalar \u201cderivative beneficiaries\u201d kategorisindeki ki\u015filerle ayni haklara sahip de\u011fildir.<\/p>\n<p>Daim\u00ee \u0130kamet Hakki sahipleri sadece esine, bekar \u00e7ocuklar\u0131na, o\u011flu veya k\u0131z\u0131na sponsor olabilir. Ba\u015fvurucu-aile sponsoru olan ki\u015fi kendi anne ve babas\u0131na, karde\u015flerine, yada evli olan o\u011flu ve k\u0131z\u0131na sponsor olabilmek i\u00e7in \u00f6ncelikle Amerikan vatanda\u015f\u0131 olmal\u0131d\u0131r.<\/p>\n<p>Daim\u00ee ikamet hakki sahibi ki\u015fi, evli olan o\u011flu yada k\u0131z\u0131na sponsor olamaz. Sponsor olunan g\u00f6\u00e7men ki\u015fi ba\u015fvurunun yap\u0131ld\u0131\u011f\u0131 anda bekar ve fakat ard\u0131ndan evlenmi\u015f ise, ba\u015fvuru evlilik tarihinden itibaren ge\u00e7ersiz say\u0131l\u0131r.<\/p>\n<p>Baz\u0131 durumlarda, bir haktan faydalanan ki\u015fi bir kategoriden di\u011ferine yeni bir i\u015flem ba\u015flatmaks\u0131z\u0131n ge\u00e7i\u015f yapabilir. \u00d6rneklendirecek olursak, Amerikan vatanda\u015f\u0131 ki\u015finin bekar eri\u015fkin o\u011flu (ilk tercih kategorisinde bulunmaktad\u0131r) e\u011fer daha sonra evlenmi\u015f ise d\u00f6rd\u00fcnc\u00fc kategoriye ge\u00e7i\u015f yapacakt\u0131r.<\/p>\n<p>Son olarak, \u00e7ok a\u00e7\u0131kt\u0131r ki aile temelli tercihler kategorisi teyze, amca, b\u00fcy\u00fckanne ve b\u00fcy\u00fckbaba veya torun yada kuzenler dahil olmak \u00fczere uzak akraba say\u0131lan ki\u015filerin do\u011frudan sponsorlu\u011funa izin vermez. Yak\u0131n olmayan akrabalar sadece uzun y\u0131llara yay\u0131lan bekleme sureleriyle u\u011fra\u015fmak zorunda kalman\u0131n yan\u0131nda, e\u011fer sizde Amerika i\u00e7inde yasal stat\u00fcn\u00fcz\u00fc kaybetmi\u015f iseniz son vize i\u015flemleri i\u00e7in ya kendi \u00fclkesinde durmak yada Amerika\u2019da ise kendi \u00fclkesine geri d\u00f6nmek zorundad\u0131r. E\u011fer siz bir y\u0131ldan fazla bir \u015fekilde yasal stat\u00fcn\u00fcz olmadan Amerika\u2019da kalm\u0131\u015f iseniz bu durum on y\u0131ll\u0131k Amerika\u2019ya giri\u015f yasa\u011f\u0131n\u0131 de tetiklemektedir. Fakat bu halde dahi bu on y\u0131ll\u0131k Amerika\u2019ya giri\u015f yasa\u011f\u0131 i\u00e7in af almak m\u00fcmk\u00fcnd\u00fcr. Bu af ba\u015fvurusu i\u00e7in, ba\u015fvuru an\u0131nda sizin Amerika\u2019 da ikamet etmenizin yan\u0131nda, sizin Amerika\u2019dan ayr\u0131lman\u0131z halinde b\u00fcy\u00fck g\u00fc\u00e7l\u00fckler ve s\u0131k\u0131nt\u0131lar yasayacak daim\u00ee ikamet (green card) hakk\u0131 olan anne, baban\u0131z ya da e\u015finizin bulunmas\u0131 gerekmektedir.<\/p>\n<\/div><\/div><\/div><\/div><\/div><\/div><\/div><\/section>\n","protected":false},"excerpt":{"rendered":"1952 y\u0131l\u0131nda y\u00fcr\u00fcrl\u00fc\u011fe giren mevzuat aile birli\u011finin sa\u011flamas\u0131 hususunda Amerikan G\u00f6\u00e7menlik Hukukuna yol g\u00f6stericilik yapmaktad\u0131r. Aile birli\u011finden ziyade kalifiye elemanlara \u00f6ncelik vermeye y\u00f6nelik kanunu de\u011fi\u015ftirme te\u015febb\u00fcsleri hi\u00e7bir zaman kabul g\u00f6rmemi\u015ftir. G\u00fcncel mevzuat Amerikan vatanda\u015flar\u0131na ( baz\u0131 durumlarda daim\u00ee ikamet hakki sahiplerine de) yak\u0131n aile \u00fcyelerine sponsor olarak Amerika\u2019da kendileri ile yasama hakki tan\u0131maktad\u0131r. G\u00f6\u00e7menlik Kanunu...","protected":false},"author":1,"featured_media":0,"parent":241,"menu_order":0,"comment_status":"closed","ping_status":"closed","template":"","meta":[],"yoast_head":"<!-- This site is optimized with the Yoast SEO plugin v16.1.1 - https:\/\/yoast.com\/wordpress\/plugins\/seo\/ -->\n<title>Aile Temelli G\u00f6\u00e7menlik Hukuku - Zwaik<\/title>\n<meta name=\"robots\" content=\"index, follow, max-snippet:-1, max-image-preview:large, max-video-preview:-1\" \/>\n<link rel=\"canonical\" href=\"https:\/\/zwaik.com\/tr\/uzmanlik-alanlari\/aile-temelli-vatandaslik-ve-diger-gocmenlik-duzenlemeleri\/aile-temelli-gocmenlik-hukuku\/\" \/>\n<meta property=\"og:locale\" content=\"tr_TR\" \/>\n<meta property=\"og:type\" content=\"article\" \/>\n<meta property=\"og:title\" content=\"Aile Temelli G\u00f6\u00e7menlik Hukuku - Zwaik\" \/>\n<meta property=\"og:url\" content=\"https:\/\/zwaik.com\/tr\/uzmanlik-alanlari\/aile-temelli-vatandaslik-ve-diger-gocmenlik-duzenlemeleri\/aile-temelli-gocmenlik-hukuku\/\" \/>\n<meta property=\"og:site_name\" content=\"Zwaik\" \/>\n<meta property=\"article:modified_time\" content=\"2020-12-19T18:45:26+00:00\" \/>\n<meta name=\"twitter:card\" content=\"summary_large_image\" \/>\n<meta name=\"twitter:label1\" content=\"Tahmini okuma s\u00fcresi\">\n\t<meta name=\"twitter:data1\" content=\"4 dakika\">\n<script type=\"application\/ld+json\" class=\"yoast-schema-graph\">{\"@context\":\"https:\/\/schema.org\",\"@graph\":[{\"@type\":\"WebSite\",\"@id\":\"https:\/\/zwaik.com\/tr\/#website\",\"url\":\"https:\/\/zwaik.com\/tr\/\",\"name\":\"Zwaik\",\"description\":\"Attorney At Law\",\"potentialAction\":[{\"@type\":\"SearchAction\",\"target\":\"https:\/\/zwaik.com\/tr\/?s={search_term_string}\",\"query-input\":\"required name=search_term_string\"}],\"inLanguage\":\"tr\"},{\"@type\":\"WebPage\",\"@id\":\"https:\/\/zwaik.com\/tr\/uzmanlik-alanlari\/aile-temelli-vatandaslik-ve-diger-gocmenlik-duzenlemeleri\/aile-temelli-gocmenlik-hukuku\/#webpage\",\"url\":\"https:\/\/zwaik.com\/tr\/uzmanlik-alanlari\/aile-temelli-vatandaslik-ve-diger-gocmenlik-duzenlemeleri\/aile-temelli-gocmenlik-hukuku\/\",\"name\":\"Aile Temelli G\\u00f6\\u00e7menlik Hukuku - Zwaik\",\"isPartOf\":{\"@id\":\"https:\/\/zwaik.com\/tr\/#website\"},\"datePublished\":\"2020-12-19T13:06:04+00:00\",\"dateModified\":\"2020-12-19T18:45:26+00:00\",\"breadcrumb\":{\"@id\":\"https:\/\/zwaik.com\/tr\/uzmanlik-alanlari\/aile-temelli-vatandaslik-ve-diger-gocmenlik-duzenlemeleri\/aile-temelli-gocmenlik-hukuku\/#breadcrumb\"},\"inLanguage\":\"tr\",\"potentialAction\":[{\"@type\":\"ReadAction\",\"target\":[\"https:\/\/zwaik.com\/tr\/uzmanlik-alanlari\/aile-temelli-vatandaslik-ve-diger-gocmenlik-duzenlemeleri\/aile-temelli-gocmenlik-hukuku\/\"]}]},{\"@type\":\"BreadcrumbList\",\"@id\":\"https:\/\/zwaik.com\/tr\/uzmanlik-alanlari\/aile-temelli-vatandaslik-ve-diger-gocmenlik-duzenlemeleri\/aile-temelli-gocmenlik-hukuku\/#breadcrumb\",\"itemListElement\":[{\"@type\":\"ListItem\",\"position\":1,\"item\":{\"@type\":\"WebPage\",\"@id\":\"https:\/\/zwaik.com\/tr\/\",\"url\":\"https:\/\/zwaik.com\/tr\/\",\"name\":\"Ana sayfa\"}},{\"@type\":\"ListItem\",\"position\":2,\"item\":{\"@type\":\"WebPage\",\"@id\":\"https:\/\/zwaik.com\/tr\/uzmanlik-alanlari\/\",\"url\":\"https:\/\/zwaik.com\/tr\/uzmanlik-alanlari\/\",\"name\":\"Uzmanl\\u0131k Alanlar\\u0131\"}},{\"@type\":\"ListItem\",\"position\":3,\"item\":{\"@type\":\"WebPage\",\"@id\":\"https:\/\/zwaik.com\/tr\/uzmanlik-alanlari\/aile-temelli-vatandaslik-ve-diger-gocmenlik-duzenlemeleri\/\",\"url\":\"https:\/\/zwaik.com\/tr\/uzmanlik-alanlari\/aile-temelli-vatandaslik-ve-diger-gocmenlik-duzenlemeleri\/\",\"name\":\"Aile Temelli, Vatanda\\u015fl\\u0131k ve Di\\u011fer G\\u00f6\\u00e7menlik D\\u00fczenlemeleri\"}},{\"@type\":\"ListItem\",\"position\":4,\"item\":{\"@type\":\"WebPage\",\"@id\":\"https:\/\/zwaik.com\/tr\/uzmanlik-alanlari\/aile-temelli-vatandaslik-ve-diger-gocmenlik-duzenlemeleri\/aile-temelli-gocmenlik-hukuku\/\",\"url\":\"https:\/\/zwaik.com\/tr\/uzmanlik-alanlari\/aile-temelli-vatandaslik-ve-diger-gocmenlik-duzenlemeleri\/aile-temelli-gocmenlik-hukuku\/\",\"name\":\"Aile Temelli G\\u00f6\\u00e7menlik Hukuku\"}}]}]}<\/script>\n<!-- \/ Yoast SEO plugin. -->","_links":{"self":[{"href":"https:\/\/zwaik.com\/tr\/wp-json\/wp\/v2\/pages\/268"}],"collection":[{"href":"https:\/\/zwaik.com\/tr\/wp-json\/wp\/v2\/pages"}],"about":[{"href":"https:\/\/zwaik.com\/tr\/wp-json\/wp\/v2\/types\/page"}],"author":[{"embeddable":true,"href":"https:\/\/zwaik.com\/tr\/wp-json\/wp\/v2\/users\/1"}],"replies":[{"embeddable":true,"href":"https:\/\/zwaik.com\/tr\/wp-json\/wp\/v2\/comments?post=268"}],"version-history":[{"count":3,"href":"https:\/\/zwaik.com\/tr\/wp-json\/wp\/v2\/pages\/268\/revisions"}],"predecessor-version":[{"id":333,"href":"https:\/\/zwaik.com\/tr\/wp-json\/wp\/v2\/pages\/268\/revisions\/333"}],"up":[{"embeddable":true,"href":"https:\/\/zwaik.com\/tr\/wp-json\/wp\/v2\/pages\/241"}],"wp:attachment":[{"href":"https:\/\/zwaik.com\/tr\/wp-json\/wp\/v2\/media?parent=268"}],"curies":[{"name":"wp","href":"https:\/\/api.w.org\/{rel}","templated":true}]}}