{"id":266,"date":"2020-12-19T13:03:34","date_gmt":"2020-12-19T13:03:34","guid":{"rendered":"https:\/\/tr.zwaik.com\/?page_id=266"},"modified":"2020-12-19T18:45:13","modified_gmt":"2020-12-19T18:45:13","slug":"dacayi-anlamak","status":"publish","type":"page","link":"https:\/\/zwaik.com\/tr\/uzmanlik-alanlari\/aile-temelli-vatandaslik-ve-diger-gocmenlik-duzenlemeleri\/dacayi-anlamak\/","title":{"rendered":"DACA&#8217;YI Anlamak"},"content":{"rendered":"<section class=\"l-section wpb_row height_medium\"><div class=\"l-section-h i-cf\"><div class=\"g-cols vc_row type_default valign_top\"><div class=\"vc_col-sm-12 wpb_column vc_column_container\"><div class=\"vc_column-inner\"><div class=\"wpb_wrapper\"><div class=\"wpb_text_column\" ><div class=\"wpb_wrapper\"><p>Bu program\u0131n Ba\u015fkan Donald Trump taraf\u0131ndan durdurulmas\u0131na kar\u015f\u0131 a\u00e7\u0131lan dava Amerikan Y\u00fcksek Mahkemesi nezdinde derdest olarak g\u00f6r\u00fclmekte olup, bu konuya ili\u015fkin karar\u0131n 2020 y\u0131l\u0131n\u0131n sonunda karara ba\u011flanaca\u011f\u0131 beklenmektedir. Bu konuya dair geli\u015fmeleri haberler b\u00f6l\u00fcm\u00fcm\u00fczde bilginize sunaca\u011f\u0131z. H\u00e2lihaz\u0131rda DACA ba\u015fvurusu olan ki\u015filer, stat\u00fclerini yenilemek i\u00e7in alt dereceli bir federal mahkemeye ba\u015fvuru yapabilirler.<\/p>\n<p>Bu program 15 Haziran 2012 y\u0131l\u0131nda Ba\u015fkan Obama\u2019nin yasad\u0131\u015f\u0131 olarak Amerika\u2019ya getirilmi\u015f baz\u0131 belgesiz g\u00f6\u00e7men \u00e7ocuklar\u0131n sinirdisi edilmekten korunaca\u011f\u0131n\u0131 duyurmas\u0131 ile ba\u015flam\u0131\u015ft\u0131r. Bahse konu grup \u201c Hayalperestler\u201d ad\u0131yla an\u0131lmakta olup bu program sayesinde s\u00f6z konusu ki\u015filer Amerika\u2019da \u00e7al\u0131\u015fma izni almaya, yasal olarak ba\u015fka bir \u00fclkeye gidip tekrar Amerika\u2019ya geri d\u00f6nebilmesine olanak tan\u0131yan \u201cadvance parole\u201d belgesi almaya hak kazanm\u0131\u015ft\u0131r. Bu \u00f6nemli kazan\u0131m, DACA\u2019dan yararlanma \u015fartlar\u0131n\u0131 ta\u015f\u0131yan ki\u015filere Amerika\u2019ya yasal olarak tekrar giri\u015f hakki vermekle birlikte, ayn\u0131 zamanda olas\u0131 bir stat\u00fc intibak\u0131 yoluyla daim\u00ee ikamet (green card) hakki kazan\u0131m\u0131n\u0131n da yolunu acmisir (\u00f6rneklendirecek olursak, evlilik yoluyla Amerikan Vatanda\u015f\u0131 olabilmek gibi)<\/p>\n<p>DACA\u2019dan yararlanabilmek i\u00e7in su \u015fartlar\u0131 ta\u015f\u0131mak gerekmektedir: (1) 15 Haziran 1981 y\u0131l\u0131ndan sonra do\u011fmu\u015f olmak, (2) Amerika\u2019ya 16 ya\u015f\u0131ndan \u00f6nce giri\u015f yapm\u0131\u015f olmak, (3) 5 Haziran 2007 y\u0131l\u0131ndan bu yana Amerika\u2019da ya\u015f\u0131yor olmak, (4) Lise veya dengi bir okuldan mezun olmak, yada h\u00e2lihaz\u0131rda lisede okuyor olmak, (5) bir y\u0131ldan daha fazla hapis cezas\u0131 \u00e7ekmeyi gerektirir bir su\u00e7 i\u015flememi\u015f olmak, para cezas\u0131 yada 1 y\u0131ldan daha az hapis cezas\u0131 yatmay\u0131 gerektirir bir su\u00e7 i\u015flememi\u015f olmak, \u00fc\u00e7 kere yahut \u00fc\u00e7ten fazla kez para cezas\u0131 yada 1 y\u0131ldan daha az hapis cezas\u0131 yatmay\u0131 gerektirir bir su\u00e7 islememek, ulusal yada kamu g\u00fcvenli\u011fini tehdit edici eylemlerde bulunmamakt\u0131r.<br \/>\nNe yaz\u0131k ki, Ba\u015fkan Obama y\u00f6netimi, alkoll\u00fc olarak araba kullanmaktan \u00f6t\u00fcr\u00fc yakalanan ve ceza alan DACA\u2019dan yararlanacak olan ki\u015filerin ba\u015fvurular\u0131n\u0131 kamu g\u00fcvenli\u011fi i\u00e7in tehdit olu\u015fturduklar\u0131 gerek\u00e7esiyle reddetmi\u015ftir.<\/p>\n<p>Ayr\u0131ca sunuda belirtmemiz gerekir ki DACA, ki\u015fiye ge\u00e7ici bir koruma stat\u00fcs\u00fc veren TPS\u2019den farkl\u0131 olarak yasal bir stat\u00fc imk\u00e2n\u0131 vermemektedir ve ba\u015fvurucunun \u00fclkeye yasal bir giri\u015fi ve yak\u0131n akraba stat\u00fcs\u00fcnden yararlanma imk\u00e2n\u0131 yoksa, ki\u015fi daim\u00ee ikamet hakk\u0131na sahip olamamaktad\u0131r.<\/p>\n<\/div><\/div><\/div><\/div><\/div><\/div><\/div><\/section>\n","protected":false},"excerpt":{"rendered":"Bu program\u0131n Ba\u015fkan Donald Trump taraf\u0131ndan durdurulmas\u0131na kar\u015f\u0131 a\u00e7\u0131lan dava Amerikan Y\u00fcksek Mahkemesi nezdinde derdest olarak g\u00f6r\u00fclmekte olup, bu konuya ili\u015fkin karar\u0131n 2020 y\u0131l\u0131n\u0131n sonunda karara ba\u011flanaca\u011f\u0131 beklenmektedir. Bu konuya dair geli\u015fmeleri haberler b\u00f6l\u00fcm\u00fcm\u00fczde bilginize sunaca\u011f\u0131z. H\u00e2lihaz\u0131rda DACA ba\u015fvurusu olan ki\u015filer, stat\u00fclerini yenilemek i\u00e7in alt dereceli bir federal mahkemeye ba\u015fvuru yapabilirler. Bu program 15 Haziran...","protected":false},"author":1,"featured_media":0,"parent":241,"menu_order":0,"comment_status":"closed","ping_status":"closed","template":"","meta":[],"yoast_head":"<!-- This site is optimized with the Yoast SEO plugin v16.1.1 - https:\/\/yoast.com\/wordpress\/plugins\/seo\/ -->\n<title>DACA&#039;YI Anlamak - Zwaik<\/title>\n<meta name=\"robots\" content=\"index, follow, max-snippet:-1, max-image-preview:large, max-video-preview:-1\" \/>\n<link rel=\"canonical\" href=\"https:\/\/zwaik.com\/tr\/uzmanlik-alanlari\/aile-temelli-vatandaslik-ve-diger-gocmenlik-duzenlemeleri\/dacayi-anlamak\/\" \/>\n<meta property=\"og:locale\" content=\"tr_TR\" \/>\n<meta property=\"og:type\" content=\"article\" \/>\n<meta property=\"og:title\" content=\"DACA&#039;YI Anlamak - Zwaik\" \/>\n<meta property=\"og:url\" content=\"https:\/\/zwaik.com\/tr\/uzmanlik-alanlari\/aile-temelli-vatandaslik-ve-diger-gocmenlik-duzenlemeleri\/dacayi-anlamak\/\" \/>\n<meta property=\"og:site_name\" content=\"Zwaik\" \/>\n<meta property=\"article:modified_time\" content=\"2020-12-19T18:45:13+00:00\" \/>\n<meta name=\"twitter:card\" content=\"summary_large_image\" \/>\n<meta name=\"twitter:label1\" content=\"Tahmini okuma s\u00fcresi\">\n\t<meta name=\"twitter:data1\" content=\"2 dakika\">\n<script type=\"application\/ld+json\" class=\"yoast-schema-graph\">{\"@context\":\"https:\/\/schema.org\",\"@graph\":[{\"@type\":\"WebSite\",\"@id\":\"https:\/\/zwaik.com\/tr\/#website\",\"url\":\"https:\/\/zwaik.com\/tr\/\",\"name\":\"Zwaik\",\"description\":\"Attorney At Law\",\"potentialAction\":[{\"@type\":\"SearchAction\",\"target\":\"https:\/\/zwaik.com\/tr\/?s={search_term_string}\",\"query-input\":\"required name=search_term_string\"}],\"inLanguage\":\"tr\"},{\"@type\":\"WebPage\",\"@id\":\"https:\/\/zwaik.com\/tr\/uzmanlik-alanlari\/aile-temelli-vatandaslik-ve-diger-gocmenlik-duzenlemeleri\/dacayi-anlamak\/#webpage\",\"url\":\"https:\/\/zwaik.com\/tr\/uzmanlik-alanlari\/aile-temelli-vatandaslik-ve-diger-gocmenlik-duzenlemeleri\/dacayi-anlamak\/\",\"name\":\"DACA'YI Anlamak - Zwaik\",\"isPartOf\":{\"@id\":\"https:\/\/zwaik.com\/tr\/#website\"},\"datePublished\":\"2020-12-19T13:03:34+00:00\",\"dateModified\":\"2020-12-19T18:45:13+00:00\",\"breadcrumb\":{\"@id\":\"https:\/\/zwaik.com\/tr\/uzmanlik-alanlari\/aile-temelli-vatandaslik-ve-diger-gocmenlik-duzenlemeleri\/dacayi-anlamak\/#breadcrumb\"},\"inLanguage\":\"tr\",\"potentialAction\":[{\"@type\":\"ReadAction\",\"target\":[\"https:\/\/zwaik.com\/tr\/uzmanlik-alanlari\/aile-temelli-vatandaslik-ve-diger-gocmenlik-duzenlemeleri\/dacayi-anlamak\/\"]}]},{\"@type\":\"BreadcrumbList\",\"@id\":\"https:\/\/zwaik.com\/tr\/uzmanlik-alanlari\/aile-temelli-vatandaslik-ve-diger-gocmenlik-duzenlemeleri\/dacayi-anlamak\/#breadcrumb\",\"itemListElement\":[{\"@type\":\"ListItem\",\"position\":1,\"item\":{\"@type\":\"WebPage\",\"@id\":\"https:\/\/zwaik.com\/tr\/\",\"url\":\"https:\/\/zwaik.com\/tr\/\",\"name\":\"Ana sayfa\"}},{\"@type\":\"ListItem\",\"position\":2,\"item\":{\"@type\":\"WebPage\",\"@id\":\"https:\/\/zwaik.com\/tr\/uzmanlik-alanlari\/\",\"url\":\"https:\/\/zwaik.com\/tr\/uzmanlik-alanlari\/\",\"name\":\"Uzmanl\\u0131k Alanlar\\u0131\"}},{\"@type\":\"ListItem\",\"position\":3,\"item\":{\"@type\":\"WebPage\",\"@id\":\"https:\/\/zwaik.com\/tr\/uzmanlik-alanlari\/aile-temelli-vatandaslik-ve-diger-gocmenlik-duzenlemeleri\/\",\"url\":\"https:\/\/zwaik.com\/tr\/uzmanlik-alanlari\/aile-temelli-vatandaslik-ve-diger-gocmenlik-duzenlemeleri\/\",\"name\":\"Aile Temelli, Vatanda\\u015fl\\u0131k ve Di\\u011fer G\\u00f6\\u00e7menlik D\\u00fczenlemeleri\"}},{\"@type\":\"ListItem\",\"position\":4,\"item\":{\"@type\":\"WebPage\",\"@id\":\"https:\/\/zwaik.com\/tr\/uzmanlik-alanlari\/aile-temelli-vatandaslik-ve-diger-gocmenlik-duzenlemeleri\/dacayi-anlamak\/\",\"url\":\"https:\/\/zwaik.com\/tr\/uzmanlik-alanlari\/aile-temelli-vatandaslik-ve-diger-gocmenlik-duzenlemeleri\/dacayi-anlamak\/\",\"name\":\"DACA&#8217;YI Anlamak\"}}]}]}<\/script>\n<!-- \/ Yoast SEO plugin. -->","_links":{"self":[{"href":"https:\/\/zwaik.com\/tr\/wp-json\/wp\/v2\/pages\/266"}],"collection":[{"href":"https:\/\/zwaik.com\/tr\/wp-json\/wp\/v2\/pages"}],"about":[{"href":"https:\/\/zwaik.com\/tr\/wp-json\/wp\/v2\/types\/page"}],"author":[{"embeddable":true,"href":"https:\/\/zwaik.com\/tr\/wp-json\/wp\/v2\/users\/1"}],"replies":[{"embeddable":true,"href":"https:\/\/zwaik.com\/tr\/wp-json\/wp\/v2\/comments?post=266"}],"version-history":[{"count":3,"href":"https:\/\/zwaik.com\/tr\/wp-json\/wp\/v2\/pages\/266\/revisions"}],"predecessor-version":[{"id":332,"href":"https:\/\/zwaik.com\/tr\/wp-json\/wp\/v2\/pages\/266\/revisions\/332"}],"up":[{"embeddable":true,"href":"https:\/\/zwaik.com\/tr\/wp-json\/wp\/v2\/pages\/241"}],"wp:attachment":[{"href":"https:\/\/zwaik.com\/tr\/wp-json\/wp\/v2\/media?parent=266"}],"curies":[{"name":"wp","href":"https:\/\/api.w.org\/{rel}","templated":true}]}}