{"id":239,"date":"2020-12-16T20:18:14","date_gmt":"2020-12-16T20:18:14","guid":{"rendered":"https:\/\/tr.zwaik.com\/?page_id=239"},"modified":"2020-12-19T15:11:00","modified_gmt":"2020-12-19T15:11:00","slug":"statu-intibaki-yoluyla-daimi-ikamet-hakki","status":"publish","type":"page","link":"https:\/\/zwaik.com\/tr\/uzmanlik-alanlari\/aile-temelli-vatandaslik-ve-diger-gocmenlik-duzenlemeleri\/statu-intibaki-yoluyla-daimi-ikamet-hakki\/","title":{"rendered":"Stat\u00fc \u0130ntibak\u0131 Yoluyla Daimi \u0130kamet Hakk\u0131"},"content":{"rendered":"<section class=\"l-section wpb_row height_medium\"><div class=\"l-section-h i-cf\"><div class=\"g-cols vc_row type_default valign_top\"><div class=\"vc_col-sm-12 wpb_column vc_column_container\"><div class=\"vc_column-inner\"><div class=\"wpb_wrapper\"><div class=\"wpb_text_column\" ><div class=\"wpb_wrapper\"><p>Daim\u00ee ikamet \u015fartlar\u0131n\u0131 ta\u015f\u0131yan g\u00f6\u00e7menler, bazen bu ba\u015fvurular\u0131 Amerika i\u00e7indeyken ba\u015flatabilmektedir. Amerika\u2019 da bu ba\u015fvuruyu yapabilmek hem anavatana d\u00f6nmek i\u00e7in yap\u0131lacak masraf ve harcanacak zamandan tasarruf edilmesini sa\u011flayacak hem de baz\u0131 durumlarda ba\u015fvurucunun \u00fclkesine d\u00f6nmesi halinde kar\u015f\u0131la\u015faca\u011f\u0131 10 y\u0131ll\u0131k Amerika\u2019ya girmeme cezas\u0131n\u0131n da \u00f6n\u00fcne ge\u00e7ilmesine yard\u0131mc\u0131 olmayacakt\u0131r.<\/p>\n<p>Stat\u00fc de\u011fi\u015fikli\u011fi ile yasal oturum izni alabilmek i\u00e7in, ba\u015fvurucunun: (1) g\u00fcncel bir Amerikan vizesi olmal\u0131 (2) bu ba\u015fvuruyu yapt\u0131\u011f\u0131 esnada Amerika i\u00e7inde bir stat\u00fcye sahip olmal\u0131 (3) ve g\u00f6\u00e7menlik kurallar\u0131n\u0131 ihlal edici \u00f6nemli bir su\u00e7 i\u015flememi\u015f, \u00f6nemli bir cezai c\u00fcr\u00fcm yada su\u00e7 te\u015fkil edecek ba\u015fka bir eylemde (conduct) bulunmam\u0131\u015f olmal\u0131d\u0131r. \u00d6nemli bir g\u00f6\u00e7menlik hukuku ihlaline \u00f6rnek olarak g\u00f6\u00e7menlik sahtek\u00e2rl\u0131\u011f\u0131n\u0131 veya Amerika\u2019da izinsiz \u00e7al\u0131\u015fmay\u0131 \u00f6rnek g\u00f6sterebiliriz. Yine fuhu\u015f yapmak ter\u00f6rist aktivite i\u00e7inde olmak, ba\u015fkalar\u0131na zulmetmek, yada kom\u00fcnist katilim i\u00e7inde olmay\u0131 ise cezai su\u00e7 teskin eden eylemlere (conduct) \u00f6rnek verebiliriz.<\/p>\n<p>Yukar\u0131da bahsetti\u011fimiz kurallar\u0131n elbette baz\u0131 istisnalar\u0131 vard\u0131r. Bir Amerikan vatanda\u015f\u0131 ile evli olanlar ya da 21 ya\u015f\u0131ndan b\u00fcy\u00fck Amerikan vatanda\u015f\u0131 \u00e7ocu\u011fu olan ebeveynler, ya da Amerikan vatanda\u015f\u0131 bir ki\u015finin 21 ya\u015f alt\u0131ndaki \u00e7ocuklar\u0131, Amerika\u2019da yasad\u0131klar\u0131 sure i\u00e7inde herhangi bir stat\u00fcye sahip olmak zorunda de\u011fildir, yeter ki bu ki\u015filerin Amerika\u2019ya yasal bir giri\u015fi (bir vize ile) olsun. Ba\u015fka bir istisna ise, istihdam ili\u015fkisine dayal\u0131 olarak daim\u00ee ikamet ba\u015fvurusunun yap\u0131lmas\u0131 halinde vard\u0131r. Normal \u015fartlar halinde kanun uyar\u0131nca, ba\u015fvurucunun 180 g\u00fcn \u00fczerinde herhangi bir stat\u00fc olmaks\u0131z\u0131n Amerika\u2019 da kalmas\u0131 halinde, ba\u015fvurusunu Amerika\u2019 da yapmas\u0131 m\u00fcmk\u00fcn olmad\u0131\u011f\u0131 gibi, kald\u0131\u011f\u0131 sureye ba\u011fl\u0131 olarak Amerika\u2019ya 3 ya da 10 y\u0131l boyunca girmeme cezas\u0131 da uygulanabilir. Ancak, daim\u00ee ikamet (green card) ba\u015fvurusunun bir i\u015fveren arac\u0131l\u0131\u011f\u0131 ile yap\u0131lmas\u0131 halinde, ba\u015fvurucunun 180 g\u00fcne kadar \u201cstat\u00fc d\u0131\u015f\u0131nda\u201d olmas\u0131nda dahi, bu ba\u015fvuru Amerika\u2019 da yap\u0131labilir.<\/p>\n<p>Firmam\u0131z bug\u00fcne dek istihdama ve ya aile ili\u015fkisine dayal\u0131 olarak stat\u00fc intibak\u0131 ile yasal ikamet hakki kazanma surecinde binlerce ki\u015fiyi temsil etmi\u015ftir. Ba\u015far\u0131l\u0131 bir ba\u015fvurunun anahtar\u0131 sadece gerekli evraklar\u0131 doldurmak de\u011fil ayn\u0131 zamanda m\u00fcvekkili g\u00f6\u00e7menlik ofisinde yap\u0131lacak olan m\u00fclakata haz\u0131rlamak ve bu g\u00f6r\u00fc\u015fmelere m\u00fcvekkil ile birlikte katilim sa\u011flayabilmekten de ge\u00e7er. Bahsetmi\u015f oldu\u011fumuz ba\u015fvuru surecinde, \u00f6zellikle m\u00fclakat esnas\u0131nda g\u00f6\u00e7menlik ofisi g\u00f6revlisi ba\u015fvuruculara bazen zorlay\u0131c\u0131, utand\u0131r\u0131c\u0131 hatta dosya ile alakas\u0131 olmayan sorular dahi sorabilmekte, kimi zaman ba\u015fvurucular, bu durumlarda sinirlerine yenik d\u00fc\u015febilmektedir. Bu gibi m\u00fclakatlarda olas\u0131 sorulara kar\u015f\u0131 m\u00fcvekkillerimizi haz\u0131r etmek ve m\u00fclakat\u0131 yapan memurlar\u0131n g\u00f6revlerini lay\u0131k\u0131yla yapabilmelerini sa\u011flamak bizim \u00f6ncelikli g\u00f6revimizdir.<\/p>\n<\/div><\/div><\/div><\/div><\/div><\/div><\/div><\/section>\n","protected":false},"excerpt":{"rendered":"Daim\u00ee ikamet \u015fartlar\u0131n\u0131 ta\u015f\u0131yan g\u00f6\u00e7menler, bazen bu ba\u015fvurular\u0131 Amerika i\u00e7indeyken ba\u015flatabilmektedir. Amerika\u2019 da bu ba\u015fvuruyu yapabilmek hem anavatana d\u00f6nmek i\u00e7in yap\u0131lacak masraf ve harcanacak zamandan tasarruf edilmesini sa\u011flayacak hem de baz\u0131 durumlarda ba\u015fvurucunun \u00fclkesine d\u00f6nmesi halinde kar\u015f\u0131la\u015faca\u011f\u0131 10 y\u0131ll\u0131k Amerika\u2019ya girmeme cezas\u0131n\u0131n da \u00f6n\u00fcne ge\u00e7ilmesine yard\u0131mc\u0131 olmayacakt\u0131r. Stat\u00fc de\u011fi\u015fikli\u011fi ile yasal oturum izni alabilmek i\u00e7in,...","protected":false},"author":1,"featured_media":0,"parent":241,"menu_order":0,"comment_status":"closed","ping_status":"closed","template":"","meta":[],"yoast_head":"<!-- This site is optimized with the Yoast SEO plugin v16.1.1 - https:\/\/yoast.com\/wordpress\/plugins\/seo\/ -->\n<title>Stat\u00fc \u0130ntibak\u0131 Yoluyla Daimi \u0130kamet Hakk\u0131 - Zwaik<\/title>\n<meta name=\"robots\" content=\"index, follow, max-snippet:-1, max-image-preview:large, max-video-preview:-1\" \/>\n<link rel=\"canonical\" href=\"https:\/\/zwaik.com\/tr\/uzmanlik-alanlari\/aile-temelli-vatandaslik-ve-diger-gocmenlik-duzenlemeleri\/statu-intibaki-yoluyla-daimi-ikamet-hakki\/\" \/>\n<meta property=\"og:locale\" content=\"tr_TR\" \/>\n<meta property=\"og:type\" content=\"article\" \/>\n<meta property=\"og:title\" content=\"Stat\u00fc \u0130ntibak\u0131 Yoluyla Daimi \u0130kamet Hakk\u0131 - Zwaik\" \/>\n<meta property=\"og:url\" content=\"https:\/\/zwaik.com\/tr\/uzmanlik-alanlari\/aile-temelli-vatandaslik-ve-diger-gocmenlik-duzenlemeleri\/statu-intibaki-yoluyla-daimi-ikamet-hakki\/\" \/>\n<meta property=\"og:site_name\" content=\"Zwaik\" \/>\n<meta property=\"article:modified_time\" content=\"2020-12-19T15:11:00+00:00\" \/>\n<meta name=\"twitter:card\" content=\"summary_large_image\" \/>\n<meta name=\"twitter:label1\" content=\"Tahmini okuma s\u00fcresi\">\n\t<meta name=\"twitter:data1\" content=\"3 dakika\">\n<script type=\"application\/ld+json\" class=\"yoast-schema-graph\">{\"@context\":\"https:\/\/schema.org\",\"@graph\":[{\"@type\":\"WebSite\",\"@id\":\"https:\/\/zwaik.com\/tr\/#website\",\"url\":\"https:\/\/zwaik.com\/tr\/\",\"name\":\"Zwaik\",\"description\":\"Attorney At Law\",\"potentialAction\":[{\"@type\":\"SearchAction\",\"target\":\"https:\/\/zwaik.com\/tr\/?s={search_term_string}\",\"query-input\":\"required name=search_term_string\"}],\"inLanguage\":\"tr\"},{\"@type\":\"WebPage\",\"@id\":\"https:\/\/zwaik.com\/tr\/uzmanlik-alanlari\/aile-temelli-vatandaslik-ve-diger-gocmenlik-duzenlemeleri\/statu-intibaki-yoluyla-daimi-ikamet-hakki\/#webpage\",\"url\":\"https:\/\/zwaik.com\/tr\/uzmanlik-alanlari\/aile-temelli-vatandaslik-ve-diger-gocmenlik-duzenlemeleri\/statu-intibaki-yoluyla-daimi-ikamet-hakki\/\",\"name\":\"Stat\\u00fc \\u0130ntibak\\u0131 Yoluyla Daimi \\u0130kamet Hakk\\u0131 - Zwaik\",\"isPartOf\":{\"@id\":\"https:\/\/zwaik.com\/tr\/#website\"},\"datePublished\":\"2020-12-16T20:18:14+00:00\",\"dateModified\":\"2020-12-19T15:11:00+00:00\",\"breadcrumb\":{\"@id\":\"https:\/\/zwaik.com\/tr\/uzmanlik-alanlari\/aile-temelli-vatandaslik-ve-diger-gocmenlik-duzenlemeleri\/statu-intibaki-yoluyla-daimi-ikamet-hakki\/#breadcrumb\"},\"inLanguage\":\"tr\",\"potentialAction\":[{\"@type\":\"ReadAction\",\"target\":[\"https:\/\/zwaik.com\/tr\/uzmanlik-alanlari\/aile-temelli-vatandaslik-ve-diger-gocmenlik-duzenlemeleri\/statu-intibaki-yoluyla-daimi-ikamet-hakki\/\"]}]},{\"@type\":\"BreadcrumbList\",\"@id\":\"https:\/\/zwaik.com\/tr\/uzmanlik-alanlari\/aile-temelli-vatandaslik-ve-diger-gocmenlik-duzenlemeleri\/statu-intibaki-yoluyla-daimi-ikamet-hakki\/#breadcrumb\",\"itemListElement\":[{\"@type\":\"ListItem\",\"position\":1,\"item\":{\"@type\":\"WebPage\",\"@id\":\"https:\/\/zwaik.com\/tr\/\",\"url\":\"https:\/\/zwaik.com\/tr\/\",\"name\":\"Ana sayfa\"}},{\"@type\":\"ListItem\",\"position\":2,\"item\":{\"@type\":\"WebPage\",\"@id\":\"https:\/\/zwaik.com\/tr\/uzmanlik-alanlari\/\",\"url\":\"https:\/\/zwaik.com\/tr\/uzmanlik-alanlari\/\",\"name\":\"Uzmanl\\u0131k Alanlar\\u0131\"}},{\"@type\":\"ListItem\",\"position\":3,\"item\":{\"@type\":\"WebPage\",\"@id\":\"https:\/\/zwaik.com\/tr\/uzmanlik-alanlari\/aile-temelli-vatandaslik-ve-diger-gocmenlik-duzenlemeleri\/\",\"url\":\"https:\/\/zwaik.com\/tr\/uzmanlik-alanlari\/aile-temelli-vatandaslik-ve-diger-gocmenlik-duzenlemeleri\/\",\"name\":\"Aile Temelli, Vatanda\\u015fl\\u0131k ve Di\\u011fer G\\u00f6\\u00e7menlik D\\u00fczenlemeleri\"}},{\"@type\":\"ListItem\",\"position\":4,\"item\":{\"@type\":\"WebPage\",\"@id\":\"https:\/\/zwaik.com\/tr\/uzmanlik-alanlari\/aile-temelli-vatandaslik-ve-diger-gocmenlik-duzenlemeleri\/statu-intibaki-yoluyla-daimi-ikamet-hakki\/\",\"url\":\"https:\/\/zwaik.com\/tr\/uzmanlik-alanlari\/aile-temelli-vatandaslik-ve-diger-gocmenlik-duzenlemeleri\/statu-intibaki-yoluyla-daimi-ikamet-hakki\/\",\"name\":\"Stat\\u00fc \\u0130ntibak\\u0131 Yoluyla Daimi \\u0130kamet Hakk\\u0131\"}}]}]}<\/script>\n<!-- \/ Yoast SEO plugin. -->","_links":{"self":[{"href":"https:\/\/zwaik.com\/tr\/wp-json\/wp\/v2\/pages\/239"}],"collection":[{"href":"https:\/\/zwaik.com\/tr\/wp-json\/wp\/v2\/pages"}],"about":[{"href":"https:\/\/zwaik.com\/tr\/wp-json\/wp\/v2\/types\/page"}],"author":[{"embeddable":true,"href":"https:\/\/zwaik.com\/tr\/wp-json\/wp\/v2\/users\/1"}],"replies":[{"embeddable":true,"href":"https:\/\/zwaik.com\/tr\/wp-json\/wp\/v2\/comments?post=239"}],"version-history":[{"count":3,"href":"https:\/\/zwaik.com\/tr\/wp-json\/wp\/v2\/pages\/239\/revisions"}],"predecessor-version":[{"id":326,"href":"https:\/\/zwaik.com\/tr\/wp-json\/wp\/v2\/pages\/239\/revisions\/326"}],"up":[{"embeddable":true,"href":"https:\/\/zwaik.com\/tr\/wp-json\/wp\/v2\/pages\/241"}],"wp:attachment":[{"href":"https:\/\/zwaik.com\/tr\/wp-json\/wp\/v2\/media?parent=239"}],"curies":[{"name":"wp","href":"https:\/\/api.w.org\/{rel}","templated":true}]}}