{"id":203,"date":"2020-12-15T20:38:44","date_gmt":"2020-12-15T20:38:44","guid":{"rendered":"http:\/\/tr.zwaik.com\/?page_id=203"},"modified":"2020-12-21T18:05:33","modified_gmt":"2020-12-21T18:05:33","slug":"uzmanlik-alanlari","status":"publish","type":"page","link":"https:\/\/zwaik.com\/tr\/uzmanlik-alanlari\/","title":{"rendered":"Uzmanl\u0131k Alanlar\u0131"},"content":{"rendered":"<section class=\"l-section wpb_row height_medium\"><div class=\"l-section-h i-cf\"><div class=\"g-cols vc_row type_default valign_top\"><div class=\"vc_col-sm-4 wpb_column vc_column_container has-link\" id=\"uzmanlik-alani-box-shadow\"><div class=\"vc_column-inner us_custom_e645dbf4\"><div class=\"wpb_wrapper\"><div class=\"w-image align_center\"><div class=\"w-image-h\"><img width=\"600\" height=\"400\" src=\"https:\/\/zwaik.com\/wp-content\/uploads\/2020\/12\/ticari-gocmenlik.jpg\" class=\"attachment-full size-full\" alt=\"\" loading=\"lazy\" srcset=\"https:\/\/zwaik.com\/wp-content\/uploads\/2020\/12\/ticari-gocmenlik.jpg 600w, https:\/\/zwaik.com\/wp-content\/uploads\/2020\/12\/ticari-gocmenlik-300x200.jpg 300w\" sizes=\"(max-width: 600px) 100vw, 600px\" \/><\/div><\/div><div class=\"wpb_text_column us_custom_b2452879\" ><div class=\"wpb_wrapper\"><h3>Ticari G\u00f6\u00e7menlik<\/h3>\n<\/div><\/div><\/div><a title=\"Ticari Vizeler\" rel=\"nofollow\" href=\"https:\/\/tr.zwaik.com\/uzmanlik-alanlari\/ticari-gocmenlik\/\" class=\"vc_column-link smooth-scroll\"><\/a><\/div><\/div><div class=\"vc_col-sm-4 wpb_column vc_column_container has-link\" id=\"uzmanlik-alani-box-shadow\"><div class=\"vc_column-inner us_custom_e645dbf4\"><div class=\"wpb_wrapper\"><div class=\"w-image align_center\"><div class=\"w-image-h\"><img width=\"600\" height=\"400\" src=\"https:\/\/zwaik.com\/wp-content\/uploads\/2020\/12\/aile-temelli-gocmenlik_v2.jpg\" class=\"attachment-full size-full\" alt=\"\" loading=\"lazy\" srcset=\"https:\/\/zwaik.com\/wp-content\/uploads\/2020\/12\/aile-temelli-gocmenlik_v2.jpg 600w, https:\/\/zwaik.com\/wp-content\/uploads\/2020\/12\/aile-temelli-gocmenlik_v2-300x200.jpg 300w\" sizes=\"(max-width: 600px) 100vw, 600px\" \/><\/div><\/div><div class=\"wpb_text_column us_custom_b2452879\" ><div class=\"wpb_wrapper\"><h3>Aile Temelli, Vatanda\u015fl\u0131k ve Di\u011fer G\u00f6\u00e7menlik D\u00fczenlemeleri<\/h3>\n<\/div><\/div><\/div><a rel=\"nofollow\" href=\"https:\/\/tr.zwaik.com\/uzmanlik-alanlari\/aile-temelli-vatandaslik-ve-diger-gocmenlik-duzenlemeleri\/\" class=\"vc_column-link smooth-scroll\" aria-label=\"Ba\u011flant\u0131\"><\/a><\/div><\/div><div class=\"vc_col-sm-4 wpb_column vc_column_container\" id=\"uzmanlik-alani-box-shadow\"><div class=\"vc_column-inner us_custom_e645dbf4\"><div class=\"wpb_wrapper\"><div class=\"w-image align_center\"><div class=\"w-image-h\"><img width=\"600\" height=\"400\" src=\"https:\/\/zwaik.com\/wp-content\/uploads\/2020\/12\/gocmenlik-davasi.jpg\" class=\"attachment-full size-full\" alt=\"\" loading=\"lazy\" srcset=\"https:\/\/zwaik.com\/wp-content\/uploads\/2020\/12\/gocmenlik-davasi.jpg 600w, https:\/\/zwaik.com\/wp-content\/uploads\/2020\/12\/gocmenlik-davasi-300x200.jpg 300w\" sizes=\"(max-width: 600px) 100vw, 600px\" \/><\/div><\/div><div class=\"wpb_text_column us_custom_b2452879\" ><div class=\"wpb_wrapper\"><h3>G\u00f6\u00e7menlik Davalar\u0131<\/h3>\n<\/div><\/div><\/div><\/div><\/div><\/div><\/div><\/section>\n","protected":false},"excerpt":{"rendered":"Ticari G\u00f6\u00e7menlik Aile Temelli, Vatanda\u015fl\u0131k ve Di\u011fer G\u00f6\u00e7menlik D\u00fczenlemeleri G\u00f6\u00e7menlik Davalar\u0131","protected":false},"author":1,"featured_media":0,"parent":0,"menu_order":0,"comment_status":"closed","ping_status":"closed","template":"","meta":[],"yoast_head":"<!-- This site is optimized with the Yoast SEO plugin v16.1.1 - https:\/\/yoast.com\/wordpress\/plugins\/seo\/ -->\n<title>Uzmanl\u0131k Alanlar\u0131 - Zwaik<\/title>\n<meta name=\"robots\" content=\"index, follow, max-snippet:-1, max-image-preview:large, max-video-preview:-1\" \/>\n<link rel=\"canonical\" href=\"https:\/\/zwaik.com\/tr\/uzmanlik-alanlari\/\" \/>\n<meta property=\"og:locale\" content=\"tr_TR\" \/>\n<meta property=\"og:type\" content=\"article\" \/>\n<meta property=\"og:title\" content=\"Uzmanl\u0131k Alanlar\u0131 - Zwaik\" \/>\n<meta property=\"og:url\" content=\"https:\/\/zwaik.com\/tr\/uzmanlik-alanlari\/\" \/>\n<meta property=\"og:site_name\" content=\"Zwaik\" \/>\n<meta property=\"article:modified_time\" content=\"2020-12-21T18:05:33+00:00\" \/>\n<meta name=\"twitter:card\" content=\"summary_large_image\" \/>\n<meta name=\"twitter:label1\" content=\"Tahmini okuma s\u00fcresi\">\n\t<meta name=\"twitter:data1\" content=\"1 dakika\">\n<script type=\"application\/ld+json\" class=\"yoast-schema-graph\">{\"@context\":\"https:\/\/schema.org\",\"@graph\":[{\"@type\":\"WebSite\",\"@id\":\"https:\/\/zwaik.com\/tr\/#website\",\"url\":\"https:\/\/zwaik.com\/tr\/\",\"name\":\"Zwaik\",\"description\":\"Attorney At Law\",\"potentialAction\":[{\"@type\":\"SearchAction\",\"target\":\"https:\/\/zwaik.com\/tr\/?s={search_term_string}\",\"query-input\":\"required name=search_term_string\"}],\"inLanguage\":\"tr\"},{\"@type\":\"WebPage\",\"@id\":\"https:\/\/zwaik.com\/tr\/uzmanlik-alanlari\/#webpage\",\"url\":\"https:\/\/zwaik.com\/tr\/uzmanlik-alanlari\/\",\"name\":\"Uzmanl\\u0131k Alanlar\\u0131 - Zwaik\",\"isPartOf\":{\"@id\":\"https:\/\/zwaik.com\/tr\/#website\"},\"datePublished\":\"2020-12-15T20:38:44+00:00\",\"dateModified\":\"2020-12-21T18:05:33+00:00\",\"breadcrumb\":{\"@id\":\"https:\/\/zwaik.com\/tr\/uzmanlik-alanlari\/#breadcrumb\"},\"inLanguage\":\"tr\",\"potentialAction\":[{\"@type\":\"ReadAction\",\"target\":[\"https:\/\/zwaik.com\/tr\/uzmanlik-alanlari\/\"]}]},{\"@type\":\"BreadcrumbList\",\"@id\":\"https:\/\/zwaik.com\/tr\/uzmanlik-alanlari\/#breadcrumb\",\"itemListElement\":[{\"@type\":\"ListItem\",\"position\":1,\"item\":{\"@type\":\"WebPage\",\"@id\":\"https:\/\/zwaik.com\/tr\/\",\"url\":\"https:\/\/zwaik.com\/tr\/\",\"name\":\"Ana sayfa\"}},{\"@type\":\"ListItem\",\"position\":2,\"item\":{\"@type\":\"WebPage\",\"@id\":\"https:\/\/zwaik.com\/tr\/uzmanlik-alanlari\/\",\"url\":\"https:\/\/zwaik.com\/tr\/uzmanlik-alanlari\/\",\"name\":\"Uzmanl\\u0131k Alanlar\\u0131\"}}]}]}<\/script>\n<!-- \/ Yoast SEO plugin. -->","_links":{"self":[{"href":"https:\/\/zwaik.com\/tr\/wp-json\/wp\/v2\/pages\/203"}],"collection":[{"href":"https:\/\/zwaik.com\/tr\/wp-json\/wp\/v2\/pages"}],"about":[{"href":"https:\/\/zwaik.com\/tr\/wp-json\/wp\/v2\/types\/page"}],"author":[{"embeddable":true,"href":"https:\/\/zwaik.com\/tr\/wp-json\/wp\/v2\/users\/1"}],"replies":[{"embeddable":true,"href":"https:\/\/zwaik.com\/tr\/wp-json\/wp\/v2\/comments?post=203"}],"version-history":[{"count":10,"href":"https:\/\/zwaik.com\/tr\/wp-json\/wp\/v2\/pages\/203\/revisions"}],"predecessor-version":[{"id":344,"href":"https:\/\/zwaik.com\/tr\/wp-json\/wp\/v2\/pages\/203\/revisions\/344"}],"wp:attachment":[{"href":"https:\/\/zwaik.com\/tr\/wp-json\/wp\/v2\/media?parent=203"}],"curies":[{"name":"wp","href":"https:\/\/api.w.org\/{rel}","templated":true}]}}