{"id":20,"date":"2020-12-05T17:26:35","date_gmt":"2020-12-05T17:26:35","guid":{"rendered":"http:\/\/zwaik.turkishi.com\/?page_id=20"},"modified":"2020-12-08T11:29:47","modified_gmt":"2020-12-08T11:29:47","slug":"referanslar","status":"publish","type":"page","link":"https:\/\/zwaik.com\/tr\/referanslar\/","title":{"rendered":"Referanslar"},"content":{"rendered":"<section class=\"l-section wpb_row height_medium\"><div class=\"l-section-h i-cf\"><div class=\"g-cols vc_row type_default valign_middle\"><div class=\"vc_col-sm-12 wpb_column vc_column_container\"><div class=\"vc_column-inner\"><div class=\"wpb_wrapper\"><div class=\"g-cols wpb_row  us_custom_7c4111d6 type_default valign_middle vc_inner\"><div class=\"vc_col-sm-3 wpb_column vc_column_container has-fill\"><div class=\"vc_column-inner us_custom_395d8742\"><div class=\"wpb_wrapper\">[vc_custom_heading text=&#8221;Ivone G&#8221; font_container=&#8221;tag:h3|text_align:left&#8221; google_fonts=&#8221;font_family:Montserrat%3Aregular%2C700|font_style:400%20regular%3A400%3Anormal&#8221;]<\/div><\/div><\/div><div class=\"vc_col-sm-9 wpb_column vc_column_container has-fill\"><div class=\"vc_column-inner us_custom_0d15be52\"><div class=\"wpb_wrapper\"><div class=\"wpb_text_column\" ><div class=\"wpb_wrapper\"><p>Hayallerimden birini ger\u00e7e\u011fe d\u00f6n\u00fc\u015ft\u00fcrd\u00fc\u011f\u00fcn\u00fcz i\u00e7in te\u015fekk\u00fcrler. Bunun i\u00e7in size her zaman minnettar olaca\u011f\u0131m. B\u00fcronuzda \u00e7al\u0131\u015fanlar \u00e7ok nazik, ilgili, etkin ve bilgiliydi ki bu ba\u015far\u0131y\u0131 yakalamaktaki en b\u00fcy\u00fck bile\u015fiminiz bence. Hepinize en i\u00e7ten \u015fekilde, mutluluklar diliyorum!!!<\/p>\n<\/div><\/div><\/div><\/div><\/div><\/div><div class=\"g-cols wpb_row  us_custom_5a3bcbe4 type_default valign_middle vc_inner\"><div class=\"vc_col-sm-9 wpb_column vc_column_container has-fill\"><div class=\"vc_column-inner us_custom_0d15be52\"><div class=\"wpb_wrapper\"><div class=\"wpb_text_column\" ><div class=\"wpb_wrapper\"><p>Avukat Micthell Zwaik ve ekibi kesinlikle \u00e7ok profesyonel. Daim\u00ee ikamet hakk\u0131 alma s\u00fcrecimizin en ba\u015f\u0131ndan bu yana Zwaik Bey bize en uygun \u015fekilde rehberlik etti. Ekibi ise davam\u0131z\u0131n takibinde s\u00fcrekli olarak bizi g\u00fcncelledi ve her konuda yard\u0131mc\u0131 oldu. Amerika\u2019da yeni ya\u015famaya ba\u015flayan herkese bu hukuk b\u00fcrosunu tavsiye ederim.<\/p>\n<\/div><\/div><\/div><\/div><\/div><div class=\"vc_col-sm-3 wpb_column vc_column_container has-fill\"><div class=\"vc_column-inner us_custom_395d8742\"><div class=\"wpb_wrapper\">[vc_custom_heading text=&#8221;Asma Nadir&#8221; font_container=&#8221;tag:h3|text_align:right&#8221; google_fonts=&#8221;font_family:Montserrat%3Aregular%2C700|font_style:400%20regular%3A400%3Anormal&#8221;]<\/div><\/div><\/div><\/div><div class=\"g-cols wpb_row  us_custom_5a3bcbe4 type_default valign_middle vc_inner\"><div class=\"vc_col-sm-3 wpb_column vc_column_container has-fill\"><div class=\"vc_column-inner us_custom_395d8742\"><div class=\"wpb_wrapper\">[vc_custom_heading text=&#8221;W aLe&#8221; font_container=&#8221;tag:h3|text_align:left&#8221; google_fonts=&#8221;font_family:Montserrat%3Aregular%2C700|font_style:400%20regular%3A400%3Anormal&#8221;]<\/div><\/div><\/div><div class=\"vc_col-sm-9 wpb_column vc_column_container has-fill\"><div class=\"vc_column-inner us_custom_0d15be52\"><div class=\"wpb_wrapper\"><div class=\"wpb_text_column\" ><div class=\"wpb_wrapper\"><p>Normalde yorum yapmam ama Zwaik Bey ve zek\u00e2s\u0131 babam\u0131n 14 y\u0131ldan bu yana suren g\u00f6\u00e7menlik davas\u0131n\u0131 sonu\u00e7land\u0131rmay\u0131 ba\u015fard\u0131. Kendisi ve ekibi \u00e7ok daha fazla takdiri hak ediyor. Kendisi kesinlikle tavsiye edebilece\u011fim bir g\u00f6\u00e7menlik avukat\u0131. T\u00fcm kalbimle size te\u015fekk\u00fcr ediyorum. Ke\u015fke on y\u0131l \u00f6nce sizinle \u00e7al\u0131\u015fma imk\u00e2n\u0131 bulmu\u015f olsayd\u0131m.<\/p>\n<\/div><\/div><\/div><\/div><\/div><\/div><div class=\"g-cols wpb_row  us_custom_5a3bcbe4 type_default valign_middle vc_inner\"><div class=\"vc_col-sm-9 wpb_column vc_column_container has-fill\"><div class=\"vc_column-inner us_custom_0d15be52\"><div class=\"wpb_wrapper\"><div class=\"wpb_text_column\" ><div class=\"wpb_wrapper\"><p>Harika bir dan\u0131\u015fmanl\u0131k b\u00fcrosu. A\u00e7\u0131k s\u00f6zl\u00fc ve d\u00fcr\u00fcstler. Her ayr\u0131nt\u0131da \u00f6n planda olmay\u0131 ba\u015far\u0131yorlar.<\/p>\n<\/div><\/div><\/div><\/div><\/div><div class=\"vc_col-sm-3 wpb_column vc_column_container has-fill\"><div class=\"vc_column-inner us_custom_395d8742\"><div class=\"wpb_wrapper\">[vc_custom_heading text=&#8221;George Giannaris&#8221; font_container=&#8221;tag:h3|text_align:right&#8221; google_fonts=&#8221;font_family:Montserrat%3Aregular%2C700|font_style:400%20regular%3A400%3Anormal&#8221;]<\/div><\/div><\/div><\/div><div class=\"g-cols wpb_row  us_custom_5a3bcbe4 type_default valign_middle vc_inner\"><div class=\"vc_col-sm-3 wpb_column vc_column_container has-fill\"><div class=\"vc_column-inner us_custom_395d8742\"><div class=\"wpb_wrapper\">[vc_custom_heading text=&#8221;Howard Rowland&#8221; font_container=&#8221;tag:h3|text_align:left&#8221; google_fonts=&#8221;font_family:Montserrat%3Aregular%2C700|font_style:400%20regular%3A400%3Anormal&#8221;]<\/div><\/div><\/div><div class=\"vc_col-sm-9 wpb_column vc_column_container has-fill\"><div class=\"vc_column-inner us_custom_0d15be52\"><div class=\"wpb_wrapper\"><div class=\"wpb_text_column\" ><div class=\"wpb_wrapper\"><p>Harika bir i\u015f \u00e7\u0131kard\u0131lar. T\u00fcm s\u00fcrece hakimler ve bu konuda \u00e7ok uzmanlar. G\u00f6\u00e7menlik Hukuku alan\u0131ndaki en iyi ofis.<\/p>\n<\/div><\/div><\/div><\/div><\/div><\/div><div class=\"g-cols wpb_row  us_custom_5a3bcbe4 type_default valign_middle vc_inner\"><div class=\"vc_col-sm-9 wpb_column vc_column_container has-fill\"><div class=\"vc_column-inner us_custom_0d15be52\"><div class=\"wpb_wrapper\"><div class=\"wpb_text_column\" ><div class=\"wpb_wrapper\"><p>G\u00f6\u00e7menlik davam\u0131z idari aksakl\u0131klar nedeniyle olmas\u0131 gerekenden daha uzun s\u00fcrd\u00fc. Fakat Avukat Michael Gilbert\u2019in ola\u011fan\u00fcst\u00fc deneyimi ve ileri g\u00f6r\u00fc\u015fl\u00fcl\u00fc\u011f\u00fc sayesinde davam\u0131z ba\u015far\u0131 ile sonu\u00e7land\u0131. Nihai sonu\u00e7 i\u00e7in kendisine minnettar\u0131z.<\/p>\n<\/div><\/div><\/div><\/div><\/div><div class=\"vc_col-sm-3 wpb_column vc_column_container has-fill\"><div class=\"vc_column-inner us_custom_395d8742\"><div class=\"wpb_wrapper\">[vc_custom_heading text=&#8221;Anon&#8221; font_container=&#8221;tag:h3|text_align:right&#8221; google_fonts=&#8221;font_family:Montserrat%3Aregular%2C700|font_style:400%20regular%3A400%3Anormal&#8221;]<\/div><\/div><\/div><\/div><div class=\"g-cols wpb_row  us_custom_5a3bcbe4 type_default valign_middle vc_inner\"><div class=\"vc_col-sm-3 wpb_column vc_column_container has-fill\"><div class=\"vc_column-inner us_custom_395d8742\"><div class=\"wpb_wrapper\">[vc_custom_heading text=&#8221;Mafe&#8221; font_container=&#8221;tag:h3|text_align:left&#8221; google_fonts=&#8221;font_family:Montserrat%3Aregular%2C700|font_style:400%20regular%3A400%3Anormal&#8221;]<\/div><\/div><\/div><div class=\"vc_col-sm-9 wpb_column vc_column_container has-fill\"><div class=\"vc_column-inner us_custom_0d15be52\"><div class=\"wpb_wrapper\"><div class=\"wpb_text_column\" ><div class=\"wpb_wrapper\"><p>E\u015fimin Amerika\u2019da yasal olarak kalabilmesi i\u00e7in gerekli s\u00fcrecin takibi ile ilgili Avukat Michael Gilbert ile \u00e7al\u0131\u015fmaya ba\u015flad\u0131k. Onunla \u00e7al\u0131\u015fmaya ba\u015flad\u0131\u011f\u0131m\u0131z s\u00fcre\u00e7 bize harika bir deneyim kazand\u0131rd\u0131. Davayla ilgili bilgisi ve azmi ola\u011fan\u00fcst\u00fcyd\u00fc. Her \u015fey o kadar a\u00e7\u0131k ve \u015feffaft\u0131 ki. Davam\u0131z\u0131 ba\u015far\u0131yla tamamlay\u0131p e\u015fimin on y\u0131ll\u0131k Green Card\u2019\u0131n\u0131 almas\u0131n\u0131 sa\u011flad\u0131. Michael\u2019in i\u015finde titiz ve dikkatli olmas\u0131ndan \u00f6t\u00fcr\u00fc bu yo\u011fun ve zaman alan s\u00fcre\u00e7te bir\u00e7ok evrak dakik olarak haz\u0131r edildi. S\u00fcrecimizi olabildi\u011fince sorunsuz y\u00fcr\u00fctt\u00fc. Michael ve firmas\u0131yla kar\u015f\u0131la\u015ft\u0131\u011f\u0131m\u0131z i\u00e7in \u00e7ok memnunuz ve kesinlikle onlar\u0131 tavsiye ediyoruz. Bu s\u00fcre\u00e7te bizi temsil etti\u011fi i\u00e7in \u00e7ok mutluyuz.<\/p>\n<\/div><\/div><\/div><\/div><\/div><\/div><div class=\"g-cols wpb_row  us_custom_5a3bcbe4 type_default valign_middle vc_inner\"><div class=\"vc_col-sm-9 wpb_column vc_column_container has-fill\"><div class=\"vc_column-inner us_custom_0d15be52\"><div class=\"wpb_wrapper\"><div class=\"wpb_text_column\" ><div class=\"wpb_wrapper\"><p>S\u0131n\u0131r d\u0131\u015f\u0131 edilmenin e\u015fi\u011finden Amerikan vatanda\u015fl\u0131\u011f\u0131na varma s\u00fcrecimdeki ba\u015fari pay\u0131n\u0131n hepsi Zwaik, Gilbert &amp; Associates\u2019teki Avukat Michael Gilbert\u2019a aittir. Benimkisi, uzun, zorlu ve pek de \u00fcmit vaat etmeyen bir yolculuktu. Ge\u00e7mi\u015fimde sab\u0131ka kayd\u0131 vard\u0131 ve bu da ye\u015fil kart almam\u0131 nerdeyse imk\u00e2ns\u0131z hale getiriyordu. Hakk\u0131mda Pakistan\u2019a geri g\u00f6nderilmek i\u00e7in s\u0131n\u0131r d\u0131\u015f\u0131 i\u015flemleri ba\u015flat\u0131lm\u0131\u015ft\u0131. Michael Bey \u00e7ok caba sarf ederek s\u0131n\u0131r d\u0131\u015f\u0131 edilme i\u015flemlerine bakan h\u00e2kimin \u00f6n\u00fcne g\u00fc\u00e7l\u00fc bir dava dosyas\u0131 ile \u00e7\u0131kt\u0131. H\u00e2kimin \u00f6n\u00fcnde ger\u00e7ek bir \u015fampiyon ve m\u00fcvekkiline son derece de\u011fer veren bir avukat gibi dosyan\u0131n hukuki tart\u0131\u015fmas\u0131n\u0131 yapt\u0131. Bana kendi sorumlulu\u011fu alt\u0131nda olan birinin sinirdisi edilemeyece\u011finin garantisini verdi. Ve Michael h\u00e2kimi bu g\u00fc\u00e7 durumda dahi ikna ederek ye\u015fil kart\u0131m\u0131 almam\u0131 garantiledi.<\/p>\n<\/div><\/div><\/div><\/div><\/div><div class=\"vc_col-sm-3 wpb_column vc_column_container has-fill\"><div class=\"vc_column-inner us_custom_395d8742\"><div class=\"wpb_wrapper\">[vc_custom_heading text=&#8221;Khan&#8221; font_container=&#8221;tag:h3|text_align:right&#8221; google_fonts=&#8221;font_family:Montserrat%3Aregular%2C700|font_style:400%20regular%3A400%3Anormal&#8221;]<\/div><\/div><\/div><\/div><\/div><\/div><\/div><\/div><\/div><\/section>\n","protected":false},"excerpt":{"rendered":"[vc_custom_heading text=\"Ivone G\" font_container=\"tag:h3|text_align:left\" google_fonts=\"font_family:Montserrat%3Aregular%2C700|font_style:400%20regular%3A400%3Anormal\"]Hayallerimden birini ger\u00e7e\u011fe d\u00f6n\u00fc\u015ft\u00fcrd\u00fc\u011f\u00fcn\u00fcz i\u00e7in te\u015fekk\u00fcrler. Bunun i\u00e7in size her zaman minnettar olaca\u011f\u0131m. B\u00fcronuzda \u00e7al\u0131\u015fanlar \u00e7ok nazik, ilgili, etkin ve bilgiliydi ki bu ba\u015far\u0131y\u0131 yakalamaktaki en b\u00fcy\u00fck bile\u015fiminiz bence. Hepinize en i\u00e7ten \u015fekilde, mutluluklar diliyorum!!! Avukat Micthell Zwaik ve ekibi kesinlikle \u00e7ok profesyonel. Daim\u00ee ikamet hakk\u0131 alma s\u00fcrecimizin en ba\u015f\u0131ndan bu...","protected":false},"author":1,"featured_media":0,"parent":0,"menu_order":0,"comment_status":"closed","ping_status":"closed","template":"","meta":[],"yoast_head":"<!-- This site is optimized with the Yoast SEO plugin v16.1.1 - https:\/\/yoast.com\/wordpress\/plugins\/seo\/ -->\n<title>Referanslar - Zwaik<\/title>\n<meta name=\"robots\" content=\"index, follow, max-snippet:-1, max-image-preview:large, max-video-preview:-1\" \/>\n<link rel=\"canonical\" href=\"https:\/\/zwaik.com\/tr\/referanslar\/\" \/>\n<meta property=\"og:locale\" content=\"tr_TR\" \/>\n<meta property=\"og:type\" content=\"article\" \/>\n<meta property=\"og:title\" content=\"Referanslar - Zwaik\" \/>\n<meta property=\"og:url\" content=\"https:\/\/zwaik.com\/tr\/referanslar\/\" \/>\n<meta property=\"og:site_name\" content=\"Zwaik\" \/>\n<meta property=\"article:modified_time\" content=\"2020-12-08T11:29:47+00:00\" \/>\n<meta name=\"twitter:card\" content=\"summary_large_image\" \/>\n<meta name=\"twitter:label1\" content=\"Tahmini okuma s\u00fcresi\">\n\t<meta name=\"twitter:data1\" content=\"8 dakika\">\n<script type=\"application\/ld+json\" class=\"yoast-schema-graph\">{\"@context\":\"https:\/\/schema.org\",\"@graph\":[{\"@type\":\"WebSite\",\"@id\":\"https:\/\/zwaik.com\/tr\/#website\",\"url\":\"https:\/\/zwaik.com\/tr\/\",\"name\":\"Zwaik\",\"description\":\"Attorney At Law\",\"potentialAction\":[{\"@type\":\"SearchAction\",\"target\":\"https:\/\/zwaik.com\/tr\/?s={search_term_string}\",\"query-input\":\"required name=search_term_string\"}],\"inLanguage\":\"tr\"},{\"@type\":\"WebPage\",\"@id\":\"https:\/\/zwaik.com\/tr\/referanslar\/#webpage\",\"url\":\"https:\/\/zwaik.com\/tr\/referanslar\/\",\"name\":\"Referanslar - Zwaik\",\"isPartOf\":{\"@id\":\"https:\/\/zwaik.com\/tr\/#website\"},\"datePublished\":\"2020-12-05T17:26:35+00:00\",\"dateModified\":\"2020-12-08T11:29:47+00:00\",\"breadcrumb\":{\"@id\":\"https:\/\/zwaik.com\/tr\/referanslar\/#breadcrumb\"},\"inLanguage\":\"tr\",\"potentialAction\":[{\"@type\":\"ReadAction\",\"target\":[\"https:\/\/zwaik.com\/tr\/referanslar\/\"]}]},{\"@type\":\"BreadcrumbList\",\"@id\":\"https:\/\/zwaik.com\/tr\/referanslar\/#breadcrumb\",\"itemListElement\":[{\"@type\":\"ListItem\",\"position\":1,\"item\":{\"@type\":\"WebPage\",\"@id\":\"https:\/\/zwaik.com\/tr\/\",\"url\":\"https:\/\/zwaik.com\/tr\/\",\"name\":\"Ana sayfa\"}},{\"@type\":\"ListItem\",\"position\":2,\"item\":{\"@type\":\"WebPage\",\"@id\":\"https:\/\/zwaik.com\/tr\/referanslar\/\",\"url\":\"https:\/\/zwaik.com\/tr\/referanslar\/\",\"name\":\"Referanslar\"}}]}]}<\/script>\n<!-- \/ Yoast SEO plugin. -->","_links":{"self":[{"href":"https:\/\/zwaik.com\/tr\/wp-json\/wp\/v2\/pages\/20"}],"collection":[{"href":"https:\/\/zwaik.com\/tr\/wp-json\/wp\/v2\/pages"}],"about":[{"href":"https:\/\/zwaik.com\/tr\/wp-json\/wp\/v2\/types\/page"}],"author":[{"embeddable":true,"href":"https:\/\/zwaik.com\/tr\/wp-json\/wp\/v2\/users\/1"}],"replies":[{"embeddable":true,"href":"https:\/\/zwaik.com\/tr\/wp-json\/wp\/v2\/comments?post=20"}],"version-history":[{"count":4,"href":"https:\/\/zwaik.com\/tr\/wp-json\/wp\/v2\/pages\/20\/revisions"}],"predecessor-version":[{"id":115,"href":"https:\/\/zwaik.com\/tr\/wp-json\/wp\/v2\/pages\/20\/revisions\/115"}],"wp:attachment":[{"href":"https:\/\/zwaik.com\/tr\/wp-json\/wp\/v2\/media?parent=20"}],"curies":[{"name":"wp","href":"https:\/\/api.w.org\/{rel}","templated":true}]}}