{"id":1570,"date":"2021-02-16T10:23:44","date_gmt":"2021-02-16T10:23:44","guid":{"rendered":"http:\/\/zwaik.turkishi.com\/?page_id=1570"},"modified":"2021-02-16T14:03:41","modified_gmt":"2021-02-16T14:03:41","slug":"federal-mahkeme-nezdinde-amerikan-ulusal-guvenlik-bakanligini-dava-etme-yolu","status":"publish","type":"page","link":"https:\/\/zwaik.com\/tr\/uzmanlik-alanlari\/gocmenlik-davalari\/federal-mahkeme-nezdinde-amerikan-ulusal-guvenlik-bakanligini-dava-etme-yolu\/","title":{"rendered":"Federal Mahkeme Nezdinde Amerikan Ulusal G\u00fcvenlik Bakanl\u0131\u011f\u0131n\u0131 Dava Etme Yolu"},"content":{"rendered":"<p>La Administraci\u00f3n Trump ha puesto obst\u00e1culos sin precedentes en la forma de adquirir beneficios de inmigraci\u00f3n. Esto incluye no s\u00f3lo los ejemplos m\u00e1s publicitados, encerrando a los ni\u00f1os en jaulas que entran ilegalmente a lo largo de la frontera sur, sino tambi\u00e9n la inmigraci\u00f3n legal. El \u00faltimo a\u00f1o fiscal, vio los niveles m\u00e1s altos de negaciones de H1B en la historia del DHS. Los examinadores de la CEI y los funcionarios consulares buscan razones para negar inversiones leg\u00edtimas. Y 80 de las solicitudes de asilo est\u00e1n siendo denegadas, mientras que un mill\u00f3n de solicitudes de asilo a\u00fan est\u00e1n por resolver.<\/p>\n<p>Algunas de estas negaciones y retrasos pueden abordarse dentro del propio sistema de inmigraci\u00f3n. La denegaci\u00f3n de beneficios de inmigraci\u00f3n, por ejemplo, puede ser apelada a una oficina llamada La Oficina de Apelaciones Administrativas. Las \u00f3rdenes de deportaci\u00f3n o remoci\u00f3n pueden ser apeladas ante la Junta de Apelaciones de Inmigraci\u00f3n. Incluso los funcionarios consulares tienen alguna medida de responsabilidad dentro del Departamento de Estado.<br \/>\nA menudo, estas apelaciones son ineficaces y resultan en negaciones rutinarias. Un sistema de investigaci\u00f3n revisado, puesto en marcha el a\u00f1o pasado que se supon\u00eda que permitir\u00eda un mayor acceso a un oficial de inmigraci\u00f3n para revisar las decisiones retrasadas, s\u00f3lo ha dado lugar a aislar a\u00fan m\u00e1s a los oficiales de la CEI de cualquier rendici\u00f3n de cuentas.<br \/>\nComo resultado, a menudo recomendamos a nuestros clientes que demanden al DHS en la corte federal. Como una firma de inmigraci\u00f3n con sede en Long Island, representamos a clientes en el Tribunal de Distrito para el Distrito Este de Nueva York y en la Corte de Apelaciones del Segundo Circuito. Estos casos incluyen:<\/p>\n<ul class=\"list\">\n<li><strong>Mandamus Actions-<\/strong> Estas acciones le piden a un juez federal que ordene al DHS que act\u00fae en una solicitud largamente retrasada. Cuando la naturalizaci\u00f3n o el ajuste de las solicitudes de estatus han estado pendientes por m\u00e1s de un a\u00f1o, y los repetidos intentos de conseguir que el DHS aborde el problema han fracasado han sido ignorados, a menudo sugerimos que los clientes demanden al gobierno federal. Estos trajes a menudo obtienen resultados r\u00e1pidos.<\/li>\n<li><strong>Acciones de Sentencia Declaratoria-<\/strong> Estas acciones le piden a un juez federal que revise una decisi\u00f3n del DHS que creemos que es claramente err\u00f3nea y\/o ilegal. Actualmente estamos en la corte federal en apelaciones de denegaciones de E2, estatus de inversionista del Tratado y H1B, estatus de trabajador profesional. Tambi\u00e9n estamos demandando al DHS por su denegaci\u00f3n de solicitudes de TPS para el ajuste de estatus.<\/li>\n<li><strong>Apelaciones de naturalizaci\u00f3n-<\/strong> La ley federal requiere que el DHS decida una solicitud de naturalizaci\u00f3n dentro de los cuatro meses de la entrevista. Cuando estas decisiones se retrasan o la solicitud es denegada incorrectamente, podemos solicitar la revisi\u00f3n en los tribunales federales.<\/li>\n<li><strong>Apelaciones del Tribunal de Circuito de \u00f3rdenes de deportaci\u00f3n-<\/strong> Cuando las apelaciones a la Junta de Apelaciones de Inmigraci\u00f3n (BIA) son desestimadas, a menudo s\u00f3lo hay una opci\u00f3n adicional, para llevar una apelaci\u00f3n final ante el Tribunal de Apelaciones del Circuito. Muy a menudo, estas apelaciones implican la denegaci\u00f3n de asilo como resultado de las recientes acciones de la Administraci\u00f3n Trump para denegar el asilo a aquellos que huyen de la violencia en Centroam\u00e9rica.<\/li>\n<\/ul>\n<p>Demandar en la corte federal NO resulta en que el gobierno tome venganza u otras acciones punitivas contra el inmigrante o el empleador del inmigrante, por lo que nadie debe tener miedo de ejercer su derecho a la revisi\u00f3n federal. Pero estos casos pueden ser caros y estresantes y s\u00f3lo deben utilizarse como \u00faltimo recurso. Nuestra firma de inmigraci\u00f3n de Long Island tiene casi 40 a\u00f1os de experiencia con este tipo de casos y revisaremos sus opciones cuidadosamente.<\/p>\n","protected":false},"excerpt":{"rendered":"<p>La Administraci\u00f3n Trump ha puesto obst\u00e1culos sin precedentes en la forma de adquirir beneficios de inmigraci\u00f3n. Esto incluye no s\u00f3lo los ejemplos m\u00e1s publicitados, encerrando a los ni\u00f1os en jaulas que entran ilegalmente a lo largo de la frontera sur, sino tambi\u00e9n la inmigraci\u00f3n legal. El \u00faltimo a\u00f1o fiscal, vio los niveles m\u00e1s altos de&#8230;<\/p>\n","protected":false},"author":1,"featured_media":0,"parent":289,"menu_order":0,"comment_status":"closed","ping_status":"closed","template":"","meta":[],"yoast_head":"<!-- This site is optimized with the Yoast SEO plugin v16.1.1 - https:\/\/yoast.com\/wordpress\/plugins\/seo\/ -->\n<title>Federal Mahkeme Nezdinde Amerikan Ulusal G\u00fcvenlik Bakanl\u0131\u011f\u0131n\u0131 Dava Etme Yolu - Zwaik<\/title>\n<meta name=\"robots\" content=\"index, follow, max-snippet:-1, max-image-preview:large, max-video-preview:-1\" \/>\n<link rel=\"canonical\" href=\"https:\/\/zwaik.com\/tr\/uzmanlik-alanlari\/gocmenlik-davalari\/federal-mahkeme-nezdinde-amerikan-ulusal-guvenlik-bakanligini-dava-etme-yolu\/\" \/>\n<meta property=\"og:locale\" content=\"tr_TR\" \/>\n<meta property=\"og:type\" content=\"article\" \/>\n<meta property=\"og:title\" content=\"Federal Mahkeme Nezdinde Amerikan Ulusal G\u00fcvenlik Bakanl\u0131\u011f\u0131n\u0131 Dava Etme Yolu - Zwaik\" \/>\n<meta property=\"og:description\" content=\"La Administraci\u00f3n Trump ha puesto obst\u00e1culos sin precedentes en la forma de adquirir beneficios de inmigraci\u00f3n. Esto incluye no s\u00f3lo los ejemplos m\u00e1s publicitados, encerrando a los ni\u00f1os en jaulas que entran ilegalmente a lo largo de la frontera sur, sino tambi\u00e9n la inmigraci\u00f3n legal. El \u00faltimo a\u00f1o fiscal, vio los niveles m\u00e1s altos de...\" \/>\n<meta property=\"og:url\" content=\"https:\/\/zwaik.com\/tr\/uzmanlik-alanlari\/gocmenlik-davalari\/federal-mahkeme-nezdinde-amerikan-ulusal-guvenlik-bakanligini-dava-etme-yolu\/\" \/>\n<meta property=\"og:site_name\" content=\"Zwaik\" \/>\n<meta property=\"article:modified_time\" content=\"2021-02-16T14:03:41+00:00\" \/>\n<meta name=\"twitter:card\" content=\"summary_large_image\" \/>\n<meta name=\"twitter:label1\" content=\"Tahmini okuma s\u00fcresi\">\n\t<meta name=\"twitter:data1\" content=\"3 dakika\">\n<script type=\"application\/ld+json\" class=\"yoast-schema-graph\">{\"@context\":\"https:\/\/schema.org\",\"@graph\":[{\"@type\":\"WebSite\",\"@id\":\"https:\/\/zwaik.com\/tr\/#website\",\"url\":\"https:\/\/zwaik.com\/tr\/\",\"name\":\"Zwaik\",\"description\":\"Attorney At Law\",\"potentialAction\":[{\"@type\":\"SearchAction\",\"target\":\"https:\/\/zwaik.com\/tr\/?s={search_term_string}\",\"query-input\":\"required name=search_term_string\"}],\"inLanguage\":\"tr\"},{\"@type\":\"WebPage\",\"@id\":\"https:\/\/zwaik.com\/tr\/uzmanlik-alanlari\/gocmenlik-davalari\/federal-mahkeme-nezdinde-amerikan-ulusal-guvenlik-bakanligini-dava-etme-yolu\/#webpage\",\"url\":\"https:\/\/zwaik.com\/tr\/uzmanlik-alanlari\/gocmenlik-davalari\/federal-mahkeme-nezdinde-amerikan-ulusal-guvenlik-bakanligini-dava-etme-yolu\/\",\"name\":\"Federal Mahkeme Nezdinde Amerikan Ulusal G\\u00fcvenlik Bakanl\\u0131\\u011f\\u0131n\\u0131 Dava Etme Yolu - Zwaik\",\"isPartOf\":{\"@id\":\"https:\/\/zwaik.com\/tr\/#website\"},\"datePublished\":\"2021-02-16T10:23:44+00:00\",\"dateModified\":\"2021-02-16T14:03:41+00:00\",\"breadcrumb\":{\"@id\":\"https:\/\/zwaik.com\/tr\/uzmanlik-alanlari\/gocmenlik-davalari\/federal-mahkeme-nezdinde-amerikan-ulusal-guvenlik-bakanligini-dava-etme-yolu\/#breadcrumb\"},\"inLanguage\":\"tr\",\"potentialAction\":[{\"@type\":\"ReadAction\",\"target\":[\"https:\/\/zwaik.com\/tr\/uzmanlik-alanlari\/gocmenlik-davalari\/federal-mahkeme-nezdinde-amerikan-ulusal-guvenlik-bakanligini-dava-etme-yolu\/\"]}]},{\"@type\":\"BreadcrumbList\",\"@id\":\"https:\/\/zwaik.com\/tr\/uzmanlik-alanlari\/gocmenlik-davalari\/federal-mahkeme-nezdinde-amerikan-ulusal-guvenlik-bakanligini-dava-etme-yolu\/#breadcrumb\",\"itemListElement\":[{\"@type\":\"ListItem\",\"position\":1,\"item\":{\"@type\":\"WebPage\",\"@id\":\"https:\/\/zwaik.com\/tr\/\",\"url\":\"https:\/\/zwaik.com\/tr\/\",\"name\":\"Ana sayfa\"}},{\"@type\":\"ListItem\",\"position\":2,\"item\":{\"@type\":\"WebPage\",\"@id\":\"https:\/\/zwaik.com\/tr\/uzmanlik-alanlari\/\",\"url\":\"https:\/\/zwaik.com\/tr\/uzmanlik-alanlari\/\",\"name\":\"Uzmanl\\u0131k Alanlar\\u0131\"}},{\"@type\":\"ListItem\",\"position\":3,\"item\":{\"@type\":\"WebPage\",\"@id\":\"https:\/\/zwaik.com\/tr\/uzmanlik-alanlari\/gocmenlik-davalari\/\",\"url\":\"https:\/\/zwaik.com\/tr\/uzmanlik-alanlari\/gocmenlik-davalari\/\",\"name\":\"G\\u00f6\\u00e7menlik Davalar\\u0131\"}},{\"@type\":\"ListItem\",\"position\":4,\"item\":{\"@type\":\"WebPage\",\"@id\":\"https:\/\/zwaik.com\/tr\/uzmanlik-alanlari\/gocmenlik-davalari\/federal-mahkeme-nezdinde-amerikan-ulusal-guvenlik-bakanligini-dava-etme-yolu\/\",\"url\":\"https:\/\/zwaik.com\/tr\/uzmanlik-alanlari\/gocmenlik-davalari\/federal-mahkeme-nezdinde-amerikan-ulusal-guvenlik-bakanligini-dava-etme-yolu\/\",\"name\":\"Federal Mahkeme Nezdinde Amerikan Ulusal G\\u00fcvenlik Bakanl\\u0131\\u011f\\u0131n\\u0131 Dava Etme Yolu\"}}]}]}<\/script>\n<!-- \/ Yoast SEO plugin. -->","_links":{"self":[{"href":"https:\/\/zwaik.com\/tr\/wp-json\/wp\/v2\/pages\/1570"}],"collection":[{"href":"https:\/\/zwaik.com\/tr\/wp-json\/wp\/v2\/pages"}],"about":[{"href":"https:\/\/zwaik.com\/tr\/wp-json\/wp\/v2\/types\/page"}],"author":[{"embeddable":true,"href":"https:\/\/zwaik.com\/tr\/wp-json\/wp\/v2\/users\/1"}],"replies":[{"embeddable":true,"href":"https:\/\/zwaik.com\/tr\/wp-json\/wp\/v2\/comments?post=1570"}],"version-history":[{"count":2,"href":"https:\/\/zwaik.com\/tr\/wp-json\/wp\/v2\/pages\/1570\/revisions"}],"predecessor-version":[{"id":1578,"href":"https:\/\/zwaik.com\/tr\/wp-json\/wp\/v2\/pages\/1570\/revisions\/1578"}],"up":[{"embeddable":true,"href":"https:\/\/zwaik.com\/tr\/wp-json\/wp\/v2\/pages\/289"}],"wp:attachment":[{"href":"https:\/\/zwaik.com\/tr\/wp-json\/wp\/v2\/media?parent=1570"}],"curies":[{"name":"wp","href":"https:\/\/api.w.org\/{rel}","templated":true}]}}