{"id":10,"date":"2020-12-05T17:17:39","date_gmt":"2020-12-05T17:17:39","guid":{"rendered":"http:\/\/zwaik.turkishi.com\/?page_id=10"},"modified":"2021-03-04T20:15:54","modified_gmt":"2021-03-04T20:15:54","slug":"ticari-gocmenlik","status":"publish","type":"page","link":"https:\/\/zwaik.com\/tr\/uzmanlik-alanlari\/ticari-gocmenlik\/","title":{"rendered":"Ticari G\u00f6\u00e7menlik"},"content":{"rendered":"<section class=\"l-section wpb_row us_custom_af6a9b6a height_auto\"><div class=\"l-section-h i-cf\"><div class=\"g-cols vc_row type_default valign_middle\"><div class=\"vc_col-sm-12 wpb_column vc_column_container\"><div class=\"vc_column-inner\"><div class=\"wpb_wrapper\"><div class=\"g-cols wpb_row  us_custom_2dbf7b3f type_default valign_top vc_inner\"><div class=\"vc_col-sm-12 wpb_column vc_column_container\"><div class=\"vc_column-inner\"><div class=\"wpb_wrapper\">[vc_custom_heading text=&#8221;Ticari G\u00f6\u00e7menlik&#8221; font_container=&#8221;tag:h2|text_align:center&#8221; google_fonts=&#8221;font_family:Montserrat%3Aregular%2C700|font_style:700%20bold%20regular%3A700%3Anormal&#8221; el_class=&#8221;gradient-h&#8221;]<\/div><\/div><\/div><\/div><div class=\"g-cols wpb_row  type_default valign_top vc_inner\"><div class=\"vc_col-sm-4 wpb_column vc_column_container has-link\"><div class=\"vc_column-inner\"><div class=\"wpb_wrapper\">[vc_custom_heading text=&#8221;Yat\u0131r\u0131mc\u0131 Vizesi&#8221; font_container=&#8221;tag:h3|text_align:left&#8221; google_fonts=&#8221;font_family:Montserrat%3Aregular%2C700|font_style:700%20bold%20regular%3A700%3Anormal&#8221;]<div class=\"wpb_text_column us_custom_c7cefe49\" ><div class=\"wpb_wrapper\"><p>ABD\u2019deki \u00f6nemli yabanc\u0131 yat\u0131r\u0131mlar, yat\u0131r\u0131mc\u0131n\u0131n kendisi, ailesi ve baz\u0131 durumlarda yat\u0131r\u0131mc\u0131n\u0131n \u00e7al\u0131\u015fanlar\u0131 i\u00e7in g\u00f6\u00e7menlik stat\u00fcs\u00fcne ba\u015fvurabilirler.<\/p>\n<\/div><\/div><div class=\"w-btn-wrapper width_auto align_left\"><a class=\"w-btn us-btn-style_1\" rel=\"nofollow\" href=\"http:\/\/zwaik.turkishi.com\/tr\/uzmanlik-alanlari\/ticari-gocmenlik\/yatirimci-vizeleri\/\"><span class=\"w-btn-label\">DETAY<\/span><\/a><\/div><\/div><a title=\"Yat\u0131r\u0131mc\u0131 Vizeleri\" rel=\"nofollow\" href=\"http:\/\/zwaik.turkishi.com\/tr\/uzmanlik-alanlari\/ticari-gocmenlik\/yatirimci-vizeleri\/\" class=\"vc_column-link smooth-scroll\"><\/a><\/div><\/div><div class=\"vc_col-sm-4 wpb_column vc_column_container has-link\"><div class=\"vc_column-inner\"><div class=\"wpb_wrapper\">[vc_custom_heading text=&#8221;Y\u00fcksek Yetenekli \u0130\u015f\u00e7iler&#8221; font_container=&#8221;tag:h3|text_align:left&#8221; google_fonts=&#8221;font_family:Montserrat%3Aregular%2C700|font_style:700%20bold%20regular%3A700%3Anormal&#8221;]<div class=\"wpb_text_column us_custom_c7cefe49\" ><div class=\"wpb_wrapper\"><p>Amerika Birle\u015fik Devletleri, d\u00fcnyan\u0131n d\u00f6rt bir yan\u0131ndan gelen en ba\u015far\u0131l\u0131 ve yetenekli g\u00f6\u00e7menleri kabul etme konusunda derin bir ge\u00e7mi\u015fe sahiptir.<\/p>\n<\/div><\/div><div class=\"w-btn-wrapper width_auto align_left\"><a class=\"w-btn us-btn-style_1\" title=\"Y\u00fcksek Yetenekli \u0130\u015f\u00e7iler\" rel=\"nofollow\" href=\"http:\/\/zwaik.turkishi.com\/tr\/uzmanlik-alanlari\/ticari-gocmenlik\/yuksek-yetenekli-isciler\/\"><span class=\"w-btn-label\">DETAY<\/span><\/a><\/div><\/div><a title=\"Y\u00fcksek Yetenekli \u0130\u015f\u00e7iler\" rel=\"nofollow\" href=\"http:\/\/zwaik.turkishi.com\/tr\/uzmanlik-alanlari\/ticari-gocmenlik\/yuksek-yetenekli-isciler\/\" class=\"vc_column-link smooth-scroll\"><\/a><\/div><\/div><div class=\"vc_col-sm-4 wpb_column vc_column_container has-link\"><div class=\"vc_column-inner\"><div class=\"wpb_wrapper\">[vc_custom_heading text=&#8221;\u0130\u015fveren Sponsorlu\u011fu Arac\u0131l\u0131\u011f\u0131yla Daimi \u0130kamet&#8221; font_container=&#8221;tag:h3|text_align:left&#8221; google_fonts=&#8221;font_family:Montserrat%3Aregular%2C700|font_style:700%20bold%20regular%3A700%3Anormal&#8221;]<div class=\"wpb_text_column us_custom_c7cefe49\" ><div class=\"wpb_wrapper\"><p>ABD g\u00f6\u00e7menlik yasas\u0131 ve politikas\u0131n\u0131n kendine \u00f6zg\u00fc do\u011fas\u0131 nedeniyle istihdama dayal\u0131 sponsorluk genellikle kal\u0131c\u0131 ikamet elde etmenin en h\u0131zl\u0131 yoludur.<\/p>\n<\/div><\/div><div class=\"w-btn-wrapper width_auto align_left\"><a class=\"w-btn us-btn-style_1\" title=\"\u0130\u015fveren Sponsorlu\u011fu Arac\u0131l\u0131\u011f\u0131yla Daimi \u0130kamet\" rel=\"nofollow\" href=\"http:\/\/zwaik.turkishi.com\/tr\/uzmanlik-alanlari\/ticari-gocmenlik\/isveren-sponsorlugu-araciligiyla-daimi-ikamet\/\"><span class=\"w-btn-label\">DETAY<\/span><\/a><\/div><\/div><a title=\"\u0130\u015fveren Sponsorlu\u011fu Arac\u0131l\u0131\u011f\u0131yla Daimi \u0130kamet\" rel=\"nofollow\" href=\"http:\/\/zwaik.turkishi.com\/tr\/uzmanlik-alanlari\/ticari-gocmenlik\/isveren-sponsorlugu-araciligiyla-daimi-ikamet\/\" class=\"vc_column-link smooth-scroll\"><\/a><\/div><\/div><\/div><\/div><\/div><\/div><\/div><\/div><\/section><section class=\"l-section wpb_row us_custom_f37aca33 height_auto\"><div class=\"l-section-h i-cf\"><div class=\"g-cols vc_row type_default valign_top\"><div class=\"vc_col-sm-12 wpb_column vc_column_container\"><div class=\"vc_column-inner\"><div class=\"wpb_wrapper\"><div class=\"g-cols wpb_row  type_default valign_top vc_inner\"><div class=\"vc_col-sm-4 wpb_column vc_column_container has-link\"><div class=\"vc_column-inner\"><div class=\"wpb_wrapper\">[vc_custom_heading text=&#8221;\u00d6ncelikli \u00c7al\u0131\u015fanlar&#8221; font_container=&#8221;tag:h3|text_align:left&#8221; google_fonts=&#8221;font_family:Montserrat%3Aregular%2C700|font_style:700%20bold%20regular%3A700%3Anormal&#8221;]<div class=\"wpb_text_column us_custom_c7cefe49\" ><div class=\"wpb_wrapper\"><p>\u0130stihdam yoluyla kal\u0131c\u0131 ikamet etmenin en h\u0131zl\u0131 ve en kesin yolu yabanc\u0131 bir i\u015f\u00e7inin \u0130stihdama Dayal\u0131 Birinci kategori (EB-1) kapsam\u0131nda \u00d6ncelikli \u00c7al\u0131\u015fan olarak kalifiye olmas\u0131d\u0131r.<\/p>\n<\/div><\/div><div class=\"w-btn-wrapper width_auto align_left\"><a class=\"w-btn us-btn-style_1\" title=\"\u00d6ncelikli \u00c7al\u0131\u015fanlar\" href=\"http:\/\/zwaik.turkishi.com\/tr\/uzmanlik-alanlari\/ticari-gocmenlik\/oncelikli-calisanlar\/\"><span class=\"w-btn-label\">DETAY<\/span><\/a><\/div><\/div><a title=\"\u00d6ncelikli \u00c7al\u0131\u015fanlar\" rel=\"nofollow\" href=\"http:\/\/zwaik.turkishi.com\/tr\/uzmanlik-alanlari\/ticari-gocmenlik\/oncelikli-calisanlar\/\" class=\"vc_column-link smooth-scroll\"><\/a><\/div><\/div><div class=\"vc_col-sm-4 wpb_column vc_column_container has-link\"><div class=\"vc_column-inner\"><div class=\"wpb_wrapper\">[vc_custom_heading text=&#8221;Ge\u00e7ici \u0130\u015f\u00e7iler&#8221; font_container=&#8221;tag:h3|text_align:left&#8221; google_fonts=&#8221;font_family:Montserrat%3Aregular%2C700|font_style:700%20bold%20regular%3A700%3Anormal&#8221;]<div class=\"wpb_text_column us_custom_c7cefe49\" ><div class=\"wpb_wrapper\"><p>ABD\u2019li i\u015fverenlerin ve yabanc\u0131 i\u015f\u00e7ilerin kar\u015f\u0131la\u015ft\u0131\u011f\u0131 zorluklar hi\u00e7 bug\u00fcnk\u00fc kadar b\u00fcy\u00fck olmam\u0131\u015ft\u0131. ABD ekonomisinin devam eden canl\u0131l\u0131\u011f\u0131, Trump Y\u00f6netiminin k\u0131s\u0131tlay\u0131c\u0131 g\u00f6\u00e7 politikalar\u0131 ile birle\u015fti\u011finde, i\u015fverenlerin i\u015fe alma ihtiya\u00e7lar\u0131n\u0131n kar\u015f\u0131lanmas\u0131 zorla\u015fmaya ba\u015flad\u0131.<\/p>\n<\/div><\/div><div class=\"w-btn-wrapper width_auto align_left\"><a class=\"w-btn us-btn-style_1\" title=\"Ge\u00e7ici \u0130\u015f\u00e7iler\" href=\"http:\/\/zwaik.turkishi.com\/tr\/uzmanlik-alanlari\/ticari-gocmenlik\/gecici-isciler\/\"><span class=\"w-btn-label\">DETAY<\/span><\/a><\/div><\/div><a title=\"Ge\u00e7ici \u0130\u015f\u00e7iler\" rel=\"nofollow\" href=\"http:\/\/zwaik.turkishi.com\/tr\/uzmanlik-alanlari\/ticari-gocmenlik\/gecici-isciler\/\" class=\"vc_column-link smooth-scroll\"><\/a><\/div><\/div><div class=\"vc_col-sm-4 wpb_column vc_column_container\"><div class=\"vc_column-inner\"><div class=\"wpb_wrapper\"><\/div><\/div><\/div><\/div><\/div><\/div><\/div><\/div><\/div><\/section>\n","protected":false},"excerpt":{"rendered":"[vc_custom_heading text=\"Ticari G\u00f6\u00e7menlik\" font_container=\"tag:h2|text_align:center\" google_fonts=\"font_family:Montserrat%3Aregular%2C700|font_style:700%20bold%20regular%3A700%3Anormal\" el_class=\"gradient-h\"][vc_custom_heading text=\"Yat\u0131r\u0131mc\u0131 Vizesi\" font_container=\"tag:h3|text_align:left\" google_fonts=\"font_family:Montserrat%3Aregular%2C700|font_style:700%20bold%20regular%3A700%3Anormal\"]ABD\u2019deki \u00f6nemli yabanc\u0131 yat\u0131r\u0131mlar, yat\u0131r\u0131mc\u0131n\u0131n kendisi, ailesi ve baz\u0131 durumlarda yat\u0131r\u0131mc\u0131n\u0131n \u00e7al\u0131\u015fanlar\u0131 i\u00e7in g\u00f6\u00e7menlik stat\u00fcs\u00fcne ba\u015fvurabilirler. DETAY[vc_custom_heading text=\"Y\u00fcksek Yetenekli \u0130\u015f\u00e7iler\" font_container=\"tag:h3|text_align:left\" google_fonts=\"font_family:Montserrat%3Aregular%2C700|font_style:700%20bold%20regular%3A700%3Anormal\"]Amerika Birle\u015fik Devletleri, d\u00fcnyan\u0131n d\u00f6rt bir yan\u0131ndan gelen en ba\u015far\u0131l\u0131 ve yetenekli g\u00f6\u00e7menleri kabul etme konusunda derin bir ge\u00e7mi\u015fe sahiptir. DETAY[vc_custom_heading text=\"\u0130\u015fveren Sponsorlu\u011fu Arac\u0131l\u0131\u011f\u0131yla Daimi...","protected":false},"author":1,"featured_media":0,"parent":203,"menu_order":0,"comment_status":"closed","ping_status":"closed","template":"","meta":[],"yoast_head":"<!-- This site is optimized with the Yoast SEO plugin v16.1.1 - https:\/\/yoast.com\/wordpress\/plugins\/seo\/ -->\n<title>Ticari G\u00f6\u00e7menlik - Zwaik<\/title>\n<meta name=\"robots\" content=\"index, follow, max-snippet:-1, max-image-preview:large, max-video-preview:-1\" \/>\n<link rel=\"canonical\" href=\"https:\/\/zwaik.com\/tr\/uzmanlik-alanlari\/ticari-gocmenlik\/\" \/>\n<meta property=\"og:locale\" content=\"tr_TR\" \/>\n<meta property=\"og:type\" content=\"article\" \/>\n<meta property=\"og:title\" content=\"Ticari G\u00f6\u00e7menlik - Zwaik\" \/>\n<meta property=\"og:url\" content=\"https:\/\/zwaik.com\/tr\/uzmanlik-alanlari\/ticari-gocmenlik\/\" \/>\n<meta property=\"og:site_name\" content=\"Zwaik\" \/>\n<meta property=\"article:modified_time\" content=\"2021-03-04T20:15:54+00:00\" \/>\n<meta name=\"twitter:card\" content=\"summary_large_image\" \/>\n<meta name=\"twitter:label1\" content=\"Tahmini okuma s\u00fcresi\">\n\t<meta name=\"twitter:data1\" content=\"4 dakika\">\n<script type=\"application\/ld+json\" class=\"yoast-schema-graph\">{\"@context\":\"https:\/\/schema.org\",\"@graph\":[{\"@type\":\"WebSite\",\"@id\":\"https:\/\/zwaik.com\/tr\/#website\",\"url\":\"https:\/\/zwaik.com\/tr\/\",\"name\":\"Zwaik\",\"description\":\"Attorney At Law\",\"potentialAction\":[{\"@type\":\"SearchAction\",\"target\":\"https:\/\/zwaik.com\/tr\/?s={search_term_string}\",\"query-input\":\"required name=search_term_string\"}],\"inLanguage\":\"tr\"},{\"@type\":\"WebPage\",\"@id\":\"https:\/\/zwaik.com\/tr\/uzmanlik-alanlari\/ticari-gocmenlik\/#webpage\",\"url\":\"https:\/\/zwaik.com\/tr\/uzmanlik-alanlari\/ticari-gocmenlik\/\",\"name\":\"Ticari G\\u00f6\\u00e7menlik - Zwaik\",\"isPartOf\":{\"@id\":\"https:\/\/zwaik.com\/tr\/#website\"},\"datePublished\":\"2020-12-05T17:17:39+00:00\",\"dateModified\":\"2021-03-04T20:15:54+00:00\",\"breadcrumb\":{\"@id\":\"https:\/\/zwaik.com\/tr\/uzmanlik-alanlari\/ticari-gocmenlik\/#breadcrumb\"},\"inLanguage\":\"tr\",\"potentialAction\":[{\"@type\":\"ReadAction\",\"target\":[\"https:\/\/zwaik.com\/tr\/uzmanlik-alanlari\/ticari-gocmenlik\/\"]}]},{\"@type\":\"BreadcrumbList\",\"@id\":\"https:\/\/zwaik.com\/tr\/uzmanlik-alanlari\/ticari-gocmenlik\/#breadcrumb\",\"itemListElement\":[{\"@type\":\"ListItem\",\"position\":1,\"item\":{\"@type\":\"WebPage\",\"@id\":\"https:\/\/zwaik.com\/tr\/\",\"url\":\"https:\/\/zwaik.com\/tr\/\",\"name\":\"Ana sayfa\"}},{\"@type\":\"ListItem\",\"position\":2,\"item\":{\"@type\":\"WebPage\",\"@id\":\"https:\/\/zwaik.com\/tr\/uzmanlik-alanlari\/\",\"url\":\"https:\/\/zwaik.com\/tr\/uzmanlik-alanlari\/\",\"name\":\"Uzmanl\\u0131k Alanlar\\u0131\"}},{\"@type\":\"ListItem\",\"position\":3,\"item\":{\"@type\":\"WebPage\",\"@id\":\"https:\/\/zwaik.com\/tr\/uzmanlik-alanlari\/ticari-gocmenlik\/\",\"url\":\"https:\/\/zwaik.com\/tr\/uzmanlik-alanlari\/ticari-gocmenlik\/\",\"name\":\"Ticari G\\u00f6\\u00e7menlik\"}}]}]}<\/script>\n<!-- \/ Yoast SEO plugin. -->","_links":{"self":[{"href":"https:\/\/zwaik.com\/tr\/wp-json\/wp\/v2\/pages\/10"}],"collection":[{"href":"https:\/\/zwaik.com\/tr\/wp-json\/wp\/v2\/pages"}],"about":[{"href":"https:\/\/zwaik.com\/tr\/wp-json\/wp\/v2\/types\/page"}],"author":[{"embeddable":true,"href":"https:\/\/zwaik.com\/tr\/wp-json\/wp\/v2\/users\/1"}],"replies":[{"embeddable":true,"href":"https:\/\/zwaik.com\/tr\/wp-json\/wp\/v2\/comments?post=10"}],"version-history":[{"count":13,"href":"https:\/\/zwaik.com\/tr\/wp-json\/wp\/v2\/pages\/10\/revisions"}],"predecessor-version":[{"id":1703,"href":"https:\/\/zwaik.com\/tr\/wp-json\/wp\/v2\/pages\/10\/revisions\/1703"}],"up":[{"embeddable":true,"href":"https:\/\/zwaik.com\/tr\/wp-json\/wp\/v2\/pages\/203"}],"wp:attachment":[{"href":"https:\/\/zwaik.com\/tr\/wp-json\/wp\/v2\/media?parent=10"}],"curies":[{"name":"wp","href":"https:\/\/api.w.org\/{rel}","templated":true}]}}