{"id":358,"date":"2021-02-14T13:46:25","date_gmt":"2021-02-14T13:46:25","guid":{"rendered":"http:\/\/zwaik.turkishi.com\/?page_id=358"},"modified":"2021-05-06T11:29:26","modified_gmt":"2021-05-06T11:29:26","slug":"inmigracion-empresarial","status":"publish","type":"page","link":"https:\/\/zwaik.com\/es\/areas-de-practica\/inmigracion-empresarial\/","title":{"rendered":"Inmigracion Empresarial"},"content":{"rendered":"<section class=\"l-section wpb_row us_custom_af6a9b6a height_auto\"><div class=\"l-section-h i-cf\"><div class=\"g-cols vc_row type_default valign_middle\"><div class=\"vc_col-sm-12 wpb_column vc_column_container\"><div class=\"vc_column-inner\"><div class=\"wpb_wrapper\"><div class=\"g-cols wpb_row  us_custom_2dbf7b3f type_default valign_top vc_inner\"><div class=\"vc_col-sm-12 wpb_column vc_column_container\"><div class=\"vc_column-inner\"><div class=\"wpb_wrapper\">[vc_custom_heading text=\u00bbInmigracion Empresarial\u00bb font_container=\u00bbtag:h2|text_align:center\u00bb google_fonts=\u00bbfont_family:Montserrat%3Aregular%2C700|font_style:700%20bold%20regular%3A700%3Anormal\u00bb el_class=\u00bbgradient-h\u00bb]<\/div><\/div><\/div><\/div><div class=\"g-cols wpb_row  type_default valign_top vc_inner\"><div class=\"vc_col-sm-4 wpb_column vc_column_container has-link\"><div class=\"vc_column-inner\"><div class=\"wpb_wrapper\">[vc_custom_heading text=\u00bbVisas de Inversionista\u00bb font_container=\u00bbtag:h3|text_align:left\u00bb google_fonts=\u00bbfont_family:Montserrat%3Aregular%2C700|font_style:700%20bold%20regular%3A700%3Anormal\u00bb]<div class=\"wpb_text_column us_custom_c7cefe49\" ><div class=\"wpb_wrapper\"><p>Las inversiones extranjeras significativas en los Estados Unidos pueden resultar en el estatus migratorio para el inversionista, la familia del inversionista y, en algunos casos, los empleados del inversionista.<\/p>\n<\/div><\/div><div class=\"w-btn-wrapper width_auto align_left\"><a class=\"w-btn us-btn-style_1\" href=\"rel:nofollow\"><span class=\"w-btn-label\">DETAIL<\/span><\/a><\/div><\/div><a rel=\"nofollow\" href=\"https:\/\/zwaik.com\/es\/areas-de-practica\/inmigracion-empresarial\/visas-de-inversionista\/\" class=\"vc_column-link smooth-scroll\" aria-label=\"Enlace\"><\/a><\/div><\/div><div class=\"vc_col-sm-4 wpb_column vc_column_container has-link\"><div class=\"vc_column-inner\"><div class=\"wpb_wrapper\">[vc_custom_heading text=\u00bbTrabajadores Altamente Talentosos\u00bb font_container=\u00bbtag:h3|text_align:left\u00bb google_fonts=\u00bbfont_family:Montserrat%3Aregular%2C700|font_style:700%20bold%20regular%3A700%3Anormal\u00bb]<div class=\"wpb_text_column us_custom_c7cefe49\" ><div class=\"wpb_wrapper\"><p>Estados Unidos tiene una larga historia de acoger a los inmigrantes m\u00e1s exitosos y talentosos de todo el mundo y que la historia ha sido escrita en las leyes de inmigraci\u00f3n en varios lugares, confiriendo beneficios especiales tanto para inmigrantes como para no inmigrantes por igual.<\/p>\n<\/div><\/div><div class=\"w-btn-wrapper width_auto align_left\"><a class=\"w-btn us-btn-style_1\" href=\"rel:nofollow\"><span class=\"w-btn-label\">DETAIL<\/span><\/a><\/div><\/div><a rel=\"nofollow\" href=\"https:\/\/zwaik.com\/es\/areas-de-practica\/inmigracion-empresarial\/trabajadores-altamente-talentosos\/\" class=\"vc_column-link smooth-scroll\" aria-label=\"Enlace\"><\/a><\/div><\/div><div class=\"vc_col-sm-4 wpb_column vc_column_container has-link\"><div class=\"vc_column-inner\"><div class=\"wpb_wrapper\">[vc_custom_heading text=\u00bbResidencia Permanente a Trav\u00e9s Del Patrocinio Del Empleador\u00bb font_container=\u00bbtag:h3|text_align:left\u00bb google_fonts=\u00bbfont_family:Montserrat%3Aregular%2C700|font_style:700%20bold%20regular%3A700%3Anormal\u00bb]<div class=\"wpb_text_column us_custom_c7cefe49\" ><div class=\"wpb_wrapper\"><p>Debido a la naturaleza peculiar de la ley y la pol\u00edtica de inmigraci\u00f3n de los Estados Unidos, el patrocinio basado en el empleo es a menudo la forma m\u00e1s r\u00e1pida de obtener la residencia permanente.<\/p>\n<\/div><\/div><div class=\"w-btn-wrapper width_auto align_left\"><a class=\"w-btn us-btn-style_1\" href=\"rel:nofollow\"><span class=\"w-btn-label\">DETAIL<\/span><\/a><\/div><\/div><a rel=\"nofollow\" href=\"https:\/\/zwaik.com\/es\/areas-de-practica\/inmigracion-empresarial\/residencia-permanente-a-traves-del-patrocinio-del-empleador\/\" class=\"vc_column-link smooth-scroll\" aria-label=\"Enlace\"><\/a><\/div><\/div><\/div><\/div><\/div><\/div><\/div><\/div><\/section><section class=\"l-section wpb_row us_custom_f37aca33 height_auto\"><div class=\"l-section-h i-cf\"><div class=\"g-cols vc_row type_default valign_top\"><div class=\"vc_col-sm-12 wpb_column vc_column_container\"><div class=\"vc_column-inner\"><div class=\"wpb_wrapper\"><div class=\"g-cols wpb_row  type_default valign_top vc_inner\"><div class=\"vc_col-sm-4 wpb_column vc_column_container has-link\"><div class=\"vc_column-inner\"><div class=\"wpb_wrapper\">[vc_custom_heading text=\u00bbTrabajadores Prioritarios\u00bb font_container=\u00bbtag:h3|text_align:left\u00bb google_fonts=\u00bbfont_family:Montserrat%3Aregular%2C700|font_style:700%20bold%20regular%3A700%3Anormal\u00bb]<div class=\"wpb_text_column us_custom_c7cefe49\" ><div class=\"wpb_wrapper\"><p>La forma m\u00e1s r\u00e1pida y segura de la residencia permanente a trav\u00e9s del empleo es que un trabajador extranjero califique bajo la categor\u00eda Social Based First (EB-1) como Trabajador Prioritario.<\/p>\n<\/div><\/div><\/div><a rel=\"nofollow\" href=\"https:\/\/zwaik.com\/es\/areas-de-practica\/inmigracion-empresarial\/trabajadores-pioritarios\/\" class=\"vc_column-link smooth-scroll\" aria-label=\"Enlace\"><\/a><\/div><\/div><div class=\"vc_col-sm-4 wpb_column vc_column_container has-link\"><div class=\"vc_column-inner\"><div class=\"wpb_wrapper\">[vc_custom_heading text=\u00bbTrabajadores Temporales\u00bb font_container=\u00bbtag:h3|text_align:left\u00bb google_fonts=\u00bbfont_family:Montserrat%3Aregular%2C700|font_style:700%20bold%20regular%3A700%3Anormal\u00bb]<div class=\"wpb_text_column us_custom_c7cefe49\" ><div class=\"wpb_wrapper\"><p>Los desaf\u00edos a los que se enfrentan ahora los empleadores y trabajadores extranjeros de los Estados Unidos nunca han sido mayores. La continua vitalidad de la econom\u00eda estadounidense junto con las restrictivas pol\u00edticas de inmigraci\u00f3n de la Administraci\u00f3n Trump han tensado la capacidad de los empleadores para satisfacer sus necesidades de contrataci\u00f3n como nunca antes.<\/p>\n<\/div><\/div><\/div><a rel=\"nofollow\" href=\"http:\/\/zwaik.turkishi.com\/es\/areas-de-practica\/inmigracion-empresarial\/trabajadores-temporales\/\" class=\"vc_column-link smooth-scroll\" aria-label=\"Enlace\"><\/a><\/div><\/div><div class=\"vc_col-sm-4 wpb_column vc_column_container\"><div class=\"vc_column-inner\"><div class=\"wpb_wrapper\"><\/div><\/div><\/div><\/div><\/div><\/div><\/div><\/div><\/div><\/section>\n","protected":false},"excerpt":{"rendered":"[vc_custom_heading text=\"Inmigracion Empresarial\" font_container=\"tag:h2|text_align:center\" google_fonts=\"font_family:Montserrat%3Aregular%2C700|font_style:700%20bold%20regular%3A700%3Anormal\" el_class=\"gradient-h\"][vc_custom_heading text=\"Visas de Inversionista\" font_container=\"tag:h3|text_align:left\" google_fonts=\"font_family:Montserrat%3Aregular%2C700|font_style:700%20bold%20regular%3A700%3Anormal\"]Las inversiones extranjeras significativas en los Estados Unidos pueden resultar en el estatus migratorio para el inversionista, la familia del inversionista y, en algunos casos, los empleados del inversionista. DETAIL[vc_custom_heading text=\"Trabajadores Altamente Talentosos\" font_container=\"tag:h3|text_align:left\" google_fonts=\"font_family:Montserrat%3Aregular%2C700|font_style:700%20bold%20regular%3A700%3Anormal\"]Estados Unidos tiene una larga historia de acoger a los inmigrantes...","protected":false},"author":1,"featured_media":0,"parent":1467,"menu_order":0,"comment_status":"closed","ping_status":"closed","template":"","meta":[],"yoast_head":"<!-- This site is optimized with the Yoast SEO plugin v16.1.1 - https:\/\/yoast.com\/wordpress\/plugins\/seo\/ -->\n<title>Inmigracion Empresarial - Zwaik<\/title>\n<meta name=\"robots\" content=\"index, follow, max-snippet:-1, max-image-preview:large, max-video-preview:-1\" \/>\n<link rel=\"canonical\" href=\"https:\/\/zwaik.com\/es\/areas-de-practica\/inmigracion-empresarial\/\" \/>\n<meta property=\"og:locale\" content=\"es_ES\" \/>\n<meta property=\"og:type\" content=\"article\" \/>\n<meta property=\"og:title\" content=\"Inmigracion Empresarial - Zwaik\" \/>\n<meta property=\"og:url\" content=\"https:\/\/zwaik.com\/es\/areas-de-practica\/inmigracion-empresarial\/\" \/>\n<meta property=\"og:site_name\" content=\"Zwaik\" \/>\n<meta property=\"article:modified_time\" content=\"2021-05-06T11:29:26+00:00\" \/>\n<meta name=\"twitter:card\" content=\"summary_large_image\" \/>\n<meta name=\"twitter:label1\" content=\"Tiempo de lectura\">\n\t<meta name=\"twitter:data1\" content=\"2 minutos\">\n<script type=\"application\/ld+json\" class=\"yoast-schema-graph\">{\"@context\":\"https:\/\/schema.org\",\"@graph\":[{\"@type\":\"WebSite\",\"@id\":\"https:\/\/zwaik.com\/tr\/#website\",\"url\":\"https:\/\/zwaik.com\/tr\/\",\"name\":\"Zwaik\",\"description\":\"Attorney At Law\",\"potentialAction\":[{\"@type\":\"SearchAction\",\"target\":\"https:\/\/zwaik.com\/tr\/?s={search_term_string}\",\"query-input\":\"required name=search_term_string\"}],\"inLanguage\":\"es\"},{\"@type\":\"WebPage\",\"@id\":\"https:\/\/zwaik.com\/es\/areas-de-practica\/inmigracion-empresarial\/#webpage\",\"url\":\"https:\/\/zwaik.com\/es\/areas-de-practica\/inmigracion-empresarial\/\",\"name\":\"Inmigracion Empresarial - Zwaik\",\"isPartOf\":{\"@id\":\"https:\/\/zwaik.com\/tr\/#website\"},\"datePublished\":\"2021-02-14T13:46:25+00:00\",\"dateModified\":\"2021-05-06T11:29:26+00:00\",\"breadcrumb\":{\"@id\":\"https:\/\/zwaik.com\/es\/areas-de-practica\/inmigracion-empresarial\/#breadcrumb\"},\"inLanguage\":\"es\",\"potentialAction\":[{\"@type\":\"ReadAction\",\"target\":[\"https:\/\/zwaik.com\/es\/areas-de-practica\/inmigracion-empresarial\/\"]}]},{\"@type\":\"BreadcrumbList\",\"@id\":\"https:\/\/zwaik.com\/es\/areas-de-practica\/inmigracion-empresarial\/#breadcrumb\",\"itemListElement\":[{\"@type\":\"ListItem\",\"position\":1,\"item\":{\"@type\":\"WebPage\",\"@id\":\"https:\/\/zwaik.com\/es\/\",\"url\":\"https:\/\/zwaik.com\/es\/\",\"name\":\"Ana sayfa\"}},{\"@type\":\"ListItem\",\"position\":2,\"item\":{\"@type\":\"WebPage\",\"@id\":\"https:\/\/zwaik.com\/es\/areas-de-practica\/\",\"url\":\"https:\/\/zwaik.com\/es\/areas-de-practica\/\",\"name\":\"Areas de pr\\u00e1ctica\"}},{\"@type\":\"ListItem\",\"position\":3,\"item\":{\"@type\":\"WebPage\",\"@id\":\"https:\/\/zwaik.com\/es\/areas-de-practica\/inmigracion-empresarial\/\",\"url\":\"https:\/\/zwaik.com\/es\/areas-de-practica\/inmigracion-empresarial\/\",\"name\":\"Inmigracion Empresarial\"}}]}]}<\/script>\n<!-- \/ Yoast SEO plugin. -->","_links":{"self":[{"href":"https:\/\/zwaik.com\/es\/wp-json\/wp\/v2\/pages\/358"}],"collection":[{"href":"https:\/\/zwaik.com\/es\/wp-json\/wp\/v2\/pages"}],"about":[{"href":"https:\/\/zwaik.com\/es\/wp-json\/wp\/v2\/types\/page"}],"author":[{"embeddable":true,"href":"https:\/\/zwaik.com\/es\/wp-json\/wp\/v2\/users\/1"}],"replies":[{"embeddable":true,"href":"https:\/\/zwaik.com\/es\/wp-json\/wp\/v2\/comments?post=358"}],"version-history":[{"count":6,"href":"https:\/\/zwaik.com\/es\/wp-json\/wp\/v2\/pages\/358\/revisions"}],"predecessor-version":[{"id":1767,"href":"https:\/\/zwaik.com\/es\/wp-json\/wp\/v2\/pages\/358\/revisions\/1767"}],"up":[{"embeddable":true,"href":"https:\/\/zwaik.com\/es\/wp-json\/wp\/v2\/pages\/1467"}],"wp:attachment":[{"href":"https:\/\/zwaik.com\/es\/wp-json\/wp\/v2\/media?parent=358"}],"curies":[{"name":"wp","href":"https:\/\/api.w.org\/{rel}","templated":true}]}}