{"id":1612,"date":"2021-02-16T14:12:28","date_gmt":"2021-02-16T14:12:28","guid":{"rendered":"http:\/\/zwaik.turkishi.com\/?page_id=1612"},"modified":"2021-02-16T14:12:28","modified_gmt":"2021-02-16T14:12:28","slug":"exenciones-de-condenas-penales","status":"publish","type":"page","link":"https:\/\/zwaik.com\/es\/areas-de-practica\/litigios-de-inmigracion\/exenciones-de-condenas-penales\/","title":{"rendered":"Exenciones de Condenas Penales"},"content":{"rendered":"<p>Las condenas por delitos relativamente menores pueden ser pasadas por alto por la inmigraci\u00f3n estadounidense bajo la excepci\u00f3n de \u00abdelito menor\u00bb. Las condenas m\u00e1s graves, en particular las que implican \u00abturpitud moral\u00bb, como condenas relacionadas con drogas, violencia o penas de prisi\u00f3n de m\u00e1s de 6 meses a menudo requerir\u00e1n una exenci\u00f3n y los delitos m\u00e1s graves, conocidos como \u00abdelitos agravados\u00bb pueden hacer imposible obtener una visa porque la exenci\u00f3n puede no estar disponible.<\/p>\n<p>Las condenas que involucran turpitud moral (CIMT) a menudo dar\u00e1n lugar a que los inmigrantes sean colocados en procedimientos de expulsi\u00f3n (deportaci\u00f3n). Esto puede incluir condenas que se remontan a muchos a\u00f1os atr\u00e1s y puede dirigirse a residentes permanentes que han vivido en los EE.UU. muchos a\u00f1os y tienen amplios lazos familiares y de negocios. A menudo el inmigrante desencadenar\u00e1 el proceso de deportaci\u00f3n viajando al extranjero o solicitando naturalizaci\u00f3n.<\/p>\n<p>Las exenciones que implican condenas penales se encuentran entre los temas de inmigraci\u00f3n m\u00e1s complicados bajo la ley y siempre requerir\u00e1n la experiencia de un abogado de inmigraci\u00f3n bien informado y experimentado. Esto puede requerir trabajar con su abogado penalista incluso antes de que se presente una declaraci\u00f3n. Una defensa exitosa a menudo depender\u00e1 de varios factores, incluyendo la naturaleza del crimen, la disponibilidad de parientes cercanos y muchos factores discrecionales, incluyendo dificultades m\u00e9dicas, financieras y otras dificultades.<\/p>\n","protected":false},"excerpt":{"rendered":"<p>Las condenas por delitos relativamente menores pueden ser pasadas por alto por la inmigraci\u00f3n estadounidense bajo la excepci\u00f3n de \u00abdelito menor\u00bb. Las condenas m\u00e1s graves, en particular las que implican \u00abturpitud moral\u00bb, como condenas relacionadas con drogas, violencia o penas de prisi\u00f3n de m\u00e1s de 6 meses a menudo requerir\u00e1n una exenci\u00f3n y los delitos&#8230;<\/p>\n","protected":false},"author":1,"featured_media":0,"parent":1519,"menu_order":0,"comment_status":"closed","ping_status":"closed","template":"","meta":[],"yoast_head":"<!-- This site is optimized with the Yoast SEO plugin v16.1.1 - https:\/\/yoast.com\/wordpress\/plugins\/seo\/ -->\n<title>Exenciones de Condenas Penales - Zwaik<\/title>\n<meta name=\"robots\" content=\"index, follow, max-snippet:-1, max-image-preview:large, max-video-preview:-1\" \/>\n<link rel=\"canonical\" href=\"https:\/\/zwaik.com\/es\/areas-de-practica\/litigios-de-inmigracion\/exenciones-de-condenas-penales\/\" \/>\n<meta property=\"og:locale\" content=\"es_ES\" \/>\n<meta property=\"og:type\" content=\"article\" \/>\n<meta property=\"og:title\" content=\"Exenciones de Condenas Penales - Zwaik\" \/>\n<meta property=\"og:description\" content=\"Las condenas por delitos relativamente menores pueden ser pasadas por alto por la inmigraci\u00f3n estadounidense bajo la excepci\u00f3n de \u00abdelito menor\u00bb. Las condenas m\u00e1s graves, en particular las que implican \u00abturpitud moral\u00bb, como condenas relacionadas con drogas, violencia o penas de prisi\u00f3n de m\u00e1s de 6 meses a menudo requerir\u00e1n una exenci\u00f3n y los delitos...\" \/>\n<meta property=\"og:url\" content=\"https:\/\/zwaik.com\/es\/areas-de-practica\/litigios-de-inmigracion\/exenciones-de-condenas-penales\/\" \/>\n<meta property=\"og:site_name\" content=\"Zwaik\" \/>\n<meta name=\"twitter:card\" content=\"summary_large_image\" \/>\n<meta name=\"twitter:label1\" content=\"Tiempo de lectura\">\n\t<meta name=\"twitter:data1\" content=\"1 minuto\">\n<script type=\"application\/ld+json\" class=\"yoast-schema-graph\">{\"@context\":\"https:\/\/schema.org\",\"@graph\":[{\"@type\":\"WebSite\",\"@id\":\"https:\/\/zwaik.com\/tr\/#website\",\"url\":\"https:\/\/zwaik.com\/tr\/\",\"name\":\"Zwaik\",\"description\":\"Attorney At Law\",\"potentialAction\":[{\"@type\":\"SearchAction\",\"target\":\"https:\/\/zwaik.com\/tr\/?s={search_term_string}\",\"query-input\":\"required name=search_term_string\"}],\"inLanguage\":\"es\"},{\"@type\":\"WebPage\",\"@id\":\"https:\/\/zwaik.com\/es\/areas-de-practica\/litigios-de-inmigracion\/exenciones-de-condenas-penales\/#webpage\",\"url\":\"https:\/\/zwaik.com\/es\/areas-de-practica\/litigios-de-inmigracion\/exenciones-de-condenas-penales\/\",\"name\":\"Exenciones de Condenas Penales - Zwaik\",\"isPartOf\":{\"@id\":\"https:\/\/zwaik.com\/tr\/#website\"},\"datePublished\":\"2021-02-16T14:12:28+00:00\",\"dateModified\":\"2021-02-16T14:12:28+00:00\",\"breadcrumb\":{\"@id\":\"https:\/\/zwaik.com\/es\/areas-de-practica\/litigios-de-inmigracion\/exenciones-de-condenas-penales\/#breadcrumb\"},\"inLanguage\":\"es\",\"potentialAction\":[{\"@type\":\"ReadAction\",\"target\":[\"https:\/\/zwaik.com\/es\/areas-de-practica\/litigios-de-inmigracion\/exenciones-de-condenas-penales\/\"]}]},{\"@type\":\"BreadcrumbList\",\"@id\":\"https:\/\/zwaik.com\/es\/areas-de-practica\/litigios-de-inmigracion\/exenciones-de-condenas-penales\/#breadcrumb\",\"itemListElement\":[{\"@type\":\"ListItem\",\"position\":1,\"item\":{\"@type\":\"WebPage\",\"@id\":\"https:\/\/zwaik.com\/es\/\",\"url\":\"https:\/\/zwaik.com\/es\/\",\"name\":\"Ana sayfa\"}},{\"@type\":\"ListItem\",\"position\":2,\"item\":{\"@type\":\"WebPage\",\"@id\":\"https:\/\/zwaik.com\/es\/areas-de-practica\/\",\"url\":\"https:\/\/zwaik.com\/es\/areas-de-practica\/\",\"name\":\"Areas de pr\\u00e1ctica\"}},{\"@type\":\"ListItem\",\"position\":3,\"item\":{\"@type\":\"WebPage\",\"@id\":\"https:\/\/zwaik.com\/es\/areas-de-practica\/litigios-de-inmigracion\/\",\"url\":\"https:\/\/zwaik.com\/es\/areas-de-practica\/litigios-de-inmigracion\/\",\"name\":\"Litigios de inmigraci\\u00f3n\"}},{\"@type\":\"ListItem\",\"position\":4,\"item\":{\"@type\":\"WebPage\",\"@id\":\"https:\/\/zwaik.com\/es\/areas-de-practica\/litigios-de-inmigracion\/exenciones-de-condenas-penales\/\",\"url\":\"https:\/\/zwaik.com\/es\/areas-de-practica\/litigios-de-inmigracion\/exenciones-de-condenas-penales\/\",\"name\":\"Exenciones de Condenas Penales\"}}]}]}<\/script>\n<!-- \/ Yoast SEO plugin. -->","_links":{"self":[{"href":"https:\/\/zwaik.com\/es\/wp-json\/wp\/v2\/pages\/1612"}],"collection":[{"href":"https:\/\/zwaik.com\/es\/wp-json\/wp\/v2\/pages"}],"about":[{"href":"https:\/\/zwaik.com\/es\/wp-json\/wp\/v2\/types\/page"}],"author":[{"embeddable":true,"href":"https:\/\/zwaik.com\/es\/wp-json\/wp\/v2\/users\/1"}],"replies":[{"embeddable":true,"href":"https:\/\/zwaik.com\/es\/wp-json\/wp\/v2\/comments?post=1612"}],"version-history":[{"count":2,"href":"https:\/\/zwaik.com\/es\/wp-json\/wp\/v2\/pages\/1612\/revisions"}],"predecessor-version":[{"id":1614,"href":"https:\/\/zwaik.com\/es\/wp-json\/wp\/v2\/pages\/1612\/revisions\/1614"}],"up":[{"embeddable":true,"href":"https:\/\/zwaik.com\/es\/wp-json\/wp\/v2\/pages\/1519"}],"wp:attachment":[{"href":"https:\/\/zwaik.com\/es\/wp-json\/wp\/v2\/media?parent=1612"}],"curies":[{"name":"wp","href":"https:\/\/api.w.org\/{rel}","templated":true}]}}