{"id":1606,"date":"2021-02-16T14:10:43","date_gmt":"2021-02-16T14:10:43","guid":{"rendered":"http:\/\/zwaik.turkishi.com\/?page_id=1606"},"modified":"2021-02-16T14:10:43","modified_gmt":"2021-02-16T14:10:43","slug":"violaciones-de-inmigracion","status":"publish","type":"page","link":"https:\/\/zwaik.com\/es\/areas-de-practica\/litigios-de-inmigracion\/violaciones-de-inmigracion\/","title":{"rendered":"Violaciones de inmigraci\u00f3n"},"content":{"rendered":"<p>Las personas que de otra manera son elegibles para una visa temporal, de no inmigrante o para una visa permanente (tarjeta verde) sin embargo, se les puede negar la aprobaci\u00f3n de visa debido a violaciones de inmigraci\u00f3n previas o condenas penales. Ciertas condenas penales pueden ser lo suficientemente graves como para resultar en procedimientos de expulsi\u00f3n, incluso para las personas que han sido residentes permanentes durante muchos a\u00f1os. A menudo, estas transgresiones pueden ser perdonadas a trav\u00e9s de la aprobaci\u00f3n de una renuncia o perd\u00f3n de la ofensa. Estas exenciones surgen debido a muchas circunstancias diferentes, pero generalmente tienen un requisito com\u00fan: el solicitante debe probar que el hecho de no conceder la exenci\u00f3n resultar\u00e1 en dificultades extremas para un pariente familiar cercano que es ciudadano estadounidense o residente permanente legal.<br \/>\nRevisamos brevemente las situaciones m\u00e1s importantes en las que surgen solicitudes de exenci\u00f3n.<\/p>\n<h3>\nPresencia ilegal<\/h3>\n<p>El mayor obst\u00e1culo para el estatus migratorio legal para la mayor\u00eda de los solicitantes es la acumulaci\u00f3n de \u00abestatus ilegal\u00bb. Por lo general, si usted ha estado ilegalmente presente en los EE.UU. por m\u00e1s de 6 meses, activar\u00e1 una barra de 3 a\u00f1os para volver a entrar una vez que salga de los EE.UU.; la presencia ilegal de m\u00e1s de 1 a\u00f1o desencadenar\u00e1 una barra de 10 a\u00f1os para volver a entrar. Dado que la ley generalmente requiere que usted deje los EE.UU. para \u00abser legal\u00bb si actualmente es ilegal o \u00abfuera de estatus\u00bb en los EE.UU., es probable que active las barras de 3 o 10 a\u00f1os para obtener una tarjeta verde o para calificar para visa de no inmigrante. Hay varias excepciones importantes a esta regla (como el matrimonio con un ciudadano estadounidense junto con una entrada legal) Presencia ilegal a menudo se convierte en un bar a la residencia permanente u otro estatus legal en los EE.UU. si usted ingres\u00f3 ilegalmente o viol\u00f3 los t\u00e9rminos de su admisi\u00f3n legal. Sin embargo, hay una exenci\u00f3n disponible si usted tiene un \u00abpariente calificado\u00bb que es un padre o c\u00f3nyuge y es un ciudadano estadounidense o residente permanente y puede probar que el hecho de no obtener el estatus migratorio aplicable resultar\u00eda en dificultades extremas para el pariente calificado. Las regulaciones actuales pueden permitirle solicitar esta exenci\u00f3n en los EE.UU. en lugar de esperar en el extranjero para una aprobaci\u00f3n con el riesgo obvio de que si se deniega la exenci\u00f3n, usted est\u00e1 varado fuera de los EE.UU. Adem\u00e1s, estas solicitudes se presentan ante una oficina central de USCIS en los Estados Unidos, lo que resulta en adjudicaciones m\u00e1s estandarizadas y una tasa de aprobaci\u00f3n m\u00e1s alta que en el pasado.<\/p>\n<h3>\nFraude de inmigraci\u00f3n<\/h3>\n<p>Una amplia variedad de declaraciones falsas, documentos inapropiados o alterados y mentiras directas que se incluyen en las solicitudes de inmigraci\u00f3n pueden resultar en una constataci\u00f3n de fraude de visa y una denegaci\u00f3n de un beneficio de inmigraci\u00f3n. Entrar o intentar ingresar a los EE.UU. con un pasaporte falso o no revelar un nombre anterior o solicitud de inmigraci\u00f3n son ejemplos comunes. Algunos fraudes migratorios pueden ser superados a trav\u00e9s de una exenci\u00f3n si usted puede mostrar dificultades extremas a un padre o c\u00f3nyuge que es un ciudadano de los Estados Unidos o un residente permanente. Este proceso de exenci\u00f3n es similar pero no id\u00e9ntico al proceso de exenci\u00f3n para superar las barras de presencia ilegal.<\/p>\n<h3>\nCondenas penales<\/h3>\n<p>Las condenas por delitos relativamente menores pueden ser pasadas por alto por la inmigraci\u00f3n estadounidense bajo la excepci\u00f3n de \u00abdelito menor\u00bb. Las condenas m\u00e1s graves, particularmente aquellas que involucran \u00abturpitud moral\u00bb como condenas que involucran drogas, violencia o penas de prisi\u00f3n de m\u00e1s de 6 meses a menudo requerir\u00e1n una exenci\u00f3n y los delitos m\u00e1s graves, conocidos como \u00abdelitos agravados\u00bb pueden hacer que no sea elegible para una exenci\u00f3n. Las exenciones que implican condenas penales se encuentran entre los temas de inmigraci\u00f3n m\u00e1s complicados bajo la ley y siempre requerir\u00e1n la experiencia de un abogado de inmigraci\u00f3n bien informado y experimentado, preferiblemente trabajando con su abogado penalista incluso antes de que se ingrese una declaraci\u00f3n. Estas exenciones difieren de las exenciones descritas anteriormente en muchos aspectos, incluyendo el hecho de que un ni\u00f1o que es un ciudadano estadounidense o residente permanente puede servir como pariente calificado.<\/p>\n<h3>\nDeportaciones previas<\/h3>\n<p>La mayor\u00eda de los pedidos de deportaci\u00f3n dan como resultado una barra de 10 a\u00f1os que debe ser ser servida fuera de los EE.UU. Volver a entrar sin una visa durante este per\u00edodo puede resultar en una barra permanente. Sin embargo, en algunos casos puede ser posible solicitar una exenci\u00f3n de esta barra mientras est\u00e9 en los Estados Unidos, especialmente si se hace junto con una renuncia a la barra de presencia ilegal. Como alternativa final, es posible que deba salir de los EE. UU. y permanecer fuera hasta que se apruebe una exenci\u00f3n.<\/p>\n","protected":false},"excerpt":{"rendered":"<p>Las personas que de otra manera son elegibles para una visa temporal, de no inmigrante o para una visa permanente (tarjeta verde) sin embargo, se les puede negar la aprobaci\u00f3n de visa debido a violaciones de inmigraci\u00f3n previas o condenas penales. Ciertas condenas penales pueden ser lo suficientemente graves como para resultar en procedimientos de&#8230;<\/p>\n","protected":false},"author":1,"featured_media":0,"parent":1519,"menu_order":0,"comment_status":"closed","ping_status":"closed","template":"","meta":[],"yoast_head":"<!-- This site is optimized with the Yoast SEO plugin v16.1.1 - https:\/\/yoast.com\/wordpress\/plugins\/seo\/ -->\n<title>Violaciones de inmigraci\u00f3n - Zwaik<\/title>\n<meta name=\"robots\" content=\"index, follow, max-snippet:-1, max-image-preview:large, max-video-preview:-1\" \/>\n<link rel=\"canonical\" href=\"https:\/\/zwaik.com\/es\/areas-de-practica\/litigios-de-inmigracion\/violaciones-de-inmigracion\/\" \/>\n<meta property=\"og:locale\" content=\"es_ES\" \/>\n<meta property=\"og:type\" content=\"article\" \/>\n<meta property=\"og:title\" content=\"Violaciones de inmigraci\u00f3n - Zwaik\" \/>\n<meta property=\"og:description\" content=\"Las personas que de otra manera son elegibles para una visa temporal, de no inmigrante o para una visa permanente (tarjeta verde) sin embargo, se les puede negar la aprobaci\u00f3n de visa debido a violaciones de inmigraci\u00f3n previas o condenas penales. Ciertas condenas penales pueden ser lo suficientemente graves como para resultar en procedimientos de...\" \/>\n<meta property=\"og:url\" content=\"https:\/\/zwaik.com\/es\/areas-de-practica\/litigios-de-inmigracion\/violaciones-de-inmigracion\/\" \/>\n<meta property=\"og:site_name\" content=\"Zwaik\" \/>\n<meta name=\"twitter:card\" content=\"summary_large_image\" \/>\n<meta name=\"twitter:label1\" content=\"Tiempo de lectura\">\n\t<meta name=\"twitter:data1\" content=\"4 minutos\">\n<script type=\"application\/ld+json\" class=\"yoast-schema-graph\">{\"@context\":\"https:\/\/schema.org\",\"@graph\":[{\"@type\":\"WebSite\",\"@id\":\"https:\/\/zwaik.com\/tr\/#website\",\"url\":\"https:\/\/zwaik.com\/tr\/\",\"name\":\"Zwaik\",\"description\":\"Attorney At Law\",\"potentialAction\":[{\"@type\":\"SearchAction\",\"target\":\"https:\/\/zwaik.com\/tr\/?s={search_term_string}\",\"query-input\":\"required name=search_term_string\"}],\"inLanguage\":\"es\"},{\"@type\":\"WebPage\",\"@id\":\"https:\/\/zwaik.com\/es\/areas-de-practica\/litigios-de-inmigracion\/violaciones-de-inmigracion\/#webpage\",\"url\":\"https:\/\/zwaik.com\/es\/areas-de-practica\/litigios-de-inmigracion\/violaciones-de-inmigracion\/\",\"name\":\"Violaciones de inmigraci\\u00f3n - Zwaik\",\"isPartOf\":{\"@id\":\"https:\/\/zwaik.com\/tr\/#website\"},\"datePublished\":\"2021-02-16T14:10:43+00:00\",\"dateModified\":\"2021-02-16T14:10:43+00:00\",\"breadcrumb\":{\"@id\":\"https:\/\/zwaik.com\/es\/areas-de-practica\/litigios-de-inmigracion\/violaciones-de-inmigracion\/#breadcrumb\"},\"inLanguage\":\"es\",\"potentialAction\":[{\"@type\":\"ReadAction\",\"target\":[\"https:\/\/zwaik.com\/es\/areas-de-practica\/litigios-de-inmigracion\/violaciones-de-inmigracion\/\"]}]},{\"@type\":\"BreadcrumbList\",\"@id\":\"https:\/\/zwaik.com\/es\/areas-de-practica\/litigios-de-inmigracion\/violaciones-de-inmigracion\/#breadcrumb\",\"itemListElement\":[{\"@type\":\"ListItem\",\"position\":1,\"item\":{\"@type\":\"WebPage\",\"@id\":\"https:\/\/zwaik.com\/es\/\",\"url\":\"https:\/\/zwaik.com\/es\/\",\"name\":\"Ana sayfa\"}},{\"@type\":\"ListItem\",\"position\":2,\"item\":{\"@type\":\"WebPage\",\"@id\":\"https:\/\/zwaik.com\/es\/areas-de-practica\/\",\"url\":\"https:\/\/zwaik.com\/es\/areas-de-practica\/\",\"name\":\"Areas de pr\\u00e1ctica\"}},{\"@type\":\"ListItem\",\"position\":3,\"item\":{\"@type\":\"WebPage\",\"@id\":\"https:\/\/zwaik.com\/es\/areas-de-practica\/litigios-de-inmigracion\/\",\"url\":\"https:\/\/zwaik.com\/es\/areas-de-practica\/litigios-de-inmigracion\/\",\"name\":\"Litigios de inmigraci\\u00f3n\"}},{\"@type\":\"ListItem\",\"position\":4,\"item\":{\"@type\":\"WebPage\",\"@id\":\"https:\/\/zwaik.com\/es\/areas-de-practica\/litigios-de-inmigracion\/violaciones-de-inmigracion\/\",\"url\":\"https:\/\/zwaik.com\/es\/areas-de-practica\/litigios-de-inmigracion\/violaciones-de-inmigracion\/\",\"name\":\"Violaciones de inmigraci\\u00f3n\"}}]}]}<\/script>\n<!-- \/ Yoast SEO plugin. -->","_links":{"self":[{"href":"https:\/\/zwaik.com\/es\/wp-json\/wp\/v2\/pages\/1606"}],"collection":[{"href":"https:\/\/zwaik.com\/es\/wp-json\/wp\/v2\/pages"}],"about":[{"href":"https:\/\/zwaik.com\/es\/wp-json\/wp\/v2\/types\/page"}],"author":[{"embeddable":true,"href":"https:\/\/zwaik.com\/es\/wp-json\/wp\/v2\/users\/1"}],"replies":[{"embeddable":true,"href":"https:\/\/zwaik.com\/es\/wp-json\/wp\/v2\/comments?post=1606"}],"version-history":[{"count":2,"href":"https:\/\/zwaik.com\/es\/wp-json\/wp\/v2\/pages\/1606\/revisions"}],"predecessor-version":[{"id":1608,"href":"https:\/\/zwaik.com\/es\/wp-json\/wp\/v2\/pages\/1606\/revisions\/1608"}],"up":[{"embeddable":true,"href":"https:\/\/zwaik.com\/es\/wp-json\/wp\/v2\/pages\/1519"}],"wp:attachment":[{"href":"https:\/\/zwaik.com\/es\/wp-json\/wp\/v2\/media?parent=1606"}],"curies":[{"name":"wp","href":"https:\/\/api.w.org\/{rel}","templated":true}]}}