{"id":1602,"date":"2021-02-16T14:09:41","date_gmt":"2021-02-16T14:09:41","guid":{"rendered":"http:\/\/zwaik.turkishi.com\/?page_id=1602"},"modified":"2021-02-16T14:09:41","modified_gmt":"2021-02-16T14:09:41","slug":"procedimientos-de-deportacion-y-remocion","status":"publish","type":"page","link":"https:\/\/zwaik.com\/es\/areas-de-practica\/litigios-de-inmigracion\/procedimientos-de-deportacion-y-remocion\/","title":{"rendered":"Procedimientos de deportaci\u00f3n y remoci\u00f3n"},"content":{"rendered":"<p>La Administraci\u00f3n Trump ha sido muy agresiva al intentar expulsar a los inmigrantes de los Estados Unidos que buscan asilo, tienen \u00f3rdenes previas de expulsi\u00f3n o cometen incluso delitos menores, como beber y conducir. Las tasas de denegaci\u00f3n de los casos de asilo se han disparado como resultado de las sentencias de la Administraci\u00f3n Trump que han restringido severamente los casos basados en violencia dom\u00e9stica, violencia de pandillas o amenazas a los miembros de la familia.<br \/>\nNuestro personal de abogados de inmigraci\u00f3n experimentados est\u00e1 en la Corte de Inmigraci\u00f3n casi todos los d\u00edas laborables, luchando por los inmigrantes que est\u00e1n en los procedimientos. Entendemos que para muchos inmigrantes, regresar a su pa\u00eds de origen puede resultar en dificultades o muertes extraordinarias. Si el juez de inmigraci\u00f3n emite una orden de expulsi\u00f3n, a menudo recomendamos apelar a la Junta de Apelaciones de Inmigraci\u00f3n o a los tribunales federales con la esperanza de que una administraci\u00f3n m\u00e1s comprensiva pueda revisar estos casos en el futuro.<\/p>\n<p>La ley establece que los no ciudadanos, incluidos los residentes permanentes (o \u00abtitulares de la tarjeta verde\u00bb) pueden ser deportados o retirados de los Estados Unidos por diversas violaciones de inmigraci\u00f3n. La lista de estas violaciones es extensa e incluye ciertos asuntos obvios, como entrar o permanecer en los Estados Unidos sin autorizaci\u00f3n para violaciones menos obvias, como condenas por delitos relativamente menores y no violentos. Los derechos legales de un inmigrante pueden variar dr\u00e1sticamente dependiendo de c\u00f3mo, cu\u00e1ndo y d\u00f3nde son detenidos por los funcionarios de inmigraci\u00f3n. Una persona detenida que intenta entrar en los Estados Unidos, por ejemplo, puede ser detenida y removida sin el beneficio de un abogado bajo un proceso conocido como Remoci\u00f3n Acelerada.<br \/>\nEl gobierno no puede remover a una persona bajo expulsi\u00f3n expedita que ya vive en los Estados Unidos, ya residente permanente o si esa persona solicita asilo pol\u00edtico. En estos casos, el inmigrante tiene derecho a una audiencia ante un juez de inmigraci\u00f3n con el derecho de tener un abogado presente durante cada etapa de este procedimiento.<\/p>\n<p><strong>CONSULTAR CON UN ABOGADO DE INMIGRACI\u00d3N DE EXPERIENCIA ES FUNDAMENTAL CADA VEZ QUE UN INDIVIDUO ES COLOCADO EN UN PROCESO DE REMOCI\u00d3N. UN INMIGRANTE NO DEBE PROPORCIONAR NINGUNA INFORMACION A UN OFICIAL DE INMIGRACI\u00d3N QUE NO SEA SUS DOCUMENTOS DE IDENTIDAD SIN HABLAR CON UN ABOGADO!!!!!!!<\/strong><\/p>\n<p>Incluso si es deportable, la deportaci\u00f3n puede prevenirse en muchos casos, particularmente si hay un temor bien fundado a la persecuci\u00f3n en el pa\u00eds de origen, si el individuo es abandonado en los EE.UU. y menos de 21 a\u00f1os de edad, tiene ciertos miembros cercanos de la familia de los Estados Unidos en los EE.UU., o tiene otros factores clave o dificultades inusuales como m\u00e1s de 10 a\u00f1os de presencia f\u00edsica en los EE.UU. y dificultades extremas para un padre , c\u00f3nyuge o hijo que sea residente permanente o ciudadano estadounidense.<br \/>\nUn inmigrante detenido tendr\u00e1 acceso a un tel\u00e9fono. Antes de hacer una llamada, la persona detenida debe tomar nota de d\u00f3nde est\u00e1 detenido, la \u00abA\u00bb o el n\u00famero de archivo asignado al caso, y ser capaz de explicar las circunstancias en las que fueron recogidos a familiares o amigos. Una vez que un abogado es retenido, ese abogado ser\u00e1 capaz de hablar y reunirse con el inmigrante y ayudar a preparar la defensa. En la mayor\u00eda de los casos, esto puede incluir una solicitud de fianza que permitir\u00e1 la liberaci\u00f3n de la detenci\u00f3n mientras el caso funciona a trav\u00e9s de la corte de inmigraci\u00f3n.<br \/>\nAunque los plazos difieren entre los tribunales de inmigraci\u00f3n en todo el pa\u00eds, muchos casos de inmigraci\u00f3n est\u00e1n tardando m\u00e1s de dos a\u00f1os en resolverse y algunos tardan muchos a\u00f1os m\u00e1s, particularmente si el caso es negado por la Corte de Inmigraci\u00f3n y se hace la apelaci\u00f3n a la Junta de Apelaciones de Inmigraci\u00f3n. M\u00e1s importante a\u00fan, las posibilidades de luchar con \u00e9xito contra la deportaci\u00f3n a menudo depender\u00e1n del juez asignado al caso.<\/p>\n","protected":false},"excerpt":{"rendered":"<p>La Administraci\u00f3n Trump ha sido muy agresiva al intentar expulsar a los inmigrantes de los Estados Unidos que buscan asilo, tienen \u00f3rdenes previas de expulsi\u00f3n o cometen incluso delitos menores, como beber y conducir. Las tasas de denegaci\u00f3n de los casos de asilo se han disparado como resultado de las sentencias de la Administraci\u00f3n Trump&#8230;<\/p>\n","protected":false},"author":1,"featured_media":0,"parent":1519,"menu_order":0,"comment_status":"closed","ping_status":"closed","template":"","meta":[],"yoast_head":"<!-- This site is optimized with the Yoast SEO plugin v16.1.1 - https:\/\/yoast.com\/wordpress\/plugins\/seo\/ -->\n<title>Procedimientos de deportaci\u00f3n y remoci\u00f3n - Zwaik<\/title>\n<meta name=\"robots\" content=\"index, follow, max-snippet:-1, max-image-preview:large, max-video-preview:-1\" \/>\n<link rel=\"canonical\" href=\"https:\/\/zwaik.com\/es\/areas-de-practica\/litigios-de-inmigracion\/procedimientos-de-deportacion-y-remocion\/\" \/>\n<meta property=\"og:locale\" content=\"es_ES\" \/>\n<meta property=\"og:type\" content=\"article\" \/>\n<meta property=\"og:title\" content=\"Procedimientos de deportaci\u00f3n y remoci\u00f3n - Zwaik\" \/>\n<meta property=\"og:description\" content=\"La Administraci\u00f3n Trump ha sido muy agresiva al intentar expulsar a los inmigrantes de los Estados Unidos que buscan asilo, tienen \u00f3rdenes previas de expulsi\u00f3n o cometen incluso delitos menores, como beber y conducir. Las tasas de denegaci\u00f3n de los casos de asilo se han disparado como resultado de las sentencias de la Administraci\u00f3n Trump...\" \/>\n<meta property=\"og:url\" content=\"https:\/\/zwaik.com\/es\/areas-de-practica\/litigios-de-inmigracion\/procedimientos-de-deportacion-y-remocion\/\" \/>\n<meta property=\"og:site_name\" content=\"Zwaik\" \/>\n<meta name=\"twitter:card\" content=\"summary_large_image\" \/>\n<meta name=\"twitter:label1\" content=\"Tiempo de lectura\">\n\t<meta name=\"twitter:data1\" content=\"4 minutos\">\n<script type=\"application\/ld+json\" class=\"yoast-schema-graph\">{\"@context\":\"https:\/\/schema.org\",\"@graph\":[{\"@type\":\"WebSite\",\"@id\":\"https:\/\/zwaik.com\/tr\/#website\",\"url\":\"https:\/\/zwaik.com\/tr\/\",\"name\":\"Zwaik\",\"description\":\"Attorney At Law\",\"potentialAction\":[{\"@type\":\"SearchAction\",\"target\":\"https:\/\/zwaik.com\/tr\/?s={search_term_string}\",\"query-input\":\"required name=search_term_string\"}],\"inLanguage\":\"es\"},{\"@type\":\"WebPage\",\"@id\":\"https:\/\/zwaik.com\/es\/areas-de-practica\/litigios-de-inmigracion\/procedimientos-de-deportacion-y-remocion\/#webpage\",\"url\":\"https:\/\/zwaik.com\/es\/areas-de-practica\/litigios-de-inmigracion\/procedimientos-de-deportacion-y-remocion\/\",\"name\":\"Procedimientos de deportaci\\u00f3n y remoci\\u00f3n - Zwaik\",\"isPartOf\":{\"@id\":\"https:\/\/zwaik.com\/tr\/#website\"},\"datePublished\":\"2021-02-16T14:09:41+00:00\",\"dateModified\":\"2021-02-16T14:09:41+00:00\",\"breadcrumb\":{\"@id\":\"https:\/\/zwaik.com\/es\/areas-de-practica\/litigios-de-inmigracion\/procedimientos-de-deportacion-y-remocion\/#breadcrumb\"},\"inLanguage\":\"es\",\"potentialAction\":[{\"@type\":\"ReadAction\",\"target\":[\"https:\/\/zwaik.com\/es\/areas-de-practica\/litigios-de-inmigracion\/procedimientos-de-deportacion-y-remocion\/\"]}]},{\"@type\":\"BreadcrumbList\",\"@id\":\"https:\/\/zwaik.com\/es\/areas-de-practica\/litigios-de-inmigracion\/procedimientos-de-deportacion-y-remocion\/#breadcrumb\",\"itemListElement\":[{\"@type\":\"ListItem\",\"position\":1,\"item\":{\"@type\":\"WebPage\",\"@id\":\"https:\/\/zwaik.com\/es\/\",\"url\":\"https:\/\/zwaik.com\/es\/\",\"name\":\"Ana sayfa\"}},{\"@type\":\"ListItem\",\"position\":2,\"item\":{\"@type\":\"WebPage\",\"@id\":\"https:\/\/zwaik.com\/es\/areas-de-practica\/\",\"url\":\"https:\/\/zwaik.com\/es\/areas-de-practica\/\",\"name\":\"Areas de pr\\u00e1ctica\"}},{\"@type\":\"ListItem\",\"position\":3,\"item\":{\"@type\":\"WebPage\",\"@id\":\"https:\/\/zwaik.com\/es\/areas-de-practica\/litigios-de-inmigracion\/\",\"url\":\"https:\/\/zwaik.com\/es\/areas-de-practica\/litigios-de-inmigracion\/\",\"name\":\"Litigios de inmigraci\\u00f3n\"}},{\"@type\":\"ListItem\",\"position\":4,\"item\":{\"@type\":\"WebPage\",\"@id\":\"https:\/\/zwaik.com\/es\/areas-de-practica\/litigios-de-inmigracion\/procedimientos-de-deportacion-y-remocion\/\",\"url\":\"https:\/\/zwaik.com\/es\/areas-de-practica\/litigios-de-inmigracion\/procedimientos-de-deportacion-y-remocion\/\",\"name\":\"Procedimientos de deportaci\\u00f3n y remoci\\u00f3n\"}}]}]}<\/script>\n<!-- \/ Yoast SEO plugin. -->","_links":{"self":[{"href":"https:\/\/zwaik.com\/es\/wp-json\/wp\/v2\/pages\/1602"}],"collection":[{"href":"https:\/\/zwaik.com\/es\/wp-json\/wp\/v2\/pages"}],"about":[{"href":"https:\/\/zwaik.com\/es\/wp-json\/wp\/v2\/types\/page"}],"author":[{"embeddable":true,"href":"https:\/\/zwaik.com\/es\/wp-json\/wp\/v2\/users\/1"}],"replies":[{"embeddable":true,"href":"https:\/\/zwaik.com\/es\/wp-json\/wp\/v2\/comments?post=1602"}],"version-history":[{"count":2,"href":"https:\/\/zwaik.com\/es\/wp-json\/wp\/v2\/pages\/1602\/revisions"}],"predecessor-version":[{"id":1604,"href":"https:\/\/zwaik.com\/es\/wp-json\/wp\/v2\/pages\/1602\/revisions\/1604"}],"up":[{"embeddable":true,"href":"https:\/\/zwaik.com\/es\/wp-json\/wp\/v2\/pages\/1519"}],"wp:attachment":[{"href":"https:\/\/zwaik.com\/es\/wp-json\/wp\/v2\/media?parent=1602"}],"curies":[{"name":"wp","href":"https:\/\/api.w.org\/{rel}","templated":true}]}}