{"id":1596,"date":"2021-02-16T14:06:51","date_gmt":"2021-02-16T14:06:51","guid":{"rendered":"http:\/\/zwaik.turkishi.com\/?page_id=1596"},"modified":"2021-02-16T14:06:51","modified_gmt":"2021-02-16T14:06:51","slug":"asilo-y-retencion-de-remocion","status":"publish","type":"page","link":"https:\/\/zwaik.com\/es\/areas-de-practica\/litigios-de-inmigracion\/asilo-y-retencion-de-remocion\/","title":{"rendered":"Asilo y Retenci\u00f3n de Remoci\u00f3n"},"content":{"rendered":"<p>Ning\u00fan problema ha definido las pol\u00edticas de inmigraci\u00f3n de la Administraci\u00f3n Trump tanto como sus intentos de restringir las solicitudes de asilo. Desde detener a los ni\u00f1os solicitantes en jaulas en la frontera sur hasta albergar a los solicitantes en M\u00e9xico mientras esperan audiencias de asilo, la actual administraci\u00f3n ha hecho todo lo posible para negar beneficios a las personas que buscan refugio de la persecuci\u00f3n en sus pa\u00edses de origen.<br \/>\nUna serie de decisiones de la administraci\u00f3n ha restringido en gran medida la capacidad de los solicitantes de asilo para obtener ayuda basada en la violencia dom\u00e9stica, la violencia de las pandillas o los ataques basados en v\u00ednculos familiares. Los casos que fueron aprobados rutinariamente por funcionarios de inmigraci\u00f3n o jueces de inmigraci\u00f3n bajo administraciones pasadas ahora se niegan rutinariamente bajo la administraci\u00f3n actual.<br \/>\nPero la batalla contin\u00faa. Luchamos por nuestros clientes en la entrevista de inmigraci\u00f3n, ante los jueces de inmigraci\u00f3n, en la Junta de Apelaciones de Inmigraci\u00f3n, y cuando sea apropiado, ante un juez federal. El caso promedio puede tomar 2-4 a\u00f1os durante los cuales el solicitante es a menudo elegible para la autorizaci\u00f3n de empleo.<\/p>\n<p>A continuaci\u00f3n se examina la disposici\u00f3n b\u00e1sica de la legislaci\u00f3n estadounidense en materia de asilo:<\/p>\n<h3>Asilo<\/h3>\n<p>Un solicitante de asilo debe demostrar que no puede o no est\u00e1 dispuesto a regresar a su pa\u00eds de origen debido a un \u00abmiedo fundado a la persecuci\u00f3n por motivos de raza, religi\u00f3n, nacionalidad, pertenencia a un grupo social o opini\u00f3n pol\u00edtica en particular\u00bb. Esto requiere demostrar que el gobierno del pa\u00eds de origen del solicitante no est\u00e1 dispuesto o no puede proporcionar protecci\u00f3n contra esta persecuci\u00f3n y que el solicitante no puede trasladarse a una zona diferente en el pa\u00eds de origen. La solicitud de asilo debe presentarse en el plazo de un a\u00f1o a partir de la entrada en los Estados Unidos, a menos que las circunstancias cambiadas aumenten despu\u00e9s del per\u00edodo de un a\u00f1o que crea una base para la presentaci\u00f3n tard\u00eda. Si se le concede asilo, el solicitante exitoso puede obtener asilo para un c\u00f3nyuge o cualquier hijo menor de 21 a\u00f1os, incluso si el pariente est\u00e1 fuera de los Estados Unidos. Adem\u00e1s, un asilado exitoso puede solicitar una tarjeta verde un a\u00f1o m\u00e1s tarde y eventualmente para la ciudadan\u00eda estadounidense. La falta de presentaci\u00f3n dentro de un a\u00f1o a menudo limitar\u00e1 al solicitante al alivio menor conocido como Retenci\u00f3n de Remoci\u00f3n.<br \/>\nRecuerde que el asilo es discrecional y los jueces de inmigraci\u00f3n tienen amplia libertad para aprobar o negar casos. Esto se ilustra mejor mediante la revisi\u00f3n de las tasas de denegaci\u00f3n de los jueces de inmigraci\u00f3n que son publicadas en l\u00ednea por TRAC, una organizaci\u00f3n sin fines de lucro que informa las tasas de aprobaci\u00f3n \/ denegaci\u00f3n de todos los jueces de inmigraci\u00f3n experimentados. (trac.syr.edu\/immigration\/reports\/judgereports\/)<\/p>\n<h3>\nRETENCI\u00d3N DE LA EXPULSI\u00d3N<\/h3>\n<p>La retenci\u00f3n de la expulsi\u00f3n, como el asilo, se basa en un temor fundado a la persecuci\u00f3n. A diferencia del asilo, que es discrecional, un juez de inmigraci\u00f3n debe conceder la retenci\u00f3n de la remoci\u00f3n, si el solicitante puede probar su caso. Sin embargo, la retenci\u00f3n requiere una \u00abcarga de la prueba\u00bb mucho mayor. A diferencia de la norma \u00abrazonable\u00bb del asilo en la que una \u00ab10 probabilidad de ser fusilada\u00bb podr\u00eda ser suficiente, un caso de retenci\u00f3n requiere una \u00abprobabilidad clara\u00bb de persecuci\u00f3n futura que significa \u00abm\u00e1s probable que no\u00bb. Si se concede la retenci\u00f3n, el juez emitir\u00e1 una orden de deportaci\u00f3n o remoci\u00f3n, pero \u00abretendr\u00e1\u00bb esa Orden y permitir\u00e1 que el solicitante permanezca en los Estados Unidos y trabaje sin restricciones. Sin embargo, una concesi\u00f3n de retenci\u00f3n no permite al inmigrante solicitar otros miembros de la familia o solicitar la residencia permanente.<\/p>\n","protected":false},"excerpt":{"rendered":"<p>Ning\u00fan problema ha definido las pol\u00edticas de inmigraci\u00f3n de la Administraci\u00f3n Trump tanto como sus intentos de restringir las solicitudes de asilo. Desde detener a los ni\u00f1os solicitantes en jaulas en la frontera sur hasta albergar a los solicitantes en M\u00e9xico mientras esperan audiencias de asilo, la actual administraci\u00f3n ha hecho todo lo posible para&#8230;<\/p>\n","protected":false},"author":1,"featured_media":0,"parent":1519,"menu_order":0,"comment_status":"closed","ping_status":"closed","template":"","meta":[],"yoast_head":"<!-- This site is optimized with the Yoast SEO plugin v16.1.1 - https:\/\/yoast.com\/wordpress\/plugins\/seo\/ -->\n<title>Asilo y Retenci\u00f3n de Remoci\u00f3n - Zwaik<\/title>\n<meta name=\"robots\" content=\"index, follow, max-snippet:-1, max-image-preview:large, max-video-preview:-1\" \/>\n<link rel=\"canonical\" href=\"https:\/\/zwaik.com\/es\/areas-de-practica\/litigios-de-inmigracion\/asilo-y-retencion-de-remocion\/\" \/>\n<meta property=\"og:locale\" content=\"es_ES\" \/>\n<meta property=\"og:type\" content=\"article\" \/>\n<meta property=\"og:title\" content=\"Asilo y Retenci\u00f3n de Remoci\u00f3n - Zwaik\" \/>\n<meta property=\"og:description\" content=\"Ning\u00fan problema ha definido las pol\u00edticas de inmigraci\u00f3n de la Administraci\u00f3n Trump tanto como sus intentos de restringir las solicitudes de asilo. Desde detener a los ni\u00f1os solicitantes en jaulas en la frontera sur hasta albergar a los solicitantes en M\u00e9xico mientras esperan audiencias de asilo, la actual administraci\u00f3n ha hecho todo lo posible para...\" \/>\n<meta property=\"og:url\" content=\"https:\/\/zwaik.com\/es\/areas-de-practica\/litigios-de-inmigracion\/asilo-y-retencion-de-remocion\/\" \/>\n<meta property=\"og:site_name\" content=\"Zwaik\" \/>\n<meta name=\"twitter:card\" content=\"summary_large_image\" \/>\n<meta name=\"twitter:label1\" content=\"Tiempo de lectura\">\n\t<meta name=\"twitter:data1\" content=\"3 minutos\">\n<script type=\"application\/ld+json\" class=\"yoast-schema-graph\">{\"@context\":\"https:\/\/schema.org\",\"@graph\":[{\"@type\":\"WebSite\",\"@id\":\"https:\/\/zwaik.com\/tr\/#website\",\"url\":\"https:\/\/zwaik.com\/tr\/\",\"name\":\"Zwaik\",\"description\":\"Attorney At Law\",\"potentialAction\":[{\"@type\":\"SearchAction\",\"target\":\"https:\/\/zwaik.com\/tr\/?s={search_term_string}\",\"query-input\":\"required name=search_term_string\"}],\"inLanguage\":\"es\"},{\"@type\":\"WebPage\",\"@id\":\"https:\/\/zwaik.com\/es\/areas-de-practica\/litigios-de-inmigracion\/asilo-y-retencion-de-remocion\/#webpage\",\"url\":\"https:\/\/zwaik.com\/es\/areas-de-practica\/litigios-de-inmigracion\/asilo-y-retencion-de-remocion\/\",\"name\":\"Asilo y Retenci\\u00f3n de Remoci\\u00f3n - Zwaik\",\"isPartOf\":{\"@id\":\"https:\/\/zwaik.com\/tr\/#website\"},\"datePublished\":\"2021-02-16T14:06:51+00:00\",\"dateModified\":\"2021-02-16T14:06:51+00:00\",\"breadcrumb\":{\"@id\":\"https:\/\/zwaik.com\/es\/areas-de-practica\/litigios-de-inmigracion\/asilo-y-retencion-de-remocion\/#breadcrumb\"},\"inLanguage\":\"es\",\"potentialAction\":[{\"@type\":\"ReadAction\",\"target\":[\"https:\/\/zwaik.com\/es\/areas-de-practica\/litigios-de-inmigracion\/asilo-y-retencion-de-remocion\/\"]}]},{\"@type\":\"BreadcrumbList\",\"@id\":\"https:\/\/zwaik.com\/es\/areas-de-practica\/litigios-de-inmigracion\/asilo-y-retencion-de-remocion\/#breadcrumb\",\"itemListElement\":[{\"@type\":\"ListItem\",\"position\":1,\"item\":{\"@type\":\"WebPage\",\"@id\":\"https:\/\/zwaik.com\/es\/\",\"url\":\"https:\/\/zwaik.com\/es\/\",\"name\":\"Ana sayfa\"}},{\"@type\":\"ListItem\",\"position\":2,\"item\":{\"@type\":\"WebPage\",\"@id\":\"https:\/\/zwaik.com\/es\/areas-de-practica\/\",\"url\":\"https:\/\/zwaik.com\/es\/areas-de-practica\/\",\"name\":\"Areas de pr\\u00e1ctica\"}},{\"@type\":\"ListItem\",\"position\":3,\"item\":{\"@type\":\"WebPage\",\"@id\":\"https:\/\/zwaik.com\/es\/areas-de-practica\/litigios-de-inmigracion\/\",\"url\":\"https:\/\/zwaik.com\/es\/areas-de-practica\/litigios-de-inmigracion\/\",\"name\":\"Litigios de inmigraci\\u00f3n\"}},{\"@type\":\"ListItem\",\"position\":4,\"item\":{\"@type\":\"WebPage\",\"@id\":\"https:\/\/zwaik.com\/es\/areas-de-practica\/litigios-de-inmigracion\/asilo-y-retencion-de-remocion\/\",\"url\":\"https:\/\/zwaik.com\/es\/areas-de-practica\/litigios-de-inmigracion\/asilo-y-retencion-de-remocion\/\",\"name\":\"Asilo y Retenci\\u00f3n de Remoci\\u00f3n\"}}]}]}<\/script>\n<!-- \/ Yoast SEO plugin. -->","_links":{"self":[{"href":"https:\/\/zwaik.com\/es\/wp-json\/wp\/v2\/pages\/1596"}],"collection":[{"href":"https:\/\/zwaik.com\/es\/wp-json\/wp\/v2\/pages"}],"about":[{"href":"https:\/\/zwaik.com\/es\/wp-json\/wp\/v2\/types\/page"}],"author":[{"embeddable":true,"href":"https:\/\/zwaik.com\/es\/wp-json\/wp\/v2\/users\/1"}],"replies":[{"embeddable":true,"href":"https:\/\/zwaik.com\/es\/wp-json\/wp\/v2\/comments?post=1596"}],"version-history":[{"count":2,"href":"https:\/\/zwaik.com\/es\/wp-json\/wp\/v2\/pages\/1596\/revisions"}],"predecessor-version":[{"id":1598,"href":"https:\/\/zwaik.com\/es\/wp-json\/wp\/v2\/pages\/1596\/revisions\/1598"}],"up":[{"embeddable":true,"href":"https:\/\/zwaik.com\/es\/wp-json\/wp\/v2\/pages\/1519"}],"wp:attachment":[{"href":"https:\/\/zwaik.com\/es\/wp-json\/wp\/v2\/media?parent=1596"}],"curies":[{"name":"wp","href":"https:\/\/api.w.org\/{rel}","templated":true}]}}