{"id":155,"date":"2020-12-15T18:26:07","date_gmt":"2020-12-15T18:26:07","guid":{"rendered":"http:\/\/tr.zwaik.com\/?page_id=155"},"modified":"2021-05-06T11:23:36","modified_gmt":"2021-05-06T11:23:36","slug":"home_es","status":"publish","type":"page","link":"https:\/\/zwaik.com\/es\/","title":{"rendered":"P\u00e1gina de Inici"},"content":{"rendered":"<section class=\"l-section wpb_row height_auto\"><div class=\"l-section-h i-cf\"><div class=\"g-cols vc_row type_default valign_top\"><div class=\"vc_col-sm-12 wpb_column vc_column_container\"><div class=\"vc_column-inner\"><div class=\"wpb_wrapper\">\n\t\t\t<!-- START Home_ES REVOLUTION SLIDER 6.3.0 --><p class=\"rs-p-wp-fix\"><\/p>\n\t\t\t<rs-module-wrap id=\"rev_slider_5_1_wrapper\" data-source=\"gallery\" style=\"background:transparent;padding:0;margin:0px auto;margin-top:0;margin-bottom:0;\">\n\t\t\t\t<rs-module id=\"rev_slider_5_1\" style=\"\" data-version=\"6.3.0\">\n\t\t\t\t\t<rs-slides>\n\t\t\t\t\t\t<rs-slide data-key=\"rs-10\" data-title=\"Slide\" data-anim=\"ei:d;eo:d;s:1000;r:0;t:fade;sl:0;\">\n\t\t\t\t\t\t\t<img src=\"\/\/tr.zwaik.com\/wp-content\/uploads\/2020\/12\/banner_01.jpg\" alt=\"Zwaik\" title=\"Zwaik\" width=\"1920\" height=\"1080\" class=\"rev-slidebg\" data-no-retina>\n<!--\n\t\t\t\t\t\t\t--><rs-layer\n\t\t\t\t\t\t\t\tid=\"slider-5-slide-10-layer-0\" \n\t\t\t\t\t\t\t\tdata-type=\"text\"\n\t\t\t\t\t\t\t\tdata-color=\"#ffffff\"\n\t\t\t\t\t\t\t\tdata-tsh=\"c:rgba(0,0,0,0.67);h:2px;v:2px;b:5px;\"\n\t\t\t\t\t\t\t\tdata-rsp_ch=\"on\"\n\t\t\t\t\t\t\t\tdata-xy=\"x:c;xo:-2px;y:c;yo:-200px;\"\n\t\t\t\t\t\t\t\tdata-text=\"w:normal;s:48;l:50;fw:600;a:center;\"\n\t\t\t\t\t\t\t\tdata-padding=\"t:20;r:20;b:20;l:20;\"\n\t\t\t\t\t\t\t\tdata-frame_999=\"o:0;st:w;\"\n\t\t\t\t\t\t\t\tstyle=\"z-index:5;font-family:Poppins;\"\n\t\t\t\t\t\t\t>HEMOS CONSTRUIDO PUENTES HACIA LOS EE. UU. PARA MILES <br \/>\nDE EMPLEADORES Y DECENAS DE MILES <br \/>\nDE INDIVIDUOS. \n\t\t\t\t\t\t\t<\/rs-layer><!--\n\n\t\t\t\t\t\t\t--><rs-layer\n\t\t\t\t\t\t\t\tid=\"slider-5-slide-10-layer-1\" \n\t\t\t\t\t\t\t\tdata-type=\"text\"\n\t\t\t\t\t\t\t\tdata-color=\"#ffffff\"\n\t\t\t\t\t\t\t\tdata-tsh=\"c:#000000;h:5px;v:3px;b:16px;\"\n\t\t\t\t\t\t\t\tdata-rsp_ch=\"on\"\n\t\t\t\t\t\t\t\tdata-xy=\"x:c;y:c;\"\n\t\t\t\t\t\t\t\tdata-text=\"w:normal;s:55;l:60;fw:900;a:center;\"\n\t\t\t\t\t\t\t\tdata-frame_999=\"o:0;st:w;\"\n\t\t\t\t\t\t\t\tstyle=\"z-index:6;font-family:Roboto;\"\n\t\t\t\t\t\t\t>NOSOTRAS PODEMOS CONSTRUIR UNA PARA TI \n\t\t\t\t\t\t\t<\/rs-layer><!--\n-->\t\t\t\t\t\t<\/rs-slide>\n\t\t\t\t\t<\/rs-slides>\n\t\t\t\t<\/rs-module>\n\t\t\t\t<script type=\"text\/javascript\">\n\t\t\t\t\tsetREVStartSize({c: 'rev_slider_5_1',rl:[1240,1024,778,480],el:[1080],gw:[1920],gh:[1080],type:'hero',justify:'',layout:'fullwidth',mh:\"0\"});\n\t\t\t\t\tvar\trevapi5,\n\t\t\t\t\t\ttpj;\n\t\t\t\t\tfunction revinit_revslider51() {\n\t\t\t\t\tjQuery(function() {\n\t\t\t\t\t\ttpj = jQuery;\n\t\t\t\t\t\trevapi5 = tpj(\"#rev_slider_5_1\");\n\t\t\t\t\t\tif(revapi5==undefined || revapi5.revolution == undefined){\n\t\t\t\t\t\t\trevslider_showDoubleJqueryError(\"rev_slider_5_1\");\n\t\t\t\t\t\t}else{\n\t\t\t\t\t\t\trevapi5.revolution({\n\t\t\t\t\t\t\t\tsliderType:\"hero\",\n\t\t\t\t\t\t\t\tsliderLayout:\"fullwidth\",\n\t\t\t\t\t\t\t\tvisibilityLevels:\"1240,1024,778,480\",\n\t\t\t\t\t\t\t\tgridwidth:1920,\n\t\t\t\t\t\t\t\tgridheight:1080,\n\t\t\t\t\t\t\t\tspinner:\"spinner0\",\n\t\t\t\t\t\t\t\tperspective:600,\n\t\t\t\t\t\t\t\tperspectiveType:\"global\",\n\t\t\t\t\t\t\t\teditorheight:\"1080,768,960,720\",\n\t\t\t\t\t\t\t\tresponsiveLevels:\"1240,1024,778,480\",\n\t\t\t\t\t\t\t\tprogressBar:{disableProgressBar:true},\n\t\t\t\t\t\t\t\tnavigation: {\n\t\t\t\t\t\t\t\t\tonHoverStop:false\n\t\t\t\t\t\t\t\t},\n\t\t\t\t\t\t\t\tfallbacks: {\n\t\t\t\t\t\t\t\t\tallowHTML5AutoPlayOnAndroid:true\n\t\t\t\t\t\t\t\t},\n\t\t\t\t\t\t\t});\n\t\t\t\t\t\t}\n\t\t\t\t\t\t\n\t\t\t\t\t});\n\t\t\t\t\t} \/\/ End of RevInitScript\n\t\t\t\tvar once_revslider51 = false;\n\t\t\t\tif (document.readyState === \"loading\") {document.addEventListener('readystatechange',function() { if((document.readyState === \"interactive\" || document.readyState === \"complete\") && !once_revslider51 ) { once_revslider51 = true; revinit_revslider51();}});} else {once_revslider51 = true; revinit_revslider51();}\n\t\t\t\t<\/script>\n\t\t\t<\/rs-module-wrap>\n\t\t\t<!-- END REVOLUTION SLIDER -->\n<\/div><\/div><\/div><\/div><\/div><\/section><section class=\"l-section wpb_row height_medium\"><div class=\"l-section-h i-cf\"><div class=\"g-cols vc_row type_default valign_top\"><div class=\"vc_col-sm-12 wpb_column vc_column_container\"><div class=\"vc_column-inner\"><div class=\"wpb_wrapper\"><div class=\"g-cols wpb_row  type_default valign_top vc_inner\"><div class=\"vc_col-sm-12 wpb_column vc_column_container\"><div class=\"vc_column-inner\"><div class=\"wpb_wrapper\">[vc_custom_heading text=\u00bbAreas de Pr\u00e1ctica\u00bb font_container=\u00bbtag:h2|text_align:center\u00bb google_fonts=\u00bbfont_family:Montserrat%3Aregular%2C700|font_style:700%20bold%20regular%3A700%3Anormal\u00bb el_class=\u00bbgradient-h\u00bb]<\/div><\/div><\/div><\/div><div class=\"g-cols wpb_row  us_custom_54e7f678 type_default valign_top vc_inner\"><div class=\"vc_col-sm-4 wpb_column vc_column_container has-link\" id=\"uzmanlik-alani-box-shadow\"><div class=\"vc_column-inner us_custom_b48b2d62\"><div class=\"wpb_wrapper\"><div class=\"w-image align_center\"><div class=\"w-image-h\"><img width=\"600\" height=\"400\" src=\"https:\/\/zwaik.com\/wp-content\/uploads\/2020\/12\/ticari-gocmenlik.jpg\" class=\"attachment-full size-full\" alt=\"\" loading=\"lazy\" srcset=\"https:\/\/zwaik.com\/wp-content\/uploads\/2020\/12\/ticari-gocmenlik.jpg 600w, https:\/\/zwaik.com\/wp-content\/uploads\/2020\/12\/ticari-gocmenlik-300x200.jpg 300w\" sizes=\"(max-width: 600px) 100vw, 600px\" \/><\/div><\/div><div class=\"wpb_text_column us_custom_b2452879\" ><div class=\"wpb_wrapper\"><h3 style=\"text-align: left;\">Inmigracion Empresarial<\/h3>\n<\/div><\/div><\/div><a title=\"Yat\u0131r\u0131mc\u0131 Vizesi\" rel=\"nofollow\" href=\"https:\/\/zwaik.com\/es\/areas-de-practica\/inmigracion-empresarial\/\" class=\"vc_column-link smooth-scroll\"><\/a><\/div><\/div><div class=\"vc_col-sm-4 wpb_column vc_column_container has-link\" id=\"uzmanlik-alani-box-shadow\"><div class=\"vc_column-inner us_custom_b48b2d62\"><div class=\"wpb_wrapper\"><div class=\"w-image align_center\"><div class=\"w-image-h\"><img width=\"600\" height=\"400\" src=\"https:\/\/zwaik.com\/wp-content\/uploads\/2020\/12\/aile-temelli-gocmenlik_v2.jpg\" class=\"attachment-full size-full\" alt=\"\" loading=\"lazy\" srcset=\"https:\/\/zwaik.com\/wp-content\/uploads\/2020\/12\/aile-temelli-gocmenlik_v2.jpg 600w, https:\/\/zwaik.com\/wp-content\/uploads\/2020\/12\/aile-temelli-gocmenlik_v2-300x200.jpg 300w\" sizes=\"(max-width: 600px) 100vw, 600px\" \/><\/div><\/div><div class=\"wpb_text_column us_custom_b2452879\" ><div class=\"wpb_wrapper\"><h3 style=\"text-align: left;\">Beneficios familiares, de asilo y otros beneficios de inmigraci\u00f3n<\/h3>\n<\/div><\/div><\/div><a rel=\"nofollow\" href=\"https:\/\/zwaik.com\/es\/areas-de-practica\/beneficios-familiares-de-asilo-y-otros-beneficios-de-inmigracion\/\" class=\"vc_column-link smooth-scroll\" aria-label=\"Enlace\"><\/a><\/div><\/div><div class=\"vc_col-sm-4 wpb_column vc_column_container has-link\" id=\"uzmanlik-alani-box-shadow\"><div class=\"vc_column-inner us_custom_b48b2d62\"><div class=\"wpb_wrapper\"><div class=\"w-image align_center\"><a href=\"rel:nofollow\" aria-label=\"Enlace\" class=\"w-image-h\"><img width=\"600\" height=\"400\" src=\"https:\/\/zwaik.com\/wp-content\/uploads\/2020\/12\/gocmenlik-davasi.jpg\" class=\"attachment-full size-full\" alt=\"\" loading=\"lazy\" srcset=\"https:\/\/zwaik.com\/wp-content\/uploads\/2020\/12\/gocmenlik-davasi.jpg 600w, https:\/\/zwaik.com\/wp-content\/uploads\/2020\/12\/gocmenlik-davasi-300x200.jpg 300w\" sizes=\"(max-width: 600px) 100vw, 600px\" \/><\/a><\/div><div class=\"wpb_text_column us_custom_b2452879\" ><div class=\"wpb_wrapper\"><h3 style=\"text-align: left;\">Litigios de inmigraci\u00f3n<\/h3>\n<\/div><\/div><\/div><a rel=\"nofollow\" href=\"https:\/\/zwaik.com\/es\/areas-de-practica\/litigios-de-inmigracion\/\" class=\"vc_column-link smooth-scroll\" aria-label=\"Enlace\"><\/a><\/div><\/div><\/div><\/div><\/div><\/div><\/div><\/div><\/section><section class=\"l-section wpb_row height_huge\"><div class=\"l-section-h i-cf\"><div class=\"g-cols vc_row type_default valign_top\"><div class=\"vc_col-sm-12 wpb_column vc_column_container\"><div class=\"vc_column-inner\"><div class=\"wpb_wrapper\"><div class=\"g-cols wpb_row  us_custom_f899b3da type_default valign_top vc_inner\"><div class=\"vc_col-sm-12 wpb_column vc_column_container\"><div class=\"vc_column-inner\"><div class=\"wpb_wrapper\"><\/div><\/div><\/div><\/div><\/div><\/div><\/div><\/div><\/div><\/section><!-- Row Backgrounds --><div class=\"upb_content_video\" data-controls-color=\"\" data-controls=\"display_control\" data-viewport-video=\"true\" data-ultimate-video=\"https:\/\/zwaik.com\/wp-content\/uploads\/2021\/04\/Zwaik-Law-Promo.mp4\" data-ultimate-video2=\"\" data-ultimate-video-muted=\"\" data-ultimate-video-loop=\"\" data-ultimate-video-poster=\"\" data-ultimate-video-autoplay=\"autoplay\" data-bg-override=\"0\" data-upb-overlay-color=\"\" data-upb-bg-animation=\"\" data-fadeout=\"\" data-fadeout-percentage=\"30\" data-parallax-content=\"\" data-parallax-content-sense=\"30\" data-row-effect-mobile-disable=\"true\" data-rtl=\"false\" data-img-parallax-mobile-disable=\"true\"  data-custom-vc-row=\"\"  data-vc=\"6.4.2\"  data-is_old_vc=\"\"  data-theme-support=\"\"   data-overlay=\"false\" data-overlay-color=\"\" data-overlay-pattern=\"\" data-overlay-pattern-opacity=\"\" data-overlay-pattern-size=\"\"     data-video_fixer=\"true\"><\/div><section class=\"l-section wpb_row height_medium\"><div class=\"l-section-h i-cf\"><div class=\"g-cols vc_row type_default valign_top\"><div class=\"vc_col-sm-12 wpb_column vc_column_container\"><div class=\"vc_column-inner\"><div class=\"wpb_wrapper\"><div class=\"g-cols wpb_row  type_default valign_top vc_inner\"><div class=\"vc_col-sm-6 wpb_column vc_column_container\"><div class=\"vc_column-inner\"><div class=\"wpb_wrapper\"><div class=\"wpb_text_column\" ><div class=\"wpb_wrapper\"><h3>COMPETENTE<\/h3>\n<ul class=\"list\">\n<li>Establecido en 1980<\/li>\n<li>Pr\u00e1ctica limitada a la ley de inmigraci\u00f3n<\/li>\n<li>Registro de \u00e9xito ante el USCIS, los consulados y los tribunales de inmigraci\u00f3n<\/li>\n<li>Apelaciones exitosas a BIA y Tribunales Federales<\/li>\n<li>Asesoramiento profesional directo y acuerdos de retenci\u00f3n comprensibles.<\/li>\n<\/ul>\n<h3>CONVENIENTE<\/h3>\n<ul class=\"list\">\n<li>Cuatro oficinas en Brooklyn y Long Island<\/li>\n<li>Ocho idiomas hablados<\/li>\n<li>Siete abogados experimentados y m\u00e1s de 25 asistentes legales expertos<\/li>\n<li>Servicios de emergencia disponibles<\/li>\n<\/ul>\n<h3>COMPETITIVO<\/h3>\n<ul class=\"list\">\n<li>Honorarios legales iguales o menores que las empresas de \u00e9xito similar<\/li>\n<li>Tarifas de consulta de bajo costo<\/li>\n<li>Abogados disponibles para todos los tribunales federales y de inmigraci\u00f3n<\/li>\n<\/ul>\n<\/div><\/div><\/div><\/div><\/div><div class=\"vc_col-sm-6 wpb_column vc_column_container\"><div class=\"vc_column-inner\"><div class=\"wpb_wrapper\"><div class=\"w-image align_center\"><div class=\"w-image-h\"><img width=\"642\" height=\"683\" src=\"https:\/\/zwaik.com\/wp-content\/uploads\/2020\/12\/why-we.jpg\" class=\"attachment-full size-full\" alt=\"\" loading=\"lazy\" srcset=\"https:\/\/zwaik.com\/wp-content\/uploads\/2020\/12\/why-we.jpg 642w, https:\/\/zwaik.com\/wp-content\/uploads\/2020\/12\/why-we-282x300.jpg 282w\" sizes=\"(max-width: 642px) 100vw, 642px\" \/><\/div><\/div><\/div><\/div><\/div><\/div><\/div><\/div><\/div><\/div><\/div><\/section>\n","protected":false},"excerpt":{"rendered":"HEMOS CONSTRUIDO PUENTES HACIA LOS EE. UU. PARA MILES DE EMPLEADORES Y DECENAS DE MILES DE INDIVIDUOS. NOSOTRAS PODEMOS CONSTRUIR UNA PARA TI [vc_custom_heading text=\"Areas de Pr\u00e1ctica\" font_container=\"tag:h2|text_align:center\" google_fonts=\"font_family:Montserrat%3Aregular%2C700|font_style:700%20bold%20regular%3A700%3Anormal\" el_class=\"gradient-h\"]Inmigracion Empresarial Beneficios familiares, de asilo y otros beneficios de inmigraci\u00f3n Litigios de inmigraci\u00f3n COMPETENTE Establecido en 1980 Pr\u00e1ctica limitada a la ley de inmigraci\u00f3n Registro...","protected":false},"author":1,"featured_media":0,"parent":0,"menu_order":0,"comment_status":"closed","ping_status":"closed","template":"","meta":[],"yoast_head":"<!-- This site is optimized with the Yoast SEO plugin v16.1.1 - https:\/\/yoast.com\/wordpress\/plugins\/seo\/ -->\n<title>P\u00e1gina de Inici - Zwaik<\/title>\n<meta name=\"robots\" content=\"index, follow, max-snippet:-1, max-image-preview:large, max-video-preview:-1\" \/>\n<link rel=\"canonical\" href=\"https:\/\/zwaik.com\/es\/\" \/>\n<meta property=\"og:locale\" content=\"es_ES\" \/>\n<meta property=\"og:type\" content=\"article\" \/>\n<meta property=\"og:title\" content=\"P\u00e1gina de Inici - Zwaik\" \/>\n<meta property=\"og:url\" content=\"https:\/\/zwaik.com\/es\/\" \/>\n<meta property=\"og:site_name\" content=\"Zwaik\" \/>\n<meta property=\"article:modified_time\" content=\"2021-05-06T11:23:36+00:00\" \/>\n<meta name=\"twitter:card\" content=\"summary_large_image\" \/>\n<meta name=\"twitter:label1\" content=\"Tiempo de lectura\">\n\t<meta name=\"twitter:data1\" content=\"1 minuto\">\n<script type=\"application\/ld+json\" class=\"yoast-schema-graph\">{\"@context\":\"https:\/\/schema.org\",\"@graph\":[{\"@type\":\"WebSite\",\"@id\":\"https:\/\/zwaik.com\/tr\/#website\",\"url\":\"https:\/\/zwaik.com\/tr\/\",\"name\":\"Zwaik\",\"description\":\"Attorney At Law\",\"potentialAction\":[{\"@type\":\"SearchAction\",\"target\":\"https:\/\/zwaik.com\/tr\/?s={search_term_string}\",\"query-input\":\"required name=search_term_string\"}],\"inLanguage\":\"es\"},{\"@type\":\"WebPage\",\"@id\":\"https:\/\/zwaik.com\/es\/#webpage\",\"url\":\"https:\/\/zwaik.com\/es\/\",\"name\":\"P\\u00e1gina de Inici - Zwaik\",\"isPartOf\":{\"@id\":\"https:\/\/zwaik.com\/tr\/#website\"},\"datePublished\":\"2020-12-15T18:26:07+00:00\",\"dateModified\":\"2021-05-06T11:23:36+00:00\",\"breadcrumb\":{\"@id\":\"https:\/\/zwaik.com\/es\/#breadcrumb\"},\"inLanguage\":\"es\",\"potentialAction\":[{\"@type\":\"ReadAction\",\"target\":[\"https:\/\/zwaik.com\/es\/\"]}]},{\"@type\":\"BreadcrumbList\",\"@id\":\"https:\/\/zwaik.com\/es\/#breadcrumb\",\"itemListElement\":[{\"@type\":\"ListItem\",\"position\":1,\"item\":{\"@type\":\"WebPage\",\"@id\":\"https:\/\/zwaik.com\/es\/\",\"url\":\"https:\/\/zwaik.com\/es\/\",\"name\":\"Ana sayfa\"}},{\"@type\":\"ListItem\",\"position\":2,\"item\":{\"@type\":\"WebPage\",\"@id\":\"https:\/\/zwaik.com\/es\/\",\"url\":\"https:\/\/zwaik.com\/es\/\",\"name\":\"P\\u00e1gina de Inici\"}}]}]}<\/script>\n<!-- \/ Yoast SEO plugin. -->","_links":{"self":[{"href":"https:\/\/zwaik.com\/es\/wp-json\/wp\/v2\/pages\/155"}],"collection":[{"href":"https:\/\/zwaik.com\/es\/wp-json\/wp\/v2\/pages"}],"about":[{"href":"https:\/\/zwaik.com\/es\/wp-json\/wp\/v2\/types\/page"}],"author":[{"embeddable":true,"href":"https:\/\/zwaik.com\/es\/wp-json\/wp\/v2\/users\/1"}],"replies":[{"embeddable":true,"href":"https:\/\/zwaik.com\/es\/wp-json\/wp\/v2\/comments?post=155"}],"version-history":[{"count":11,"href":"https:\/\/zwaik.com\/es\/wp-json\/wp\/v2\/pages\/155\/revisions"}],"predecessor-version":[{"id":1766,"href":"https:\/\/zwaik.com\/es\/wp-json\/wp\/v2\/pages\/155\/revisions\/1766"}],"wp:attachment":[{"href":"https:\/\/zwaik.com\/es\/wp-json\/wp\/v2\/media?parent=155"}],"curies":[{"name":"wp","href":"https:\/\/api.w.org\/{rel}","templated":true}]}}