{"id":1499,"date":"2021-02-16T08:02:43","date_gmt":"2021-02-16T08:02:43","guid":{"rendered":"http:\/\/zwaik.turkishi.com\/?page_id=1499"},"modified":"2021-02-16T08:02:43","modified_gmt":"2021-02-16T08:02:43","slug":"estatus-de-proteccion-temporal-tps","status":"publish","type":"page","link":"https:\/\/zwaik.com\/es\/areas-de-practica\/beneficios-familiares-de-asilo-y-otros-beneficios-de-inmigracion\/estatus-de-proteccion-temporal-tps\/","title":{"rendered":"Estatus de Protecci\u00f3n Temporal (TPS)"},"content":{"rendered":"<p>El Estatus de Protecci\u00f3n Temporal (TPS, por susten) proporciona un refugio temporal para los no ciudadanos que viven en los Estados Unidos cuando los desastres naturales o las luchas civiles en sus pa\u00edses de origen hacen que no sea seguro para ellos regresar. Los no ciudadanos a los que se les otorg\u00f3 EL TPS tienen un estatus legal no permanente, que incluye el derecho a vivir y trabajar libremente en los Estados Unidos, evitar la remoci\u00f3n y solicitar la autorizaci\u00f3n de viaje.<\/p>\n<p>Actualmente se designan diez pa\u00edses para el TPS, entre ellos El Salvador, Hait\u00ed, Honduras, Nepal, Nicaragua, Somalia, Sud\u00e1n, Sud\u00e1n del Sur, Siria y Yemen. <\/p>\n<p>La Administraci\u00f3n Trump anunci\u00f3 su intenci\u00f3n de poner fin a TPS para El Salvador, Nicaragua, Honduras, Sud\u00e1n y Hait\u00ed, pero posteriores litigios en los Tribunales de Distrito de los Estados Unidos en California y Nueva York impugnando los intentos de la agencia de poner fin al TPS, dieron lugar a mandamientos preliminares que impedieron al DHS poner fin a la designaci\u00f3n del TPS para Sud\u00e1n, Nicaragua, Hait\u00ed y El Salvador a la espera del resultado del litigio. El \u00faltimo aviso, emitido el 4 de noviembre de 2019, establece que el estatus de TPS permanecer\u00e1 en vigor para El Salvador, Hait\u00ed, Honduras, Nepal, Nicaragua y Sud\u00e1n hasta el 4 de enero de 2021 o hasta la resoluci\u00f3n del litigio. En caso de que el gobierno prevalezca en su apelaci\u00f3n, la terminaci\u00f3n del TPS para Nicaragua y Sud\u00e1n entrar\u00e1 en vigor no antes de 120 d\u00edas a partir de la emisi\u00f3n de cualquier mandato de apelaci\u00f3n al tribunal de distrito y 365 d\u00edas a partir de la emisi\u00f3n de dicho mandato para El Salvador.<\/p>\n<p>Las personas que actualmente tienen TPS se extienden autom\u00e1ticamente para la autorizaci\u00f3n de empleo hasta el 24 de enero de 2021.<\/p>\n<p>Una cuesti\u00f3n importante con respecto al TPS es la medida en que los beneficiarios del TPS pueden solicitar el ajuste de estatus en los Estados Unidos. Algunos tribunales federales han sostenido que los beneficiarios del TPS s\u00ed califican para el ajuste y un tribunal federal ha sostenido que no lo hacen. EL DHS anunci\u00f3 en julio de 2019 que negar\u00eda el ajuste a los beneficiarios del TPS en cualquier \u00e1rea de los Estados Unidos donde no entre en conflicto con las decisiones de la corte federal. El Segundo Circuito, que es la corte federal que cubre la ciudad de Nueva York y Long Island, no se ha pronunciado sobre este tema. Nuestro bufete de abogados es parte de la ligadura que desaf\u00eda la posici\u00f3n del DHS y actualizaremos a nuestros clientes de cualquier progreso en el caso.<\/p>\n","protected":false},"excerpt":{"rendered":"<p>El Estatus de Protecci\u00f3n Temporal (TPS, por susten) proporciona un refugio temporal para los no ciudadanos que viven en los Estados Unidos cuando los desastres naturales o las luchas civiles en sus pa\u00edses de origen hacen que no sea seguro para ellos regresar. Los no ciudadanos a los que se les otorg\u00f3 EL TPS tienen&#8230;<\/p>\n","protected":false},"author":1,"featured_media":0,"parent":1490,"menu_order":0,"comment_status":"closed","ping_status":"closed","template":"","meta":[],"yoast_head":"<!-- This site is optimized with the Yoast SEO plugin v16.1.1 - https:\/\/yoast.com\/wordpress\/plugins\/seo\/ -->\n<title>Estatus de Protecci\u00f3n Temporal (TPS) - Zwaik<\/title>\n<meta name=\"robots\" content=\"index, follow, max-snippet:-1, max-image-preview:large, max-video-preview:-1\" \/>\n<link rel=\"canonical\" href=\"https:\/\/zwaik.com\/es\/areas-de-practica\/beneficios-familiares-de-asilo-y-otros-beneficios-de-inmigracion\/estatus-de-proteccion-temporal-tps\/\" \/>\n<meta property=\"og:locale\" content=\"es_ES\" \/>\n<meta property=\"og:type\" content=\"article\" \/>\n<meta property=\"og:title\" content=\"Estatus de Protecci\u00f3n Temporal (TPS) - Zwaik\" \/>\n<meta property=\"og:description\" content=\"El Estatus de Protecci\u00f3n Temporal (TPS, por susten) proporciona un refugio temporal para los no ciudadanos que viven en los Estados Unidos cuando los desastres naturales o las luchas civiles en sus pa\u00edses de origen hacen que no sea seguro para ellos regresar. Los no ciudadanos a los que se les otorg\u00f3 EL TPS tienen...\" \/>\n<meta property=\"og:url\" content=\"https:\/\/zwaik.com\/es\/areas-de-practica\/beneficios-familiares-de-asilo-y-otros-beneficios-de-inmigracion\/estatus-de-proteccion-temporal-tps\/\" \/>\n<meta property=\"og:site_name\" content=\"Zwaik\" \/>\n<meta name=\"twitter:card\" content=\"summary_large_image\" \/>\n<meta name=\"twitter:label1\" content=\"Tiempo de lectura\">\n\t<meta name=\"twitter:data1\" content=\"2 minutos\">\n<script type=\"application\/ld+json\" class=\"yoast-schema-graph\">{\"@context\":\"https:\/\/schema.org\",\"@graph\":[{\"@type\":\"WebSite\",\"@id\":\"https:\/\/zwaik.com\/tr\/#website\",\"url\":\"https:\/\/zwaik.com\/tr\/\",\"name\":\"Zwaik\",\"description\":\"Attorney At Law\",\"potentialAction\":[{\"@type\":\"SearchAction\",\"target\":\"https:\/\/zwaik.com\/tr\/?s={search_term_string}\",\"query-input\":\"required name=search_term_string\"}],\"inLanguage\":\"es\"},{\"@type\":\"WebPage\",\"@id\":\"https:\/\/zwaik.com\/es\/areas-de-practica\/beneficios-familiares-de-asilo-y-otros-beneficios-de-inmigracion\/estatus-de-proteccion-temporal-tps\/#webpage\",\"url\":\"https:\/\/zwaik.com\/es\/areas-de-practica\/beneficios-familiares-de-asilo-y-otros-beneficios-de-inmigracion\/estatus-de-proteccion-temporal-tps\/\",\"name\":\"Estatus de Protecci\\u00f3n Temporal (TPS) - Zwaik\",\"isPartOf\":{\"@id\":\"https:\/\/zwaik.com\/tr\/#website\"},\"datePublished\":\"2021-02-16T08:02:43+00:00\",\"dateModified\":\"2021-02-16T08:02:43+00:00\",\"breadcrumb\":{\"@id\":\"https:\/\/zwaik.com\/es\/areas-de-practica\/beneficios-familiares-de-asilo-y-otros-beneficios-de-inmigracion\/estatus-de-proteccion-temporal-tps\/#breadcrumb\"},\"inLanguage\":\"es\",\"potentialAction\":[{\"@type\":\"ReadAction\",\"target\":[\"https:\/\/zwaik.com\/es\/areas-de-practica\/beneficios-familiares-de-asilo-y-otros-beneficios-de-inmigracion\/estatus-de-proteccion-temporal-tps\/\"]}]},{\"@type\":\"BreadcrumbList\",\"@id\":\"https:\/\/zwaik.com\/es\/areas-de-practica\/beneficios-familiares-de-asilo-y-otros-beneficios-de-inmigracion\/estatus-de-proteccion-temporal-tps\/#breadcrumb\",\"itemListElement\":[{\"@type\":\"ListItem\",\"position\":1,\"item\":{\"@type\":\"WebPage\",\"@id\":\"https:\/\/zwaik.com\/es\/\",\"url\":\"https:\/\/zwaik.com\/es\/\",\"name\":\"Ana sayfa\"}},{\"@type\":\"ListItem\",\"position\":2,\"item\":{\"@type\":\"WebPage\",\"@id\":\"https:\/\/zwaik.com\/es\/areas-de-practica\/\",\"url\":\"https:\/\/zwaik.com\/es\/areas-de-practica\/\",\"name\":\"Areas de pr\\u00e1ctica\"}},{\"@type\":\"ListItem\",\"position\":3,\"item\":{\"@type\":\"WebPage\",\"@id\":\"https:\/\/zwaik.com\/es\/areas-de-practica\/beneficios-familiares-de-asilo-y-otros-beneficios-de-inmigracion\/\",\"url\":\"https:\/\/zwaik.com\/es\/areas-de-practica\/beneficios-familiares-de-asilo-y-otros-beneficios-de-inmigracion\/\",\"name\":\"Beneficios familiares, de asilo y otros beneficios de inmigraci\\u00f3n\"}},{\"@type\":\"ListItem\",\"position\":4,\"item\":{\"@type\":\"WebPage\",\"@id\":\"https:\/\/zwaik.com\/es\/areas-de-practica\/beneficios-familiares-de-asilo-y-otros-beneficios-de-inmigracion\/estatus-de-proteccion-temporal-tps\/\",\"url\":\"https:\/\/zwaik.com\/es\/areas-de-practica\/beneficios-familiares-de-asilo-y-otros-beneficios-de-inmigracion\/estatus-de-proteccion-temporal-tps\/\",\"name\":\"Estatus de Protecci\\u00f3n Temporal (TPS)\"}}]}]}<\/script>\n<!-- \/ Yoast SEO plugin. -->","_links":{"self":[{"href":"https:\/\/zwaik.com\/es\/wp-json\/wp\/v2\/pages\/1499"}],"collection":[{"href":"https:\/\/zwaik.com\/es\/wp-json\/wp\/v2\/pages"}],"about":[{"href":"https:\/\/zwaik.com\/es\/wp-json\/wp\/v2\/types\/page"}],"author":[{"embeddable":true,"href":"https:\/\/zwaik.com\/es\/wp-json\/wp\/v2\/users\/1"}],"replies":[{"embeddable":true,"href":"https:\/\/zwaik.com\/es\/wp-json\/wp\/v2\/comments?post=1499"}],"version-history":[{"count":2,"href":"https:\/\/zwaik.com\/es\/wp-json\/wp\/v2\/pages\/1499\/revisions"}],"predecessor-version":[{"id":1511,"href":"https:\/\/zwaik.com\/es\/wp-json\/wp\/v2\/pages\/1499\/revisions\/1511"}],"up":[{"embeddable":true,"href":"https:\/\/zwaik.com\/es\/wp-json\/wp\/v2\/pages\/1490"}],"wp:attachment":[{"href":"https:\/\/zwaik.com\/es\/wp-json\/wp\/v2\/media?parent=1499"}],"curies":[{"name":"wp","href":"https:\/\/api.w.org\/{rel}","templated":true}]}}