{"id":1498,"date":"2021-02-16T08:02:25","date_gmt":"2021-02-16T08:02:25","guid":{"rendered":"http:\/\/zwaik.turkishi.com\/?page_id=1498"},"modified":"2021-02-16T08:02:25","modified_gmt":"2021-02-16T08:02:25","slug":"menores-inmigrantes-especiales-sij","status":"publish","type":"page","link":"https:\/\/zwaik.com\/es\/areas-de-practica\/beneficios-familiares-de-asilo-y-otros-beneficios-de-inmigracion\/menores-inmigrantes-especiales-sij\/","title":{"rendered":"Menores Inmigrantes Especiales (SIJ)"},"content":{"rendered":"<p>SIJ es un programa que permite a los j\u00f3venes victimizados de familias rotas permanecer en los Estados Unidos y obtener la residencia permanente. Un intento de la Administraci\u00f3n Trump de restringir efectivamente el estatus de SIJ a ni\u00f1os menores de 18 a\u00f1os fue detenido por los tribunales federales.<\/p>\n<p>Para calificar, el joven debe ser menor de 21 a\u00f1os y (1) el ni\u00f1o es declarado dependiente por un tribunal estatal de menores (2) y no puede ser reagrupado con uno o ambos padres debido al abuso, negligencia, abandono del ni\u00f1o (3) del padre y es en el mejor inter\u00e9s del ni\u00f1o no ser devuelto al pa\u00eds de nacionalidad de su padre. En muchos estados, incluyendo Nueva York, el ni\u00f1o puede estar viviendo con uno de los padres en los Estados Unidos y el otro padre tambi\u00e9n puede estar viviendo en los Estados Unidos, siempre y cuando el padre ausente sea culpable de abuso, negligencia o abandono del ni\u00f1o.<\/p>\n<p>Con mucho, el mayor n\u00famero de ni\u00f1os que califican para el SIJ proviene de pa\u00edses de Centroam\u00e9rica donde tambi\u00e9n huyen de la persecuci\u00f3n a manos de pandillas con aquiescencia del gobierno. Esto ha dado lugar a una lista de espera de 2 a\u00f1os para la emisi\u00f3n de tarjetas verdes a ciudadanos de El Salvador, Guatemala y Nicaragua.<br \/>\nLa elecci\u00f3n entre asilo y SIJ depender\u00e1 de los hechos de cada caso, pero la decisi\u00f3n puede tener consecuencias importantes. Un ni\u00f1o al que se le concede asilo puede tener dificultades para regresar a su pa\u00eds de origen, pero a menudo puede solicitar uno o ambos padres cuando el ni\u00f1o se convierte m\u00e1s tarde en ciudadano estadounidense. Un ni\u00f1o al que se le concede SIJ puede regresar a casa despu\u00e9s de obtener la residencia permanente, pero nunca puede solicitar a ninguno de los padres, incluido el de custodia.<\/p>\n","protected":false},"excerpt":{"rendered":"<p>SIJ es un programa que permite a los j\u00f3venes victimizados de familias rotas permanecer en los Estados Unidos y obtener la residencia permanente. Un intento de la Administraci\u00f3n Trump de restringir efectivamente el estatus de SIJ a ni\u00f1os menores de 18 a\u00f1os fue detenido por los tribunales federales. Para calificar, el joven debe ser menor&#8230;<\/p>\n","protected":false},"author":1,"featured_media":0,"parent":1490,"menu_order":0,"comment_status":"closed","ping_status":"closed","template":"","meta":[],"yoast_head":"<!-- This site is optimized with the Yoast SEO plugin v16.1.1 - https:\/\/yoast.com\/wordpress\/plugins\/seo\/ -->\n<title>Menores Inmigrantes Especiales (SIJ) - Zwaik<\/title>\n<meta name=\"robots\" content=\"index, follow, max-snippet:-1, max-image-preview:large, max-video-preview:-1\" \/>\n<link rel=\"canonical\" href=\"https:\/\/zwaik.com\/es\/areas-de-practica\/beneficios-familiares-de-asilo-y-otros-beneficios-de-inmigracion\/menores-inmigrantes-especiales-sij\/\" \/>\n<meta property=\"og:locale\" content=\"es_ES\" \/>\n<meta property=\"og:type\" content=\"article\" \/>\n<meta property=\"og:title\" content=\"Menores Inmigrantes Especiales (SIJ) - Zwaik\" \/>\n<meta property=\"og:description\" content=\"SIJ es un programa que permite a los j\u00f3venes victimizados de familias rotas permanecer en los Estados Unidos y obtener la residencia permanente. Un intento de la Administraci\u00f3n Trump de restringir efectivamente el estatus de SIJ a ni\u00f1os menores de 18 a\u00f1os fue detenido por los tribunales federales. Para calificar, el joven debe ser menor...\" \/>\n<meta property=\"og:url\" content=\"https:\/\/zwaik.com\/es\/areas-de-practica\/beneficios-familiares-de-asilo-y-otros-beneficios-de-inmigracion\/menores-inmigrantes-especiales-sij\/\" \/>\n<meta property=\"og:site_name\" content=\"Zwaik\" \/>\n<meta name=\"twitter:card\" content=\"summary_large_image\" \/>\n<meta name=\"twitter:label1\" content=\"Tiempo de lectura\">\n\t<meta name=\"twitter:data1\" content=\"2 minutos\">\n<script type=\"application\/ld+json\" class=\"yoast-schema-graph\">{\"@context\":\"https:\/\/schema.org\",\"@graph\":[{\"@type\":\"WebSite\",\"@id\":\"https:\/\/zwaik.com\/tr\/#website\",\"url\":\"https:\/\/zwaik.com\/tr\/\",\"name\":\"Zwaik\",\"description\":\"Attorney At Law\",\"potentialAction\":[{\"@type\":\"SearchAction\",\"target\":\"https:\/\/zwaik.com\/tr\/?s={search_term_string}\",\"query-input\":\"required name=search_term_string\"}],\"inLanguage\":\"es\"},{\"@type\":\"WebPage\",\"@id\":\"https:\/\/zwaik.com\/es\/areas-de-practica\/beneficios-familiares-de-asilo-y-otros-beneficios-de-inmigracion\/menores-inmigrantes-especiales-sij\/#webpage\",\"url\":\"https:\/\/zwaik.com\/es\/areas-de-practica\/beneficios-familiares-de-asilo-y-otros-beneficios-de-inmigracion\/menores-inmigrantes-especiales-sij\/\",\"name\":\"Menores Inmigrantes Especiales (SIJ) - Zwaik\",\"isPartOf\":{\"@id\":\"https:\/\/zwaik.com\/tr\/#website\"},\"datePublished\":\"2021-02-16T08:02:25+00:00\",\"dateModified\":\"2021-02-16T08:02:25+00:00\",\"breadcrumb\":{\"@id\":\"https:\/\/zwaik.com\/es\/areas-de-practica\/beneficios-familiares-de-asilo-y-otros-beneficios-de-inmigracion\/menores-inmigrantes-especiales-sij\/#breadcrumb\"},\"inLanguage\":\"es\",\"potentialAction\":[{\"@type\":\"ReadAction\",\"target\":[\"https:\/\/zwaik.com\/es\/areas-de-practica\/beneficios-familiares-de-asilo-y-otros-beneficios-de-inmigracion\/menores-inmigrantes-especiales-sij\/\"]}]},{\"@type\":\"BreadcrumbList\",\"@id\":\"https:\/\/zwaik.com\/es\/areas-de-practica\/beneficios-familiares-de-asilo-y-otros-beneficios-de-inmigracion\/menores-inmigrantes-especiales-sij\/#breadcrumb\",\"itemListElement\":[{\"@type\":\"ListItem\",\"position\":1,\"item\":{\"@type\":\"WebPage\",\"@id\":\"https:\/\/zwaik.com\/es\/\",\"url\":\"https:\/\/zwaik.com\/es\/\",\"name\":\"Ana sayfa\"}},{\"@type\":\"ListItem\",\"position\":2,\"item\":{\"@type\":\"WebPage\",\"@id\":\"https:\/\/zwaik.com\/es\/areas-de-practica\/\",\"url\":\"https:\/\/zwaik.com\/es\/areas-de-practica\/\",\"name\":\"Areas de pr\\u00e1ctica\"}},{\"@type\":\"ListItem\",\"position\":3,\"item\":{\"@type\":\"WebPage\",\"@id\":\"https:\/\/zwaik.com\/es\/areas-de-practica\/beneficios-familiares-de-asilo-y-otros-beneficios-de-inmigracion\/\",\"url\":\"https:\/\/zwaik.com\/es\/areas-de-practica\/beneficios-familiares-de-asilo-y-otros-beneficios-de-inmigracion\/\",\"name\":\"Beneficios familiares, de asilo y otros beneficios de inmigraci\\u00f3n\"}},{\"@type\":\"ListItem\",\"position\":4,\"item\":{\"@type\":\"WebPage\",\"@id\":\"https:\/\/zwaik.com\/es\/areas-de-practica\/beneficios-familiares-de-asilo-y-otros-beneficios-de-inmigracion\/menores-inmigrantes-especiales-sij\/\",\"url\":\"https:\/\/zwaik.com\/es\/areas-de-practica\/beneficios-familiares-de-asilo-y-otros-beneficios-de-inmigracion\/menores-inmigrantes-especiales-sij\/\",\"name\":\"Menores Inmigrantes Especiales (SIJ)\"}}]}]}<\/script>\n<!-- \/ Yoast SEO plugin. -->","_links":{"self":[{"href":"https:\/\/zwaik.com\/es\/wp-json\/wp\/v2\/pages\/1498"}],"collection":[{"href":"https:\/\/zwaik.com\/es\/wp-json\/wp\/v2\/pages"}],"about":[{"href":"https:\/\/zwaik.com\/es\/wp-json\/wp\/v2\/types\/page"}],"author":[{"embeddable":true,"href":"https:\/\/zwaik.com\/es\/wp-json\/wp\/v2\/users\/1"}],"replies":[{"embeddable":true,"href":"https:\/\/zwaik.com\/es\/wp-json\/wp\/v2\/comments?post=1498"}],"version-history":[{"count":2,"href":"https:\/\/zwaik.com\/es\/wp-json\/wp\/v2\/pages\/1498\/revisions"}],"predecessor-version":[{"id":1510,"href":"https:\/\/zwaik.com\/es\/wp-json\/wp\/v2\/pages\/1498\/revisions\/1510"}],"up":[{"embeddable":true,"href":"https:\/\/zwaik.com\/es\/wp-json\/wp\/v2\/pages\/1490"}],"wp:attachment":[{"href":"https:\/\/zwaik.com\/es\/wp-json\/wp\/v2\/media?parent=1498"}],"curies":[{"name":"wp","href":"https:\/\/api.w.org\/{rel}","templated":true}]}}