{"id":1497,"date":"2021-02-16T08:02:12","date_gmt":"2021-02-16T08:02:12","guid":{"rendered":"http:\/\/zwaik.turkishi.com\/?page_id=1497"},"modified":"2021-02-16T08:02:12","modified_gmt":"2021-02-16T08:02:12","slug":"comprension-de-daca","status":"publish","type":"page","link":"https:\/\/zwaik.com\/es\/areas-de-practica\/beneficios-familiares-de-asilo-y-otros-beneficios-de-inmigracion\/comprension-de-daca\/","title":{"rendered":"Comprensi\u00f3n de DACA"},"content":{"rendered":"<p>A partir de este puesto, los intentos del presidente Donald Trump de detener el programa estaban pendientes ante la Corte Suprema de los Estados Unidos. Se espera que en junio de 2020 se tome una decisi\u00f3n. Publicaremos actualizaciones en nuestra secci\u00f3n de noticias a medida que se desarrollen. Las personas que ya tienen DACA todav\u00eda pueden renovar ese estatus bajo un fallo de un tribunal federal inferior.<\/p>\n<p>El programa comenz\u00f3 el 15 de junio de 2012, cuando el presidente Obama anunci\u00f3 que ciertos inmigrantes indocumentados que hab\u00edan sido tra\u00eddos a los Estados Unidos cuando eran ni\u00f1os ahora estar\u00edan protegidos de la deportaci\u00f3n. Este grupo, a menudo conocido como Dreamers tambi\u00e9n tendr\u00eda autorizaci\u00f3n de empleo y ser\u00eda elegible para solicitar la libertad condicional anticipada para salir y regresar legalmente a los Estados Unidos. Este fue un beneficio importante porque permiti\u00f3 a los beneficiarios de DACA volver a entrar en los Estados Unidos legalmente y, por lo tanto, ser elegibles para ajustar el estatus en los EE.UU. si el receptor se convirti\u00f3 en un pariente inmediato (a trav\u00e9s del matrimonio con un ciudadano estadounidense, por ejemplo).<\/p>\n<p>Para ser elegible para DACA, se le exigi\u00f3 que mostrara (1) que naci\u00f3 despu\u00e9s del 15 de junio de 1981 (2) entr\u00f3 en los EE.UU. antes de la edad de 16 (3) estaban viviendo en los EE.UU. el 5 de junio de 2007 y (4) se gradu\u00f3 de la escuela secundaria, o recibi\u00f3 un GED o estaban actualmente inscritos en el instituto y (5) no fueron declarados culpables de un delito grave , delitos menores significativos, o tres o m\u00e1s delitos menores o representan una amenaza para la seguridad nacional o el orden p\u00fablico.<\/p>\n<p>Desafortunadamente, la administraci\u00f3n Obama decidi\u00f3 desde el principio que una condena por beber y conducir representaba una seria amenaza para el orden p\u00fablico y ha negado a los Dreamers condenados por tales delitos.<\/p>\n<p>Tambi\u00e9n es importante recordar que DACA, a diferencia del Estatus de Protecci\u00f3n Temporal (TPS) no confiere estatus legal y no permite al receptor obtener la residencia permanente en los Estados Unidos en ausencia de una entrada legal y un estatus relativo inmediato.<\/p>\n","protected":false},"excerpt":{"rendered":"<p>A partir de este puesto, los intentos del presidente Donald Trump de detener el programa estaban pendientes ante la Corte Suprema de los Estados Unidos. Se espera que en junio de 2020 se tome una decisi\u00f3n. Publicaremos actualizaciones en nuestra secci\u00f3n de noticias a medida que se desarrollen. Las personas que ya tienen DACA todav\u00eda&#8230;<\/p>\n","protected":false},"author":1,"featured_media":0,"parent":1490,"menu_order":0,"comment_status":"closed","ping_status":"closed","template":"","meta":[],"yoast_head":"<!-- This site is optimized with the Yoast SEO plugin v16.1.1 - https:\/\/yoast.com\/wordpress\/plugins\/seo\/ -->\n<title>Comprensi\u00f3n de DACA - Zwaik<\/title>\n<meta name=\"robots\" content=\"index, follow, max-snippet:-1, max-image-preview:large, max-video-preview:-1\" \/>\n<link rel=\"canonical\" href=\"https:\/\/zwaik.com\/es\/areas-de-practica\/beneficios-familiares-de-asilo-y-otros-beneficios-de-inmigracion\/comprension-de-daca\/\" \/>\n<meta property=\"og:locale\" content=\"es_ES\" \/>\n<meta property=\"og:type\" content=\"article\" \/>\n<meta property=\"og:title\" content=\"Comprensi\u00f3n de DACA - Zwaik\" \/>\n<meta property=\"og:description\" content=\"A partir de este puesto, los intentos del presidente Donald Trump de detener el programa estaban pendientes ante la Corte Suprema de los Estados Unidos. Se espera que en junio de 2020 se tome una decisi\u00f3n. Publicaremos actualizaciones en nuestra secci\u00f3n de noticias a medida que se desarrollen. Las personas que ya tienen DACA todav\u00eda...\" \/>\n<meta property=\"og:url\" content=\"https:\/\/zwaik.com\/es\/areas-de-practica\/beneficios-familiares-de-asilo-y-otros-beneficios-de-inmigracion\/comprension-de-daca\/\" \/>\n<meta property=\"og:site_name\" content=\"Zwaik\" \/>\n<meta name=\"twitter:card\" content=\"summary_large_image\" \/>\n<meta name=\"twitter:label1\" content=\"Tiempo de lectura\">\n\t<meta name=\"twitter:data1\" content=\"2 minutos\">\n<script type=\"application\/ld+json\" class=\"yoast-schema-graph\">{\"@context\":\"https:\/\/schema.org\",\"@graph\":[{\"@type\":\"WebSite\",\"@id\":\"https:\/\/zwaik.com\/tr\/#website\",\"url\":\"https:\/\/zwaik.com\/tr\/\",\"name\":\"Zwaik\",\"description\":\"Attorney At Law\",\"potentialAction\":[{\"@type\":\"SearchAction\",\"target\":\"https:\/\/zwaik.com\/tr\/?s={search_term_string}\",\"query-input\":\"required name=search_term_string\"}],\"inLanguage\":\"es\"},{\"@type\":\"WebPage\",\"@id\":\"https:\/\/zwaik.com\/es\/areas-de-practica\/beneficios-familiares-de-asilo-y-otros-beneficios-de-inmigracion\/comprension-de-daca\/#webpage\",\"url\":\"https:\/\/zwaik.com\/es\/areas-de-practica\/beneficios-familiares-de-asilo-y-otros-beneficios-de-inmigracion\/comprension-de-daca\/\",\"name\":\"Comprensi\\u00f3n de DACA - Zwaik\",\"isPartOf\":{\"@id\":\"https:\/\/zwaik.com\/tr\/#website\"},\"datePublished\":\"2021-02-16T08:02:12+00:00\",\"dateModified\":\"2021-02-16T08:02:12+00:00\",\"breadcrumb\":{\"@id\":\"https:\/\/zwaik.com\/es\/areas-de-practica\/beneficios-familiares-de-asilo-y-otros-beneficios-de-inmigracion\/comprension-de-daca\/#breadcrumb\"},\"inLanguage\":\"es\",\"potentialAction\":[{\"@type\":\"ReadAction\",\"target\":[\"https:\/\/zwaik.com\/es\/areas-de-practica\/beneficios-familiares-de-asilo-y-otros-beneficios-de-inmigracion\/comprension-de-daca\/\"]}]},{\"@type\":\"BreadcrumbList\",\"@id\":\"https:\/\/zwaik.com\/es\/areas-de-practica\/beneficios-familiares-de-asilo-y-otros-beneficios-de-inmigracion\/comprension-de-daca\/#breadcrumb\",\"itemListElement\":[{\"@type\":\"ListItem\",\"position\":1,\"item\":{\"@type\":\"WebPage\",\"@id\":\"https:\/\/zwaik.com\/es\/\",\"url\":\"https:\/\/zwaik.com\/es\/\",\"name\":\"Ana sayfa\"}},{\"@type\":\"ListItem\",\"position\":2,\"item\":{\"@type\":\"WebPage\",\"@id\":\"https:\/\/zwaik.com\/es\/areas-de-practica\/\",\"url\":\"https:\/\/zwaik.com\/es\/areas-de-practica\/\",\"name\":\"Areas de pr\\u00e1ctica\"}},{\"@type\":\"ListItem\",\"position\":3,\"item\":{\"@type\":\"WebPage\",\"@id\":\"https:\/\/zwaik.com\/es\/areas-de-practica\/beneficios-familiares-de-asilo-y-otros-beneficios-de-inmigracion\/\",\"url\":\"https:\/\/zwaik.com\/es\/areas-de-practica\/beneficios-familiares-de-asilo-y-otros-beneficios-de-inmigracion\/\",\"name\":\"Beneficios familiares, de asilo y otros beneficios de inmigraci\\u00f3n\"}},{\"@type\":\"ListItem\",\"position\":4,\"item\":{\"@type\":\"WebPage\",\"@id\":\"https:\/\/zwaik.com\/es\/areas-de-practica\/beneficios-familiares-de-asilo-y-otros-beneficios-de-inmigracion\/comprension-de-daca\/\",\"url\":\"https:\/\/zwaik.com\/es\/areas-de-practica\/beneficios-familiares-de-asilo-y-otros-beneficios-de-inmigracion\/comprension-de-daca\/\",\"name\":\"Comprensi\\u00f3n de DACA\"}}]}]}<\/script>\n<!-- \/ Yoast SEO plugin. -->","_links":{"self":[{"href":"https:\/\/zwaik.com\/es\/wp-json\/wp\/v2\/pages\/1497"}],"collection":[{"href":"https:\/\/zwaik.com\/es\/wp-json\/wp\/v2\/pages"}],"about":[{"href":"https:\/\/zwaik.com\/es\/wp-json\/wp\/v2\/types\/page"}],"author":[{"embeddable":true,"href":"https:\/\/zwaik.com\/es\/wp-json\/wp\/v2\/users\/1"}],"replies":[{"embeddable":true,"href":"https:\/\/zwaik.com\/es\/wp-json\/wp\/v2\/comments?post=1497"}],"version-history":[{"count":2,"href":"https:\/\/zwaik.com\/es\/wp-json\/wp\/v2\/pages\/1497\/revisions"}],"predecessor-version":[{"id":1509,"href":"https:\/\/zwaik.com\/es\/wp-json\/wp\/v2\/pages\/1497\/revisions\/1509"}],"up":[{"embeddable":true,"href":"https:\/\/zwaik.com\/es\/wp-json\/wp\/v2\/pages\/1490"}],"wp:attachment":[{"href":"https:\/\/zwaik.com\/es\/wp-json\/wp\/v2\/media?parent=1497"}],"curies":[{"name":"wp","href":"https:\/\/api.w.org\/{rel}","templated":true}]}}