{"id":1496,"date":"2021-02-16T08:02:02","date_gmt":"2021-02-16T08:02:02","guid":{"rendered":"http:\/\/zwaik.turkishi.com\/?page_id=1496"},"modified":"2021-02-16T08:02:02","modified_gmt":"2021-02-16T08:02:02","slug":"inmigracion-basada-en-la-familia","status":"publish","type":"page","link":"https:\/\/zwaik.com\/es\/areas-de-practica\/beneficios-familiares-de-asilo-y-otros-beneficios-de-inmigracion\/inmigracion-basada-en-la-familia\/","title":{"rendered":"Inmigraci\u00f3n basada en la familia"},"content":{"rendered":"<p>Family unification has been a guiding principle of US immigration since the current law was enacted in 1952. Although numerous attempts have been made to change the immigration laws to give added preference to skilled workers over family unification, those efforts have never been approved. The current law allows US citizens (and in some cases US permanent residents) to sponsor close family members to obtain permanent residence to join them in the US. The law groups these family based applications into 2 groups: (1) Immediate Relatives which include the spouses of US citizens, parents of US citizens at least 21 years of age, and the children of US citizens where the child is under the age of 21 (2) Adult sons and daughters of US citizens 21 or older, siblings of US citizens, and spouses, adult children and minor children of US permanent residents.<\/p>\n<p>These two groups have several critical distinctions:<\/p>\n<p>Immediate Relatives. The law allows an unlimited number of green cards to qualified immediate relatives. Although processing times and other complications can cause applications to stretch into years, this is not the result of waiting periods. Also, immediate relatives who entered the US legally can apply to have their green card applications decided in the US rather than having to go abroad, even if there are many years of unlawful presence or unauthorized employment.<br \/>\nFamily members who are not immediate relatives must qualify under oneaLa unificaci\u00f3n familiar ha sido un principio rector de la inmigraci\u00f3n estadounidense desde que se promulg\u00f3 la ley actual en 1952. Aunque se han hecho numerosos intentos de cambiar las leyes de inmigraci\u00f3n para dar preferencia adicional a los trabajadores calificados sobre la unificaci\u00f3n familiar, esos esfuerzos nunca han sido aprobados. La ley actual permite a los ciudadanos estadounidenses (y en algunos casos a los residentes permanentes de los Estados Unidos) patrocinar a miembros cercanos de la familia para obtener la residencia permanente para unirse a ellos en los Estados Unidos. La ley agrupa estas solicitudes basadas en la familia en 2 grupos: (1) Parientes inmediatos que incluyen a los c\u00f3nyuges de ciudadanos estadounidenses, padres de ciudadanos estadounidenses de al menos 21 a\u00f1os de edad, y los hijos de ciudadanos estadounidenses donde el ni\u00f1o es menor de 21 (2) hijos e hijas adultos de ciudadanos estadounidenses de 21 a\u00f1os o m\u00e1s, hermanos de ciudadanos estadounidenses y c\u00f3nyuges , ni\u00f1os adultos y ni\u00f1os menores de edad de residentes permanentes de los Estados Unidos.<\/p>\n<p>Estos dos grupos tienen varias distinciones cr\u00edticas:<\/p>\n<p>Parientes inmediatos. La ley permite un n\u00famero ilimitado de tarjetas verdes a familiares inmediatos calificados. Aunque los tiempos de procesamiento y otras complicaciones pueden hacer que las aplicaciones se extienda en a\u00f1os, esto no es el resultado de per\u00edodos de espera. Adem\u00e1s, los familiares inmediatos que entraron legalmente en los Estados Unidos pueden solicitar que sus solicitudes de tarjeta verde se decidan en los Estados Unidos en lugar de tener que ir al extranjero, incluso si hay muchos a\u00f1os de presencia ilegal o empleo no autorizado.<br \/>\nLos miembros de la familia que no son parientes inmediatos deben calificar bajo una de varias categor\u00edas de preferencias de la siguiente manera:<br \/>\nPRIMERA Preferencia: (FB1) Hijos e hijas solteros de ciudadanos estadounidenses<br \/>\nSEGUNDO Preferencia<br \/>\n(FB2A) C\u00f3nyuges e hijos (menores de 21 a\u00f1os) de residentes permanentes<br \/>\n(FB2B) Hijos e hijas solteros (m\u00e1s de 21) de residentes permanentes<br \/>\nTERCERA Preferencia (FB3) Hijos e Hijas Casados de ciudadanos estadounidenses<br \/>\nCUARTO Preferencia (FB4) Hermanos y Hermanas de EE.UU. de ciudadanos adultos<br \/>\nHay varias cosas a tener en cuenta acerca de estas preferencias.<\/p>\n<p>Las Preferencias Primera, Segunda, Tercera y Cuarta permiten \u00abbeneficiarios derivados\u00bb, lo que significa que el c\u00f3nyuge y los hijos menores de 21 a\u00f1os emigrar\u00e1n junto con el beneficiario principal. No hay beneficiarios derivados para los parientes inmediatos.<br \/>\nLos residentes permanentes solo pueden patrocinar a un c\u00f3nyuge o hijos, hijos o hijas solteros. El patrocinador de la familia peticionario primero debe convertirse en ciudadano estadounidense para patrocinar a un padre, hermano o hijo o hija casado.<\/p>\n<p>Un residente permanente no puede patrocinar a un hijo o hija casado. Si el inmigrante patrocinado es soltero en el momento en que se presenta la solicitud y posteriormente se casa, la solicitud es nula en la fecha del matrimonio. Si el beneficiario se divorcia posteriormente, no resucita la solicitud y se debe presentar una nueva solicitud.<br \/>\nEn algunos casos, un beneficiario puede saltar de una clasificaci\u00f3n a otra sin presentar una nueva petici\u00f3n. Por ejemplo, un hijo adulto soltero de un ciudadano estadounidense (primera preferencia) pasar\u00e1 a la cuarta preferencia si se casa.<br \/>\nPor \u00faltimo, y lo m\u00e1s obvio, las preferencias basadas en la familia no permiten el patrocinio directo de parientes m\u00e1s distantes, incluyendo t\u00edas, t\u00edos, abuelos o nietos o primos.<br \/>\nLos familiares no inmediatos no s\u00f3lo deben lidiar con un per\u00edodo de espera que a menudo se extiende en muchos a\u00f1os, sino que deben estar en el pa\u00eds de origen o regresar a su pa\u00eds de origen para el procesamiento final de la visa si usted est\u00e1 fuera de estado (ilegal) en los Estados Unidos. Esto a menudo desencadenar\u00e1 una barra de 10 a\u00f1os para evitar que regrese a los EE.UU. si ha sido ilegal (y adquiriendo presencia ilegal) por m\u00e1s de 1 a\u00f1o. Pero usted puede ser elegible para una exenci\u00f3n de la barra de 10 a\u00f1os mientras espera en los EE.UU. si actualmente est\u00e1 residiendo en los EE.UU. y puede demostrar dificultades extremas a un padre o c\u00f3nyuge que es un ciudadano estadounidense o residente permanente.<br \/>\n of several preference categories as follows:<br \/>\nFIRST Preference: (FB1) Unmarried Sons and Daughters of U.S. citizens<br \/>\nSECOND Preference<br \/>\n(FB2A) Spouses and Children (under 21) of Permanent Residents<br \/>\n(FB2B) Unmarried Sons and Daughters (over 21) of Permanent Residents<br \/>\nTHIRD Preference (FB3) Married Sons and Daughters of U.S. citizens<br \/>\nFOURTH Preference (FB4) Brothers and Sisters of U.S. of adult citizens<br \/>\nThere are several things to note about these preferences.<\/p>\n<p>The First, Second, Third and Fourth Preferences allow for \u201cderivative beneficiaries\u201d which means that the spouse and any children under 21 will immigrate along with the primary beneficiary. There are no derivative beneficiaries for Immediate relatives.<br \/>\nPermanent residents can only sponsor a spouse or unmarried children, sons or daughters.The petitioner-family sponsor must first become a US citizen to sponsor a parent, sibling or married son or daughter.<\/p>\n<p>A permanent resident cannot sponsor a married son or daughter. If the sponsored immigrant is single at the time the application is filed and subsequently marries, the application is void on the date of marriage. If the beneficiary later divorces, it does not resuscitate the application and a new application must be filed.<br \/>\nIn some cases, a beneficiary can jump from one classification to another without filing a new petition. For example, a single adult son of a US citizen (first preference) will move to the fourth preference if he or she marries.<br \/>\nFinally, and most obviously, the family based preferences do not allow for direct sponsorship of more distant relatives including aunts, uncles, grandparents or grandchildren or cousins.<br \/>\nNot only must non-immediate relatives contend with a waiting period that often stretches into many years, but they must be in the home country or return to their home country for final visa processing if you are out of status (illegal) in the US. This will often trigger a 10-year bar to prevent you from returning to the US if you have been illegal (and acquiring unlawful presence) for more than 1 year. But you may be eligible for a waiver of the 10-year bar while waiting in the US if you are currently residing in the US and can prove extreme hardship to a parent or spouse who is a US citizen or permanent resident.<\/p>\n","protected":false},"excerpt":{"rendered":"<p>Family unification has been a guiding principle of US immigration since the current law was enacted in 1952. Although numerous attempts have been made to change the immigration laws to give added preference to skilled workers over family unification, those efforts have never been approved. The current law allows US citizens (and in some cases&#8230;<\/p>\n","protected":false},"author":1,"featured_media":0,"parent":1490,"menu_order":0,"comment_status":"closed","ping_status":"closed","template":"","meta":[],"yoast_head":"<!-- This site is optimized with the Yoast SEO plugin v16.1.1 - https:\/\/yoast.com\/wordpress\/plugins\/seo\/ -->\n<title>Inmigraci\u00f3n basada en la familia - Zwaik<\/title>\n<meta name=\"robots\" content=\"index, follow, max-snippet:-1, max-image-preview:large, max-video-preview:-1\" \/>\n<link rel=\"canonical\" href=\"https:\/\/zwaik.com\/es\/areas-de-practica\/beneficios-familiares-de-asilo-y-otros-beneficios-de-inmigracion\/inmigracion-basada-en-la-familia\/\" \/>\n<meta property=\"og:locale\" content=\"es_ES\" \/>\n<meta property=\"og:type\" content=\"article\" \/>\n<meta property=\"og:title\" content=\"Inmigraci\u00f3n basada en la familia - Zwaik\" \/>\n<meta property=\"og:description\" content=\"Family unification has been a guiding principle of US immigration since the current law was enacted in 1952. Although numerous attempts have been made to change the immigration laws to give added preference to skilled workers over family unification, those efforts have never been approved. The current law allows US citizens (and in some cases...\" \/>\n<meta property=\"og:url\" content=\"https:\/\/zwaik.com\/es\/areas-de-practica\/beneficios-familiares-de-asilo-y-otros-beneficios-de-inmigracion\/inmigracion-basada-en-la-familia\/\" \/>\n<meta property=\"og:site_name\" content=\"Zwaik\" \/>\n<meta name=\"twitter:card\" content=\"summary_large_image\" \/>\n<meta name=\"twitter:label1\" content=\"Tiempo de lectura\">\n\t<meta name=\"twitter:data1\" content=\"7 minutos\">\n<script type=\"application\/ld+json\" class=\"yoast-schema-graph\">{\"@context\":\"https:\/\/schema.org\",\"@graph\":[{\"@type\":\"WebSite\",\"@id\":\"https:\/\/zwaik.com\/tr\/#website\",\"url\":\"https:\/\/zwaik.com\/tr\/\",\"name\":\"Zwaik\",\"description\":\"Attorney At Law\",\"potentialAction\":[{\"@type\":\"SearchAction\",\"target\":\"https:\/\/zwaik.com\/tr\/?s={search_term_string}\",\"query-input\":\"required name=search_term_string\"}],\"inLanguage\":\"es\"},{\"@type\":\"WebPage\",\"@id\":\"https:\/\/zwaik.com\/es\/areas-de-practica\/beneficios-familiares-de-asilo-y-otros-beneficios-de-inmigracion\/inmigracion-basada-en-la-familia\/#webpage\",\"url\":\"https:\/\/zwaik.com\/es\/areas-de-practica\/beneficios-familiares-de-asilo-y-otros-beneficios-de-inmigracion\/inmigracion-basada-en-la-familia\/\",\"name\":\"Inmigraci\\u00f3n basada en la familia - Zwaik\",\"isPartOf\":{\"@id\":\"https:\/\/zwaik.com\/tr\/#website\"},\"datePublished\":\"2021-02-16T08:02:02+00:00\",\"dateModified\":\"2021-02-16T08:02:02+00:00\",\"breadcrumb\":{\"@id\":\"https:\/\/zwaik.com\/es\/areas-de-practica\/beneficios-familiares-de-asilo-y-otros-beneficios-de-inmigracion\/inmigracion-basada-en-la-familia\/#breadcrumb\"},\"inLanguage\":\"es\",\"potentialAction\":[{\"@type\":\"ReadAction\",\"target\":[\"https:\/\/zwaik.com\/es\/areas-de-practica\/beneficios-familiares-de-asilo-y-otros-beneficios-de-inmigracion\/inmigracion-basada-en-la-familia\/\"]}]},{\"@type\":\"BreadcrumbList\",\"@id\":\"https:\/\/zwaik.com\/es\/areas-de-practica\/beneficios-familiares-de-asilo-y-otros-beneficios-de-inmigracion\/inmigracion-basada-en-la-familia\/#breadcrumb\",\"itemListElement\":[{\"@type\":\"ListItem\",\"position\":1,\"item\":{\"@type\":\"WebPage\",\"@id\":\"https:\/\/zwaik.com\/es\/\",\"url\":\"https:\/\/zwaik.com\/es\/\",\"name\":\"Ana sayfa\"}},{\"@type\":\"ListItem\",\"position\":2,\"item\":{\"@type\":\"WebPage\",\"@id\":\"https:\/\/zwaik.com\/es\/areas-de-practica\/\",\"url\":\"https:\/\/zwaik.com\/es\/areas-de-practica\/\",\"name\":\"Areas de pr\\u00e1ctica\"}},{\"@type\":\"ListItem\",\"position\":3,\"item\":{\"@type\":\"WebPage\",\"@id\":\"https:\/\/zwaik.com\/es\/areas-de-practica\/beneficios-familiares-de-asilo-y-otros-beneficios-de-inmigracion\/\",\"url\":\"https:\/\/zwaik.com\/es\/areas-de-practica\/beneficios-familiares-de-asilo-y-otros-beneficios-de-inmigracion\/\",\"name\":\"Beneficios familiares, de asilo y otros beneficios de inmigraci\\u00f3n\"}},{\"@type\":\"ListItem\",\"position\":4,\"item\":{\"@type\":\"WebPage\",\"@id\":\"https:\/\/zwaik.com\/es\/areas-de-practica\/beneficios-familiares-de-asilo-y-otros-beneficios-de-inmigracion\/inmigracion-basada-en-la-familia\/\",\"url\":\"https:\/\/zwaik.com\/es\/areas-de-practica\/beneficios-familiares-de-asilo-y-otros-beneficios-de-inmigracion\/inmigracion-basada-en-la-familia\/\",\"name\":\"Inmigraci\\u00f3n basada en la familia\"}}]}]}<\/script>\n<!-- \/ Yoast SEO plugin. -->","_links":{"self":[{"href":"https:\/\/zwaik.com\/es\/wp-json\/wp\/v2\/pages\/1496"}],"collection":[{"href":"https:\/\/zwaik.com\/es\/wp-json\/wp\/v2\/pages"}],"about":[{"href":"https:\/\/zwaik.com\/es\/wp-json\/wp\/v2\/types\/page"}],"author":[{"embeddable":true,"href":"https:\/\/zwaik.com\/es\/wp-json\/wp\/v2\/users\/1"}],"replies":[{"embeddable":true,"href":"https:\/\/zwaik.com\/es\/wp-json\/wp\/v2\/comments?post=1496"}],"version-history":[{"count":2,"href":"https:\/\/zwaik.com\/es\/wp-json\/wp\/v2\/pages\/1496\/revisions"}],"predecessor-version":[{"id":1508,"href":"https:\/\/zwaik.com\/es\/wp-json\/wp\/v2\/pages\/1496\/revisions\/1508"}],"up":[{"embeddable":true,"href":"https:\/\/zwaik.com\/es\/wp-json\/wp\/v2\/pages\/1490"}],"wp:attachment":[{"href":"https:\/\/zwaik.com\/es\/wp-json\/wp\/v2\/media?parent=1496"}],"curies":[{"name":"wp","href":"https:\/\/api.w.org\/{rel}","templated":true}]}}