{"id":1494,"date":"2021-02-16T08:01:16","date_gmt":"2021-02-16T08:01:16","guid":{"rendered":"http:\/\/zwaik.turkishi.com\/?page_id=1494"},"modified":"2021-02-16T08:01:16","modified_gmt":"2021-02-16T08:01:16","slug":"ajuste-de-estatus","status":"publish","type":"page","link":"https:\/\/zwaik.com\/es\/areas-de-practica\/beneficios-familiares-de-asilo-y-otros-beneficios-de-inmigracion\/ajuste-de-estatus\/","title":{"rendered":"Ajuste de Estatus"},"content":{"rendered":"<p>Los inmigrantes que son elegibles para la residencia permanente a veces pueden procesar esas solicitudes mientras est\u00e1n dentro de los Estados Unidos. Esto puede ser importante, no s\u00f3lo porque evita el tiempo y el gasto de regresar a casa, sino tambi\u00e9n porque permite a ciertos inmigrantes obtener tarjetas verdes que de otro modo estar\u00edan sujetas a barras de 10 a\u00f1os si fuera necesario para regresar a casa.<\/p>\n<p>Para ser elegible para el ajuste de estatus, el solicitante debe: (1) tener una visa que actualmente est\u00e1 disponible (2) estar \u00aben estado\u00bb en los Estados Unidos en el momento de la presentaci\u00f3n para el ajuste de estatus y (3) no haber cometido una violaci\u00f3n de inmigraci\u00f3n grave, haber sido condenado por un delito grave o de otra manera participado en conducta prohibida. Una violaci\u00f3n grave de la inmigraci\u00f3n incluye fraude migratorio o (en la mayor\u00eda de los casos) trabajar sin autorizaci\u00f3n en los Estados Unidos. Las conductas prohibidas podr\u00edan incluir la prostituci\u00f3n, las actividades terroristas, la persecuci\u00f3n de otros o la participaci\u00f3n comunista.<\/p>\n<p>Son algunas excepciones importantes a las reglas anteriores. Un inmigrante que est\u00e1 casado con un ciudadano estadounidense o es el padre de un ciudadano estadounidense mayor de 21 a\u00f1os o el ni\u00f1o menor de 21 a\u00f1os de un ciudadano estadounidense no est\u00e1 obligado a estar \u00aben estado\u00bb en los EE.UU. pero debe haber entrado en los EE.UU. legalmente. Adem\u00e1s, una persona que solicita la residencia permanente basada en el patrocinio de empleo puede estar \u00abfuera de estatus\u00bb por hasta 180 d\u00edas y todav\u00eda ser elegible para el ajuste. <\/p>\n<p>Nuestra firma ha representado a miles de personas que solicitan el ajuste de estatus a trav\u00e9s de patrocinio basado en el empleo o en la familia. Nuestra clave para una solicitud exitosa no es simplemente la presentaci\u00f3n de solicitudes apropiadas, sino tambi\u00e9n preparar a nuestros clientes para la entrevista de inmigraci\u00f3n parte del proceso y asistir a esas entrevistas con nuestros clientes. Tanto en las entrevistas basadas en la familia como en el empleo, los examinadores pueden hacer preguntas dif\u00edciles, embarazosas o incluso inapropiadas, y algunos examinadores pueden llegar a ser muy agresivos. Nuestro trabajo es preparar a nuestros clientes para cualquier cosa que pueda surgir en estas entrevistas y asegurarnos de que los examinadores act\u00faen profesionalmente. <\/p>\n","protected":false},"excerpt":{"rendered":"<p>Los inmigrantes que son elegibles para la residencia permanente a veces pueden procesar esas solicitudes mientras est\u00e1n dentro de los Estados Unidos. Esto puede ser importante, no s\u00f3lo porque evita el tiempo y el gasto de regresar a casa, sino tambi\u00e9n porque permite a ciertos inmigrantes obtener tarjetas verdes que de otro modo estar\u00edan sujetas&#8230;<\/p>\n","protected":false},"author":1,"featured_media":0,"parent":1490,"menu_order":0,"comment_status":"closed","ping_status":"closed","template":"","meta":[],"yoast_head":"<!-- This site is optimized with the Yoast SEO plugin v16.1.1 - https:\/\/yoast.com\/wordpress\/plugins\/seo\/ -->\n<title>Ajuste de Estatus - Zwaik<\/title>\n<meta name=\"robots\" content=\"index, follow, max-snippet:-1, max-image-preview:large, max-video-preview:-1\" \/>\n<link rel=\"canonical\" href=\"https:\/\/zwaik.com\/es\/areas-de-practica\/beneficios-familiares-de-asilo-y-otros-beneficios-de-inmigracion\/ajuste-de-estatus\/\" \/>\n<meta property=\"og:locale\" content=\"es_ES\" \/>\n<meta property=\"og:type\" content=\"article\" \/>\n<meta property=\"og:title\" content=\"Ajuste de Estatus - Zwaik\" \/>\n<meta property=\"og:description\" content=\"Los inmigrantes que son elegibles para la residencia permanente a veces pueden procesar esas solicitudes mientras est\u00e1n dentro de los Estados Unidos. Esto puede ser importante, no s\u00f3lo porque evita el tiempo y el gasto de regresar a casa, sino tambi\u00e9n porque permite a ciertos inmigrantes obtener tarjetas verdes que de otro modo estar\u00edan sujetas...\" \/>\n<meta property=\"og:url\" content=\"https:\/\/zwaik.com\/es\/areas-de-practica\/beneficios-familiares-de-asilo-y-otros-beneficios-de-inmigracion\/ajuste-de-estatus\/\" \/>\n<meta property=\"og:site_name\" content=\"Zwaik\" \/>\n<meta name=\"twitter:card\" content=\"summary_large_image\" \/>\n<meta name=\"twitter:label1\" content=\"Tiempo de lectura\">\n\t<meta name=\"twitter:data1\" content=\"2 minutos\">\n<script type=\"application\/ld+json\" class=\"yoast-schema-graph\">{\"@context\":\"https:\/\/schema.org\",\"@graph\":[{\"@type\":\"WebSite\",\"@id\":\"https:\/\/zwaik.com\/tr\/#website\",\"url\":\"https:\/\/zwaik.com\/tr\/\",\"name\":\"Zwaik\",\"description\":\"Attorney At Law\",\"potentialAction\":[{\"@type\":\"SearchAction\",\"target\":\"https:\/\/zwaik.com\/tr\/?s={search_term_string}\",\"query-input\":\"required name=search_term_string\"}],\"inLanguage\":\"es\"},{\"@type\":\"WebPage\",\"@id\":\"https:\/\/zwaik.com\/es\/areas-de-practica\/beneficios-familiares-de-asilo-y-otros-beneficios-de-inmigracion\/ajuste-de-estatus\/#webpage\",\"url\":\"https:\/\/zwaik.com\/es\/areas-de-practica\/beneficios-familiares-de-asilo-y-otros-beneficios-de-inmigracion\/ajuste-de-estatus\/\",\"name\":\"Ajuste de Estatus - Zwaik\",\"isPartOf\":{\"@id\":\"https:\/\/zwaik.com\/tr\/#website\"},\"datePublished\":\"2021-02-16T08:01:16+00:00\",\"dateModified\":\"2021-02-16T08:01:16+00:00\",\"breadcrumb\":{\"@id\":\"https:\/\/zwaik.com\/es\/areas-de-practica\/beneficios-familiares-de-asilo-y-otros-beneficios-de-inmigracion\/ajuste-de-estatus\/#breadcrumb\"},\"inLanguage\":\"es\",\"potentialAction\":[{\"@type\":\"ReadAction\",\"target\":[\"https:\/\/zwaik.com\/es\/areas-de-practica\/beneficios-familiares-de-asilo-y-otros-beneficios-de-inmigracion\/ajuste-de-estatus\/\"]}]},{\"@type\":\"BreadcrumbList\",\"@id\":\"https:\/\/zwaik.com\/es\/areas-de-practica\/beneficios-familiares-de-asilo-y-otros-beneficios-de-inmigracion\/ajuste-de-estatus\/#breadcrumb\",\"itemListElement\":[{\"@type\":\"ListItem\",\"position\":1,\"item\":{\"@type\":\"WebPage\",\"@id\":\"https:\/\/zwaik.com\/es\/\",\"url\":\"https:\/\/zwaik.com\/es\/\",\"name\":\"Ana sayfa\"}},{\"@type\":\"ListItem\",\"position\":2,\"item\":{\"@type\":\"WebPage\",\"@id\":\"https:\/\/zwaik.com\/es\/areas-de-practica\/\",\"url\":\"https:\/\/zwaik.com\/es\/areas-de-practica\/\",\"name\":\"Areas de pr\\u00e1ctica\"}},{\"@type\":\"ListItem\",\"position\":3,\"item\":{\"@type\":\"WebPage\",\"@id\":\"https:\/\/zwaik.com\/es\/areas-de-practica\/beneficios-familiares-de-asilo-y-otros-beneficios-de-inmigracion\/\",\"url\":\"https:\/\/zwaik.com\/es\/areas-de-practica\/beneficios-familiares-de-asilo-y-otros-beneficios-de-inmigracion\/\",\"name\":\"Beneficios familiares, de asilo y otros beneficios de inmigraci\\u00f3n\"}},{\"@type\":\"ListItem\",\"position\":4,\"item\":{\"@type\":\"WebPage\",\"@id\":\"https:\/\/zwaik.com\/es\/areas-de-practica\/beneficios-familiares-de-asilo-y-otros-beneficios-de-inmigracion\/ajuste-de-estatus\/\",\"url\":\"https:\/\/zwaik.com\/es\/areas-de-practica\/beneficios-familiares-de-asilo-y-otros-beneficios-de-inmigracion\/ajuste-de-estatus\/\",\"name\":\"Ajuste de Estatus\"}}]}]}<\/script>\n<!-- \/ Yoast SEO plugin. -->","_links":{"self":[{"href":"https:\/\/zwaik.com\/es\/wp-json\/wp\/v2\/pages\/1494"}],"collection":[{"href":"https:\/\/zwaik.com\/es\/wp-json\/wp\/v2\/pages"}],"about":[{"href":"https:\/\/zwaik.com\/es\/wp-json\/wp\/v2\/types\/page"}],"author":[{"embeddable":true,"href":"https:\/\/zwaik.com\/es\/wp-json\/wp\/v2\/users\/1"}],"replies":[{"embeddable":true,"href":"https:\/\/zwaik.com\/es\/wp-json\/wp\/v2\/comments?post=1494"}],"version-history":[{"count":2,"href":"https:\/\/zwaik.com\/es\/wp-json\/wp\/v2\/pages\/1494\/revisions"}],"predecessor-version":[{"id":1501,"href":"https:\/\/zwaik.com\/es\/wp-json\/wp\/v2\/pages\/1494\/revisions\/1501"}],"up":[{"embeddable":true,"href":"https:\/\/zwaik.com\/es\/wp-json\/wp\/v2\/pages\/1490"}],"wp:attachment":[{"href":"https:\/\/zwaik.com\/es\/wp-json\/wp\/v2\/media?parent=1494"}],"curies":[{"name":"wp","href":"https:\/\/api.w.org\/{rel}","templated":true}]}}