{"id":1490,"date":"2021-02-16T07:59:40","date_gmt":"2021-02-16T07:59:40","guid":{"rendered":"http:\/\/zwaik.turkishi.com\/?page_id=1490"},"modified":"2021-05-06T13:01:11","modified_gmt":"2021-05-06T13:01:11","slug":"beneficios-familiares-de-asilo-y-otros-beneficios-de-inmigracion","status":"publish","type":"page","link":"https:\/\/zwaik.com\/es\/areas-de-practica\/beneficios-familiares-de-asilo-y-otros-beneficios-de-inmigracion\/","title":{"rendered":"Beneficios familiares, de asilo y otros beneficios de inmigraci\u00f3n"},"content":{"rendered":"<section class=\"l-section wpb_row us_custom_af6a9b6a height_auto\"><div class=\"l-section-h i-cf\"><div class=\"g-cols vc_row type_default valign_middle\"><div class=\"vc_col-sm-12 wpb_column vc_column_container\"><div class=\"vc_column-inner\"><div class=\"wpb_wrapper\"><div class=\"g-cols wpb_row  us_custom_2dbf7b3f type_default valign_top vc_inner\"><div class=\"vc_col-sm-12 wpb_column vc_column_container\"><div class=\"vc_column-inner\"><div class=\"wpb_wrapper\">[vc_custom_heading text=\u00bbBeneficios familiares, de asilo y otros beneficios de inmigraci\u00f3n\u00bb font_container=\u00bbtag:h2|text_align:center\u00bb google_fonts=\u00bbfont_family:Montserrat%3Aregular%2C700|font_style:700%20bold%20regular%3A700%3Anormal\u00bb el_class=\u00bbgradient-h\u00bb]<\/div><\/div><\/div><\/div><div class=\"g-cols wpb_row  type_default valign_top vc_inner\"><div class=\"vc_col-sm-4 wpb_column vc_column_container has-link\"><div class=\"vc_column-inner\"><div class=\"wpb_wrapper\"><div class=\"w-image align_center\"><div class=\"w-image-h\"><img width=\"600\" height=\"400\" src=\"https:\/\/zwaik.com\/wp-content\/uploads\/2020\/12\/statu-intibaki-yoluyla-gocmenlik.jpg\" class=\"attachment-full size-full\" alt=\"\" loading=\"lazy\" srcset=\"https:\/\/zwaik.com\/wp-content\/uploads\/2020\/12\/statu-intibaki-yoluyla-gocmenlik.jpg 600w, https:\/\/zwaik.com\/wp-content\/uploads\/2020\/12\/statu-intibaki-yoluyla-gocmenlik-300x200.jpg 300w\" sizes=\"(max-width: 600px) 100vw, 600px\" \/><\/div><\/div>[vc_custom_heading text=\u00bbAjuste de Estatus\u00bb font_container=\u00bbtag:h3|text_align:left\u00bb google_fonts=\u00bbfont_family:Montserrat%3Aregular%2C700|font_style:700%20bold%20regular%3A700%3Anormal\u00bb]<\/div><a href=\"https:\/\/zwaik.com\/es\/areas-de-practica\/beneficios-familiares-de-asilo-y-otros-beneficios-de-inmigracion\/ajuste-de-estatus\/\" class=\"vc_column-link smooth-scroll\" aria-label=\"Enlace\"><\/a><\/div><\/div><div class=\"vc_col-sm-4 wpb_column vc_column_container has-link\"><div class=\"vc_column-inner\"><div class=\"wpb_wrapper\"><div class=\"w-image align_center\"><div class=\"w-image-h\"><img width=\"600\" height=\"400\" src=\"https:\/\/zwaik.com\/wp-content\/uploads\/2020\/12\/amerikan-vatandasligi-yurttasliga-kabul.jpg\" class=\"attachment-full size-full\" alt=\"\" loading=\"lazy\" srcset=\"https:\/\/zwaik.com\/wp-content\/uploads\/2020\/12\/amerikan-vatandasligi-yurttasliga-kabul.jpg 600w, https:\/\/zwaik.com\/wp-content\/uploads\/2020\/12\/amerikan-vatandasligi-yurttasliga-kabul-300x200.jpg 300w\" sizes=\"(max-width: 600px) 100vw, 600px\" \/><\/div><\/div>[vc_custom_heading text=\u00bbCiudadan\u00eda a trav\u00e9s de la naturalizaci\u00f3n\u00bb font_container=\u00bbtag:h3|text_align:left\u00bb google_fonts=\u00bbfont_family:Montserrat%3Aregular%2C700|font_style:700%20bold%20regular%3A700%3Anormal\u00bb]<\/div><a rel=\"nofollow\" href=\"https:\/\/zwaik.com\/es\/areas-de-practica\/beneficios-familiares-de-asilo-y-otros-beneficios-de-inmigracion\/ciudadania-a-traves-de-la-naturalizacion\/\" class=\"vc_column-link smooth-scroll\" aria-label=\"Enlace\"><\/a><\/div><\/div><div class=\"vc_col-sm-4 wpb_column vc_column_container has-link\"><div class=\"vc_column-inner\"><div class=\"wpb_wrapper\"><div class=\"w-image align_center\"><div class=\"w-image-h\"><img width=\"600\" height=\"400\" src=\"https:\/\/zwaik.com\/wp-content\/uploads\/2020\/12\/daca.jpg\" class=\"attachment-full size-full\" alt=\"\" loading=\"lazy\" srcset=\"https:\/\/zwaik.com\/wp-content\/uploads\/2020\/12\/daca.jpg 600w, https:\/\/zwaik.com\/wp-content\/uploads\/2020\/12\/daca-300x200.jpg 300w\" sizes=\"(max-width: 600px) 100vw, 600px\" \/><\/div><\/div>[vc_custom_heading text=\u00bbComprensi\u00f3n de DACA\u00bb font_container=\u00bbtag:h3|text_align:left\u00bb google_fonts=\u00bbfont_family:Montserrat%3Aregular%2C700|font_style:700%20bold%20regular%3A700%3Anormal\u00bb]<\/div><a rel=\"nofollow\" href=\"https:\/\/zwaik.com\/es\/areas-de-practica\/beneficios-familiares-de-asilo-y-otros-beneficios-de-inmigracion\/comprension-de-daca\/\" class=\"vc_column-link smooth-scroll\" aria-label=\"Enlace\"><\/a><\/div><\/div><\/div><\/div><\/div><\/div><\/div><\/div><\/section><section class=\"l-section wpb_row us_custom_f12ec35e height_auto\"><div class=\"l-section-h i-cf\"><div class=\"g-cols vc_row type_default valign_top\"><div class=\"vc_col-sm-12 wpb_column vc_column_container\"><div class=\"vc_column-inner\"><div class=\"wpb_wrapper\"><div class=\"g-cols wpb_row  type_default valign_top vc_inner\"><div class=\"vc_col-sm-4 wpb_column vc_column_container has-link\"><div class=\"vc_column-inner\"><div class=\"wpb_wrapper\"><div class=\"w-image align_center\"><div class=\"w-image-h\"><img width=\"600\" height=\"400\" src=\"https:\/\/zwaik.com\/wp-content\/uploads\/2020\/12\/aile-temelli-gocmenlik.jpg\" class=\"attachment-full size-full\" alt=\"\" loading=\"lazy\" srcset=\"https:\/\/zwaik.com\/wp-content\/uploads\/2020\/12\/aile-temelli-gocmenlik.jpg 600w, https:\/\/zwaik.com\/wp-content\/uploads\/2020\/12\/aile-temelli-gocmenlik-300x200.jpg 300w\" sizes=\"(max-width: 600px) 100vw, 600px\" \/><\/div><\/div>[vc_custom_heading text=\u00bbInmigraci\u00f3n basada en la familia\u00bb font_container=\u00bbtag:h3|text_align:left\u00bb google_fonts=\u00bbfont_family:Montserrat%3Aregular%2C700|font_style:700%20bold%20regular%3A700%3Anormal\u00bb]<\/div><a rel=\"nofollow\" href=\"https:\/\/zwaik.com\/es\/areas-de-practica\/beneficios-familiares-de-asilo-y-otros-beneficios-de-inmigracion\/inmigracion-basada-en-la-familia\/\" class=\"vc_column-link smooth-scroll\" aria-label=\"Enlace\"><\/a><\/div><\/div><div class=\"vc_col-sm-4 wpb_column vc_column_container has-link\"><div class=\"vc_column-inner\"><div class=\"wpb_wrapper\"><div class=\"w-image align_center\"><div class=\"w-image-h\"><img width=\"600\" height=\"400\" src=\"https:\/\/zwaik.com\/wp-content\/uploads\/2020\/12\/ozel-gocmen-cocuklar.jpg\" class=\"attachment-full size-full\" alt=\"\" loading=\"lazy\" srcset=\"https:\/\/zwaik.com\/wp-content\/uploads\/2020\/12\/ozel-gocmen-cocuklar.jpg 600w, https:\/\/zwaik.com\/wp-content\/uploads\/2020\/12\/ozel-gocmen-cocuklar-300x200.jpg 300w\" sizes=\"(max-width: 600px) 100vw, 600px\" \/><\/div><\/div>[vc_custom_heading text=\u00bbMenores Inmigrantes Especiales (SIJ)\u00bb font_container=\u00bbtag:h3|text_align:left\u00bb google_fonts=\u00bbfont_family:Montserrat%3Aregular%2C700|font_style:700%20bold%20regular%3A700%3Anormal\u00bb]<\/div><a rel=\"nofollow\" href=\"https:\/\/zwaik.com\/es\/areas-de-practica\/beneficios-familiares-de-asilo-y-otros-beneficios-de-inmigracion\/menores-inmigrantes-especiales-sij\/\" class=\"vc_column-link smooth-scroll\" aria-label=\"Enlace\"><\/a><\/div><\/div><div class=\"vc_col-sm-4 wpb_column vc_column_container has-link\"><div class=\"vc_column-inner\"><div class=\"wpb_wrapper\"><div class=\"w-image align_center\"><div class=\"w-image-h\"><img width=\"600\" height=\"400\" src=\"https:\/\/zwaik.com\/wp-content\/uploads\/2020\/12\/gecici-koruma-statusu-tps.jpg\" class=\"attachment-full size-full\" alt=\"\" loading=\"lazy\" srcset=\"https:\/\/zwaik.com\/wp-content\/uploads\/2020\/12\/gecici-koruma-statusu-tps.jpg 600w, https:\/\/zwaik.com\/wp-content\/uploads\/2020\/12\/gecici-koruma-statusu-tps-300x200.jpg 300w\" sizes=\"(max-width: 600px) 100vw, 600px\" \/><\/div><\/div>[vc_custom_heading text=\u00bbEstatus de Protecci\u00f3n Temporal (TPS)\u00bb font_container=\u00bbtag:h3|text_align:left\u00bb google_fonts=\u00bbfont_family:Montserrat%3Aregular%2C700|font_style:700%20bold%20regular%3A700%3Anormal\u00bb]<\/div><a rel=\"nofollow\" href=\"https:\/\/zwaik.com\/es\/areas-de-practica\/beneficios-familiares-de-asilo-y-otros-beneficios-de-inmigracion\/estatus-de-proteccion-temporal-tps\/\" class=\"vc_column-link smooth-scroll\" aria-label=\"Enlace\"><\/a><\/div><\/div><\/div><\/div><\/div><\/div><\/div><\/div><\/section>\n","protected":false},"excerpt":{"rendered":"[vc_custom_heading text=\"Beneficios familiares, de asilo y otros beneficios de inmigraci\u00f3n\" font_container=\"tag:h2|text_align:center\" google_fonts=\"font_family:Montserrat%3Aregular%2C700|font_style:700%20bold%20regular%3A700%3Anormal\" el_class=\"gradient-h\"][vc_custom_heading text=\"Ajuste de Estatus\" font_container=\"tag:h3|text_align:left\" google_fonts=\"font_family:Montserrat%3Aregular%2C700|font_style:700%20bold%20regular%3A700%3Anormal\"][vc_custom_heading text=\"Ciudadan\u00eda a trav\u00e9s de la naturalizaci\u00f3n\" font_container=\"tag:h3|text_align:left\" google_fonts=\"font_family:Montserrat%3Aregular%2C700|font_style:700%20bold%20regular%3A700%3Anormal\"][vc_custom_heading text=\"Comprensi\u00f3n de DACA\" font_container=\"tag:h3|text_align:left\" google_fonts=\"font_family:Montserrat%3Aregular%2C700|font_style:700%20bold%20regular%3A700%3Anormal\"][vc_custom_heading text=\"Inmigraci\u00f3n basada en la familia\" font_container=\"tag:h3|text_align:left\" google_fonts=\"font_family:Montserrat%3Aregular%2C700|font_style:700%20bold%20regular%3A700%3Anormal\"][vc_custom_heading text=\"Menores Inmigrantes Especiales (SIJ)\" font_container=\"tag:h3|text_align:left\" google_fonts=\"font_family:Montserrat%3Aregular%2C700|font_style:700%20bold%20regular%3A700%3Anormal\"][vc_custom_heading text=\"Estatus de Protecci\u00f3n Temporal (TPS)\" font_container=\"tag:h3|text_align:left\" google_fonts=\"font_family:Montserrat%3Aregular%2C700|font_style:700%20bold%20regular%3A700%3Anormal\"]","protected":false},"author":1,"featured_media":0,"parent":1467,"menu_order":0,"comment_status":"closed","ping_status":"closed","template":"","meta":[],"yoast_head":"<!-- This site is optimized with the Yoast SEO plugin v16.1.1 - https:\/\/yoast.com\/wordpress\/plugins\/seo\/ -->\n<title>Beneficios familiares, de asilo y otros beneficios de inmigraci\u00f3n - Zwaik<\/title>\n<meta name=\"robots\" content=\"index, follow, max-snippet:-1, max-image-preview:large, max-video-preview:-1\" \/>\n<link rel=\"canonical\" href=\"https:\/\/zwaik.com\/es\/areas-de-practica\/beneficios-familiares-de-asilo-y-otros-beneficios-de-inmigracion\/\" \/>\n<meta property=\"og:locale\" content=\"es_ES\" \/>\n<meta property=\"og:type\" content=\"article\" \/>\n<meta property=\"og:title\" content=\"Beneficios familiares, de asilo y otros beneficios de inmigraci\u00f3n - Zwaik\" \/>\n<meta property=\"og:url\" content=\"https:\/\/zwaik.com\/es\/areas-de-practica\/beneficios-familiares-de-asilo-y-otros-beneficios-de-inmigracion\/\" \/>\n<meta property=\"og:site_name\" content=\"Zwaik\" \/>\n<meta property=\"article:modified_time\" content=\"2021-05-06T13:01:11+00:00\" \/>\n<meta name=\"twitter:card\" content=\"summary_large_image\" \/>\n<meta name=\"twitter:label1\" content=\"Tiempo de lectura\">\n\t<meta name=\"twitter:data1\" content=\"2 minutos\">\n<script type=\"application\/ld+json\" class=\"yoast-schema-graph\">{\"@context\":\"https:\/\/schema.org\",\"@graph\":[{\"@type\":\"WebSite\",\"@id\":\"https:\/\/zwaik.com\/tr\/#website\",\"url\":\"https:\/\/zwaik.com\/tr\/\",\"name\":\"Zwaik\",\"description\":\"Attorney At Law\",\"potentialAction\":[{\"@type\":\"SearchAction\",\"target\":\"https:\/\/zwaik.com\/tr\/?s={search_term_string}\",\"query-input\":\"required name=search_term_string\"}],\"inLanguage\":\"es\"},{\"@type\":\"WebPage\",\"@id\":\"https:\/\/zwaik.com\/es\/areas-de-practica\/beneficios-familiares-de-asilo-y-otros-beneficios-de-inmigracion\/#webpage\",\"url\":\"https:\/\/zwaik.com\/es\/areas-de-practica\/beneficios-familiares-de-asilo-y-otros-beneficios-de-inmigracion\/\",\"name\":\"Beneficios familiares, de asilo y otros beneficios de inmigraci\\u00f3n - Zwaik\",\"isPartOf\":{\"@id\":\"https:\/\/zwaik.com\/tr\/#website\"},\"datePublished\":\"2021-02-16T07:59:40+00:00\",\"dateModified\":\"2021-05-06T13:01:11+00:00\",\"breadcrumb\":{\"@id\":\"https:\/\/zwaik.com\/es\/areas-de-practica\/beneficios-familiares-de-asilo-y-otros-beneficios-de-inmigracion\/#breadcrumb\"},\"inLanguage\":\"es\",\"potentialAction\":[{\"@type\":\"ReadAction\",\"target\":[\"https:\/\/zwaik.com\/es\/areas-de-practica\/beneficios-familiares-de-asilo-y-otros-beneficios-de-inmigracion\/\"]}]},{\"@type\":\"BreadcrumbList\",\"@id\":\"https:\/\/zwaik.com\/es\/areas-de-practica\/beneficios-familiares-de-asilo-y-otros-beneficios-de-inmigracion\/#breadcrumb\",\"itemListElement\":[{\"@type\":\"ListItem\",\"position\":1,\"item\":{\"@type\":\"WebPage\",\"@id\":\"https:\/\/zwaik.com\/es\/\",\"url\":\"https:\/\/zwaik.com\/es\/\",\"name\":\"Ana sayfa\"}},{\"@type\":\"ListItem\",\"position\":2,\"item\":{\"@type\":\"WebPage\",\"@id\":\"https:\/\/zwaik.com\/es\/areas-de-practica\/\",\"url\":\"https:\/\/zwaik.com\/es\/areas-de-practica\/\",\"name\":\"Areas de pr\\u00e1ctica\"}},{\"@type\":\"ListItem\",\"position\":3,\"item\":{\"@type\":\"WebPage\",\"@id\":\"https:\/\/zwaik.com\/es\/areas-de-practica\/beneficios-familiares-de-asilo-y-otros-beneficios-de-inmigracion\/\",\"url\":\"https:\/\/zwaik.com\/es\/areas-de-practica\/beneficios-familiares-de-asilo-y-otros-beneficios-de-inmigracion\/\",\"name\":\"Beneficios familiares, de asilo y otros beneficios de inmigraci\\u00f3n\"}}]}]}<\/script>\n<!-- \/ Yoast SEO plugin. -->","_links":{"self":[{"href":"https:\/\/zwaik.com\/es\/wp-json\/wp\/v2\/pages\/1490"}],"collection":[{"href":"https:\/\/zwaik.com\/es\/wp-json\/wp\/v2\/pages"}],"about":[{"href":"https:\/\/zwaik.com\/es\/wp-json\/wp\/v2\/types\/page"}],"author":[{"embeddable":true,"href":"https:\/\/zwaik.com\/es\/wp-json\/wp\/v2\/users\/1"}],"replies":[{"embeddable":true,"href":"https:\/\/zwaik.com\/es\/wp-json\/wp\/v2\/comments?post=1490"}],"version-history":[{"count":6,"href":"https:\/\/zwaik.com\/es\/wp-json\/wp\/v2\/pages\/1490\/revisions"}],"predecessor-version":[{"id":1769,"href":"https:\/\/zwaik.com\/es\/wp-json\/wp\/v2\/pages\/1490\/revisions\/1769"}],"up":[{"embeddable":true,"href":"https:\/\/zwaik.com\/es\/wp-json\/wp\/v2\/pages\/1467"}],"wp:attachment":[{"href":"https:\/\/zwaik.com\/es\/wp-json\/wp\/v2\/media?parent=1490"}],"curies":[{"name":"wp","href":"https:\/\/api.w.org\/{rel}","templated":true}]}}