{"id":1476,"date":"2021-02-16T07:53:28","date_gmt":"2021-02-16T07:53:28","guid":{"rendered":"http:\/\/zwaik.turkishi.com\/?page_id=1476"},"modified":"2021-02-16T07:53:28","modified_gmt":"2021-02-16T07:53:28","slug":"trabajadores-pioritarios","status":"publish","type":"page","link":"https:\/\/zwaik.com\/es\/areas-de-practica\/inmigracion-empresarial\/trabajadores-pioritarios\/","title":{"rendered":"Trabajadores Pioritarios"},"content":{"rendered":"<p>La forma m\u00e1s r\u00e1pida y segura de la residencia permanente a trav\u00e9s del empleo es que un trabajador extranjero califique bajo la categor\u00eda Social Based First (EB-1) como Trabajador Prioritario. Esta categor\u00eda incluye tres tipos espec\u00edficos de trabajadores:<\/p>\n<ul class=\"list\">\n<li>Personas de Extraordinaria Capacidad<\/li>\n<li>Profesores e investigadores destacados<\/li>\n<li>Ejecutivos y Gerentes Multinacionales<\/li>\n<\/ul>\n<p>Cada una de estas categor\u00edas es muy restrictiva por ley, por regulaci\u00f3n y por la aplicaci\u00f3n efectiva por parte de los jueces de inmigraci\u00f3n. Es imposible proporcionar m\u00e1s de un breve resumen de estas clasificaciones.<\/p>\n<h3>Personas de Extraordinaria Capacidad<\/h3>\n<p>Esta categor\u00eda incluye a personas de \u00abextraordinaria capacidad en las ciencias, artes, educaci\u00f3n, negocios o atletismo\u00bb que pueden mostrar \u00abaclamaci\u00f3n nacional o internacional sostenida\u00bb. La aclamaci\u00f3n puede ser el resultado de un solo logro (premio Nobel) o la acumulaci\u00f3n de premios, logros y \u00e9xitos menores. Hemos obtenido el estatus de EB1 para cient\u00edficos altamente distinguidos, ejecutivos de negocios y artistas finos, pero el solicitante exitoso debe demostrar que est\u00e1n entre los mejores en su campo. Una persona en esta categor\u00eda no necesita un patrocinador del empleador y puede auto-petici\u00f3n.<\/p>\n<h3>Profesores e investigadores destacados<\/h3>\n<p>Un individuo en esta categor\u00eda debe \u00abdiferenciarse en la comunidad acad\u00e9mica a trav\u00e9s de la eminencia y la distinci\u00f3n basada en el reconocimiento internacional\u00bb. El solicitante debe tener tres a\u00f1os de experiencia en la ense\u00f1anza o la investigaci\u00f3n en el \u00e1mbito acad\u00e9mico, pero el patrocinador puede estar en el departamento de I+D de un empleador privado en lugar de una universidad. A diferencia de la categor\u00eda de habilidad extraordinaria, los solicitantes de este grupo deben tener un patrocinador del empleador.<\/p>\n<h3>Ejecutivos multinacionales<\/h3>\n<p>Para muchas empresas establecidas, esta es la m\u00e1s buscada de todas las solicitudes basadas en el empleo para la residencia permanente. Esta clasificaci\u00f3n permite a una entidad comercial extranjera transferir personal clave de la oficina extranjera a una oficina relacionada en los Estados Unidos. En su manifestaci\u00f3n m\u00e1s simple, un fabricante extranjero busca transferir a su Director de Marketing de su sede central en el extranjero para prestar servicios similares a una filial o sucursal en los Estados Unidos.<br \/>\nNo requiere una certificaci\u00f3n laboral, rara vez est\u00e1 atrasado, (incluso para los ciudadanos de la India o China) y est\u00e1 disponible para muchos empleados de la administraci\u00f3n media y alta. Un individuo puede efectivamente transferirse de una posici\u00f3n de alto nivel en el extranjero, a una posici\u00f3n similar en los EE.UU. sin la necesidad de invertir un mill\u00f3n de d\u00f3lares o m\u00e1s en la operaci\u00f3n. Algunas empresas incluso transferir\u00e1n empleados clave, de lo contrario no elegibles para la residencia permanente, a un a\u00f1o en el extranjero para la empresa con el fin de poder traerlos de vuelta a los EE.UU. en esta categor\u00eda y evitar una certificaci\u00f3n laboral.<br \/>\nNi los Estados Unidos ni la empresa extranjera est\u00e1n obligados a tener ning\u00fan tama\u00f1o espec\u00edfico, pero el solicitante debe tener un registro de dirigir o supervisar el trabajo de otras personas en la empresa. Para cumplir con los requisitos de inmigraci\u00f3n de los Estados Unidos, se deben cumplir los siguientes criterios:<\/p>\n<ul class=\"list\">\n<li>Las empresas estadounidenses y extranjeras deben ser propiedad y estar controladas por la misma entidad o<\/li>\n<li>La persona que se transfiere debe haber trabajado para la empresa extranjera durante al menos un a\u00f1o antes de la transferencia y<\/li>\n<li>El empleado transferido debe haber sido empleado como gerente o ejecutivo O como persona de conocimientos especializados.<\/li>\n<\/ul>\n<p>A menudo, una empresa inicialmente transferir\u00e1 a un empleado clave a los EE.UU. como un cesionario intraempresa de L-1A con la intenci\u00f3n de solicitar m\u00e1s tarde la residencia permanente como gerente o ejecutivo multinacional.<\/p>\n","protected":false},"excerpt":{"rendered":"<p>La forma m\u00e1s r\u00e1pida y segura de la residencia permanente a trav\u00e9s del empleo es que un trabajador extranjero califique bajo la categor\u00eda Social Based First (EB-1) como Trabajador Prioritario. Esta categor\u00eda incluye tres tipos espec\u00edficos de trabajadores: Personas de Extraordinaria Capacidad Profesores e investigadores destacados Ejecutivos y Gerentes Multinacionales Cada una de estas categor\u00edas&#8230;<\/p>\n","protected":false},"author":1,"featured_media":0,"parent":358,"menu_order":0,"comment_status":"closed","ping_status":"closed","template":"","meta":[],"yoast_head":"<!-- This site is optimized with the Yoast SEO plugin v16.1.1 - https:\/\/yoast.com\/wordpress\/plugins\/seo\/ -->\n<title>Trabajadores Pioritarios - Zwaik<\/title>\n<meta name=\"robots\" content=\"index, follow, max-snippet:-1, max-image-preview:large, max-video-preview:-1\" \/>\n<link rel=\"canonical\" href=\"https:\/\/zwaik.com\/es\/areas-de-practica\/inmigracion-empresarial\/trabajadores-pioritarios\/\" \/>\n<meta property=\"og:locale\" content=\"es_ES\" \/>\n<meta property=\"og:type\" content=\"article\" \/>\n<meta property=\"og:title\" content=\"Trabajadores Pioritarios - Zwaik\" \/>\n<meta property=\"og:description\" content=\"La forma m\u00e1s r\u00e1pida y segura de la residencia permanente a trav\u00e9s del empleo es que un trabajador extranjero califique bajo la categor\u00eda Social Based First (EB-1) como Trabajador Prioritario. Esta categor\u00eda incluye tres tipos espec\u00edficos de trabajadores: Personas de Extraordinaria Capacidad Profesores e investigadores destacados Ejecutivos y Gerentes Multinacionales Cada una de estas categor\u00edas...\" \/>\n<meta property=\"og:url\" content=\"https:\/\/zwaik.com\/es\/areas-de-practica\/inmigracion-empresarial\/trabajadores-pioritarios\/\" \/>\n<meta property=\"og:site_name\" content=\"Zwaik\" \/>\n<meta name=\"twitter:card\" content=\"summary_large_image\" \/>\n<meta name=\"twitter:label1\" content=\"Tiempo de lectura\">\n\t<meta name=\"twitter:data1\" content=\"3 minutos\">\n<script type=\"application\/ld+json\" class=\"yoast-schema-graph\">{\"@context\":\"https:\/\/schema.org\",\"@graph\":[{\"@type\":\"WebSite\",\"@id\":\"https:\/\/zwaik.com\/tr\/#website\",\"url\":\"https:\/\/zwaik.com\/tr\/\",\"name\":\"Zwaik\",\"description\":\"Attorney At Law\",\"potentialAction\":[{\"@type\":\"SearchAction\",\"target\":\"https:\/\/zwaik.com\/tr\/?s={search_term_string}\",\"query-input\":\"required name=search_term_string\"}],\"inLanguage\":\"es\"},{\"@type\":\"WebPage\",\"@id\":\"https:\/\/zwaik.com\/es\/areas-de-practica\/inmigracion-empresarial\/trabajadores-pioritarios\/#webpage\",\"url\":\"https:\/\/zwaik.com\/es\/areas-de-practica\/inmigracion-empresarial\/trabajadores-pioritarios\/\",\"name\":\"Trabajadores Pioritarios - Zwaik\",\"isPartOf\":{\"@id\":\"https:\/\/zwaik.com\/tr\/#website\"},\"datePublished\":\"2021-02-16T07:53:28+00:00\",\"dateModified\":\"2021-02-16T07:53:28+00:00\",\"breadcrumb\":{\"@id\":\"https:\/\/zwaik.com\/es\/areas-de-practica\/inmigracion-empresarial\/trabajadores-pioritarios\/#breadcrumb\"},\"inLanguage\":\"es\",\"potentialAction\":[{\"@type\":\"ReadAction\",\"target\":[\"https:\/\/zwaik.com\/es\/areas-de-practica\/inmigracion-empresarial\/trabajadores-pioritarios\/\"]}]},{\"@type\":\"BreadcrumbList\",\"@id\":\"https:\/\/zwaik.com\/es\/areas-de-practica\/inmigracion-empresarial\/trabajadores-pioritarios\/#breadcrumb\",\"itemListElement\":[{\"@type\":\"ListItem\",\"position\":1,\"item\":{\"@type\":\"WebPage\",\"@id\":\"https:\/\/zwaik.com\/es\/\",\"url\":\"https:\/\/zwaik.com\/es\/\",\"name\":\"Ana sayfa\"}},{\"@type\":\"ListItem\",\"position\":2,\"item\":{\"@type\":\"WebPage\",\"@id\":\"https:\/\/zwaik.com\/es\/areas-de-practica\/\",\"url\":\"https:\/\/zwaik.com\/es\/areas-de-practica\/\",\"name\":\"Areas de pr\\u00e1ctica\"}},{\"@type\":\"ListItem\",\"position\":3,\"item\":{\"@type\":\"WebPage\",\"@id\":\"https:\/\/zwaik.com\/es\/areas-de-practica\/inmigracion-empresarial\/\",\"url\":\"https:\/\/zwaik.com\/es\/areas-de-practica\/inmigracion-empresarial\/\",\"name\":\"Inmigracion Empresarial\"}},{\"@type\":\"ListItem\",\"position\":4,\"item\":{\"@type\":\"WebPage\",\"@id\":\"https:\/\/zwaik.com\/es\/areas-de-practica\/inmigracion-empresarial\/trabajadores-pioritarios\/\",\"url\":\"https:\/\/zwaik.com\/es\/areas-de-practica\/inmigracion-empresarial\/trabajadores-pioritarios\/\",\"name\":\"Trabajadores Pioritarios\"}}]}]}<\/script>\n<!-- \/ Yoast SEO plugin. -->","_links":{"self":[{"href":"https:\/\/zwaik.com\/es\/wp-json\/wp\/v2\/pages\/1476"}],"collection":[{"href":"https:\/\/zwaik.com\/es\/wp-json\/wp\/v2\/pages"}],"about":[{"href":"https:\/\/zwaik.com\/es\/wp-json\/wp\/v2\/types\/page"}],"author":[{"embeddable":true,"href":"https:\/\/zwaik.com\/es\/wp-json\/wp\/v2\/users\/1"}],"replies":[{"embeddable":true,"href":"https:\/\/zwaik.com\/es\/wp-json\/wp\/v2\/comments?post=1476"}],"version-history":[{"count":2,"href":"https:\/\/zwaik.com\/es\/wp-json\/wp\/v2\/pages\/1476\/revisions"}],"predecessor-version":[{"id":1478,"href":"https:\/\/zwaik.com\/es\/wp-json\/wp\/v2\/pages\/1476\/revisions\/1478"}],"up":[{"embeddable":true,"href":"https:\/\/zwaik.com\/es\/wp-json\/wp\/v2\/pages\/358"}],"wp:attachment":[{"href":"https:\/\/zwaik.com\/es\/wp-json\/wp\/v2\/media?parent=1476"}],"curies":[{"name":"wp","href":"https:\/\/api.w.org\/{rel}","templated":true}]}}