{"id":1473,"date":"2021-02-16T07:52:29","date_gmt":"2021-02-16T07:52:29","guid":{"rendered":"http:\/\/zwaik.turkishi.com\/?page_id=1473"},"modified":"2021-02-16T07:52:29","modified_gmt":"2021-02-16T07:52:29","slug":"trabajadores-altamente-talentosos","status":"publish","type":"page","link":"https:\/\/zwaik.com\/es\/areas-de-practica\/inmigracion-empresarial\/trabajadores-altamente-talentosos\/","title":{"rendered":"Trabajadores Altamente Talentosos"},"content":{"rendered":"<h3>Trabajadores Extranjeros con Talentos Especiales, Habilidades y Logros<\/h3>\n<p>Estados Unidos tiene una larga historia de acoger a los inmigrantes m\u00e1s exitosos y talentosos de todo el mundo y que la historia ha sido escrita en las leyes de inmigraci\u00f3n en varios lugares, confiriendo beneficios especiales tanto para inmigrantes como para no inmigrantes por igual. Destacamos algunas de estas opciones.<\/p>\n<h3>Residencia Permanente<\/h3>\n<p>La ley de inmigraci\u00f3n da su mayor preferencia basada en el empleo a los \u00abtrabajadores prioritarios, incluidas las personas de extraordinaria capacidad. Esta categor\u00eda ha sido recientemente sobresuscrita para cualquier pa\u00eds y los atrasos son m\u00ednimos (seg\u00fan los est\u00e1ndares de inmigraci\u00f3n). La categor\u00eda obviamente se aplica a lo mejor de lo mejor, las personas que han ascendido a la cima de su campo, incluyendo los ganadores del Oscar, los premios Nobel, las estrellas del rock y los titanes de la industria. Pero la categor\u00eda tambi\u00e9n se aplica a las luminarias menores que pueden documentar una historia de \u00e9xito y reconocimiento en las ciencias, las artes, la educaci\u00f3n, los negocios o el atletismo que los han establecido como l\u00edderes en sus campos.<\/p>\n<h3>\nNo inmigrante<\/h3>\n<p><strong>O Visas\u2013<\/strong> Esta visa de trabajador temporal es similar a las personas mencionadas de extraordinaria capacidad, aunque los funcionarios de inmigraci\u00f3n son generalmente menos exigentes en la aprobaci\u00f3n de la visa de no inmigrante que en la concesi\u00f3n de la residencia permanente. Usted calificar\u00e1 si ha alcanzado reconocimiento nacional o internacional sostenido en las ciencias, las artes, la educaci\u00f3n, los negocios o el atletismo. Generalmente, un individuo calificado tiene una cartera de recortes de noticias sobre ellos, ha sido elegido para servir en un panel que juzga o revisa las obras de otros en su campo y un registro de premios y logros. La visa no requiere que usted sea famoso en general, pero otros en su campo en su pa\u00eds deben ser conscientes de sus logros.<br \/>\n<strong>P Visas-<\/strong> Esta visa es como la visa O, pero reconoce los logros como miembro de un grupo o equipo. Los miembros de una banda musical de \u00e9xito o equipo atl\u00e9tico son los m\u00e1s comunes. Aqu\u00ed, el reto es demostrar el \u00e9xito del grupo y establecer que eres un miembro integral de ese grupo.<\/p>\n","protected":false},"excerpt":{"rendered":"<p>Trabajadores Extranjeros con Talentos Especiales, Habilidades y Logros Estados Unidos tiene una larga historia de acoger a los inmigrantes m\u00e1s exitosos y talentosos de todo el mundo y que la historia ha sido escrita en las leyes de inmigraci\u00f3n en varios lugares, confiriendo beneficios especiales tanto para inmigrantes como para no inmigrantes por igual. Destacamos&#8230;<\/p>\n","protected":false},"author":1,"featured_media":0,"parent":358,"menu_order":0,"comment_status":"closed","ping_status":"closed","template":"","meta":[],"yoast_head":"<!-- This site is optimized with the Yoast SEO plugin v16.1.1 - https:\/\/yoast.com\/wordpress\/plugins\/seo\/ -->\n<title>Trabajadores Altamente Talentosos - Zwaik<\/title>\n<meta name=\"robots\" content=\"index, follow, max-snippet:-1, max-image-preview:large, max-video-preview:-1\" \/>\n<link rel=\"canonical\" href=\"https:\/\/zwaik.com\/es\/areas-de-practica\/inmigracion-empresarial\/trabajadores-altamente-talentosos\/\" \/>\n<meta property=\"og:locale\" content=\"es_ES\" \/>\n<meta property=\"og:type\" content=\"article\" \/>\n<meta property=\"og:title\" content=\"Trabajadores Altamente Talentosos - Zwaik\" \/>\n<meta property=\"og:description\" content=\"Trabajadores Extranjeros con Talentos Especiales, Habilidades y Logros Estados Unidos tiene una larga historia de acoger a los inmigrantes m\u00e1s exitosos y talentosos de todo el mundo y que la historia ha sido escrita en las leyes de inmigraci\u00f3n en varios lugares, confiriendo beneficios especiales tanto para inmigrantes como para no inmigrantes por igual. Destacamos...\" \/>\n<meta property=\"og:url\" content=\"https:\/\/zwaik.com\/es\/areas-de-practica\/inmigracion-empresarial\/trabajadores-altamente-talentosos\/\" \/>\n<meta property=\"og:site_name\" content=\"Zwaik\" \/>\n<meta name=\"twitter:card\" content=\"summary_large_image\" \/>\n<meta name=\"twitter:label1\" content=\"Tiempo de lectura\">\n\t<meta name=\"twitter:data1\" content=\"2 minutos\">\n<script type=\"application\/ld+json\" class=\"yoast-schema-graph\">{\"@context\":\"https:\/\/schema.org\",\"@graph\":[{\"@type\":\"WebSite\",\"@id\":\"https:\/\/zwaik.com\/tr\/#website\",\"url\":\"https:\/\/zwaik.com\/tr\/\",\"name\":\"Zwaik\",\"description\":\"Attorney At Law\",\"potentialAction\":[{\"@type\":\"SearchAction\",\"target\":\"https:\/\/zwaik.com\/tr\/?s={search_term_string}\",\"query-input\":\"required name=search_term_string\"}],\"inLanguage\":\"es\"},{\"@type\":\"WebPage\",\"@id\":\"https:\/\/zwaik.com\/es\/areas-de-practica\/inmigracion-empresarial\/trabajadores-altamente-talentosos\/#webpage\",\"url\":\"https:\/\/zwaik.com\/es\/areas-de-practica\/inmigracion-empresarial\/trabajadores-altamente-talentosos\/\",\"name\":\"Trabajadores Altamente Talentosos - Zwaik\",\"isPartOf\":{\"@id\":\"https:\/\/zwaik.com\/tr\/#website\"},\"datePublished\":\"2021-02-16T07:52:29+00:00\",\"dateModified\":\"2021-02-16T07:52:29+00:00\",\"breadcrumb\":{\"@id\":\"https:\/\/zwaik.com\/es\/areas-de-practica\/inmigracion-empresarial\/trabajadores-altamente-talentosos\/#breadcrumb\"},\"inLanguage\":\"es\",\"potentialAction\":[{\"@type\":\"ReadAction\",\"target\":[\"https:\/\/zwaik.com\/es\/areas-de-practica\/inmigracion-empresarial\/trabajadores-altamente-talentosos\/\"]}]},{\"@type\":\"BreadcrumbList\",\"@id\":\"https:\/\/zwaik.com\/es\/areas-de-practica\/inmigracion-empresarial\/trabajadores-altamente-talentosos\/#breadcrumb\",\"itemListElement\":[{\"@type\":\"ListItem\",\"position\":1,\"item\":{\"@type\":\"WebPage\",\"@id\":\"https:\/\/zwaik.com\/es\/\",\"url\":\"https:\/\/zwaik.com\/es\/\",\"name\":\"Ana sayfa\"}},{\"@type\":\"ListItem\",\"position\":2,\"item\":{\"@type\":\"WebPage\",\"@id\":\"https:\/\/zwaik.com\/es\/areas-de-practica\/\",\"url\":\"https:\/\/zwaik.com\/es\/areas-de-practica\/\",\"name\":\"Areas de pr\\u00e1ctica\"}},{\"@type\":\"ListItem\",\"position\":3,\"item\":{\"@type\":\"WebPage\",\"@id\":\"https:\/\/zwaik.com\/es\/areas-de-practica\/inmigracion-empresarial\/\",\"url\":\"https:\/\/zwaik.com\/es\/areas-de-practica\/inmigracion-empresarial\/\",\"name\":\"Inmigracion Empresarial\"}},{\"@type\":\"ListItem\",\"position\":4,\"item\":{\"@type\":\"WebPage\",\"@id\":\"https:\/\/zwaik.com\/es\/areas-de-practica\/inmigracion-empresarial\/trabajadores-altamente-talentosos\/\",\"url\":\"https:\/\/zwaik.com\/es\/areas-de-practica\/inmigracion-empresarial\/trabajadores-altamente-talentosos\/\",\"name\":\"Trabajadores Altamente Talentosos\"}}]}]}<\/script>\n<!-- \/ Yoast SEO plugin. -->","_links":{"self":[{"href":"https:\/\/zwaik.com\/es\/wp-json\/wp\/v2\/pages\/1473"}],"collection":[{"href":"https:\/\/zwaik.com\/es\/wp-json\/wp\/v2\/pages"}],"about":[{"href":"https:\/\/zwaik.com\/es\/wp-json\/wp\/v2\/types\/page"}],"author":[{"embeddable":true,"href":"https:\/\/zwaik.com\/es\/wp-json\/wp\/v2\/users\/1"}],"replies":[{"embeddable":true,"href":"https:\/\/zwaik.com\/es\/wp-json\/wp\/v2\/comments?post=1473"}],"version-history":[{"count":2,"href":"https:\/\/zwaik.com\/es\/wp-json\/wp\/v2\/pages\/1473\/revisions"}],"predecessor-version":[{"id":1475,"href":"https:\/\/zwaik.com\/es\/wp-json\/wp\/v2\/pages\/1473\/revisions\/1475"}],"up":[{"embeddable":true,"href":"https:\/\/zwaik.com\/es\/wp-json\/wp\/v2\/pages\/358"}],"wp:attachment":[{"href":"https:\/\/zwaik.com\/es\/wp-json\/wp\/v2\/media?parent=1473"}],"curies":[{"name":"wp","href":"https:\/\/api.w.org\/{rel}","templated":true}]}}