{"id":1471,"date":"2021-02-16T07:50:20","date_gmt":"2021-02-16T07:50:20","guid":{"rendered":"http:\/\/zwaik.turkishi.com\/?page_id=1471"},"modified":"2021-02-16T07:50:20","modified_gmt":"2021-02-16T07:50:20","slug":"visas-de-inversionista","status":"publish","type":"page","link":"https:\/\/zwaik.com\/es\/areas-de-practica\/inmigracion-empresarial\/visas-de-inversionista\/","title":{"rendered":"Visas de Inversionista"},"content":{"rendered":"<p>Las inversiones extranjeras significativas en los Estados Unidos pueden resultar en el estatus migratorio para el inversionista, la familia del inversionista y, en algunos casos, los empleados del inversionista. Pero las reglas est\u00e1n cambiando constantemente, y en todos los casos, se est\u00e1n volviendo m\u00e1s estrictas.<\/p>\n<p>Las inversiones m\u00e1s grandes (conocidas como EB-5) pueden resultar en una tarjeta verde para el inversionista y su familia, mientras que las inversiones m\u00e1s peque\u00f1as de menos de $200,000 (conocidas como E-2 o inversionistas de tratados) pueden resultar en una visa temporal de no inmigrante que puede renovarse indefinidamente mientras el negocio siga siendo viable. Los cambios cr\u00edticos en el programa EB-5 entrar\u00e1n en vigor el 21 de noviembre de 2019 que restringir\u00e1n o impedir\u00e1n muchas oportunidades de inversi\u00f3n y la Administraci\u00f3n Trump ya est\u00e1 aplicando pol\u00edticas que restringen las solicitudes de Inversionistas del Tratado.<\/p>\n<p>Aunque estos son asuntos muy complicados que requieren la ayuda de un abogado de inmigraci\u00f3n con experiencia, podemos resumir estas visas de la siguiente manera:<\/p>\n<p>EB-5 Inversiones<\/p>\n<p>Se reserva una categor\u00eda de preferencias basadas en el empleo para inversores m\u00e1s grandes. Esta preferencia, conocida como la Quinta Preferencia Basada en el Empleo, o EB-5, requiere una inversi\u00f3n en una \u201cnueva empresa comercial\u201d que cree 10 o m\u00e1s puestos de trabajo para los trabajadores estadounidenses. A partir del 21 de noviembre de 2019, el tama\u00f1o de la inversi\u00f3n m\u00ednima casi se duplicar\u00e1 y las \u00e1reas geogr\u00e1ficas aceptables para las inversiones probablemente se volver\u00e1n m\u00e1s restrictivas.<br \/>\nAqu\u00ed est\u00e1 un resumen de las nuevas regulaciones:<\/p>\n<p>Importes m\u00ednimos de inversi\u00f3n m\u00e1s altos. Con arreglo a la nueva regla, el monto m\u00ednimo de inversi\u00f3n aumentar\u00e1 de $500,000 a $900,000 en \u00e1reas de empleo espec\u00edficas (AEE) y el monto no-TEA pasar\u00e1 de $1 mill\u00f3n a $1.8 millones. En el futuro, el importe de la inversi\u00f3n se ajustar\u00e1 cada 5 a\u00f1os en funci\u00f3n de la inflaci\u00f3n.<br \/>\nCambios en las \u00e1reas de empleo dirigidas. El gobierno federal, en lugar de los estados, determinar\u00e1 si la empresa comercial est\u00e1 en un TEA. Muchos proyectos EB-5 que actualmente califican como UN TEA y permiten la inversi\u00f3n a trav\u00e9s de la cantidad m\u00e1s baja pueden ya no calificar, lo que resulta en un aumento m\u00ednimo de la inversi\u00f3n de $500K a $1.8M<br \/>\nOtras cosas a tener en cuenta:<\/p>\n<p>A diferencia de la visa E-2, Treaty Investor, el inversionista EB-5 puede ser de cualquier pa\u00eds.<br \/>\nLa inversi\u00f3n puede ser una inversi\u00f3n directa en su propio negocio o inversi\u00f3n indirecta en un Centro Regional aprobado por el Departamento de Seguridad Nacional (DHS.) El Centro Regional, casi siempre implica proyectos m\u00e1s grandes y multimillonarios que crear\u00e1n puestos de trabajo para el inversionista que no tendr\u00e1 participaci\u00f3n directa en la gesti\u00f3n de la empresa.<br \/>\nNo hay ning\u00fan requisito de que los 10 puestos de trabajo se creen antes de que se apruebe la solicitud inicial, el plan de negocio debe proporcionar un an\u00e1lisis detallado que explique c\u00f3mo se crear\u00e1n esos trabajos en un plazo de 2 a\u00f1os.<br \/>\nHay m\u00e1s de 700 Centros Regionales aprobados por el DHS y s\u00f3lo una peque\u00f1a fracci\u00f3n actualmente tienen \u00e9xito en financiar completamente una empresa calificada y obtener aprobaciones de USCIS para inversionistas inmigrantes. Elegir un Centro Regional sabiamente es fundamental.<br \/>\nAl igual que con el programa E2 Treaty Investor, la inversi\u00f3n debe ser de los fondos personales del inversionista, pero esos fondos pueden provenir de un regalo, herencia, pr\u00e9stamo garantizado o sus propios ingresos obtenidos.<br \/>\nLa aprobaci\u00f3n inicial de una solicitud EB-5 dar\u00e1 lugar a una tarjeta verde condicional durante dos a\u00f1os. En los 90 d\u00edas antes de que expire la tarjeta verde, el inversionista debe eliminar las condiciones demostrando a USCIS que usted ha pagado completamente su inversi\u00f3n y que la inversi\u00f3n ha creado 10 empleos estadounidenses.<br \/>\nE2 INVERSORES DEL TRATADO.<\/p>\n<p>La categor\u00eda De inversores en tratados permite a las empresas extranjeras y a los inversores individuales m\u00e1s peque\u00f1os transferir al inversor o a un empleado clave de la empresa inversora a los Estados Unidos para dirigir las operaciones comerciales. Aunque la ley y las regulaciones permanecen sin cambios con respecto al pasado, la forma en que tanto USCIS como los consulados hacen cumplir las regulaciones ha sufrido cambios radicales. Estos cambios han dado lugar a lo siguiente:<\/p>\n<p>Ahora se requiere una monta\u00f1a virtual de evidencia con cada aplicaci\u00f3n<br \/>\nAunque la ley y los reglamentos prev\u00e9n que el E-2 puede ser aprobado si el inversionista est\u00e1 en proceso de invertir, los jueces ahora requieren evidencia de que el negocio est\u00e1 realmente operativo y produciendo un flujo constante de bienes y servicios<br \/>\nAunque las regulaciones disponen que el inversionista no est\u00e1 obligado a proporcionar prueba real que \u00e9l o ella regresar\u00e1 a su pa\u00eds de origen cuando expire la visa o el estatus, la mayor\u00eda de los consulados est\u00e1n exigiendo una cantidad sustancial de prueba,<br \/>\nAunque las regulaciones disponen que el inversionista E2 debe crear uno o m\u00e1s empleos para un trabajador estadounidense dentro de 5 a\u00f1os, la mayor\u00eda de los jueces est\u00e1n requiriendo una prueba de los empleados actuales, incluyendo un organigrama y descripciones detalladas de cada empleado en la organizaci\u00f3n.<br \/>\nOtras cosas m\u00e1s generales a tener en cuenta:<\/p>\n<p>Para calificar, el inversionista debe ser ciudadano o nacional de un pa\u00eds que tenga un tratado de inversi\u00f3n con los Estados Unidos. Esa lista de pa\u00edses de tratados es larga, pero no incluye ninguno de los pa\u00edses BRIC (Brasil, Rusia, India o China).<br \/>\nEl monto de la inversi\u00f3n debe ser \u201csustancial\u201d. Aunque las regulaciones no prev\u00e9n una cantidad m\u00ednima espec\u00edfica, rara vez aceptamos inversiones de menos de $100,000 e incluso eso puede no ser suficiente. En \u00faltima instancia, depende de la naturaleza del negocio y la cantidad de fondos que se requerir\u00e1n para hacer el negocio viable. (Una inversi\u00f3n en una tienda de conveniencia ser\u00e1 menor que una inversi\u00f3n en una planta de fabricaci\u00f3n.)<br \/>\nLa inversi\u00f3n no puede ser \u201cmarginal\u201d. Esto significa que \u201cno puede ser \u00fanicamente ganarse la vida para el inversionista y su familia\u201d.<br \/>\nLos fondos de inversi\u00f3n deben ser los fondos personales del inversionista y pueden obtenerse por cualquier medio legal, incluyendo ingresos, un regalo, herencia, la venta de propiedad o un pr\u00e9stamo garantizado personalmente. Si el inversor es una empresa, los fondos deben ser los fondos de la empresa y el negocio debe tener la nacionalidad de una empresa inversionista de tratados.<br \/>\nLa inversi\u00f3n no tiene que ser en efectivo. Una inversi\u00f3n de bienes manufacturados, por ejemplo, es aceptable.<br \/>\nEl inversionista debe poseer una participaci\u00f3n controladora en el negocio estadounidense que generalmente significa poseer 51 de las acciones corporativas o el inter\u00e9s de la asociaci\u00f3n.<br \/>\nLa inversi\u00f3n debe estar en riesgo. Esto significa que el importe de la inversi\u00f3n debe gastarse y no simplemente sentarse en una cuenta bancaria.<\/p>\n","protected":false},"excerpt":{"rendered":"<p>Las inversiones extranjeras significativas en los Estados Unidos pueden resultar en el estatus migratorio para el inversionista, la familia del inversionista y, en algunos casos, los empleados del inversionista. Pero las reglas est\u00e1n cambiando constantemente, y en todos los casos, se est\u00e1n volviendo m\u00e1s estrictas. Las inversiones m\u00e1s grandes (conocidas como EB-5) pueden resultar en&#8230;<\/p>\n","protected":false},"author":1,"featured_media":0,"parent":358,"menu_order":0,"comment_status":"closed","ping_status":"closed","template":"","meta":[],"yoast_head":"<!-- This site is optimized with the Yoast SEO plugin v16.1.1 - https:\/\/yoast.com\/wordpress\/plugins\/seo\/ -->\n<title>Visas de Inversionista - Zwaik<\/title>\n<meta name=\"robots\" content=\"index, follow, max-snippet:-1, max-image-preview:large, max-video-preview:-1\" \/>\n<link rel=\"canonical\" href=\"https:\/\/zwaik.com\/es\/areas-de-practica\/inmigracion-empresarial\/visas-de-inversionista\/\" \/>\n<meta property=\"og:locale\" content=\"es_ES\" \/>\n<meta property=\"og:type\" content=\"article\" \/>\n<meta property=\"og:title\" content=\"Visas de Inversionista - Zwaik\" \/>\n<meta property=\"og:description\" content=\"Las inversiones extranjeras significativas en los Estados Unidos pueden resultar en el estatus migratorio para el inversionista, la familia del inversionista y, en algunos casos, los empleados del inversionista. Pero las reglas est\u00e1n cambiando constantemente, y en todos los casos, se est\u00e1n volviendo m\u00e1s estrictas. Las inversiones m\u00e1s grandes (conocidas como EB-5) pueden resultar en...\" \/>\n<meta property=\"og:url\" content=\"https:\/\/zwaik.com\/es\/areas-de-practica\/inmigracion-empresarial\/visas-de-inversionista\/\" \/>\n<meta property=\"og:site_name\" content=\"Zwaik\" \/>\n<meta name=\"twitter:card\" content=\"summary_large_image\" \/>\n<meta name=\"twitter:label1\" content=\"Tiempo de lectura\">\n\t<meta name=\"twitter:data1\" content=\"6 minutos\">\n<script type=\"application\/ld+json\" class=\"yoast-schema-graph\">{\"@context\":\"https:\/\/schema.org\",\"@graph\":[{\"@type\":\"WebSite\",\"@id\":\"https:\/\/zwaik.com\/tr\/#website\",\"url\":\"https:\/\/zwaik.com\/tr\/\",\"name\":\"Zwaik\",\"description\":\"Attorney At Law\",\"potentialAction\":[{\"@type\":\"SearchAction\",\"target\":\"https:\/\/zwaik.com\/tr\/?s={search_term_string}\",\"query-input\":\"required name=search_term_string\"}],\"inLanguage\":\"es\"},{\"@type\":\"WebPage\",\"@id\":\"https:\/\/zwaik.com\/es\/areas-de-practica\/inmigracion-empresarial\/visas-de-inversionista\/#webpage\",\"url\":\"https:\/\/zwaik.com\/es\/areas-de-practica\/inmigracion-empresarial\/visas-de-inversionista\/\",\"name\":\"Visas de Inversionista - Zwaik\",\"isPartOf\":{\"@id\":\"https:\/\/zwaik.com\/tr\/#website\"},\"datePublished\":\"2021-02-16T07:50:20+00:00\",\"dateModified\":\"2021-02-16T07:50:20+00:00\",\"breadcrumb\":{\"@id\":\"https:\/\/zwaik.com\/es\/areas-de-practica\/inmigracion-empresarial\/visas-de-inversionista\/#breadcrumb\"},\"inLanguage\":\"es\",\"potentialAction\":[{\"@type\":\"ReadAction\",\"target\":[\"https:\/\/zwaik.com\/es\/areas-de-practica\/inmigracion-empresarial\/visas-de-inversionista\/\"]}]},{\"@type\":\"BreadcrumbList\",\"@id\":\"https:\/\/zwaik.com\/es\/areas-de-practica\/inmigracion-empresarial\/visas-de-inversionista\/#breadcrumb\",\"itemListElement\":[{\"@type\":\"ListItem\",\"position\":1,\"item\":{\"@type\":\"WebPage\",\"@id\":\"https:\/\/zwaik.com\/es\/\",\"url\":\"https:\/\/zwaik.com\/es\/\",\"name\":\"Ana sayfa\"}},{\"@type\":\"ListItem\",\"position\":2,\"item\":{\"@type\":\"WebPage\",\"@id\":\"https:\/\/zwaik.com\/es\/areas-de-practica\/\",\"url\":\"https:\/\/zwaik.com\/es\/areas-de-practica\/\",\"name\":\"Areas de pr\\u00e1ctica\"}},{\"@type\":\"ListItem\",\"position\":3,\"item\":{\"@type\":\"WebPage\",\"@id\":\"https:\/\/zwaik.com\/es\/areas-de-practica\/inmigracion-empresarial\/\",\"url\":\"https:\/\/zwaik.com\/es\/areas-de-practica\/inmigracion-empresarial\/\",\"name\":\"Inmigracion Empresarial\"}},{\"@type\":\"ListItem\",\"position\":4,\"item\":{\"@type\":\"WebPage\",\"@id\":\"https:\/\/zwaik.com\/es\/areas-de-practica\/inmigracion-empresarial\/visas-de-inversionista\/\",\"url\":\"https:\/\/zwaik.com\/es\/areas-de-practica\/inmigracion-empresarial\/visas-de-inversionista\/\",\"name\":\"Visas de Inversionista\"}}]}]}<\/script>\n<!-- \/ Yoast SEO plugin. -->","_links":{"self":[{"href":"https:\/\/zwaik.com\/es\/wp-json\/wp\/v2\/pages\/1471"}],"collection":[{"href":"https:\/\/zwaik.com\/es\/wp-json\/wp\/v2\/pages"}],"about":[{"href":"https:\/\/zwaik.com\/es\/wp-json\/wp\/v2\/types\/page"}],"author":[{"embeddable":true,"href":"https:\/\/zwaik.com\/es\/wp-json\/wp\/v2\/users\/1"}],"replies":[{"embeddable":true,"href":"https:\/\/zwaik.com\/es\/wp-json\/wp\/v2\/comments?post=1471"}],"version-history":[{"count":1,"href":"https:\/\/zwaik.com\/es\/wp-json\/wp\/v2\/pages\/1471\/revisions"}],"predecessor-version":[{"id":1472,"href":"https:\/\/zwaik.com\/es\/wp-json\/wp\/v2\/pages\/1471\/revisions\/1472"}],"up":[{"embeddable":true,"href":"https:\/\/zwaik.com\/es\/wp-json\/wp\/v2\/pages\/358"}],"wp:attachment":[{"href":"https:\/\/zwaik.com\/es\/wp-json\/wp\/v2\/media?parent=1471"}],"curies":[{"name":"wp","href":"https:\/\/api.w.org\/{rel}","templated":true}]}}