{"id":1442,"date":"2021-02-16T06:52:18","date_gmt":"2021-02-16T06:52:18","guid":{"rendered":"http:\/\/zwaik.turkishi.com\/?page_id=1442"},"modified":"2021-02-16T06:52:18","modified_gmt":"2021-02-16T06:52:18","slug":"somos-diferentes","status":"publish","type":"page","link":"https:\/\/zwaik.com\/es\/sobre-nosotros\/somos-diferentes\/","title":{"rendered":"Somos Diferentes"},"content":{"rendered":"<p>Nuestra firma de inmigraci\u00f3n es diversa, tanto en nuestras \u00e1reas de pr\u00e1ctica de inmigraci\u00f3n como en nuestro equipo multilinguista. Desde el inmigrataion empresarial y familiar hasta el asilo y los litigios federales, lo hacemos todo. Tambi\u00e9n lo decimos todo, en ingl\u00e9s, espa\u00f1ol, turco, urdu, hindi, punjabi, ruso y ucraniano.<\/p>\n<p>Un sello distintivo de nuestra firma es nuestra diversidad, tanto en nuestras \u00e1reas de pr\u00e1ctica como en nuestro personal que le sirve. Mientras que la mayor\u00eda de las empresas de inmigraci\u00f3n se especializan en un solo \u00e1rea de la ley de inmigraci\u00f3n, tenemos conocimiento y experiencia en muchas. Representamos a firmas de empresas de todos los tama\u00f1os que utilizan nuestros servicios para capacitar a sus empresas e impulsar su crecimiento. Ayudamos a las empresas a transferir a sus gerentes y ejecutivos de sus oficinas en el extranjero para ocupar puestos temporales y permanentes aqu\u00ed en los Estados Unidos (L-1A, EB1). Ayudamos a los empleadores estadounidenses a satisfacer sus necesidades de personal temporal con trabajadores profesionales, altamente talentosos y de temporada. (visas H-1B, H-2B, O y P). Ayudamos a los peque\u00f1os y medianos inversores a comprar y expandir sus negocios. (E-1 y E-2,) Ayudamos a empleadores de todos los tama\u00f1os a patrocinar a sus empleados clave para la residencia permanente con todo tipo de habilidades laborales de ingenieros y especialistas en computaci\u00f3n para ayudar a la cocina y cajeros. (EB-2, EB-3, PerM Certificaciones Laborales.)<\/p>\n<p>Tambi\u00e9n nos concentramos en litigios de inmigraci\u00f3n. Representamos a solicitantes de asilo de zonas tan diversas como Centroam\u00e9rica y Sudam\u00e9rica hasta Turqu\u00eda, Pakist\u00e1n, India y Sri Lanka. Nos hemos adaptado a los desaf\u00edos especiales planteados por las pol\u00edticas restrictivas de la Administraci\u00f3n Trump y seguimos teniendo \u00e9xito en los tribunales de inmigraci\u00f3n. Cuando sentimos que nuestros clientes est\u00e1n mal atendidos por la burocracia de inmigraci\u00f3n llevamos estos casos en apelaci\u00f3n dentro del DHS y en la corte federal cuando sea necesario.<\/p>\n<p>Nuestra diversidad se extiende a nuestro personal. Nuestro personal son inmigrantes, o hijos o nietos de inmigrantes. Venimos de muchos pa\u00edses y culturas y hablamos varios idiomas. Tenemos fluidez en ingl\u00e9s, espa\u00f1ol, turco, urdu, hindi, punjabi, ruso y ucraniano.<\/p>\n","protected":false},"excerpt":{"rendered":"<p>Nuestra firma de inmigraci\u00f3n es diversa, tanto en nuestras \u00e1reas de pr\u00e1ctica de inmigraci\u00f3n como en nuestro equipo multilinguista. Desde el inmigrataion empresarial y familiar hasta el asilo y los litigios federales, lo hacemos todo. Tambi\u00e9n lo decimos todo, en ingl\u00e9s, espa\u00f1ol, turco, urdu, hindi, punjabi, ruso y ucraniano. Un sello distintivo de nuestra firma&#8230;<\/p>\n","protected":false},"author":1,"featured_media":0,"parent":1427,"menu_order":0,"comment_status":"closed","ping_status":"closed","template":"","meta":[],"yoast_head":"<!-- This site is optimized with the Yoast SEO plugin v16.1.1 - https:\/\/yoast.com\/wordpress\/plugins\/seo\/ -->\n<title>Somos Diferentes - Zwaik<\/title>\n<meta name=\"robots\" content=\"index, follow, max-snippet:-1, max-image-preview:large, max-video-preview:-1\" \/>\n<link rel=\"canonical\" href=\"https:\/\/zwaik.com\/es\/sobre-nosotros\/somos-diferentes\/\" \/>\n<meta property=\"og:locale\" content=\"es_ES\" \/>\n<meta property=\"og:type\" content=\"article\" \/>\n<meta property=\"og:title\" content=\"Somos Diferentes - Zwaik\" \/>\n<meta property=\"og:description\" content=\"Nuestra firma de inmigraci\u00f3n es diversa, tanto en nuestras \u00e1reas de pr\u00e1ctica de inmigraci\u00f3n como en nuestro equipo multilinguista. Desde el inmigrataion empresarial y familiar hasta el asilo y los litigios federales, lo hacemos todo. Tambi\u00e9n lo decimos todo, en ingl\u00e9s, espa\u00f1ol, turco, urdu, hindi, punjabi, ruso y ucraniano. Un sello distintivo de nuestra firma...\" \/>\n<meta property=\"og:url\" content=\"https:\/\/zwaik.com\/es\/sobre-nosotros\/somos-diferentes\/\" \/>\n<meta property=\"og:site_name\" content=\"Zwaik\" \/>\n<meta name=\"twitter:card\" content=\"summary_large_image\" \/>\n<meta name=\"twitter:label1\" content=\"Tiempo de lectura\">\n\t<meta name=\"twitter:data1\" content=\"2 minutos\">\n<script type=\"application\/ld+json\" class=\"yoast-schema-graph\">{\"@context\":\"https:\/\/schema.org\",\"@graph\":[{\"@type\":\"WebSite\",\"@id\":\"https:\/\/zwaik.com\/tr\/#website\",\"url\":\"https:\/\/zwaik.com\/tr\/\",\"name\":\"Zwaik\",\"description\":\"Attorney At Law\",\"potentialAction\":[{\"@type\":\"SearchAction\",\"target\":\"https:\/\/zwaik.com\/tr\/?s={search_term_string}\",\"query-input\":\"required name=search_term_string\"}],\"inLanguage\":\"es\"},{\"@type\":\"WebPage\",\"@id\":\"https:\/\/zwaik.com\/es\/sobre-nosotros\/somos-diferentes\/#webpage\",\"url\":\"https:\/\/zwaik.com\/es\/sobre-nosotros\/somos-diferentes\/\",\"name\":\"Somos Diferentes - Zwaik\",\"isPartOf\":{\"@id\":\"https:\/\/zwaik.com\/tr\/#website\"},\"datePublished\":\"2021-02-16T06:52:18+00:00\",\"dateModified\":\"2021-02-16T06:52:18+00:00\",\"breadcrumb\":{\"@id\":\"https:\/\/zwaik.com\/es\/sobre-nosotros\/somos-diferentes\/#breadcrumb\"},\"inLanguage\":\"es\",\"potentialAction\":[{\"@type\":\"ReadAction\",\"target\":[\"https:\/\/zwaik.com\/es\/sobre-nosotros\/somos-diferentes\/\"]}]},{\"@type\":\"BreadcrumbList\",\"@id\":\"https:\/\/zwaik.com\/es\/sobre-nosotros\/somos-diferentes\/#breadcrumb\",\"itemListElement\":[{\"@type\":\"ListItem\",\"position\":1,\"item\":{\"@type\":\"WebPage\",\"@id\":\"https:\/\/zwaik.com\/es\/\",\"url\":\"https:\/\/zwaik.com\/es\/\",\"name\":\"Ana sayfa\"}},{\"@type\":\"ListItem\",\"position\":2,\"item\":{\"@type\":\"WebPage\",\"@id\":\"https:\/\/zwaik.com\/es\/sobre-nosotros\/\",\"url\":\"https:\/\/zwaik.com\/es\/sobre-nosotros\/\",\"name\":\"Sobre Nosotros\"}},{\"@type\":\"ListItem\",\"position\":3,\"item\":{\"@type\":\"WebPage\",\"@id\":\"https:\/\/zwaik.com\/es\/sobre-nosotros\/somos-diferentes\/\",\"url\":\"https:\/\/zwaik.com\/es\/sobre-nosotros\/somos-diferentes\/\",\"name\":\"Somos Diferentes\"}}]}]}<\/script>\n<!-- \/ Yoast SEO plugin. -->","_links":{"self":[{"href":"https:\/\/zwaik.com\/es\/wp-json\/wp\/v2\/pages\/1442"}],"collection":[{"href":"https:\/\/zwaik.com\/es\/wp-json\/wp\/v2\/pages"}],"about":[{"href":"https:\/\/zwaik.com\/es\/wp-json\/wp\/v2\/types\/page"}],"author":[{"embeddable":true,"href":"https:\/\/zwaik.com\/es\/wp-json\/wp\/v2\/users\/1"}],"replies":[{"embeddable":true,"href":"https:\/\/zwaik.com\/es\/wp-json\/wp\/v2\/comments?post=1442"}],"version-history":[{"count":2,"href":"https:\/\/zwaik.com\/es\/wp-json\/wp\/v2\/pages\/1442\/revisions"}],"predecessor-version":[{"id":1444,"href":"https:\/\/zwaik.com\/es\/wp-json\/wp\/v2\/pages\/1442\/revisions\/1444"}],"up":[{"embeddable":true,"href":"https:\/\/zwaik.com\/es\/wp-json\/wp\/v2\/pages\/1427"}],"wp:attachment":[{"href":"https:\/\/zwaik.com\/es\/wp-json\/wp\/v2\/media?parent=1442"}],"curies":[{"name":"wp","href":"https:\/\/api.w.org\/{rel}","templated":true}]}}