{"id":1434,"date":"2021-02-16T06:36:04","date_gmt":"2021-02-16T06:36:04","guid":{"rendered":"http:\/\/zwaik.turkishi.com\/?page_id=1434"},"modified":"2021-02-16T06:36:04","modified_gmt":"2021-02-16T06:36:04","slug":"nosotras-estamos-comprometidas","status":"publish","type":"page","link":"https:\/\/zwaik.com\/es\/sobre-nosotros\/nosotras-estamos-comprometidas\/","title":{"rendered":"Nosotras Estamos Comprometidas"},"content":{"rendered":"<p>Los desaf\u00edos especiales de hoy requieren una empresa de inmigraci\u00f3n que no se retroceda. Cuando nuestros clientes reciben negaciones indebidas en los tribunales de inmigraci\u00f3n o de la burocracia de inmigraci\u00f3n nos defendemos.<\/p>\n<p>Asesoramiento a inmigrantes. Crecimiento de Am\u00e9rica. Eso no es s\u00f3lo un eslogan. Es un compromiso con la creencia de que estados Unidos se hace m\u00e1s fuerte a trav\u00e9s de la inmigraci\u00f3n. Ese compromiso perdura a pesar de las restrictivas pol\u00edticas de inmigraci\u00f3n de la Administraci\u00f3n Trump. Mientras que otros abogados de inmigraci\u00f3n ceden a la desesperaci\u00f3n y la derrota, nos defendemos. A veces eso requiere una mayor perseverancia al responder a varias solicitudes de servicio documentaci\u00f3n innecesaria en Solicitudes de evidencia (RFE). A veces eso requiere una acci\u00f3n m\u00e1s agresiva al responder a las negaciones. Cuando sentimos que nuestros clientes est\u00e1n siendo injustamente negados por bur\u00f3cratas pol\u00edticamente motivados, no dudamos en apelar estas negaciones dentro del sistema de Inmigraci\u00f3n y tambi\u00e9n en los tribunales federales. Esto incluye apelaciones a la Junta de Apelaciones de Inmigraci\u00f3n (BIA) de las denegaciones por parte de los jueces de inmigraci\u00f3n y apelaciones a los Tribunales federales de Apelaci\u00f3n de las denegaciones por parte de la BIA. Cuando el Servicio niega las solicitudes de visas de negocios, hemos tenido esas denegaciones revertidas en los tribunales federales.<\/p>\n","protected":false},"excerpt":{"rendered":"<p>Los desaf\u00edos especiales de hoy requieren una empresa de inmigraci\u00f3n que no se retroceda. Cuando nuestros clientes reciben negaciones indebidas en los tribunales de inmigraci\u00f3n o de la burocracia de inmigraci\u00f3n nos defendemos. Asesoramiento a inmigrantes. Crecimiento de Am\u00e9rica. Eso no es s\u00f3lo un eslogan. Es un compromiso con la creencia de que estados Unidos&#8230;<\/p>\n","protected":false},"author":1,"featured_media":0,"parent":1427,"menu_order":0,"comment_status":"closed","ping_status":"closed","template":"","meta":[],"yoast_head":"<!-- This site is optimized with the Yoast SEO plugin v16.1.1 - https:\/\/yoast.com\/wordpress\/plugins\/seo\/ -->\n<title>Nosotras Estamos Comprometidas - Zwaik<\/title>\n<meta name=\"robots\" content=\"index, follow, max-snippet:-1, max-image-preview:large, max-video-preview:-1\" \/>\n<link rel=\"canonical\" href=\"https:\/\/zwaik.com\/es\/sobre-nosotros\/nosotras-estamos-comprometidas\/\" \/>\n<meta property=\"og:locale\" content=\"es_ES\" \/>\n<meta property=\"og:type\" content=\"article\" \/>\n<meta property=\"og:title\" content=\"Nosotras Estamos Comprometidas - Zwaik\" \/>\n<meta property=\"og:description\" content=\"Los desaf\u00edos especiales de hoy requieren una empresa de inmigraci\u00f3n que no se retroceda. Cuando nuestros clientes reciben negaciones indebidas en los tribunales de inmigraci\u00f3n o de la burocracia de inmigraci\u00f3n nos defendemos. Asesoramiento a inmigrantes. Crecimiento de Am\u00e9rica. Eso no es s\u00f3lo un eslogan. Es un compromiso con la creencia de que estados Unidos...\" \/>\n<meta property=\"og:url\" content=\"https:\/\/zwaik.com\/es\/sobre-nosotros\/nosotras-estamos-comprometidas\/\" \/>\n<meta property=\"og:site_name\" content=\"Zwaik\" \/>\n<meta name=\"twitter:card\" content=\"summary_large_image\" \/>\n<meta name=\"twitter:label1\" content=\"Tiempo de lectura\">\n\t<meta name=\"twitter:data1\" content=\"1 minuto\">\n<script type=\"application\/ld+json\" class=\"yoast-schema-graph\">{\"@context\":\"https:\/\/schema.org\",\"@graph\":[{\"@type\":\"WebSite\",\"@id\":\"https:\/\/zwaik.com\/tr\/#website\",\"url\":\"https:\/\/zwaik.com\/tr\/\",\"name\":\"Zwaik\",\"description\":\"Attorney At Law\",\"potentialAction\":[{\"@type\":\"SearchAction\",\"target\":\"https:\/\/zwaik.com\/tr\/?s={search_term_string}\",\"query-input\":\"required name=search_term_string\"}],\"inLanguage\":\"es\"},{\"@type\":\"WebPage\",\"@id\":\"https:\/\/zwaik.com\/es\/sobre-nosotros\/nosotras-estamos-comprometidas\/#webpage\",\"url\":\"https:\/\/zwaik.com\/es\/sobre-nosotros\/nosotras-estamos-comprometidas\/\",\"name\":\"Nosotras Estamos Comprometidas - Zwaik\",\"isPartOf\":{\"@id\":\"https:\/\/zwaik.com\/tr\/#website\"},\"datePublished\":\"2021-02-16T06:36:04+00:00\",\"dateModified\":\"2021-02-16T06:36:04+00:00\",\"breadcrumb\":{\"@id\":\"https:\/\/zwaik.com\/es\/sobre-nosotros\/nosotras-estamos-comprometidas\/#breadcrumb\"},\"inLanguage\":\"es\",\"potentialAction\":[{\"@type\":\"ReadAction\",\"target\":[\"https:\/\/zwaik.com\/es\/sobre-nosotros\/nosotras-estamos-comprometidas\/\"]}]},{\"@type\":\"BreadcrumbList\",\"@id\":\"https:\/\/zwaik.com\/es\/sobre-nosotros\/nosotras-estamos-comprometidas\/#breadcrumb\",\"itemListElement\":[{\"@type\":\"ListItem\",\"position\":1,\"item\":{\"@type\":\"WebPage\",\"@id\":\"https:\/\/zwaik.com\/es\/\",\"url\":\"https:\/\/zwaik.com\/es\/\",\"name\":\"Ana sayfa\"}},{\"@type\":\"ListItem\",\"position\":2,\"item\":{\"@type\":\"WebPage\",\"@id\":\"https:\/\/zwaik.com\/es\/sobre-nosotros\/\",\"url\":\"https:\/\/zwaik.com\/es\/sobre-nosotros\/\",\"name\":\"Sobre Nosotros\"}},{\"@type\":\"ListItem\",\"position\":3,\"item\":{\"@type\":\"WebPage\",\"@id\":\"https:\/\/zwaik.com\/es\/sobre-nosotros\/nosotras-estamos-comprometidas\/\",\"url\":\"https:\/\/zwaik.com\/es\/sobre-nosotros\/nosotras-estamos-comprometidas\/\",\"name\":\"Nosotras Estamos Comprometidas\"}}]}]}<\/script>\n<!-- \/ Yoast SEO plugin. -->","_links":{"self":[{"href":"https:\/\/zwaik.com\/es\/wp-json\/wp\/v2\/pages\/1434"}],"collection":[{"href":"https:\/\/zwaik.com\/es\/wp-json\/wp\/v2\/pages"}],"about":[{"href":"https:\/\/zwaik.com\/es\/wp-json\/wp\/v2\/types\/page"}],"author":[{"embeddable":true,"href":"https:\/\/zwaik.com\/es\/wp-json\/wp\/v2\/users\/1"}],"replies":[{"embeddable":true,"href":"https:\/\/zwaik.com\/es\/wp-json\/wp\/v2\/comments?post=1434"}],"version-history":[{"count":2,"href":"https:\/\/zwaik.com\/es\/wp-json\/wp\/v2\/pages\/1434\/revisions"}],"predecessor-version":[{"id":1436,"href":"https:\/\/zwaik.com\/es\/wp-json\/wp\/v2\/pages\/1434\/revisions\/1436"}],"up":[{"embeddable":true,"href":"https:\/\/zwaik.com\/es\/wp-json\/wp\/v2\/pages\/1427"}],"wp:attachment":[{"href":"https:\/\/zwaik.com\/es\/wp-json\/wp\/v2\/media?parent=1434"}],"curies":[{"name":"wp","href":"https:\/\/api.w.org\/{rel}","templated":true}]}}